{"id":54832,"date":"2023-11-29T10:11:27","date_gmt":"2023-11-29T10:11:27","guid":{"rendered":"https:\/\/www.istegroup.com\/?post_type=product&#038;p=54832"},"modified":"2025-03-14T10:32:30","modified_gmt":"2025-03-14T10:32:30","slug":"lelasticite-du-vivant","status":"publish","type":"product","link":"https:\/\/www.istegroup.com\/en\/produit\/lelasticite-du-vivant\/","title":{"rendered":"L\u2019\u00e9lasticit\u00e9 du vivant"},"content":{"rendered":"<p>L\u2019acc\u00e8s des \u00e9l\u00e8ves infirmiers \u00e0 l\u2019universit\u00e9 ne marque pas le d\u00e9but de la recherche scientifique fondamentale au sein de leur propre discipline et cette derni\u00e8re peine aujourd\u2019hui \u00e0 assurer sa visibilit\u00e9.<\/p>\n<p>Les pr\u00e9jug\u00e9s, les repr\u00e9sentations et les mythes induisent les infirmi\u00e8res en erreur sur les origines de leurs savoirs. <em>La discipline infirmi\u00e8re<\/em> permet de comparer Florence Nightingale (Grande-Bretagne) \u00e0 sa rivale au point de vue des valeurs, Val\u00e9rie de Gasparin-Boissier (Suisse). Deux nouveaux mod\u00e8les de formation distincts propos\u00e9s par ces illustres femmes d\u00e8s 1859 gardent m\u00eame une certaine p\u00e9rennit\u00e9 jusqu\u2019au XXIe si\u00e8cle.<\/p>\n<p>La discipline infirmi\u00e8re appara\u00eet alors dispos\u00e9e en diff\u00e9rentes couches de savoirs s\u00e9diment\u00e9s que la mise en \u00e9vidence des traditions de langage soignantes aide \u00e0 distinguer. Cet ouvrage permet de mieux comprendre la nature des prestations de service offertes aujourd\u2019hui par les infirmi\u00e8res dans toutes les r\u00e9gions du globe.<\/p>","protected":false},"excerpt":{"rendered":"<p>L\u2019acc\u00e8s des \u00e9l\u00e8ves infirmiers \u00e0 l\u2019universit\u00e9 ne marque pas le d\u00e9but de la recherche scientifique fondamentale au sein de leur propre discipline et cette derni\u00e8re peine aujourd\u2019hui \u00e0 assurer sa visibilit\u00e9. Les pr\u00e9jug\u00e9s, les repr\u00e9sentations et les mythes induisent les infirmi\u00e8res en erreur sur les origines de leurs savoirs. La discipline infirmi\u00e8re permet de comparer [&hellip;]<\/p>\n","protected":false},"featured_media":54846,"template":"","meta":{"_acf_changed":false,"_links_to":"","_links_to_target":""},"product_brand":[],"product_cat":[3262],"product_tag":[],"class_list":{"0":"post-54832","1":"product","2":"type-product","3":"status-publish","4":"has-post-thumbnail","6":"product_cat-non-classe","8":"first","9":"instock","10":"shipping-taxable","11":"purchasable","12":"product-type-variable"},"acf":[],"yoast_head":"<!-- This site is optimized with the Yoast SEO plugin v27.2 - https:\/\/yoast.com\/product\/yoast-seo-wordpress\/ -->\n<title>L\u2019\u00e9lasticit\u00e9 du vivant - ISTE Group<\/title>\n<meta name=\"description\" content=\"L\u2019\u00e9lasticit\u00e9 du vivant d\u00e9finit tout d\u2019abord les cons\u00e9quences d\u00e9rivant d\u2019un manque d\u2019\u00e9lasticit\u00e9 de la peau \u2013 le d\u00e9clin le plus visible, puis d\u2019autres d\u00e9fauts d\u2019\u00e9lasticit\u00e9 dans notre corps, souvent insoup\u00e7onn\u00e9s et rarement mentionn\u00e9s.\" \/>\n<meta name=\"robots\" content=\"index, follow, max-snippet:-1, max-image-preview:large, max-video-preview:-1\" \/>\n<link rel=\"canonical\" href=\"https:\/\/www.istegroup.com\/produit\/lelasticite-du-vivant\/\" \/>\n<meta property=\"og:locale\" content=\"en_US\" \/>\n<meta property=\"og:type\" content=\"article\" \/>\n<meta property=\"og:title\" content=\"L\u2019\u00e9lasticit\u00e9 du vivant - ISTE Group\" \/>\n<meta property=\"og:description\" content=\"L\u2019\u00e9lasticit\u00e9 du vivant d\u00e9finit tout d\u2019abord les cons\u00e9quences d\u00e9rivant d\u2019un manque d\u2019\u00e9lasticit\u00e9 de la peau \u2013 le d\u00e9clin le plus visible, puis d\u2019autres d\u00e9fauts d\u2019\u00e9lasticit\u00e9 dans notre corps, souvent insoup\u00e7onn\u00e9s et rarement mentionn\u00e9s.\" \/>\n<meta property=\"og:url\" content=\"https:\/\/www.istegroup.com\/produit\/lelasticite-du-vivant\/\" \/>\n<meta property=\"og:site_name\" content=\"ISTE Group\" \/>\n<meta property=\"article:modified_time\" content=\"2025-03-14T10:32:30+00:00\" \/>\n<meta property=\"og:image\" content=\"https:\/\/www.istegroup.com\/wp-content\/uploads\/2023\/11\/Lelasticite-du-vivant.png\" \/>\n\t<meta property=\"og:image:width\" content=\"597\" \/>\n\t<meta property=\"og:image:height\" content=\"898\" \/>\n\t<meta property=\"og:image:type\" content=\"image\/png\" \/>\n<meta name=\"twitter:card\" content=\"summary_large_image\" \/>\n<meta name=\"twitter:label1\" content=\"Est. reading time\" \/>\n\t<meta name=\"twitter:data1\" content=\"2 minutes\" \/>\n<script type=\"application\/ld+json\" class=\"yoast-schema-graph\">{\"@context\":\"https:\/\/schema.org\",\"@graph\":[{\"@type\":\"WebPage\",\"@id\":\"https:\/\/www.istegroup.com\/produit\/lelasticite-du-vivant\/\",\"url\":\"https:\/\/www.istegroup.com\/produit\/lelasticite-du-vivant\/\",\"name\":\"L\u2019\u00e9lasticit\u00e9 du vivant - ISTE Group\",\"isPartOf\":{\"@id\":\"https:\/\/www.istegroup.com\/#website\"},\"primaryImageOfPage\":{\"@id\":\"https:\/\/www.istegroup.com\/produit\/lelasticite-du-vivant\/#primaryimage\"},\"image\":{\"@id\":\"https:\/\/www.istegroup.com\/produit\/lelasticite-du-vivant\/#primaryimage\"},\"thumbnailUrl\":\"https:\/\/www.istegroup.com\/wp-content\/uploads\/2023\/11\/Lelasticite-du-vivant.png\",\"datePublished\":\"2023-11-29T10:11:27+00:00\",\"dateModified\":\"2025-03-14T10:32:30+00:00\",\"description\":\"L\u2019\u00e9lasticit\u00e9 du vivant d\u00e9finit tout d\u2019abord les cons\u00e9quences d\u00e9rivant d\u2019un manque d\u2019\u00e9lasticit\u00e9 de la peau \u2013 le d\u00e9clin le plus visible, puis d\u2019autres d\u00e9fauts d\u2019\u00e9lasticit\u00e9 dans notre corps, souvent insoup\u00e7onn\u00e9s et rarement mentionn\u00e9s.\",\"breadcrumb\":{\"@id\":\"https:\/\/www.istegroup.com\/produit\/lelasticite-du-vivant\/#breadcrumb\"},\"inLanguage\":\"en-US\",\"potentialAction\":[{\"@type\":\"ReadAction\",\"target\":[\"https:\/\/www.istegroup.com\/produit\/lelasticite-du-vivant\/\"]}]},{\"@type\":\"ImageObject\",\"inLanguage\":\"en-US\",\"@id\":\"https:\/\/www.istegroup.com\/produit\/lelasticite-du-vivant\/#primaryimage\",\"url\":\"https:\/\/www.istegroup.com\/wp-content\/uploads\/2023\/11\/Lelasticite-du-vivant.png\",\"contentUrl\":\"https:\/\/www.istegroup.com\/wp-content\/uploads\/2023\/11\/Lelasticite-du-vivant.png\",\"width\":597,\"height\":898,\"caption\":\"Livre scientifique - L\u2019\u00e9lasticit\u00e9 du vivant\"},{\"@type\":\"BreadcrumbList\",\"@id\":\"https:\/\/www.istegroup.com\/produit\/lelasticite-du-vivant\/#breadcrumb\",\"itemListElement\":[{\"@type\":\"ListItem\",\"position\":1,\"name\":\"Home\",\"item\":\"https:\/\/www.istegroup.com\/\"},{\"@type\":\"ListItem\",\"position\":2,\"name\":\"Shop\",\"item\":\"https:\/\/www.istegroup.com\/fr\/nouveautes\/\"},{\"@type\":\"ListItem\",\"position\":3,\"name\":\"L\u2019\u00e9lasticit\u00e9 du vivant\"}]},{\"@type\":\"WebSite\",\"@id\":\"https:\/\/www.istegroup.com\/#website\",\"url\":\"https:\/\/www.istegroup.com\/\",\"name\":\"ISTE Group\",\"description\":\"Publishing Knowledge\",\"potentialAction\":[{\"@type\":\"SearchAction\",\"target\":{\"@type\":\"EntryPoint\",\"urlTemplate\":\"https:\/\/www.istegroup.com\/?s={search_term_string}\"},\"query-input\":{\"@type\":\"PropertyValueSpecification\",\"valueRequired\":true,\"valueName\":\"search_term_string\"}}],\"inLanguage\":\"en-US\"}]}<\/script>\n<!-- \/ Yoast SEO plugin. -->","yoast_head_json":{"title":"L\u2019\u00e9lasticit\u00e9 du vivant - ISTE Group","description":"L\u2019\u00e9lasticit\u00e9 du vivant d\u00e9finit tout d\u2019abord les cons\u00e9quences d\u00e9rivant d\u2019un manque d\u2019\u00e9lasticit\u00e9 de la peau \u2013 le d\u00e9clin le plus visible, puis d\u2019autres d\u00e9fauts d\u2019\u00e9lasticit\u00e9 dans notre corps, souvent insoup\u00e7onn\u00e9s et rarement mentionn\u00e9s.","robots":{"index":"index","follow":"follow","max-snippet":"max-snippet:-1","max-image-preview":"max-image-preview:large","max-video-preview":"max-video-preview:-1"},"canonical":"https:\/\/www.istegroup.com\/produit\/lelasticite-du-vivant\/","og_locale":"en_US","og_type":"article","og_title":"L\u2019\u00e9lasticit\u00e9 du vivant - ISTE Group","og_description":"L\u2019\u00e9lasticit\u00e9 du vivant d\u00e9finit tout d\u2019abord les cons\u00e9quences d\u00e9rivant d\u2019un manque d\u2019\u00e9lasticit\u00e9 de la peau \u2013 le d\u00e9clin le plus visible, puis d\u2019autres d\u00e9fauts d\u2019\u00e9lasticit\u00e9 dans notre corps, souvent insoup\u00e7onn\u00e9s et rarement mentionn\u00e9s.","og_url":"https:\/\/www.istegroup.com\/produit\/lelasticite-du-vivant\/","og_site_name":"ISTE Group","article_modified_time":"2025-03-14T10:32:30+00:00","og_image":[{"width":597,"height":898,"url":"https:\/\/www.istegroup.com\/wp-content\/uploads\/2023\/11\/Lelasticite-du-vivant.png","type":"image\/png"}],"twitter_card":"summary_large_image","twitter_misc":{"Est. reading time":"2 minutes"},"schema":{"@context":"https:\/\/schema.org","@graph":[{"@type":"WebPage","@id":"https:\/\/www.istegroup.com\/produit\/lelasticite-du-vivant\/","url":"https:\/\/www.istegroup.com\/produit\/lelasticite-du-vivant\/","name":"L\u2019\u00e9lasticit\u00e9 du vivant - ISTE Group","isPartOf":{"@id":"https:\/\/www.istegroup.com\/#website"},"primaryImageOfPage":{"@id":"https:\/\/www.istegroup.com\/produit\/lelasticite-du-vivant\/#primaryimage"},"image":{"@id":"https:\/\/www.istegroup.com\/produit\/lelasticite-du-vivant\/#primaryimage"},"thumbnailUrl":"https:\/\/www.istegroup.com\/wp-content\/uploads\/2023\/11\/Lelasticite-du-vivant.png","datePublished":"2023-11-29T10:11:27+00:00","dateModified":"2025-03-14T10:32:30+00:00","description":"L\u2019\u00e9lasticit\u00e9 du vivant d\u00e9finit tout d\u2019abord les cons\u00e9quences d\u00e9rivant d\u2019un manque d\u2019\u00e9lasticit\u00e9 de la peau \u2013 le d\u00e9clin le plus visible, puis d\u2019autres d\u00e9fauts d\u2019\u00e9lasticit\u00e9 dans notre corps, souvent insoup\u00e7onn\u00e9s et rarement mentionn\u00e9s.","breadcrumb":{"@id":"https:\/\/www.istegroup.com\/produit\/lelasticite-du-vivant\/#breadcrumb"},"inLanguage":"en-US","potentialAction":[{"@type":"ReadAction","target":["https:\/\/www.istegroup.com\/produit\/lelasticite-du-vivant\/"]}]},{"@type":"ImageObject","inLanguage":"en-US","@id":"https:\/\/www.istegroup.com\/produit\/lelasticite-du-vivant\/#primaryimage","url":"https:\/\/www.istegroup.com\/wp-content\/uploads\/2023\/11\/Lelasticite-du-vivant.png","contentUrl":"https:\/\/www.istegroup.com\/wp-content\/uploads\/2023\/11\/Lelasticite-du-vivant.png","width":597,"height":898,"caption":"Livre scientifique - L\u2019\u00e9lasticit\u00e9 du vivant"},{"@type":"BreadcrumbList","@id":"https:\/\/www.istegroup.com\/produit\/lelasticite-du-vivant\/#breadcrumb","itemListElement":[{"@type":"ListItem","position":1,"name":"Home","item":"https:\/\/www.istegroup.com\/"},{"@type":"ListItem","position":2,"name":"Shop","item":"https:\/\/www.istegroup.com\/fr\/nouveautes\/"},{"@type":"ListItem","position":3,"name":"L\u2019\u00e9lasticit\u00e9 du vivant"}]},{"@type":"WebSite","@id":"https:\/\/www.istegroup.com\/#website","url":"https:\/\/www.istegroup.com\/","name":"ISTE Group","description":"Publishing Knowledge","potentialAction":[{"@type":"SearchAction","target":{"@type":"EntryPoint","urlTemplate":"https:\/\/www.istegroup.com\/?s={search_term_string}"},"query-input":{"@type":"PropertyValueSpecification","valueRequired":true,"valueName":"search_term_string"}}],"inLanguage":"en-US"}]}},"_links":{"self":[{"href":"https:\/\/www.istegroup.com\/en\/wp-json\/wp\/v2\/product\/54832","targetHints":{"allow":["GET"]}}],"collection":[{"href":"https:\/\/www.istegroup.com\/en\/wp-json\/wp\/v2\/product"}],"about":[{"href":"https:\/\/www.istegroup.com\/en\/wp-json\/wp\/v2\/types\/product"}],"wp:featuredmedia":[{"embeddable":true,"href":"https:\/\/www.istegroup.com\/en\/wp-json\/wp\/v2\/media\/54846"}],"wp:attachment":[{"href":"https:\/\/www.istegroup.com\/en\/wp-json\/wp\/v2\/media?parent=54832"}],"wp:term":[{"taxonomy":"product_brand","embeddable":true,"href":"https:\/\/www.istegroup.com\/en\/wp-json\/wp\/v2\/product_brand?post=54832"},{"taxonomy":"product_cat","embeddable":true,"href":"https:\/\/www.istegroup.com\/en\/wp-json\/wp\/v2\/product_cat?post=54832"},{"taxonomy":"product_tag","embeddable":true,"href":"https:\/\/www.istegroup.com\/en\/wp-json\/wp\/v2\/product_tag?post=54832"}],"curies":[{"name":"wp","href":"https:\/\/api.w.org\/{rel}","templated":true}]}}