{"id":54735,"date":"2023-11-29T11:44:45","date_gmt":"2023-11-29T11:44:45","guid":{"rendered":"https:\/\/www.istegroup.com\/?post_type=product&#038;p=54735"},"modified":"2025-03-14T10:31:02","modified_gmt":"2025-03-14T10:31:02","slug":"enzymes-et-medicaments","status":"publish","type":"product","link":"https:\/\/www.istegroup.com\/en\/produit\/enzymes-et-medicaments\/","title":{"rendered":"Enzymes et m\u00e9dicaments"},"content":{"rendered":"<p class=\"qtranxs-available-languages-message qtranxs-available-languages-message-en\">Sorry, this entry is only available in <a href=\"https:\/\/www.istegroup.com\/fr\/wp-json\/wp\/v2\/product\/54735\" class=\"qtranxs-available-language-link qtranxs-available-language-link-fr\" title=\"FR\">FR<\/a>.<\/p>","protected":false},"excerpt":{"rendered":"<p>Sorry, this entry is only available in FR.<\/p>\n","protected":false},"featured_media":54747,"template":"","meta":{"_acf_changed":false,"_links_to":"","_links_to_target":""},"product_brand":[],"product_cat":[3262],"product_tag":[],"class_list":{"0":"post-54735","1":"product","2":"type-product","3":"status-publish","4":"has-post-thumbnail","6":"product_cat-non-classe","8":"first","9":"instock","10":"shipping-taxable","11":"purchasable","12":"product-type-variable"},"acf":[],"yoast_head":"<!-- This site is optimized with the Yoast SEO plugin v27.2 - https:\/\/yoast.com\/product\/yoast-seo-wordpress\/ -->\n<title>Enzymes et m\u00e9dicaments - ISTE Group<\/title>\n<meta name=\"description\" content=\"Enzymes et m\u00e9dicaments rassemble, pour la premi\u00e8re fois, une vaste documentation mettant en exergue les relations entre un grand nombre de m\u00e9dicaments et les enzymes.\" \/>\n<meta name=\"robots\" content=\"index, follow, max-snippet:-1, max-image-preview:large, max-video-preview:-1\" \/>\n<link rel=\"canonical\" href=\"https:\/\/www.istegroup.com\/produit\/enzymes-et-medicaments\/\" \/>\n<meta property=\"og:locale\" content=\"en_US\" \/>\n<meta property=\"og:type\" content=\"article\" \/>\n<meta property=\"og:title\" content=\"Enzymes et m\u00e9dicaments - ISTE Group\" \/>\n<meta property=\"og:description\" content=\"Enzymes et m\u00e9dicaments rassemble, pour la premi\u00e8re fois, une vaste documentation mettant en exergue les relations entre un grand nombre de m\u00e9dicaments et les enzymes.\" \/>\n<meta property=\"og:url\" content=\"https:\/\/www.istegroup.com\/produit\/enzymes-et-medicaments\/\" \/>\n<meta property=\"og:site_name\" content=\"ISTE Group\" \/>\n<meta property=\"article:modified_time\" content=\"2025-03-14T10:31:02+00:00\" \/>\n<meta property=\"og:image\" content=\"https:\/\/www.istegroup.com\/wp-content\/uploads\/2023\/11\/Enzymes-et-medicaments.png\" \/>\n\t<meta property=\"og:image:width\" content=\"599\" \/>\n\t<meta property=\"og:image:height\" content=\"901\" \/>\n\t<meta property=\"og:image:type\" content=\"image\/png\" \/>\n<meta name=\"twitter:card\" content=\"summary_large_image\" \/>\n<meta name=\"twitter:label1\" content=\"Est. reading time\" \/>\n\t<meta name=\"twitter:data1\" content=\"1 minute\" \/>\n<script type=\"application\/ld+json\" class=\"yoast-schema-graph\">{\"@context\":\"https:\/\/schema.org\",\"@graph\":[{\"@type\":\"WebPage\",\"@id\":\"https:\/\/www.istegroup.com\/produit\/enzymes-et-medicaments\/\",\"url\":\"https:\/\/www.istegroup.com\/produit\/enzymes-et-medicaments\/\",\"name\":\"Enzymes et m\u00e9dicaments - ISTE Group\",\"isPartOf\":{\"@id\":\"https:\/\/www.istegroup.com\/#website\"},\"primaryImageOfPage\":{\"@id\":\"https:\/\/www.istegroup.com\/produit\/enzymes-et-medicaments\/#primaryimage\"},\"image\":{\"@id\":\"https:\/\/www.istegroup.com\/produit\/enzymes-et-medicaments\/#primaryimage\"},\"thumbnailUrl\":\"https:\/\/www.istegroup.com\/wp-content\/uploads\/2023\/11\/Enzymes-et-medicaments.png\",\"datePublished\":\"2023-11-29T11:44:45+00:00\",\"dateModified\":\"2025-03-14T10:31:02+00:00\",\"description\":\"Enzymes et m\u00e9dicaments rassemble, pour la premi\u00e8re fois, une vaste documentation mettant en exergue les relations entre un grand nombre de m\u00e9dicaments et les enzymes.\",\"breadcrumb\":{\"@id\":\"https:\/\/www.istegroup.com\/produit\/enzymes-et-medicaments\/#breadcrumb\"},\"inLanguage\":\"en-US\",\"potentialAction\":[{\"@type\":\"ReadAction\",\"target\":[\"https:\/\/www.istegroup.com\/produit\/enzymes-et-medicaments\/\"]}]},{\"@type\":\"ImageObject\",\"inLanguage\":\"en-US\",\"@id\":\"https:\/\/www.istegroup.com\/produit\/enzymes-et-medicaments\/#primaryimage\",\"url\":\"https:\/\/www.istegroup.com\/wp-content\/uploads\/2023\/11\/Enzymes-et-medicaments.png\",\"contentUrl\":\"https:\/\/www.istegroup.com\/wp-content\/uploads\/2023\/11\/Enzymes-et-medicaments.png\",\"width\":599,\"height\":901,\"caption\":\"Livre scientifique - Enzymes et m\u00e9dicaments\"},{\"@type\":\"BreadcrumbList\",\"@id\":\"https:\/\/www.istegroup.com\/produit\/enzymes-et-medicaments\/#breadcrumb\",\"itemListElement\":[{\"@type\":\"ListItem\",\"position\":1,\"name\":\"Home\",\"item\":\"https:\/\/www.istegroup.com\/\"},{\"@type\":\"ListItem\",\"position\":2,\"name\":\"Shop\",\"item\":\"https:\/\/www.istegroup.com\/fr\/nouveautes\/\"},{\"@type\":\"ListItem\",\"position\":3,\"name\":\"Enzymes et m\u00e9dicaments\"}]},{\"@type\":\"WebSite\",\"@id\":\"https:\/\/www.istegroup.com\/#website\",\"url\":\"https:\/\/www.istegroup.com\/\",\"name\":\"ISTE Group\",\"description\":\"Publishing Knowledge\",\"potentialAction\":[{\"@type\":\"SearchAction\",\"target\":{\"@type\":\"EntryPoint\",\"urlTemplate\":\"https:\/\/www.istegroup.com\/?s={search_term_string}\"},\"query-input\":{\"@type\":\"PropertyValueSpecification\",\"valueRequired\":true,\"valueName\":\"search_term_string\"}}],\"inLanguage\":\"en-US\"}]}<\/script>\n<!-- \/ Yoast SEO plugin. -->","yoast_head_json":{"title":"Enzymes et m\u00e9dicaments - ISTE Group","description":"Enzymes et m\u00e9dicaments rassemble, pour la premi\u00e8re fois, une vaste documentation mettant en exergue les relations entre un grand nombre de m\u00e9dicaments et les enzymes.","robots":{"index":"index","follow":"follow","max-snippet":"max-snippet:-1","max-image-preview":"max-image-preview:large","max-video-preview":"max-video-preview:-1"},"canonical":"https:\/\/www.istegroup.com\/produit\/enzymes-et-medicaments\/","og_locale":"en_US","og_type":"article","og_title":"Enzymes et m\u00e9dicaments - ISTE Group","og_description":"Enzymes et m\u00e9dicaments rassemble, pour la premi\u00e8re fois, une vaste documentation mettant en exergue les relations entre un grand nombre de m\u00e9dicaments et les enzymes.","og_url":"https:\/\/www.istegroup.com\/produit\/enzymes-et-medicaments\/","og_site_name":"ISTE Group","article_modified_time":"2025-03-14T10:31:02+00:00","og_image":[{"width":599,"height":901,"url":"https:\/\/www.istegroup.com\/wp-content\/uploads\/2023\/11\/Enzymes-et-medicaments.png","type":"image\/png"}],"twitter_card":"summary_large_image","twitter_misc":{"Est. reading time":"1 minute"},"schema":{"@context":"https:\/\/schema.org","@graph":[{"@type":"WebPage","@id":"https:\/\/www.istegroup.com\/produit\/enzymes-et-medicaments\/","url":"https:\/\/www.istegroup.com\/produit\/enzymes-et-medicaments\/","name":"Enzymes et m\u00e9dicaments - ISTE Group","isPartOf":{"@id":"https:\/\/www.istegroup.com\/#website"},"primaryImageOfPage":{"@id":"https:\/\/www.istegroup.com\/produit\/enzymes-et-medicaments\/#primaryimage"},"image":{"@id":"https:\/\/www.istegroup.com\/produit\/enzymes-et-medicaments\/#primaryimage"},"thumbnailUrl":"https:\/\/www.istegroup.com\/wp-content\/uploads\/2023\/11\/Enzymes-et-medicaments.png","datePublished":"2023-11-29T11:44:45+00:00","dateModified":"2025-03-14T10:31:02+00:00","description":"Enzymes et m\u00e9dicaments rassemble, pour la premi\u00e8re fois, une vaste documentation mettant en exergue les relations entre un grand nombre de m\u00e9dicaments et les enzymes.","breadcrumb":{"@id":"https:\/\/www.istegroup.com\/produit\/enzymes-et-medicaments\/#breadcrumb"},"inLanguage":"en-US","potentialAction":[{"@type":"ReadAction","target":["https:\/\/www.istegroup.com\/produit\/enzymes-et-medicaments\/"]}]},{"@type":"ImageObject","inLanguage":"en-US","@id":"https:\/\/www.istegroup.com\/produit\/enzymes-et-medicaments\/#primaryimage","url":"https:\/\/www.istegroup.com\/wp-content\/uploads\/2023\/11\/Enzymes-et-medicaments.png","contentUrl":"https:\/\/www.istegroup.com\/wp-content\/uploads\/2023\/11\/Enzymes-et-medicaments.png","width":599,"height":901,"caption":"Livre scientifique - Enzymes et m\u00e9dicaments"},{"@type":"BreadcrumbList","@id":"https:\/\/www.istegroup.com\/produit\/enzymes-et-medicaments\/#breadcrumb","itemListElement":[{"@type":"ListItem","position":1,"name":"Home","item":"https:\/\/www.istegroup.com\/"},{"@type":"ListItem","position":2,"name":"Shop","item":"https:\/\/www.istegroup.com\/fr\/nouveautes\/"},{"@type":"ListItem","position":3,"name":"Enzymes et m\u00e9dicaments"}]},{"@type":"WebSite","@id":"https:\/\/www.istegroup.com\/#website","url":"https:\/\/www.istegroup.com\/","name":"ISTE Group","description":"Publishing Knowledge","potentialAction":[{"@type":"SearchAction","target":{"@type":"EntryPoint","urlTemplate":"https:\/\/www.istegroup.com\/?s={search_term_string}"},"query-input":{"@type":"PropertyValueSpecification","valueRequired":true,"valueName":"search_term_string"}}],"inLanguage":"en-US"}]}},"_links":{"self":[{"href":"https:\/\/www.istegroup.com\/en\/wp-json\/wp\/v2\/product\/54735","targetHints":{"allow":["GET"]}}],"collection":[{"href":"https:\/\/www.istegroup.com\/en\/wp-json\/wp\/v2\/product"}],"about":[{"href":"https:\/\/www.istegroup.com\/en\/wp-json\/wp\/v2\/types\/product"}],"wp:featuredmedia":[{"embeddable":true,"href":"https:\/\/www.istegroup.com\/en\/wp-json\/wp\/v2\/media\/54747"}],"wp:attachment":[{"href":"https:\/\/www.istegroup.com\/en\/wp-json\/wp\/v2\/media?parent=54735"}],"wp:term":[{"taxonomy":"product_brand","embeddable":true,"href":"https:\/\/www.istegroup.com\/en\/wp-json\/wp\/v2\/product_brand?post=54735"},{"taxonomy":"product_cat","embeddable":true,"href":"https:\/\/www.istegroup.com\/en\/wp-json\/wp\/v2\/product_cat?post=54735"},{"taxonomy":"product_tag","embeddable":true,"href":"https:\/\/www.istegroup.com\/en\/wp-json\/wp\/v2\/product_tag?post=54735"}],"curies":[{"name":"wp","href":"https:\/\/api.w.org\/{rel}","templated":true}]}}