{"id":547,"date":"2017-07-28T15:01:44","date_gmt":"2017-07-28T13:01:44","guid":{"rendered":"https:\/\/iste.yhello.co\/product\/outils-doptimisation-pour-la-logistique\/"},"modified":"2025-01-15T11:43:00","modified_gmt":"2025-01-15T11:43:00","slug":"outils-doptimisation-pour-la-logistique","status":"publish","type":"product","link":"https:\/\/www.istegroup.com\/en\/produit\/outils-doptimisation-pour-la-logistique\/","title":{"rendered":"Outils d\u2019optimisation pour la logistique"},"content":{"rendered":"<p>Cet ouvrage pr\u00e9sente les principaux probl\u00e8mes rencontr\u00e9s en recherche op\u00e9rationnelle, tels que les flots maximaux, la gestion de tourn\u00e9es et des chemins optimaux, les programmes de transports et d\u2019affectations ou la planification des stocks et des flux. Deux axes principaux sont propos\u00e9s : une approche th\u00e9orique simple qui d\u00e9taille les fondamentaux math\u00e9matiques n\u00e9cessaires \u00e0 la compr\u00e9hension et la r\u00e9solution des principales difficult\u00e9s rencontr\u00e9es et une approche pratique construite autour d\u2019outils informatiques comme les tableurs, les gestionnaires de projets ou les simulateurs de flux.<\/p>\n<p><em>Outils d\u2019optimisation pour la logistique<\/em>\u00a0est illustr\u00e9 d\u2019exemples pratiques et th\u00e9oriques utilisant des feuilles de calculs avanc\u00e9es. Il propose des outils d\u2019ordonnancement et des applications li\u00e9es \u00e0 l\u2019\u00e9tude des flux ainsi que des exercices avec leurs solutions comment\u00e9es pour chaque th\u00e8me abord\u00e9.<\/p>\n","protected":false},"excerpt":{"rendered":"<p>Cet ouvrage pr\u00e9sente les principaux probl\u00e8mes rencontr\u00e9s en recherche op\u00e9rationnelle, tels que les flots maximaux, la gestion de tourn\u00e9es et des chemins optimaux, les programmes de transports et d\u2019affectations ou la planification des stocks et des flux. Deux axes principaux sont propos\u00e9s : une approche th\u00e9orique simple qui d\u00e9taille les fondamentaux math\u00e9matiques n\u00e9cessaires \u00e0 la [&hellip;]<\/p>\n","protected":false},"featured_media":548,"template":"","meta":{"_acf_changed":false,"_links_to":"","_links_to_target":""},"product_brand":[],"product_cat":[708],"product_tag":[2097,31,196,2098,2099,2100,2101,608,197,198,199,21,200,22,32,201,203,204,63,25,172,209,1947,2102,128,2088,834,2103,212,38,192,145,28,2039,442,2104,1950,2105,432],"class_list":{"0":"post-547","1":"product","2":"type-product","3":"status-publish","4":"has-post-thumbnail","6":"product_cat-systmes-et-gnie-industriel-11476925","7":"product_tag-chemins-optimaux","8":"product_tag-ebook","9":"product_tag-ebooks","10":"product_tag-feuilles-de-calculs","11":"product_tag-flots-maximaux","12":"product_tag-flux","13":"product_tag-gestion-des-tournees","14":"product_tag-informatique","15":"product_tag-iste","16":"product_tag-iste-edition","17":"product_tag-iste-editions","18":"product_tag-iste-group","19":"product_tag-isteedition","20":"product_tag-istegroup","21":"product_tag-jean-michel-reveillac","22":"product_tag-kindle","23":"product_tag-liseuse","24":"product_tag-livre","25":"product_tag-livre-electronique","26":"product_tag-livre-numerique","27":"product_tag-livre-scientifique","28":"product_tag-livres-scientifiques","29":"product_tag-logistique","30":"product_tag-mathematique","31":"product_tag-optimisation","32":"product_tag-ordonnancement","33":"product_tag-outils","34":"product_tag-outils-doptimisation-pour-la-logistique","35":"product_tag-ouvrage","36":"product_tag-ouvrage-numerique","37":"product_tag-ouvrage-science","38":"product_tag-ouvrage-scientifique","39":"product_tag-ouvrage-scientifique-francais","40":"product_tag-planification","41":"product_tag-pratique","42":"product_tag-programmes-de-transports","43":"product_tag-recherche-operationnelle","44":"product_tag-stocks","45":"product_tag-theorie","47":"first","48":"instock","49":"shipping-taxable","50":"purchasable","51":"product-type-variable"},"acf":[],"yoast_head":"<!-- This site is optimized with the Yoast SEO plugin v27.2 - https:\/\/yoast.com\/product\/yoast-seo-wordpress\/ -->\n<title>Outils d\u2019optimisation pour la logistique - ISTE Group<\/title>\n<meta name=\"description\" content=\"Outils d\u2019optimisation pour la logistique pr\u00e9sente les principaux probl\u00e8mes rencontr\u00e9s en recherche op\u00e9rationnelle, tels que les flots maximaux, la gestion de tourn\u00e9es et des chemins optimaux, les programmes de transports et d\u2019affectations ou la planification des stocks et des flux.\" \/>\n<meta name=\"robots\" content=\"index, follow, max-snippet:-1, max-image-preview:large, max-video-preview:-1\" \/>\n<link rel=\"canonical\" href=\"https:\/\/www.istegroup.com\/produit\/outils-doptimisation-pour-la-logistique\/\" \/>\n<meta property=\"og:locale\" content=\"en_US\" \/>\n<meta property=\"og:type\" content=\"article\" \/>\n<meta property=\"og:title\" content=\"Outils d\u2019optimisation pour la logistique - ISTE Group\" \/>\n<meta property=\"og:description\" content=\"Outils d\u2019optimisation pour la logistique pr\u00e9sente les principaux probl\u00e8mes rencontr\u00e9s en recherche op\u00e9rationnelle, tels que les flots maximaux, la gestion de tourn\u00e9es et des chemins optimaux, les programmes de transports et d\u2019affectations ou la planification des stocks et des flux.\" \/>\n<meta property=\"og:url\" content=\"https:\/\/www.istegroup.com\/produit\/outils-doptimisation-pour-la-logistique\/\" \/>\n<meta property=\"og:site_name\" content=\"ISTE Group\" \/>\n<meta property=\"article:modified_time\" content=\"2025-01-15T11:43:00+00:00\" \/>\n<meta property=\"og:image\" content=\"https:\/\/www.istegroup.com\/wp-content\/uploads\/2017\/07\/2272871428_827827140-1.jpg\" \/>\n\t<meta property=\"og:image:width\" content=\"300\" \/>\n\t<meta property=\"og:image:height\" content=\"452\" \/>\n\t<meta property=\"og:image:type\" content=\"image\/jpeg\" \/>\n<meta name=\"twitter:card\" content=\"summary_large_image\" \/>\n<meta name=\"twitter:label1\" content=\"Est. reading time\" \/>\n\t<meta name=\"twitter:data1\" content=\"1 minute\" \/>\n<script type=\"application\/ld+json\" class=\"yoast-schema-graph\">{\"@context\":\"https:\/\/schema.org\",\"@graph\":[{\"@type\":\"WebPage\",\"@id\":\"https:\/\/www.istegroup.com\/produit\/outils-doptimisation-pour-la-logistique\/\",\"url\":\"https:\/\/www.istegroup.com\/produit\/outils-doptimisation-pour-la-logistique\/\",\"name\":\"Outils d\u2019optimisation pour la logistique - ISTE Group\",\"isPartOf\":{\"@id\":\"https:\/\/www.istegroup.com\/#website\"},\"primaryImageOfPage\":{\"@id\":\"https:\/\/www.istegroup.com\/produit\/outils-doptimisation-pour-la-logistique\/#primaryimage\"},\"image\":{\"@id\":\"https:\/\/www.istegroup.com\/produit\/outils-doptimisation-pour-la-logistique\/#primaryimage\"},\"thumbnailUrl\":\"https:\/\/www.istegroup.com\/wp-content\/uploads\/2017\/07\/2272871428_827827140-1.jpg\",\"datePublished\":\"2017-07-28T13:01:44+00:00\",\"dateModified\":\"2025-01-15T11:43:00+00:00\",\"description\":\"Outils d\u2019optimisation pour la logistique pr\u00e9sente les principaux probl\u00e8mes rencontr\u00e9s en recherche op\u00e9rationnelle, tels que les flots maximaux, la gestion de tourn\u00e9es et des chemins optimaux, les programmes de transports et d\u2019affectations ou la planification des stocks et des flux.\",\"breadcrumb\":{\"@id\":\"https:\/\/www.istegroup.com\/produit\/outils-doptimisation-pour-la-logistique\/#breadcrumb\"},\"inLanguage\":\"en-US\",\"potentialAction\":[{\"@type\":\"ReadAction\",\"target\":[\"https:\/\/www.istegroup.com\/produit\/outils-doptimisation-pour-la-logistique\/\"]}]},{\"@type\":\"ImageObject\",\"inLanguage\":\"en-US\",\"@id\":\"https:\/\/www.istegroup.com\/produit\/outils-doptimisation-pour-la-logistique\/#primaryimage\",\"url\":\"https:\/\/www.istegroup.com\/wp-content\/uploads\/2017\/07\/2272871428_827827140-1.jpg\",\"contentUrl\":\"https:\/\/www.istegroup.com\/wp-content\/uploads\/2017\/07\/2272871428_827827140-1.jpg\",\"width\":300,\"height\":452,\"caption\":\"Th\u00e9orie et pratique\"},{\"@type\":\"BreadcrumbList\",\"@id\":\"https:\/\/www.istegroup.com\/produit\/outils-doptimisation-pour-la-logistique\/#breadcrumb\",\"itemListElement\":[{\"@type\":\"ListItem\",\"position\":1,\"name\":\"Home\",\"item\":\"https:\/\/www.istegroup.com\/\"},{\"@type\":\"ListItem\",\"position\":2,\"name\":\"Shop\",\"item\":\"https:\/\/www.istegroup.com\/fr\/nouveautes\/\"},{\"@type\":\"ListItem\",\"position\":3,\"name\":\"Outils d\u2019optimisation pour la logistique\"}]},{\"@type\":\"WebSite\",\"@id\":\"https:\/\/www.istegroup.com\/#website\",\"url\":\"https:\/\/www.istegroup.com\/\",\"name\":\"ISTE Group\",\"description\":\"Publishing Knowledge\",\"potentialAction\":[{\"@type\":\"SearchAction\",\"target\":{\"@type\":\"EntryPoint\",\"urlTemplate\":\"https:\/\/www.istegroup.com\/?s={search_term_string}\"},\"query-input\":{\"@type\":\"PropertyValueSpecification\",\"valueRequired\":true,\"valueName\":\"search_term_string\"}}],\"inLanguage\":\"en-US\"}]}<\/script>\n<!-- \/ Yoast SEO plugin. -->","yoast_head_json":{"title":"Outils d\u2019optimisation pour la logistique - ISTE Group","description":"Outils d\u2019optimisation pour la logistique pr\u00e9sente les principaux probl\u00e8mes rencontr\u00e9s en recherche op\u00e9rationnelle, tels que les flots maximaux, la gestion de tourn\u00e9es et des chemins optimaux, les programmes de transports et d\u2019affectations ou la planification des stocks et des flux.","robots":{"index":"index","follow":"follow","max-snippet":"max-snippet:-1","max-image-preview":"max-image-preview:large","max-video-preview":"max-video-preview:-1"},"canonical":"https:\/\/www.istegroup.com\/produit\/outils-doptimisation-pour-la-logistique\/","og_locale":"en_US","og_type":"article","og_title":"Outils d\u2019optimisation pour la logistique - ISTE Group","og_description":"Outils d\u2019optimisation pour la logistique pr\u00e9sente les principaux probl\u00e8mes rencontr\u00e9s en recherche op\u00e9rationnelle, tels que les flots maximaux, la gestion de tourn\u00e9es et des chemins optimaux, les programmes de transports et d\u2019affectations ou la planification des stocks et des flux.","og_url":"https:\/\/www.istegroup.com\/produit\/outils-doptimisation-pour-la-logistique\/","og_site_name":"ISTE Group","article_modified_time":"2025-01-15T11:43:00+00:00","og_image":[{"width":300,"height":452,"url":"https:\/\/www.istegroup.com\/wp-content\/uploads\/2017\/07\/2272871428_827827140-1.jpg","type":"image\/jpeg"}],"twitter_card":"summary_large_image","twitter_misc":{"Est. reading time":"1 minute"},"schema":{"@context":"https:\/\/schema.org","@graph":[{"@type":"WebPage","@id":"https:\/\/www.istegroup.com\/produit\/outils-doptimisation-pour-la-logistique\/","url":"https:\/\/www.istegroup.com\/produit\/outils-doptimisation-pour-la-logistique\/","name":"Outils d\u2019optimisation pour la logistique - ISTE Group","isPartOf":{"@id":"https:\/\/www.istegroup.com\/#website"},"primaryImageOfPage":{"@id":"https:\/\/www.istegroup.com\/produit\/outils-doptimisation-pour-la-logistique\/#primaryimage"},"image":{"@id":"https:\/\/www.istegroup.com\/produit\/outils-doptimisation-pour-la-logistique\/#primaryimage"},"thumbnailUrl":"https:\/\/www.istegroup.com\/wp-content\/uploads\/2017\/07\/2272871428_827827140-1.jpg","datePublished":"2017-07-28T13:01:44+00:00","dateModified":"2025-01-15T11:43:00+00:00","description":"Outils d\u2019optimisation pour la logistique pr\u00e9sente les principaux probl\u00e8mes rencontr\u00e9s en recherche op\u00e9rationnelle, tels que les flots maximaux, la gestion de tourn\u00e9es et des chemins optimaux, les programmes de transports et d\u2019affectations ou la planification des stocks et des flux.","breadcrumb":{"@id":"https:\/\/www.istegroup.com\/produit\/outils-doptimisation-pour-la-logistique\/#breadcrumb"},"inLanguage":"en-US","potentialAction":[{"@type":"ReadAction","target":["https:\/\/www.istegroup.com\/produit\/outils-doptimisation-pour-la-logistique\/"]}]},{"@type":"ImageObject","inLanguage":"en-US","@id":"https:\/\/www.istegroup.com\/produit\/outils-doptimisation-pour-la-logistique\/#primaryimage","url":"https:\/\/www.istegroup.com\/wp-content\/uploads\/2017\/07\/2272871428_827827140-1.jpg","contentUrl":"https:\/\/www.istegroup.com\/wp-content\/uploads\/2017\/07\/2272871428_827827140-1.jpg","width":300,"height":452,"caption":"Th\u00e9orie et pratique"},{"@type":"BreadcrumbList","@id":"https:\/\/www.istegroup.com\/produit\/outils-doptimisation-pour-la-logistique\/#breadcrumb","itemListElement":[{"@type":"ListItem","position":1,"name":"Home","item":"https:\/\/www.istegroup.com\/"},{"@type":"ListItem","position":2,"name":"Shop","item":"https:\/\/www.istegroup.com\/fr\/nouveautes\/"},{"@type":"ListItem","position":3,"name":"Outils d\u2019optimisation pour la logistique"}]},{"@type":"WebSite","@id":"https:\/\/www.istegroup.com\/#website","url":"https:\/\/www.istegroup.com\/","name":"ISTE Group","description":"Publishing Knowledge","potentialAction":[{"@type":"SearchAction","target":{"@type":"EntryPoint","urlTemplate":"https:\/\/www.istegroup.com\/?s={search_term_string}"},"query-input":{"@type":"PropertyValueSpecification","valueRequired":true,"valueName":"search_term_string"}}],"inLanguage":"en-US"}]}},"_links":{"self":[{"href":"https:\/\/www.istegroup.com\/en\/wp-json\/wp\/v2\/product\/547","targetHints":{"allow":["GET"]}}],"collection":[{"href":"https:\/\/www.istegroup.com\/en\/wp-json\/wp\/v2\/product"}],"about":[{"href":"https:\/\/www.istegroup.com\/en\/wp-json\/wp\/v2\/types\/product"}],"wp:featuredmedia":[{"embeddable":true,"href":"https:\/\/www.istegroup.com\/en\/wp-json\/wp\/v2\/media\/548"}],"wp:attachment":[{"href":"https:\/\/www.istegroup.com\/en\/wp-json\/wp\/v2\/media?parent=547"}],"wp:term":[{"taxonomy":"product_brand","embeddable":true,"href":"https:\/\/www.istegroup.com\/en\/wp-json\/wp\/v2\/product_brand?post=547"},{"taxonomy":"product_cat","embeddable":true,"href":"https:\/\/www.istegroup.com\/en\/wp-json\/wp\/v2\/product_cat?post=547"},{"taxonomy":"product_tag","embeddable":true,"href":"https:\/\/www.istegroup.com\/en\/wp-json\/wp\/v2\/product_tag?post=547"}],"curies":[{"name":"wp","href":"https:\/\/api.w.org\/{rel}","templated":true}]}}