{"id":545,"date":"2015-03-01T15:01:40","date_gmt":"2015-03-01T14:01:40","guid":{"rendered":"https:\/\/iste.yhello.co\/product\/outils-de-la-modelisation-des-phases\/"},"modified":"2024-01-03T13:40:33","modified_gmt":"2024-01-03T13:40:33","slug":"outils-de-la-modelisation-des-phases","status":"publish","type":"product","link":"https:\/\/www.istegroup.com\/en\/produit\/outils-de-la-modelisation-des-phases\/","title":{"rendered":"Outils de la mod\u00e9lisation des phases"},"content":{"rendered":"<p>La s\u00e9rie\u00a0<em>Thermodynamique chimique approfondie<\/em>\u00a0pr\u00e9sente l\u2019ensemble des th\u00e8mes de la thermodynamique utiles \u00e0 la chimie, aux mat\u00e9riaux, \u00e0 l\u2019\u00e9lectrochimie, aux ph\u00e9nom\u00e8nes de surface et au g\u00e9nie des proc\u00e9d\u00e9s.<\/p>\n<p>Cet ouvrage pr\u00e9sente en d\u00e9tail les outils de la mod\u00e9lisation thermodynamique. La connaissance des fonctions potentielles caract\u00e9ristiques des syst\u00e8mes est conduite par deux mod\u00e9lisations. Une macroscopique qui s\u2019appuie sur la d\u00e9termination exp\u00e9rimentale d\u2019un certain nombre de grandeurs et conduit aux coefficients thermodynamiques et aux matrices caract\u00e9ristiques, aux grandeurs de m\u00e9lange et d\u2019exc\u00e8s ; et une mod\u00e9lisation microscopique bas\u00e9e sur les statistiques de collections d\u2019objets quantiques ou non et conduit aux fonctions de partition des diff\u00e9rents ensembles canoniques. Les deux modes de mod\u00e9lisation pour l\u2019\u00e9tude des gaz purs et des m\u00e9langes de gaz r\u00e9els sont \u00e9galement pr\u00e9sent\u00e9s ainsi que des diagrammes de compressibilit\u00e9 g\u00e9n\u00e9ralis\u00e9s aux coefficients du viriel et les diff\u00e9rents mod\u00e8les de gaz.<\/p>\n","protected":false},"excerpt":{"rendered":"<p>La s\u00e9rie\u00a0Thermodynamique chimique approfondie\u00a0pr\u00e9sente l\u2019ensemble des th\u00e8mes de la thermodynamique utiles \u00e0 la chimie, aux mat\u00e9riaux, \u00e0 l\u2019\u00e9lectrochimie, aux ph\u00e9nom\u00e8nes de surface et au g\u00e9nie des proc\u00e9d\u00e9s. Cet ouvrage pr\u00e9sente en d\u00e9tail les outils de la mod\u00e9lisation thermodynamique. La connaissance des fonctions potentielles caract\u00e9ristiques des syst\u00e8mes est conduite par deux mod\u00e9lisations. Une macroscopique qui s\u2019appuie [&hellip;]<\/p>\n","protected":false},"featured_media":546,"template":"","meta":{"_acf_changed":false,"_links_to":"","_links_to_target":""},"product_brand":[],"product_cat":[660,663,725],"product_tag":[800,2091,2092,31,196,898,197,198,199,200,201,203,204,63,25,172,209,2093,1228,324,834,2094,212,38,192,145,28,2095,2096,456],"class_list":{"0":"post-545","1":"product","2":"type-product","3":"status-publish","4":"has-post-thumbnail","6":"product_cat-energie-12506414","7":"product_cat-gnie-des-procds-12506436","8":"product_cat-srie-thermodynamique-chimique-approfondie-42918276","9":"product_tag-application","10":"product_tag-application-aux-gaz","11":"product_tag-canonique","12":"product_tag-ebook","13":"product_tag-ebooks","14":"product_tag-gaz","15":"product_tag-iste","16":"product_tag-iste-edition","17":"product_tag-iste-editions","18":"product_tag-isteedition","19":"product_tag-kindle","20":"product_tag-liseuse","21":"product_tag-livre","22":"product_tag-livre-electronique","23":"product_tag-livre-numerique","24":"product_tag-livre-scientifique","25":"product_tag-livres-scientifiques","26":"product_tag-macroscopique","27":"product_tag-michel-soustelle","28":"product_tag-modelisation","29":"product_tag-outils","30":"product_tag-outils-de-la-modelisation-des-phases","31":"product_tag-ouvrage","32":"product_tag-ouvrage-numerique","33":"product_tag-ouvrage-science","34":"product_tag-ouvrage-scientifique","35":"product_tag-ouvrage-scientifique-francais","36":"product_tag-partition-moleculaires","37":"product_tag-phase","38":"product_tag-thermodynamiques","40":"first","41":"instock","42":"shipping-taxable","43":"purchasable","44":"product-type-variable"},"acf":[],"yoast_head":"<!-- This site is optimized with the Yoast SEO plugin v27.2 - https:\/\/yoast.com\/product\/yoast-seo-wordpress\/ -->\n<title>Outils de la mod\u00e9lisation des phases - ISTE Group<\/title>\n<meta name=\"robots\" content=\"index, follow, max-snippet:-1, max-image-preview:large, max-video-preview:-1\" \/>\n<link rel=\"canonical\" href=\"https:\/\/www.istegroup.com\/fr\/produit\/outils-de-la-modelisation-des-phases\/\" \/>\n<meta property=\"og:locale\" content=\"en_US\" \/>\n<meta property=\"og:type\" content=\"article\" \/>\n<meta property=\"og:title\" content=\"Outils de la mod\u00e9lisation des phases - ISTE Group\" \/>\n<meta property=\"og:description\" content=\"La s\u00e9rie\u00a0Thermodynamique chimique approfondie\u00a0pr\u00e9sente l\u2019ensemble des th\u00e8mes de la thermodynamique utiles \u00e0 la chimie, aux mat\u00e9riaux, \u00e0 l\u2019\u00e9lectrochimie, aux ph\u00e9nom\u00e8nes de surface et au g\u00e9nie des proc\u00e9d\u00e9s. Cet ouvrage pr\u00e9sente en d\u00e9tail les outils de la mod\u00e9lisation thermodynamique. La connaissance des fonctions potentielles caract\u00e9ristiques des syst\u00e8mes est conduite par deux mod\u00e9lisations. Une macroscopique qui s\u2019appuie [&hellip;]\" \/>\n<meta property=\"og:url\" content=\"https:\/\/www.istegroup.com\/fr\/produit\/outils-de-la-modelisation-des-phases\/\" \/>\n<meta property=\"og:site_name\" content=\"ISTE Group\" \/>\n<meta property=\"article:modified_time\" content=\"2024-01-03T13:40:33+00:00\" \/>\n<meta property=\"og:image\" content=\"https:\/\/www.istegroup.com\/wp-content\/uploads\/2017\/07\/1264160940_442369688-1.jpg\" \/>\n\t<meta property=\"og:image:width\" content=\"300\" \/>\n\t<meta property=\"og:image:height\" content=\"452\" \/>\n\t<meta property=\"og:image:type\" content=\"image\/jpeg\" \/>\n<meta name=\"twitter:card\" content=\"summary_large_image\" \/>\n<meta name=\"twitter:label1\" content=\"Est. reading time\" \/>\n\t<meta name=\"twitter:data1\" content=\"1 minute\" \/>\n<script type=\"application\/ld+json\" class=\"yoast-schema-graph\">{\"@context\":\"https:\/\/schema.org\",\"@graph\":[{\"@type\":\"WebPage\",\"@id\":\"https:\/\/www.istegroup.com\/fr\/produit\/outils-de-la-modelisation-des-phases\/\",\"url\":\"https:\/\/www.istegroup.com\/fr\/produit\/outils-de-la-modelisation-des-phases\/\",\"name\":\"Outils de la mod\u00e9lisation des phases - ISTE Group\",\"isPartOf\":{\"@id\":\"https:\/\/www.istegroup.com\/#website\"},\"primaryImageOfPage\":{\"@id\":\"https:\/\/www.istegroup.com\/fr\/produit\/outils-de-la-modelisation-des-phases\/#primaryimage\"},\"image\":{\"@id\":\"https:\/\/www.istegroup.com\/fr\/produit\/outils-de-la-modelisation-des-phases\/#primaryimage\"},\"thumbnailUrl\":\"https:\/\/www.istegroup.com\/wp-content\/uploads\/2017\/07\/1264160940_442369688-1.jpg\",\"datePublished\":\"2015-03-01T14:01:40+00:00\",\"dateModified\":\"2024-01-03T13:40:33+00:00\",\"breadcrumb\":{\"@id\":\"https:\/\/www.istegroup.com\/fr\/produit\/outils-de-la-modelisation-des-phases\/#breadcrumb\"},\"inLanguage\":\"en-US\",\"potentialAction\":[{\"@type\":\"ReadAction\",\"target\":[\"https:\/\/www.istegroup.com\/fr\/produit\/outils-de-la-modelisation-des-phases\/\"]}]},{\"@type\":\"ImageObject\",\"inLanguage\":\"en-US\",\"@id\":\"https:\/\/www.istegroup.com\/fr\/produit\/outils-de-la-modelisation-des-phases\/#primaryimage\",\"url\":\"https:\/\/www.istegroup.com\/wp-content\/uploads\/2017\/07\/1264160940_442369688-1.jpg\",\"contentUrl\":\"https:\/\/www.istegroup.com\/wp-content\/uploads\/2017\/07\/1264160940_442369688-1.jpg\",\"width\":300,\"height\":452,\"caption\":\"Application aux gaz\"},{\"@type\":\"BreadcrumbList\",\"@id\":\"https:\/\/www.istegroup.com\/fr\/produit\/outils-de-la-modelisation-des-phases\/#breadcrumb\",\"itemListElement\":[{\"@type\":\"ListItem\",\"position\":1,\"name\":\"Home\",\"item\":\"https:\/\/www.istegroup.com\/\"},{\"@type\":\"ListItem\",\"position\":2,\"name\":\"Shop\",\"item\":\"https:\/\/www.istegroup.com\/fr\/nouveautes\/\"},{\"@type\":\"ListItem\",\"position\":3,\"name\":\"Outils de la mod\u00e9lisation des phases\"}]},{\"@type\":\"WebSite\",\"@id\":\"https:\/\/www.istegroup.com\/#website\",\"url\":\"https:\/\/www.istegroup.com\/\",\"name\":\"ISTE Group\",\"description\":\"Publishing Knowledge\",\"potentialAction\":[{\"@type\":\"SearchAction\",\"target\":{\"@type\":\"EntryPoint\",\"urlTemplate\":\"https:\/\/www.istegroup.com\/?s={search_term_string}\"},\"query-input\":{\"@type\":\"PropertyValueSpecification\",\"valueRequired\":true,\"valueName\":\"search_term_string\"}}],\"inLanguage\":\"en-US\"}]}<\/script>\n<!-- \/ Yoast SEO plugin. -->","yoast_head_json":{"title":"Outils de la mod\u00e9lisation des phases - ISTE Group","robots":{"index":"index","follow":"follow","max-snippet":"max-snippet:-1","max-image-preview":"max-image-preview:large","max-video-preview":"max-video-preview:-1"},"canonical":"https:\/\/www.istegroup.com\/fr\/produit\/outils-de-la-modelisation-des-phases\/","og_locale":"en_US","og_type":"article","og_title":"Outils de la mod\u00e9lisation des phases - ISTE Group","og_description":"La s\u00e9rie\u00a0Thermodynamique chimique approfondie\u00a0pr\u00e9sente l\u2019ensemble des th\u00e8mes de la thermodynamique utiles \u00e0 la chimie, aux mat\u00e9riaux, \u00e0 l\u2019\u00e9lectrochimie, aux ph\u00e9nom\u00e8nes de surface et au g\u00e9nie des proc\u00e9d\u00e9s. Cet ouvrage pr\u00e9sente en d\u00e9tail les outils de la mod\u00e9lisation thermodynamique. La connaissance des fonctions potentielles caract\u00e9ristiques des syst\u00e8mes est conduite par deux mod\u00e9lisations. Une macroscopique qui s\u2019appuie [&hellip;]","og_url":"https:\/\/www.istegroup.com\/fr\/produit\/outils-de-la-modelisation-des-phases\/","og_site_name":"ISTE Group","article_modified_time":"2024-01-03T13:40:33+00:00","og_image":[{"width":300,"height":452,"url":"https:\/\/www.istegroup.com\/wp-content\/uploads\/2017\/07\/1264160940_442369688-1.jpg","type":"image\/jpeg"}],"twitter_card":"summary_large_image","twitter_misc":{"Est. reading time":"1 minute"},"schema":{"@context":"https:\/\/schema.org","@graph":[{"@type":"WebPage","@id":"https:\/\/www.istegroup.com\/fr\/produit\/outils-de-la-modelisation-des-phases\/","url":"https:\/\/www.istegroup.com\/fr\/produit\/outils-de-la-modelisation-des-phases\/","name":"Outils de la mod\u00e9lisation des phases - ISTE Group","isPartOf":{"@id":"https:\/\/www.istegroup.com\/#website"},"primaryImageOfPage":{"@id":"https:\/\/www.istegroup.com\/fr\/produit\/outils-de-la-modelisation-des-phases\/#primaryimage"},"image":{"@id":"https:\/\/www.istegroup.com\/fr\/produit\/outils-de-la-modelisation-des-phases\/#primaryimage"},"thumbnailUrl":"https:\/\/www.istegroup.com\/wp-content\/uploads\/2017\/07\/1264160940_442369688-1.jpg","datePublished":"2015-03-01T14:01:40+00:00","dateModified":"2024-01-03T13:40:33+00:00","breadcrumb":{"@id":"https:\/\/www.istegroup.com\/fr\/produit\/outils-de-la-modelisation-des-phases\/#breadcrumb"},"inLanguage":"en-US","potentialAction":[{"@type":"ReadAction","target":["https:\/\/www.istegroup.com\/fr\/produit\/outils-de-la-modelisation-des-phases\/"]}]},{"@type":"ImageObject","inLanguage":"en-US","@id":"https:\/\/www.istegroup.com\/fr\/produit\/outils-de-la-modelisation-des-phases\/#primaryimage","url":"https:\/\/www.istegroup.com\/wp-content\/uploads\/2017\/07\/1264160940_442369688-1.jpg","contentUrl":"https:\/\/www.istegroup.com\/wp-content\/uploads\/2017\/07\/1264160940_442369688-1.jpg","width":300,"height":452,"caption":"Application aux gaz"},{"@type":"BreadcrumbList","@id":"https:\/\/www.istegroup.com\/fr\/produit\/outils-de-la-modelisation-des-phases\/#breadcrumb","itemListElement":[{"@type":"ListItem","position":1,"name":"Home","item":"https:\/\/www.istegroup.com\/"},{"@type":"ListItem","position":2,"name":"Shop","item":"https:\/\/www.istegroup.com\/fr\/nouveautes\/"},{"@type":"ListItem","position":3,"name":"Outils de la mod\u00e9lisation des phases"}]},{"@type":"WebSite","@id":"https:\/\/www.istegroup.com\/#website","url":"https:\/\/www.istegroup.com\/","name":"ISTE Group","description":"Publishing Knowledge","potentialAction":[{"@type":"SearchAction","target":{"@type":"EntryPoint","urlTemplate":"https:\/\/www.istegroup.com\/?s={search_term_string}"},"query-input":{"@type":"PropertyValueSpecification","valueRequired":true,"valueName":"search_term_string"}}],"inLanguage":"en-US"}]}},"_links":{"self":[{"href":"https:\/\/www.istegroup.com\/en\/wp-json\/wp\/v2\/product\/545","targetHints":{"allow":["GET"]}}],"collection":[{"href":"https:\/\/www.istegroup.com\/en\/wp-json\/wp\/v2\/product"}],"about":[{"href":"https:\/\/www.istegroup.com\/en\/wp-json\/wp\/v2\/types\/product"}],"wp:featuredmedia":[{"embeddable":true,"href":"https:\/\/www.istegroup.com\/en\/wp-json\/wp\/v2\/media\/546"}],"wp:attachment":[{"href":"https:\/\/www.istegroup.com\/en\/wp-json\/wp\/v2\/media?parent=545"}],"wp:term":[{"taxonomy":"product_brand","embeddable":true,"href":"https:\/\/www.istegroup.com\/en\/wp-json\/wp\/v2\/product_brand?post=545"},{"taxonomy":"product_cat","embeddable":true,"href":"https:\/\/www.istegroup.com\/en\/wp-json\/wp\/v2\/product_cat?post=545"},{"taxonomy":"product_tag","embeddable":true,"href":"https:\/\/www.istegroup.com\/en\/wp-json\/wp\/v2\/product_tag?post=545"}],"curies":[{"name":"wp","href":"https:\/\/api.w.org\/{rel}","templated":true}]}}