{"id":54391,"date":"2023-11-26T09:02:41","date_gmt":"2023-11-26T09:02:41","guid":{"rendered":"https:\/\/www.istegroup.com\/?post_type=product&#038;p=54391"},"modified":"2025-03-14T10:36:04","modified_gmt":"2025-03-14T10:36:04","slug":"intelligence-artificielle-sante-et-droit","status":"publish","type":"product","link":"https:\/\/www.istegroup.com\/en\/produit\/intelligence-artificielle-sante-et-droit\/","title":{"rendered":"Intelligence artificielle, sant\u00e9 et droit"},"content":{"rendered":"<p class=\"qtranxs-available-languages-message qtranxs-available-languages-message-en\">Sorry, this entry is only available in <a href=\"https:\/\/www.istegroup.com\/fr\/wp-json\/wp\/v2\/product\/54391\" class=\"qtranxs-available-language-link qtranxs-available-language-link-fr\" title=\"FR\">FR<\/a>.<\/p>","protected":false},"excerpt":{"rendered":"<p>Sorry, this entry is only available in FR.<\/p>\n","protected":false},"featured_media":54406,"template":"","meta":{"_acf_changed":false,"_links_to":"","_links_to_target":""},"product_brand":[],"product_cat":[684],"product_tag":[],"class_list":{"0":"post-54391","1":"product","2":"type-product","3":"status-publish","4":"has-post-thumbnail","6":"product_cat-sciences-socit-et-nouvelles-technologies-188422468","8":"first","9":"instock","10":"shipping-taxable","11":"purchasable","12":"product-type-variable"},"acf":[],"yoast_head":"<!-- This site is optimized with the Yoast SEO plugin v27.2 - https:\/\/yoast.com\/product\/yoast-seo-wordpress\/ -->\n<title>Intelligence artificielle, sant\u00e9 et droit - ISTE Group<\/title>\n<meta name=\"description\" content=\"Au travers d\u2019un large panorama original des probl\u00e9matiques en cause, cet ouvrage traite des questions telles que le d\u00e9veloppement de la t\u00e9l\u00e9m\u00e9decine, l\u2019exploitation des donn\u00e9es m\u00e9dicales, les perspectives de l\u2019\u00eatre humain augment\u00e9 ou l\u2019\u00e9thique m\u00e9dicale.\" \/>\n<meta name=\"robots\" content=\"index, follow, max-snippet:-1, max-image-preview:large, max-video-preview:-1\" \/>\n<link rel=\"canonical\" href=\"https:\/\/www.istegroup.com\/produit\/intelligence-artificielle-sante-et-droit\/\" \/>\n<meta property=\"og:locale\" content=\"en_US\" \/>\n<meta property=\"og:type\" content=\"article\" \/>\n<meta property=\"og:title\" content=\"Intelligence artificielle, sant\u00e9 et droit - ISTE Group\" \/>\n<meta property=\"og:description\" content=\"Au travers d\u2019un large panorama original des probl\u00e9matiques en cause, cet ouvrage traite des questions telles que le d\u00e9veloppement de la t\u00e9l\u00e9m\u00e9decine, l\u2019exploitation des donn\u00e9es m\u00e9dicales, les perspectives de l\u2019\u00eatre humain augment\u00e9 ou l\u2019\u00e9thique m\u00e9dicale.\" \/>\n<meta property=\"og:url\" content=\"https:\/\/www.istegroup.com\/produit\/intelligence-artificielle-sante-et-droit\/\" \/>\n<meta property=\"og:site_name\" content=\"ISTE Group\" \/>\n<meta property=\"article:modified_time\" content=\"2025-03-14T10:36:04+00:00\" \/>\n<meta property=\"og:image\" content=\"https:\/\/www.istegroup.com\/wp-content\/uploads\/2023\/11\/Intelligence-artificielle-sante-et-droit.png\" \/>\n\t<meta property=\"og:image:width\" content=\"598\" \/>\n\t<meta property=\"og:image:height\" content=\"900\" \/>\n\t<meta property=\"og:image:type\" content=\"image\/png\" \/>\n<meta name=\"twitter:card\" content=\"summary_large_image\" \/>\n<meta name=\"twitter:label1\" content=\"Est. reading time\" \/>\n\t<meta name=\"twitter:data1\" content=\"1 minute\" \/>\n<script type=\"application\/ld+json\" class=\"yoast-schema-graph\">{\"@context\":\"https:\/\/schema.org\",\"@graph\":[{\"@type\":\"WebPage\",\"@id\":\"https:\/\/www.istegroup.com\/produit\/intelligence-artificielle-sante-et-droit\/\",\"url\":\"https:\/\/www.istegroup.com\/produit\/intelligence-artificielle-sante-et-droit\/\",\"name\":\"Intelligence artificielle, sant\u00e9 et droit - ISTE Group\",\"isPartOf\":{\"@id\":\"https:\/\/www.istegroup.com\/#website\"},\"primaryImageOfPage\":{\"@id\":\"https:\/\/www.istegroup.com\/produit\/intelligence-artificielle-sante-et-droit\/#primaryimage\"},\"image\":{\"@id\":\"https:\/\/www.istegroup.com\/produit\/intelligence-artificielle-sante-et-droit\/#primaryimage\"},\"thumbnailUrl\":\"https:\/\/www.istegroup.com\/wp-content\/uploads\/2023\/11\/Intelligence-artificielle-sante-et-droit.png\",\"datePublished\":\"2023-11-26T09:02:41+00:00\",\"dateModified\":\"2025-03-14T10:36:04+00:00\",\"description\":\"Au travers d\u2019un large panorama original des probl\u00e9matiques en cause, cet ouvrage traite des questions telles que le d\u00e9veloppement de la t\u00e9l\u00e9m\u00e9decine, l\u2019exploitation des donn\u00e9es m\u00e9dicales, les perspectives de l\u2019\u00eatre humain augment\u00e9 ou l\u2019\u00e9thique m\u00e9dicale.\",\"breadcrumb\":{\"@id\":\"https:\/\/www.istegroup.com\/produit\/intelligence-artificielle-sante-et-droit\/#breadcrumb\"},\"inLanguage\":\"en-US\",\"potentialAction\":[{\"@type\":\"ReadAction\",\"target\":[\"https:\/\/www.istegroup.com\/produit\/intelligence-artificielle-sante-et-droit\/\"]}]},{\"@type\":\"ImageObject\",\"inLanguage\":\"en-US\",\"@id\":\"https:\/\/www.istegroup.com\/produit\/intelligence-artificielle-sante-et-droit\/#primaryimage\",\"url\":\"https:\/\/www.istegroup.com\/wp-content\/uploads\/2023\/11\/Intelligence-artificielle-sante-et-droit.png\",\"contentUrl\":\"https:\/\/www.istegroup.com\/wp-content\/uploads\/2023\/11\/Intelligence-artificielle-sante-et-droit.png\",\"width\":598,\"height\":900,\"caption\":\"Livre scientifique - Intelligence artificielle, sant\u00e9 et droit\"},{\"@type\":\"BreadcrumbList\",\"@id\":\"https:\/\/www.istegroup.com\/produit\/intelligence-artificielle-sante-et-droit\/#breadcrumb\",\"itemListElement\":[{\"@type\":\"ListItem\",\"position\":1,\"name\":\"Home\",\"item\":\"https:\/\/www.istegroup.com\/\"},{\"@type\":\"ListItem\",\"position\":2,\"name\":\"Shop\",\"item\":\"https:\/\/www.istegroup.com\/fr\/nouveautes\/\"},{\"@type\":\"ListItem\",\"position\":3,\"name\":\"Intelligence artificielle, sant\u00e9 et droit\"}]},{\"@type\":\"WebSite\",\"@id\":\"https:\/\/www.istegroup.com\/#website\",\"url\":\"https:\/\/www.istegroup.com\/\",\"name\":\"ISTE Group\",\"description\":\"Publishing Knowledge\",\"potentialAction\":[{\"@type\":\"SearchAction\",\"target\":{\"@type\":\"EntryPoint\",\"urlTemplate\":\"https:\/\/www.istegroup.com\/?s={search_term_string}\"},\"query-input\":{\"@type\":\"PropertyValueSpecification\",\"valueRequired\":true,\"valueName\":\"search_term_string\"}}],\"inLanguage\":\"en-US\"}]}<\/script>\n<!-- \/ Yoast SEO plugin. -->","yoast_head_json":{"title":"Intelligence artificielle, sant\u00e9 et droit - ISTE Group","description":"Au travers d\u2019un large panorama original des probl\u00e9matiques en cause, cet ouvrage traite des questions telles que le d\u00e9veloppement de la t\u00e9l\u00e9m\u00e9decine, l\u2019exploitation des donn\u00e9es m\u00e9dicales, les perspectives de l\u2019\u00eatre humain augment\u00e9 ou l\u2019\u00e9thique m\u00e9dicale.","robots":{"index":"index","follow":"follow","max-snippet":"max-snippet:-1","max-image-preview":"max-image-preview:large","max-video-preview":"max-video-preview:-1"},"canonical":"https:\/\/www.istegroup.com\/produit\/intelligence-artificielle-sante-et-droit\/","og_locale":"en_US","og_type":"article","og_title":"Intelligence artificielle, sant\u00e9 et droit - ISTE Group","og_description":"Au travers d\u2019un large panorama original des probl\u00e9matiques en cause, cet ouvrage traite des questions telles que le d\u00e9veloppement de la t\u00e9l\u00e9m\u00e9decine, l\u2019exploitation des donn\u00e9es m\u00e9dicales, les perspectives de l\u2019\u00eatre humain augment\u00e9 ou l\u2019\u00e9thique m\u00e9dicale.","og_url":"https:\/\/www.istegroup.com\/produit\/intelligence-artificielle-sante-et-droit\/","og_site_name":"ISTE Group","article_modified_time":"2025-03-14T10:36:04+00:00","og_image":[{"width":598,"height":900,"url":"https:\/\/www.istegroup.com\/wp-content\/uploads\/2023\/11\/Intelligence-artificielle-sante-et-droit.png","type":"image\/png"}],"twitter_card":"summary_large_image","twitter_misc":{"Est. reading time":"1 minute"},"schema":{"@context":"https:\/\/schema.org","@graph":[{"@type":"WebPage","@id":"https:\/\/www.istegroup.com\/produit\/intelligence-artificielle-sante-et-droit\/","url":"https:\/\/www.istegroup.com\/produit\/intelligence-artificielle-sante-et-droit\/","name":"Intelligence artificielle, sant\u00e9 et droit - ISTE Group","isPartOf":{"@id":"https:\/\/www.istegroup.com\/#website"},"primaryImageOfPage":{"@id":"https:\/\/www.istegroup.com\/produit\/intelligence-artificielle-sante-et-droit\/#primaryimage"},"image":{"@id":"https:\/\/www.istegroup.com\/produit\/intelligence-artificielle-sante-et-droit\/#primaryimage"},"thumbnailUrl":"https:\/\/www.istegroup.com\/wp-content\/uploads\/2023\/11\/Intelligence-artificielle-sante-et-droit.png","datePublished":"2023-11-26T09:02:41+00:00","dateModified":"2025-03-14T10:36:04+00:00","description":"Au travers d\u2019un large panorama original des probl\u00e9matiques en cause, cet ouvrage traite des questions telles que le d\u00e9veloppement de la t\u00e9l\u00e9m\u00e9decine, l\u2019exploitation des donn\u00e9es m\u00e9dicales, les perspectives de l\u2019\u00eatre humain augment\u00e9 ou l\u2019\u00e9thique m\u00e9dicale.","breadcrumb":{"@id":"https:\/\/www.istegroup.com\/produit\/intelligence-artificielle-sante-et-droit\/#breadcrumb"},"inLanguage":"en-US","potentialAction":[{"@type":"ReadAction","target":["https:\/\/www.istegroup.com\/produit\/intelligence-artificielle-sante-et-droit\/"]}]},{"@type":"ImageObject","inLanguage":"en-US","@id":"https:\/\/www.istegroup.com\/produit\/intelligence-artificielle-sante-et-droit\/#primaryimage","url":"https:\/\/www.istegroup.com\/wp-content\/uploads\/2023\/11\/Intelligence-artificielle-sante-et-droit.png","contentUrl":"https:\/\/www.istegroup.com\/wp-content\/uploads\/2023\/11\/Intelligence-artificielle-sante-et-droit.png","width":598,"height":900,"caption":"Livre scientifique - Intelligence artificielle, sant\u00e9 et droit"},{"@type":"BreadcrumbList","@id":"https:\/\/www.istegroup.com\/produit\/intelligence-artificielle-sante-et-droit\/#breadcrumb","itemListElement":[{"@type":"ListItem","position":1,"name":"Home","item":"https:\/\/www.istegroup.com\/"},{"@type":"ListItem","position":2,"name":"Shop","item":"https:\/\/www.istegroup.com\/fr\/nouveautes\/"},{"@type":"ListItem","position":3,"name":"Intelligence artificielle, sant\u00e9 et droit"}]},{"@type":"WebSite","@id":"https:\/\/www.istegroup.com\/#website","url":"https:\/\/www.istegroup.com\/","name":"ISTE Group","description":"Publishing Knowledge","potentialAction":[{"@type":"SearchAction","target":{"@type":"EntryPoint","urlTemplate":"https:\/\/www.istegroup.com\/?s={search_term_string}"},"query-input":{"@type":"PropertyValueSpecification","valueRequired":true,"valueName":"search_term_string"}}],"inLanguage":"en-US"}]}},"_links":{"self":[{"href":"https:\/\/www.istegroup.com\/en\/wp-json\/wp\/v2\/product\/54391","targetHints":{"allow":["GET"]}}],"collection":[{"href":"https:\/\/www.istegroup.com\/en\/wp-json\/wp\/v2\/product"}],"about":[{"href":"https:\/\/www.istegroup.com\/en\/wp-json\/wp\/v2\/types\/product"}],"wp:featuredmedia":[{"embeddable":true,"href":"https:\/\/www.istegroup.com\/en\/wp-json\/wp\/v2\/media\/54406"}],"wp:attachment":[{"href":"https:\/\/www.istegroup.com\/en\/wp-json\/wp\/v2\/media?parent=54391"}],"wp:term":[{"taxonomy":"product_brand","embeddable":true,"href":"https:\/\/www.istegroup.com\/en\/wp-json\/wp\/v2\/product_brand?post=54391"},{"taxonomy":"product_cat","embeddable":true,"href":"https:\/\/www.istegroup.com\/en\/wp-json\/wp\/v2\/product_cat?post=54391"},{"taxonomy":"product_tag","embeddable":true,"href":"https:\/\/www.istegroup.com\/en\/wp-json\/wp\/v2\/product_tag?post=54391"}],"curies":[{"name":"wp","href":"https:\/\/api.w.org\/{rel}","templated":true}]}}