{"id":54341,"date":"2023-11-26T11:44:27","date_gmt":"2023-11-26T11:44:27","guid":{"rendered":"https:\/\/www.istegroup.com\/?post_type=product&#038;p=54341"},"modified":"2025-03-14T10:34:08","modified_gmt":"2025-03-14T10:34:08","slug":"nouveaux-territoires-de-la-strategie-clients","status":"publish","type":"product","link":"https:\/\/www.istegroup.com\/en\/produit\/nouveaux-territoires-de-la-strategie-clients\/","title":{"rendered":"Nouveaux territoires de la strat\u00e9gie clients"},"content":{"rendered":"<p class=\"qtranxs-available-languages-message qtranxs-available-languages-message-en\">Sorry, this entry is only available in <a href=\"https:\/\/www.istegroup.com\/fr\/wp-json\/wp\/v2\/product\/54341\" class=\"qtranxs-available-language-link qtranxs-available-language-link-fr\" title=\"FR\">FR<\/a>.<\/p>","protected":false},"excerpt":{"rendered":"<p>Sorry, this entry is only available in FR.<\/p>\n","protected":false},"featured_media":56100,"template":"","meta":{"_acf_changed":false,"_links_to":"","_links_to_target":""},"product_brand":[],"product_cat":[670],"product_tag":[],"class_list":{"0":"post-54341","1":"product","2":"type-product","3":"status-publish","4":"has-post-thumbnail","6":"product_cat-innovation-entrepreneuriat-et-gestion-11041751","8":"first","9":"instock","10":"shipping-taxable","11":"purchasable","12":"product-type-variable"},"acf":[],"yoast_head":"<!-- This site is optimized with the Yoast SEO plugin v27.2 - https:\/\/yoast.com\/product\/yoast-seo-wordpress\/ -->\n<title>Nouveaux territoires de la strat\u00e9gie clients - ISTE Group<\/title>\n<meta name=\"description\" content=\"Nouveaux territoires de la strat\u00e9gie clients propose une r\u00e9flexion actualis\u00e9e aux praticiens, enseignants-chercheurs et \u00e9tudiants sur la place de la relation clients d\u2019aujourd\u2019hui et de demain, pour \u00eatre en phase avec les probl\u00e9matiques environnementales, num\u00e9riques, d\u2019inclusion et d\u2019\u00e9thiques ou encore de gouvernance des organisations.\" \/>\n<meta name=\"robots\" content=\"index, follow, max-snippet:-1, max-image-preview:large, max-video-preview:-1\" \/>\n<link rel=\"canonical\" href=\"https:\/\/www.istegroup.com\/produit\/nouveaux-territoires-de-la-strategie-clients\/\" \/>\n<meta property=\"og:locale\" content=\"en_US\" \/>\n<meta property=\"og:type\" content=\"article\" \/>\n<meta property=\"og:title\" content=\"Nouveaux territoires de la strat\u00e9gie clients - ISTE Group\" \/>\n<meta property=\"og:description\" content=\"Nouveaux territoires de la strat\u00e9gie clients propose une r\u00e9flexion actualis\u00e9e aux praticiens, enseignants-chercheurs et \u00e9tudiants sur la place de la relation clients d\u2019aujourd\u2019hui et de demain, pour \u00eatre en phase avec les probl\u00e9matiques environnementales, num\u00e9riques, d\u2019inclusion et d\u2019\u00e9thiques ou encore de gouvernance des organisations.\" \/>\n<meta property=\"og:url\" content=\"https:\/\/www.istegroup.com\/produit\/nouveaux-territoires-de-la-strategie-clients\/\" \/>\n<meta property=\"og:site_name\" content=\"ISTE Group\" \/>\n<meta property=\"article:modified_time\" content=\"2025-03-14T10:34:08+00:00\" \/>\n<meta property=\"og:image\" content=\"https:\/\/www.istegroup.com\/wp-content\/uploads\/2023\/11\/Nouveaux-territoires-de-la-strategie-clients_FNEGE.png\" \/>\n\t<meta property=\"og:image:width\" content=\"599\" \/>\n\t<meta property=\"og:image:height\" content=\"901\" \/>\n\t<meta property=\"og:image:type\" content=\"image\/png\" \/>\n<meta name=\"twitter:card\" content=\"summary_large_image\" \/>\n<meta name=\"twitter:label1\" content=\"Est. reading time\" \/>\n\t<meta name=\"twitter:data1\" content=\"2 minutes\" \/>\n<script type=\"application\/ld+json\" class=\"yoast-schema-graph\">{\"@context\":\"https:\/\/schema.org\",\"@graph\":[{\"@type\":\"WebPage\",\"@id\":\"https:\/\/www.istegroup.com\/produit\/nouveaux-territoires-de-la-strategie-clients\/\",\"url\":\"https:\/\/www.istegroup.com\/produit\/nouveaux-territoires-de-la-strategie-clients\/\",\"name\":\"Nouveaux territoires de la strat\u00e9gie clients - ISTE Group\",\"isPartOf\":{\"@id\":\"https:\/\/www.istegroup.com\/#website\"},\"primaryImageOfPage\":{\"@id\":\"https:\/\/www.istegroup.com\/produit\/nouveaux-territoires-de-la-strategie-clients\/#primaryimage\"},\"image\":{\"@id\":\"https:\/\/www.istegroup.com\/produit\/nouveaux-territoires-de-la-strategie-clients\/#primaryimage\"},\"thumbnailUrl\":\"https:\/\/www.istegroup.com\/wp-content\/uploads\/2023\/11\/Nouveaux-territoires-de-la-strategie-clients_FNEGE.png\",\"datePublished\":\"2023-11-26T11:44:27+00:00\",\"dateModified\":\"2025-03-14T10:34:08+00:00\",\"description\":\"Nouveaux territoires de la strat\u00e9gie clients propose une r\u00e9flexion actualis\u00e9e aux praticiens, enseignants-chercheurs et \u00e9tudiants sur la place de la relation clients d\u2019aujourd\u2019hui et de demain, pour \u00eatre en phase avec les probl\u00e9matiques environnementales, num\u00e9riques, d\u2019inclusion et d\u2019\u00e9thiques ou encore de gouvernance des organisations.\",\"breadcrumb\":{\"@id\":\"https:\/\/www.istegroup.com\/produit\/nouveaux-territoires-de-la-strategie-clients\/#breadcrumb\"},\"inLanguage\":\"en-US\",\"potentialAction\":[{\"@type\":\"ReadAction\",\"target\":[\"https:\/\/www.istegroup.com\/produit\/nouveaux-territoires-de-la-strategie-clients\/\"]}]},{\"@type\":\"ImageObject\",\"inLanguage\":\"en-US\",\"@id\":\"https:\/\/www.istegroup.com\/produit\/nouveaux-territoires-de-la-strategie-clients\/#primaryimage\",\"url\":\"https:\/\/www.istegroup.com\/wp-content\/uploads\/2023\/11\/Nouveaux-territoires-de-la-strategie-clients_FNEGE.png\",\"contentUrl\":\"https:\/\/www.istegroup.com\/wp-content\/uploads\/2023\/11\/Nouveaux-territoires-de-la-strategie-clients_FNEGE.png\",\"width\":599,\"height\":901,\"caption\":\"Livre scientifique - Nouveaux territoires de la strat\u00e9gie clients_FNEGE\"},{\"@type\":\"BreadcrumbList\",\"@id\":\"https:\/\/www.istegroup.com\/produit\/nouveaux-territoires-de-la-strategie-clients\/#breadcrumb\",\"itemListElement\":[{\"@type\":\"ListItem\",\"position\":1,\"name\":\"Home\",\"item\":\"https:\/\/www.istegroup.com\/\"},{\"@type\":\"ListItem\",\"position\":2,\"name\":\"Shop\",\"item\":\"https:\/\/www.istegroup.com\/fr\/nouveautes\/\"},{\"@type\":\"ListItem\",\"position\":3,\"name\":\"Nouveaux territoires de la strat\u00e9gie clients\"}]},{\"@type\":\"WebSite\",\"@id\":\"https:\/\/www.istegroup.com\/#website\",\"url\":\"https:\/\/www.istegroup.com\/\",\"name\":\"ISTE Group\",\"description\":\"Publishing Knowledge\",\"potentialAction\":[{\"@type\":\"SearchAction\",\"target\":{\"@type\":\"EntryPoint\",\"urlTemplate\":\"https:\/\/www.istegroup.com\/?s={search_term_string}\"},\"query-input\":{\"@type\":\"PropertyValueSpecification\",\"valueRequired\":true,\"valueName\":\"search_term_string\"}}],\"inLanguage\":\"en-US\"}]}<\/script>\n<!-- \/ Yoast SEO plugin. -->","yoast_head_json":{"title":"Nouveaux territoires de la strat\u00e9gie clients - ISTE Group","description":"Nouveaux territoires de la strat\u00e9gie clients propose une r\u00e9flexion actualis\u00e9e aux praticiens, enseignants-chercheurs et \u00e9tudiants sur la place de la relation clients d\u2019aujourd\u2019hui et de demain, pour \u00eatre en phase avec les probl\u00e9matiques environnementales, num\u00e9riques, d\u2019inclusion et d\u2019\u00e9thiques ou encore de gouvernance des organisations.","robots":{"index":"index","follow":"follow","max-snippet":"max-snippet:-1","max-image-preview":"max-image-preview:large","max-video-preview":"max-video-preview:-1"},"canonical":"https:\/\/www.istegroup.com\/produit\/nouveaux-territoires-de-la-strategie-clients\/","og_locale":"en_US","og_type":"article","og_title":"Nouveaux territoires de la strat\u00e9gie clients - ISTE Group","og_description":"Nouveaux territoires de la strat\u00e9gie clients propose une r\u00e9flexion actualis\u00e9e aux praticiens, enseignants-chercheurs et \u00e9tudiants sur la place de la relation clients d\u2019aujourd\u2019hui et de demain, pour \u00eatre en phase avec les probl\u00e9matiques environnementales, num\u00e9riques, d\u2019inclusion et d\u2019\u00e9thiques ou encore de gouvernance des organisations.","og_url":"https:\/\/www.istegroup.com\/produit\/nouveaux-territoires-de-la-strategie-clients\/","og_site_name":"ISTE Group","article_modified_time":"2025-03-14T10:34:08+00:00","og_image":[{"width":599,"height":901,"url":"https:\/\/www.istegroup.com\/wp-content\/uploads\/2023\/11\/Nouveaux-territoires-de-la-strategie-clients_FNEGE.png","type":"image\/png"}],"twitter_card":"summary_large_image","twitter_misc":{"Est. reading time":"2 minutes"},"schema":{"@context":"https:\/\/schema.org","@graph":[{"@type":"WebPage","@id":"https:\/\/www.istegroup.com\/produit\/nouveaux-territoires-de-la-strategie-clients\/","url":"https:\/\/www.istegroup.com\/produit\/nouveaux-territoires-de-la-strategie-clients\/","name":"Nouveaux territoires de la strat\u00e9gie clients - ISTE Group","isPartOf":{"@id":"https:\/\/www.istegroup.com\/#website"},"primaryImageOfPage":{"@id":"https:\/\/www.istegroup.com\/produit\/nouveaux-territoires-de-la-strategie-clients\/#primaryimage"},"image":{"@id":"https:\/\/www.istegroup.com\/produit\/nouveaux-territoires-de-la-strategie-clients\/#primaryimage"},"thumbnailUrl":"https:\/\/www.istegroup.com\/wp-content\/uploads\/2023\/11\/Nouveaux-territoires-de-la-strategie-clients_FNEGE.png","datePublished":"2023-11-26T11:44:27+00:00","dateModified":"2025-03-14T10:34:08+00:00","description":"Nouveaux territoires de la strat\u00e9gie clients propose une r\u00e9flexion actualis\u00e9e aux praticiens, enseignants-chercheurs et \u00e9tudiants sur la place de la relation clients d\u2019aujourd\u2019hui et de demain, pour \u00eatre en phase avec les probl\u00e9matiques environnementales, num\u00e9riques, d\u2019inclusion et d\u2019\u00e9thiques ou encore de gouvernance des organisations.","breadcrumb":{"@id":"https:\/\/www.istegroup.com\/produit\/nouveaux-territoires-de-la-strategie-clients\/#breadcrumb"},"inLanguage":"en-US","potentialAction":[{"@type":"ReadAction","target":["https:\/\/www.istegroup.com\/produit\/nouveaux-territoires-de-la-strategie-clients\/"]}]},{"@type":"ImageObject","inLanguage":"en-US","@id":"https:\/\/www.istegroup.com\/produit\/nouveaux-territoires-de-la-strategie-clients\/#primaryimage","url":"https:\/\/www.istegroup.com\/wp-content\/uploads\/2023\/11\/Nouveaux-territoires-de-la-strategie-clients_FNEGE.png","contentUrl":"https:\/\/www.istegroup.com\/wp-content\/uploads\/2023\/11\/Nouveaux-territoires-de-la-strategie-clients_FNEGE.png","width":599,"height":901,"caption":"Livre scientifique - Nouveaux territoires de la strat\u00e9gie clients_FNEGE"},{"@type":"BreadcrumbList","@id":"https:\/\/www.istegroup.com\/produit\/nouveaux-territoires-de-la-strategie-clients\/#breadcrumb","itemListElement":[{"@type":"ListItem","position":1,"name":"Home","item":"https:\/\/www.istegroup.com\/"},{"@type":"ListItem","position":2,"name":"Shop","item":"https:\/\/www.istegroup.com\/fr\/nouveautes\/"},{"@type":"ListItem","position":3,"name":"Nouveaux territoires de la strat\u00e9gie clients"}]},{"@type":"WebSite","@id":"https:\/\/www.istegroup.com\/#website","url":"https:\/\/www.istegroup.com\/","name":"ISTE Group","description":"Publishing Knowledge","potentialAction":[{"@type":"SearchAction","target":{"@type":"EntryPoint","urlTemplate":"https:\/\/www.istegroup.com\/?s={search_term_string}"},"query-input":{"@type":"PropertyValueSpecification","valueRequired":true,"valueName":"search_term_string"}}],"inLanguage":"en-US"}]}},"_links":{"self":[{"href":"https:\/\/www.istegroup.com\/en\/wp-json\/wp\/v2\/product\/54341","targetHints":{"allow":["GET"]}}],"collection":[{"href":"https:\/\/www.istegroup.com\/en\/wp-json\/wp\/v2\/product"}],"about":[{"href":"https:\/\/www.istegroup.com\/en\/wp-json\/wp\/v2\/types\/product"}],"wp:featuredmedia":[{"embeddable":true,"href":"https:\/\/www.istegroup.com\/en\/wp-json\/wp\/v2\/media\/56100"}],"wp:attachment":[{"href":"https:\/\/www.istegroup.com\/en\/wp-json\/wp\/v2\/media?parent=54341"}],"wp:term":[{"taxonomy":"product_brand","embeddable":true,"href":"https:\/\/www.istegroup.com\/en\/wp-json\/wp\/v2\/product_brand?post=54341"},{"taxonomy":"product_cat","embeddable":true,"href":"https:\/\/www.istegroup.com\/en\/wp-json\/wp\/v2\/product_cat?post=54341"},{"taxonomy":"product_tag","embeddable":true,"href":"https:\/\/www.istegroup.com\/en\/wp-json\/wp\/v2\/product_tag?post=54341"}],"curies":[{"name":"wp","href":"https:\/\/api.w.org\/{rel}","templated":true}]}}