{"id":543,"date":"2017-07-28T15:01:36","date_gmt":"2017-07-28T13:01:36","guid":{"rendered":"https:\/\/iste.yhello.co\/product\/ordonnancement-dans-les-systemes-temps-reel\/"},"modified":"2024-01-03T13:40:33","modified_gmt":"2024-01-03T13:40:33","slug":"ordonnancement-dans-les-systemes-temps-reel","status":"publish","type":"product","link":"https:\/\/www.istegroup.com\/en\/produit\/ordonnancement-dans-les-systemes-temps-reel\/","title":{"rendered":"Ordonnancement dans les syst\u00e8mes temps r\u00e9el"},"content":{"rendered":"<p>Les syst\u00e8mes temps r\u00e9el se rencontrent dans une vaste gamme de domaines applicatifs tels que la robotique, les process industriels, les transports ou le multim\u00e9dia. En raison de l\u2019\u00e9volution rapide des technologies et de l\u2019\u00e9mergence de l&#8217;Internet des objets, les industriels qui int\u00e8grent des logiciels temps r\u00e9el dans leurs produits se trouvent confront\u00e9s \u00e0 de nouveaux d\u00e9fis.<\/p>\n<p>L\u2019intelligence embarqu\u00e9e dans ces produits repose en particulier sur l\u2019ordonnancement, fonction cl\u00e9 du syst\u00e8me d\u2019exploitation. Regroupant une quarantaine d\u2019ann\u00e9es d\u2019expertise de diff\u00e9rents sp\u00e9cialistes, <em>Ordonnancement dans les syst\u00e8mes temps<\/em> r\u00e9el offre un panorama des connaissances de ce domaine en mettant l\u2019accent sur les derni\u00e8res avanc\u00e9es majeures de la recherche : architectures monoprocesseurs ou multiprocesseurs, contraintes de synchronisation, mod\u00e9lisation probabiliste, optimisation de la qualit\u00e9 de service, techniques de calcul du WCET, etc. Destin\u00e9 aux informaticiens, automaticiens ou \u00e9tudiants en \u00e9cole d\u2019ing\u00e9nieurs, cet ouvrage permet de s&#8217;initier \u00e0 l\u2019informatique temps r\u00e9el ou d\u2019en approfondir ses connaissances.<\/p>\n","protected":false},"excerpt":{"rendered":"<p>Les syst\u00e8mes temps r\u00e9el se rencontrent dans une vaste gamme de domaines applicatifs tels que la robotique, les process industriels, les transports ou le multim\u00e9dia. En raison de l\u2019\u00e9volution rapide des technologies et de l\u2019\u00e9mergence de l&#8217;Internet des objets, les industriels qui int\u00e8grent des logiciels temps r\u00e9el dans leurs produits se trouvent confront\u00e9s \u00e0 de [&hellip;]<\/p>\n","protected":false},"featured_media":544,"template":"","meta":{"_acf_changed":false,"_links_to":"","_links_to_target":""},"product_brand":[],"product_cat":[679,708],"product_tag":[31,196,276,289,197,198,199,21,200,22,201,203,204,63,25,172,209,141,2088,2089,212,38,192,145,28,2090,253,262],"class_list":{"0":"post-543","1":"product","2":"type-product","3":"status-publish","4":"has-post-thumbnail","6":"product_cat-rseaux-et-tlcommunications-12506534","7":"product_cat-systmes-et-gnie-industriel-11476925","8":"product_tag-ebook","9":"product_tag-ebooks","10":"product_tag-electronique","11":"product_tag-innovation","12":"product_tag-iste","13":"product_tag-iste-edition","14":"product_tag-iste-editions","15":"product_tag-iste-group","16":"product_tag-isteedition","17":"product_tag-istegroup","18":"product_tag-kindle","19":"product_tag-liseuse","20":"product_tag-livre","21":"product_tag-livre-electronique","22":"product_tag-livre-numerique","23":"product_tag-livre-scientifique","24":"product_tag-livres-scientifiques","25":"product_tag-maryline-chetto","26":"product_tag-ordonnancement","27":"product_tag-ordonnancement-dans-les-systemes-temps-reel","28":"product_tag-ouvrage","29":"product_tag-ouvrage-numerique","30":"product_tag-ouvrage-science","31":"product_tag-ouvrage-scientifique","32":"product_tag-ouvrage-scientifique-francais","33":"product_tag-systemes-temps-reel","34":"product_tag-technologie","35":"product_tag-technologies","37":"first","38":"instock","39":"shipping-taxable","40":"purchasable","41":"product-type-variable"},"acf":[],"yoast_head":"<!-- This site is optimized with the Yoast SEO plugin v27.2 - https:\/\/yoast.com\/product\/yoast-seo-wordpress\/ -->\n<title>Ordonnancement dans les syst\u00e8mes temps r\u00e9el - ISTE Group<\/title>\n<meta name=\"description\" content=\"Regroupant une quarantaine d\u2019ann\u00e9es d\u2019expertise de diff\u00e9rents sp\u00e9cialistes, Ordonnancement dans les syst\u00e8mes temps r\u00e9el offre un panorama des connaissances de ce domaine en mettant l\u2019accent sur les derni\u00e8res avanc\u00e9es majeures de la recherche\" \/>\n<meta name=\"robots\" content=\"index, follow, max-snippet:-1, max-image-preview:large, max-video-preview:-1\" \/>\n<link rel=\"canonical\" href=\"https:\/\/www.istegroup.com\/fr\/produit\/ordonnancement-dans-les-systemes-temps-reel\/\" \/>\n<meta property=\"og:locale\" content=\"en_US\" \/>\n<meta property=\"og:type\" content=\"article\" \/>\n<meta property=\"og:title\" content=\"Ordonnancement dans les syst\u00e8mes temps r\u00e9el - ISTE Group\" \/>\n<meta property=\"og:description\" content=\"Regroupant une quarantaine d\u2019ann\u00e9es d\u2019expertise de diff\u00e9rents sp\u00e9cialistes, Ordonnancement dans les syst\u00e8mes temps r\u00e9el offre un panorama des connaissances de ce domaine en mettant l\u2019accent sur les derni\u00e8res avanc\u00e9es majeures de la recherche\" \/>\n<meta property=\"og:url\" content=\"https:\/\/www.istegroup.com\/fr\/produit\/ordonnancement-dans-les-systemes-temps-reel\/\" \/>\n<meta property=\"og:site_name\" content=\"ISTE Group\" \/>\n<meta property=\"article:modified_time\" content=\"2024-01-03T13:40:33+00:00\" \/>\n<meta property=\"og:image\" content=\"https:\/\/www.istegroup.com\/wp-content\/uploads\/2017\/07\/921854437_325610789-1.jpg\" \/>\n\t<meta property=\"og:image:width\" content=\"300\" \/>\n\t<meta property=\"og:image:height\" content=\"450\" \/>\n\t<meta property=\"og:image:type\" content=\"image\/jpeg\" \/>\n<meta name=\"twitter:card\" content=\"summary_large_image\" \/>\n<meta name=\"twitter:label1\" content=\"Est. reading time\" \/>\n\t<meta name=\"twitter:data1\" content=\"1 minute\" \/>\n<script type=\"application\/ld+json\" class=\"yoast-schema-graph\">{\"@context\":\"https:\/\/schema.org\",\"@graph\":[{\"@type\":\"WebPage\",\"@id\":\"https:\/\/www.istegroup.com\/fr\/produit\/ordonnancement-dans-les-systemes-temps-reel\/\",\"url\":\"https:\/\/www.istegroup.com\/fr\/produit\/ordonnancement-dans-les-systemes-temps-reel\/\",\"name\":\"Ordonnancement dans les syst\u00e8mes temps r\u00e9el - ISTE Group\",\"isPartOf\":{\"@id\":\"https:\/\/www.istegroup.com\/#website\"},\"primaryImageOfPage\":{\"@id\":\"https:\/\/www.istegroup.com\/fr\/produit\/ordonnancement-dans-les-systemes-temps-reel\/#primaryimage\"},\"image\":{\"@id\":\"https:\/\/www.istegroup.com\/fr\/produit\/ordonnancement-dans-les-systemes-temps-reel\/#primaryimage\"},\"thumbnailUrl\":\"https:\/\/www.istegroup.com\/wp-content\/uploads\/2017\/07\/921854437_325610789-1.jpg\",\"datePublished\":\"2017-07-28T13:01:36+00:00\",\"dateModified\":\"2024-01-03T13:40:33+00:00\",\"description\":\"Regroupant une quarantaine d\u2019ann\u00e9es d\u2019expertise de diff\u00e9rents sp\u00e9cialistes, Ordonnancement dans les syst\u00e8mes temps r\u00e9el offre un panorama des connaissances de ce domaine en mettant l\u2019accent sur les derni\u00e8res avanc\u00e9es majeures de la recherche\",\"breadcrumb\":{\"@id\":\"https:\/\/www.istegroup.com\/fr\/produit\/ordonnancement-dans-les-systemes-temps-reel\/#breadcrumb\"},\"inLanguage\":\"en-US\",\"potentialAction\":[{\"@type\":\"ReadAction\",\"target\":[\"https:\/\/www.istegroup.com\/fr\/produit\/ordonnancement-dans-les-systemes-temps-reel\/\"]}]},{\"@type\":\"ImageObject\",\"inLanguage\":\"en-US\",\"@id\":\"https:\/\/www.istegroup.com\/fr\/produit\/ordonnancement-dans-les-systemes-temps-reel\/#primaryimage\",\"url\":\"https:\/\/www.istegroup.com\/wp-content\/uploads\/2017\/07\/921854437_325610789-1.jpg\",\"contentUrl\":\"https:\/\/www.istegroup.com\/wp-content\/uploads\/2017\/07\/921854437_325610789-1.jpg\",\"width\":300,\"height\":450,\"caption\":\"Ordonnancement dans les syst\u00e8mes temps r\u00e9el\"},{\"@type\":\"BreadcrumbList\",\"@id\":\"https:\/\/www.istegroup.com\/fr\/produit\/ordonnancement-dans-les-systemes-temps-reel\/#breadcrumb\",\"itemListElement\":[{\"@type\":\"ListItem\",\"position\":1,\"name\":\"Home\",\"item\":\"https:\/\/www.istegroup.com\/\"},{\"@type\":\"ListItem\",\"position\":2,\"name\":\"Shop\",\"item\":\"https:\/\/www.istegroup.com\/fr\/nouveautes\/\"},{\"@type\":\"ListItem\",\"position\":3,\"name\":\"Ordonnancement dans les syst\u00e8mes temps r\u00e9el\"}]},{\"@type\":\"WebSite\",\"@id\":\"https:\/\/www.istegroup.com\/#website\",\"url\":\"https:\/\/www.istegroup.com\/\",\"name\":\"ISTE Group\",\"description\":\"Publishing Knowledge\",\"potentialAction\":[{\"@type\":\"SearchAction\",\"target\":{\"@type\":\"EntryPoint\",\"urlTemplate\":\"https:\/\/www.istegroup.com\/?s={search_term_string}\"},\"query-input\":{\"@type\":\"PropertyValueSpecification\",\"valueRequired\":true,\"valueName\":\"search_term_string\"}}],\"inLanguage\":\"en-US\"}]}<\/script>\n<!-- \/ Yoast SEO plugin. -->","yoast_head_json":{"title":"Ordonnancement dans les syst\u00e8mes temps r\u00e9el - ISTE Group","description":"Regroupant une quarantaine d\u2019ann\u00e9es d\u2019expertise de diff\u00e9rents sp\u00e9cialistes, Ordonnancement dans les syst\u00e8mes temps r\u00e9el offre un panorama des connaissances de ce domaine en mettant l\u2019accent sur les derni\u00e8res avanc\u00e9es majeures de la recherche","robots":{"index":"index","follow":"follow","max-snippet":"max-snippet:-1","max-image-preview":"max-image-preview:large","max-video-preview":"max-video-preview:-1"},"canonical":"https:\/\/www.istegroup.com\/fr\/produit\/ordonnancement-dans-les-systemes-temps-reel\/","og_locale":"en_US","og_type":"article","og_title":"Ordonnancement dans les syst\u00e8mes temps r\u00e9el - ISTE Group","og_description":"Regroupant une quarantaine d\u2019ann\u00e9es d\u2019expertise de diff\u00e9rents sp\u00e9cialistes, Ordonnancement dans les syst\u00e8mes temps r\u00e9el offre un panorama des connaissances de ce domaine en mettant l\u2019accent sur les derni\u00e8res avanc\u00e9es majeures de la recherche","og_url":"https:\/\/www.istegroup.com\/fr\/produit\/ordonnancement-dans-les-systemes-temps-reel\/","og_site_name":"ISTE Group","article_modified_time":"2024-01-03T13:40:33+00:00","og_image":[{"width":300,"height":450,"url":"https:\/\/www.istegroup.com\/wp-content\/uploads\/2017\/07\/921854437_325610789-1.jpg","type":"image\/jpeg"}],"twitter_card":"summary_large_image","twitter_misc":{"Est. reading time":"1 minute"},"schema":{"@context":"https:\/\/schema.org","@graph":[{"@type":"WebPage","@id":"https:\/\/www.istegroup.com\/fr\/produit\/ordonnancement-dans-les-systemes-temps-reel\/","url":"https:\/\/www.istegroup.com\/fr\/produit\/ordonnancement-dans-les-systemes-temps-reel\/","name":"Ordonnancement dans les syst\u00e8mes temps r\u00e9el - ISTE Group","isPartOf":{"@id":"https:\/\/www.istegroup.com\/#website"},"primaryImageOfPage":{"@id":"https:\/\/www.istegroup.com\/fr\/produit\/ordonnancement-dans-les-systemes-temps-reel\/#primaryimage"},"image":{"@id":"https:\/\/www.istegroup.com\/fr\/produit\/ordonnancement-dans-les-systemes-temps-reel\/#primaryimage"},"thumbnailUrl":"https:\/\/www.istegroup.com\/wp-content\/uploads\/2017\/07\/921854437_325610789-1.jpg","datePublished":"2017-07-28T13:01:36+00:00","dateModified":"2024-01-03T13:40:33+00:00","description":"Regroupant une quarantaine d\u2019ann\u00e9es d\u2019expertise de diff\u00e9rents sp\u00e9cialistes, Ordonnancement dans les syst\u00e8mes temps r\u00e9el offre un panorama des connaissances de ce domaine en mettant l\u2019accent sur les derni\u00e8res avanc\u00e9es majeures de la recherche","breadcrumb":{"@id":"https:\/\/www.istegroup.com\/fr\/produit\/ordonnancement-dans-les-systemes-temps-reel\/#breadcrumb"},"inLanguage":"en-US","potentialAction":[{"@type":"ReadAction","target":["https:\/\/www.istegroup.com\/fr\/produit\/ordonnancement-dans-les-systemes-temps-reel\/"]}]},{"@type":"ImageObject","inLanguage":"en-US","@id":"https:\/\/www.istegroup.com\/fr\/produit\/ordonnancement-dans-les-systemes-temps-reel\/#primaryimage","url":"https:\/\/www.istegroup.com\/wp-content\/uploads\/2017\/07\/921854437_325610789-1.jpg","contentUrl":"https:\/\/www.istegroup.com\/wp-content\/uploads\/2017\/07\/921854437_325610789-1.jpg","width":300,"height":450,"caption":"Ordonnancement dans les syst\u00e8mes temps r\u00e9el"},{"@type":"BreadcrumbList","@id":"https:\/\/www.istegroup.com\/fr\/produit\/ordonnancement-dans-les-systemes-temps-reel\/#breadcrumb","itemListElement":[{"@type":"ListItem","position":1,"name":"Home","item":"https:\/\/www.istegroup.com\/"},{"@type":"ListItem","position":2,"name":"Shop","item":"https:\/\/www.istegroup.com\/fr\/nouveautes\/"},{"@type":"ListItem","position":3,"name":"Ordonnancement dans les syst\u00e8mes temps r\u00e9el"}]},{"@type":"WebSite","@id":"https:\/\/www.istegroup.com\/#website","url":"https:\/\/www.istegroup.com\/","name":"ISTE Group","description":"Publishing Knowledge","potentialAction":[{"@type":"SearchAction","target":{"@type":"EntryPoint","urlTemplate":"https:\/\/www.istegroup.com\/?s={search_term_string}"},"query-input":{"@type":"PropertyValueSpecification","valueRequired":true,"valueName":"search_term_string"}}],"inLanguage":"en-US"}]}},"_links":{"self":[{"href":"https:\/\/www.istegroup.com\/en\/wp-json\/wp\/v2\/product\/543","targetHints":{"allow":["GET"]}}],"collection":[{"href":"https:\/\/www.istegroup.com\/en\/wp-json\/wp\/v2\/product"}],"about":[{"href":"https:\/\/www.istegroup.com\/en\/wp-json\/wp\/v2\/types\/product"}],"wp:featuredmedia":[{"embeddable":true,"href":"https:\/\/www.istegroup.com\/en\/wp-json\/wp\/v2\/media\/544"}],"wp:attachment":[{"href":"https:\/\/www.istegroup.com\/en\/wp-json\/wp\/v2\/media?parent=543"}],"wp:term":[{"taxonomy":"product_brand","embeddable":true,"href":"https:\/\/www.istegroup.com\/en\/wp-json\/wp\/v2\/product_brand?post=543"},{"taxonomy":"product_cat","embeddable":true,"href":"https:\/\/www.istegroup.com\/en\/wp-json\/wp\/v2\/product_cat?post=543"},{"taxonomy":"product_tag","embeddable":true,"href":"https:\/\/www.istegroup.com\/en\/wp-json\/wp\/v2\/product_tag?post=543"}],"curies":[{"name":"wp","href":"https:\/\/api.w.org\/{rel}","templated":true}]}}