{"id":54211,"date":"2023-10-30T14:11:54","date_gmt":"2023-10-30T14:11:54","guid":{"rendered":"https:\/\/www.istegroup.com\/?post_type=product&#038;p=54211"},"modified":"2024-01-03T13:48:19","modified_gmt":"2024-01-03T13:48:19","slug":"evolutions-du-cybercrime-durant-la-pandemie-de-covid-19","status":"publish","type":"product","link":"https:\/\/www.istegroup.com\/en\/produit\/evolutions-du-cybercrime-durant-la-pandemie-de-covid-19\/","title":{"rendered":"\u00c9volutions du cybercrime durant la pand\u00e9mie de Covid-19"},"content":{"rendered":"<p class=\"qtranxs-available-languages-message qtranxs-available-languages-message-en\">Sorry, this entry is only available in <a href=\"https:\/\/www.istegroup.com\/fr\/wp-json\/wp\/v2\/product\/54211\" class=\"qtranxs-available-language-link qtranxs-available-language-link-fr\" title=\"FR\">FR<\/a>.<\/p>","protected":false},"excerpt":{"rendered":"<p>Sorry, this entry is only available in FR.<\/p>\n","protected":false},"featured_media":54220,"template":"","meta":{"_acf_changed":false,"_links_to":"","_links_to_target":""},"product_brand":[],"product_cat":[667],"product_tag":[],"class_list":{"0":"post-54211","1":"product","2":"type-product","3":"status-publish","4":"has-post-thumbnail","6":"product_cat-informatique-12506482","8":"first","9":"instock","10":"shipping-taxable","11":"purchasable","12":"product-type-variable"},"acf":[],"yoast_head":"<!-- This site is optimized with the Yoast SEO plugin v27.2 - https:\/\/yoast.com\/product\/yoast-seo-wordpress\/ -->\n<title>\u00c9volutions du cybercrime durant la pand\u00e9mie de Covid-19 - ISTE Group<\/title>\n<meta name=\"description\" content=\"\u00c9volutions du cybercrime durant la pand\u00e9mie de Covid-19 explore la mani\u00e8re dont cette urgence mondiale a influenc\u00e9 la cybercriminalit\u00e9, laquelle a augment\u00e9 et \u00e9volu\u00e9, se nourrissant de nouvelles vuln\u00e9rabilit\u00e9s.\" \/>\n<meta name=\"robots\" content=\"index, follow, max-snippet:-1, max-image-preview:large, max-video-preview:-1\" \/>\n<link rel=\"canonical\" href=\"https:\/\/www.istegroup.com\/fr\/produit\/evolutions-du-cybercrime-durant-la-pandemie-de-covid-19\/\" \/>\n<meta property=\"og:locale\" content=\"en_US\" \/>\n<meta property=\"og:type\" content=\"article\" \/>\n<meta property=\"og:title\" content=\"\u00c9volutions du cybercrime durant la pand\u00e9mie de Covid-19 - ISTE Group\" \/>\n<meta property=\"og:description\" content=\"\u00c9volutions du cybercrime durant la pand\u00e9mie de Covid-19 explore la mani\u00e8re dont cette urgence mondiale a influenc\u00e9 la cybercriminalit\u00e9, laquelle a augment\u00e9 et \u00e9volu\u00e9, se nourrissant de nouvelles vuln\u00e9rabilit\u00e9s.\" \/>\n<meta property=\"og:url\" content=\"https:\/\/www.istegroup.com\/fr\/produit\/evolutions-du-cybercrime-durant-la-pandemie-de-covid-19\/\" \/>\n<meta property=\"og:site_name\" content=\"ISTE Group\" \/>\n<meta property=\"article:modified_time\" content=\"2024-01-03T13:48:19+00:00\" \/>\n<meta property=\"og:image\" content=\"https:\/\/www.istegroup.com\/wp-content\/uploads\/2023\/10\/965_Evolutions-du-cybercrime-durant-la-pandemie-de-Covid-19_Ventre.png\" \/>\n\t<meta property=\"og:image:width\" content=\"598\" \/>\n\t<meta property=\"og:image:height\" content=\"899\" \/>\n\t<meta property=\"og:image:type\" content=\"image\/png\" \/>\n<meta name=\"twitter:card\" content=\"summary_large_image\" \/>\n<meta name=\"twitter:label1\" content=\"Est. reading time\" \/>\n\t<meta name=\"twitter:data1\" content=\"1 minute\" \/>\n<script type=\"application\/ld+json\" class=\"yoast-schema-graph\">{\"@context\":\"https:\/\/schema.org\",\"@graph\":[{\"@type\":\"WebPage\",\"@id\":\"https:\/\/www.istegroup.com\/fr\/produit\/evolutions-du-cybercrime-durant-la-pandemie-de-covid-19\/\",\"url\":\"https:\/\/www.istegroup.com\/fr\/produit\/evolutions-du-cybercrime-durant-la-pandemie-de-covid-19\/\",\"name\":\"\u00c9volutions du cybercrime durant la pand\u00e9mie de Covid-19 - ISTE Group\",\"isPartOf\":{\"@id\":\"https:\/\/www.istegroup.com\/#website\"},\"primaryImageOfPage\":{\"@id\":\"https:\/\/www.istegroup.com\/fr\/produit\/evolutions-du-cybercrime-durant-la-pandemie-de-covid-19\/#primaryimage\"},\"image\":{\"@id\":\"https:\/\/www.istegroup.com\/fr\/produit\/evolutions-du-cybercrime-durant-la-pandemie-de-covid-19\/#primaryimage\"},\"thumbnailUrl\":\"https:\/\/www.istegroup.com\/wp-content\/uploads\/2023\/10\/965_Evolutions-du-cybercrime-durant-la-pandemie-de-Covid-19_Ventre.png\",\"datePublished\":\"2023-10-30T14:11:54+00:00\",\"dateModified\":\"2024-01-03T13:48:19+00:00\",\"description\":\"\u00c9volutions du cybercrime durant la pand\u00e9mie de Covid-19 explore la mani\u00e8re dont cette urgence mondiale a influenc\u00e9 la cybercriminalit\u00e9, laquelle a augment\u00e9 et \u00e9volu\u00e9, se nourrissant de nouvelles vuln\u00e9rabilit\u00e9s.\",\"breadcrumb\":{\"@id\":\"https:\/\/www.istegroup.com\/fr\/produit\/evolutions-du-cybercrime-durant-la-pandemie-de-covid-19\/#breadcrumb\"},\"inLanguage\":\"en-US\",\"potentialAction\":[{\"@type\":\"ReadAction\",\"target\":[\"https:\/\/www.istegroup.com\/fr\/produit\/evolutions-du-cybercrime-durant-la-pandemie-de-covid-19\/\"]}]},{\"@type\":\"ImageObject\",\"inLanguage\":\"en-US\",\"@id\":\"https:\/\/www.istegroup.com\/fr\/produit\/evolutions-du-cybercrime-durant-la-pandemie-de-covid-19\/#primaryimage\",\"url\":\"https:\/\/www.istegroup.com\/wp-content\/uploads\/2023\/10\/965_Evolutions-du-cybercrime-durant-la-pandemie-de-Covid-19_Ventre.png\",\"contentUrl\":\"https:\/\/www.istegroup.com\/wp-content\/uploads\/2023\/10\/965_Evolutions-du-cybercrime-durant-la-pandemie-de-Covid-19_Ventre.png\",\"width\":598,\"height\":899},{\"@type\":\"BreadcrumbList\",\"@id\":\"https:\/\/www.istegroup.com\/fr\/produit\/evolutions-du-cybercrime-durant-la-pandemie-de-covid-19\/#breadcrumb\",\"itemListElement\":[{\"@type\":\"ListItem\",\"position\":1,\"name\":\"Home\",\"item\":\"https:\/\/www.istegroup.com\/\"},{\"@type\":\"ListItem\",\"position\":2,\"name\":\"Shop\",\"item\":\"https:\/\/www.istegroup.com\/fr\/nouveautes\/\"},{\"@type\":\"ListItem\",\"position\":3,\"name\":\"\u00c9volutions du cybercrime durant la pand\u00e9mie de Covid-19\"}]},{\"@type\":\"WebSite\",\"@id\":\"https:\/\/www.istegroup.com\/#website\",\"url\":\"https:\/\/www.istegroup.com\/\",\"name\":\"ISTE Group\",\"description\":\"Publishing Knowledge\",\"potentialAction\":[{\"@type\":\"SearchAction\",\"target\":{\"@type\":\"EntryPoint\",\"urlTemplate\":\"https:\/\/www.istegroup.com\/?s={search_term_string}\"},\"query-input\":{\"@type\":\"PropertyValueSpecification\",\"valueRequired\":true,\"valueName\":\"search_term_string\"}}],\"inLanguage\":\"en-US\"}]}<\/script>\n<!-- \/ Yoast SEO plugin. -->","yoast_head_json":{"title":"\u00c9volutions du cybercrime durant la pand\u00e9mie de Covid-19 - ISTE Group","description":"\u00c9volutions du cybercrime durant la pand\u00e9mie de Covid-19 explore la mani\u00e8re dont cette urgence mondiale a influenc\u00e9 la cybercriminalit\u00e9, laquelle a augment\u00e9 et \u00e9volu\u00e9, se nourrissant de nouvelles vuln\u00e9rabilit\u00e9s.","robots":{"index":"index","follow":"follow","max-snippet":"max-snippet:-1","max-image-preview":"max-image-preview:large","max-video-preview":"max-video-preview:-1"},"canonical":"https:\/\/www.istegroup.com\/fr\/produit\/evolutions-du-cybercrime-durant-la-pandemie-de-covid-19\/","og_locale":"en_US","og_type":"article","og_title":"\u00c9volutions du cybercrime durant la pand\u00e9mie de Covid-19 - ISTE Group","og_description":"\u00c9volutions du cybercrime durant la pand\u00e9mie de Covid-19 explore la mani\u00e8re dont cette urgence mondiale a influenc\u00e9 la cybercriminalit\u00e9, laquelle a augment\u00e9 et \u00e9volu\u00e9, se nourrissant de nouvelles vuln\u00e9rabilit\u00e9s.","og_url":"https:\/\/www.istegroup.com\/fr\/produit\/evolutions-du-cybercrime-durant-la-pandemie-de-covid-19\/","og_site_name":"ISTE Group","article_modified_time":"2024-01-03T13:48:19+00:00","og_image":[{"width":598,"height":899,"url":"https:\/\/www.istegroup.com\/wp-content\/uploads\/2023\/10\/965_Evolutions-du-cybercrime-durant-la-pandemie-de-Covid-19_Ventre.png","type":"image\/png"}],"twitter_card":"summary_large_image","twitter_misc":{"Est. reading time":"1 minute"},"schema":{"@context":"https:\/\/schema.org","@graph":[{"@type":"WebPage","@id":"https:\/\/www.istegroup.com\/fr\/produit\/evolutions-du-cybercrime-durant-la-pandemie-de-covid-19\/","url":"https:\/\/www.istegroup.com\/fr\/produit\/evolutions-du-cybercrime-durant-la-pandemie-de-covid-19\/","name":"\u00c9volutions du cybercrime durant la pand\u00e9mie de Covid-19 - ISTE Group","isPartOf":{"@id":"https:\/\/www.istegroup.com\/#website"},"primaryImageOfPage":{"@id":"https:\/\/www.istegroup.com\/fr\/produit\/evolutions-du-cybercrime-durant-la-pandemie-de-covid-19\/#primaryimage"},"image":{"@id":"https:\/\/www.istegroup.com\/fr\/produit\/evolutions-du-cybercrime-durant-la-pandemie-de-covid-19\/#primaryimage"},"thumbnailUrl":"https:\/\/www.istegroup.com\/wp-content\/uploads\/2023\/10\/965_Evolutions-du-cybercrime-durant-la-pandemie-de-Covid-19_Ventre.png","datePublished":"2023-10-30T14:11:54+00:00","dateModified":"2024-01-03T13:48:19+00:00","description":"\u00c9volutions du cybercrime durant la pand\u00e9mie de Covid-19 explore la mani\u00e8re dont cette urgence mondiale a influenc\u00e9 la cybercriminalit\u00e9, laquelle a augment\u00e9 et \u00e9volu\u00e9, se nourrissant de nouvelles vuln\u00e9rabilit\u00e9s.","breadcrumb":{"@id":"https:\/\/www.istegroup.com\/fr\/produit\/evolutions-du-cybercrime-durant-la-pandemie-de-covid-19\/#breadcrumb"},"inLanguage":"en-US","potentialAction":[{"@type":"ReadAction","target":["https:\/\/www.istegroup.com\/fr\/produit\/evolutions-du-cybercrime-durant-la-pandemie-de-covid-19\/"]}]},{"@type":"ImageObject","inLanguage":"en-US","@id":"https:\/\/www.istegroup.com\/fr\/produit\/evolutions-du-cybercrime-durant-la-pandemie-de-covid-19\/#primaryimage","url":"https:\/\/www.istegroup.com\/wp-content\/uploads\/2023\/10\/965_Evolutions-du-cybercrime-durant-la-pandemie-de-Covid-19_Ventre.png","contentUrl":"https:\/\/www.istegroup.com\/wp-content\/uploads\/2023\/10\/965_Evolutions-du-cybercrime-durant-la-pandemie-de-Covid-19_Ventre.png","width":598,"height":899},{"@type":"BreadcrumbList","@id":"https:\/\/www.istegroup.com\/fr\/produit\/evolutions-du-cybercrime-durant-la-pandemie-de-covid-19\/#breadcrumb","itemListElement":[{"@type":"ListItem","position":1,"name":"Home","item":"https:\/\/www.istegroup.com\/"},{"@type":"ListItem","position":2,"name":"Shop","item":"https:\/\/www.istegroup.com\/fr\/nouveautes\/"},{"@type":"ListItem","position":3,"name":"\u00c9volutions du cybercrime durant la pand\u00e9mie de Covid-19"}]},{"@type":"WebSite","@id":"https:\/\/www.istegroup.com\/#website","url":"https:\/\/www.istegroup.com\/","name":"ISTE Group","description":"Publishing Knowledge","potentialAction":[{"@type":"SearchAction","target":{"@type":"EntryPoint","urlTemplate":"https:\/\/www.istegroup.com\/?s={search_term_string}"},"query-input":{"@type":"PropertyValueSpecification","valueRequired":true,"valueName":"search_term_string"}}],"inLanguage":"en-US"}]}},"_links":{"self":[{"href":"https:\/\/www.istegroup.com\/en\/wp-json\/wp\/v2\/product\/54211","targetHints":{"allow":["GET"]}}],"collection":[{"href":"https:\/\/www.istegroup.com\/en\/wp-json\/wp\/v2\/product"}],"about":[{"href":"https:\/\/www.istegroup.com\/en\/wp-json\/wp\/v2\/types\/product"}],"wp:featuredmedia":[{"embeddable":true,"href":"https:\/\/www.istegroup.com\/en\/wp-json\/wp\/v2\/media\/54220"}],"wp:attachment":[{"href":"https:\/\/www.istegroup.com\/en\/wp-json\/wp\/v2\/media?parent=54211"}],"wp:term":[{"taxonomy":"product_brand","embeddable":true,"href":"https:\/\/www.istegroup.com\/en\/wp-json\/wp\/v2\/product_brand?post=54211"},{"taxonomy":"product_cat","embeddable":true,"href":"https:\/\/www.istegroup.com\/en\/wp-json\/wp\/v2\/product_cat?post=54211"},{"taxonomy":"product_tag","embeddable":true,"href":"https:\/\/www.istegroup.com\/en\/wp-json\/wp\/v2\/product_tag?post=54211"}],"curies":[{"name":"wp","href":"https:\/\/api.w.org\/{rel}","templated":true}]}}