{"id":54117,"date":"2023-10-27T09:57:53","date_gmt":"2023-10-27T08:57:53","guid":{"rendered":"https:\/\/www.istegroup.com\/?post_type=product&#038;p=54117"},"modified":"2024-01-03T13:48:19","modified_gmt":"2024-01-03T13:48:19","slug":"les-ondes-martenot-a-lampes","status":"publish","type":"product","link":"https:\/\/www.istegroup.com\/en\/produit\/les-ondes-martenot-a-lampes\/","title":{"rendered":"Les ondes Martenot \u00e0 lampes"},"content":{"rendered":"<p class=\"qtranxs-available-languages-message qtranxs-available-languages-message-en\">Sorry, this entry is only available in <a href=\"https:\/\/www.istegroup.com\/fr\/wp-json\/wp\/v2\/product\/54117\" class=\"qtranxs-available-language-link qtranxs-available-language-link-fr\" title=\"FR\">FR<\/a>.<\/p>","protected":false},"excerpt":{"rendered":"<p>Sorry, this entry is only available in FR.<\/p>\n","protected":false},"featured_media":54133,"template":"","meta":{"_acf_changed":false,"_links_to":"","_links_to_target":""},"product_brand":[],"product_cat":[659],"product_tag":[],"class_list":{"0":"post-54117","1":"product","2":"type-product","3":"status-publish","4":"has-post-thumbnail","6":"product_cat-electronique-11476903","8":"first","9":"instock","10":"shipping-taxable","11":"purchasable","12":"product-type-variable"},"acf":[],"yoast_head":"<!-- This site is optimized with the Yoast SEO plugin v27.2 - https:\/\/yoast.com\/product\/yoast-seo-wordpress\/ -->\n<title>Les ondes Martenot \u00e0 lampes - ISTE Group<\/title>\n<meta name=\"description\" content=\"Pionni\u00e8res des instruments de musique \u00e9lectronique, les ondes Martenot sont consid\u00e9r\u00e9es aujourd\u2019hui, avec le retour \u00e0 l\u2019analogique, comme des instruments culte. Fruit d\u2019un travail de recherche de plusieurs ann\u00e9es, cet ouvrage fait la lumi\u00e8re sur le fonctionnement intrins\u00e8que des ondes Martenot \u00e0 lampes.\" \/>\n<meta name=\"robots\" content=\"index, follow, max-snippet:-1, max-image-preview:large, max-video-preview:-1\" \/>\n<link rel=\"canonical\" href=\"https:\/\/www.istegroup.com\/fr\/produit\/les-ondes-martenot-a-lampes\/\" \/>\n<meta property=\"og:locale\" content=\"en_US\" \/>\n<meta property=\"og:type\" content=\"article\" \/>\n<meta property=\"og:title\" content=\"Les ondes Martenot \u00e0 lampes - ISTE Group\" \/>\n<meta property=\"og:description\" content=\"Pionni\u00e8res des instruments de musique \u00e9lectronique, les ondes Martenot sont consid\u00e9r\u00e9es aujourd\u2019hui, avec le retour \u00e0 l\u2019analogique, comme des instruments culte. Fruit d\u2019un travail de recherche de plusieurs ann\u00e9es, cet ouvrage fait la lumi\u00e8re sur le fonctionnement intrins\u00e8que des ondes Martenot \u00e0 lampes.\" \/>\n<meta property=\"og:url\" content=\"https:\/\/www.istegroup.com\/fr\/produit\/les-ondes-martenot-a-lampes\/\" \/>\n<meta property=\"og:site_name\" content=\"ISTE Group\" \/>\n<meta property=\"article:modified_time\" content=\"2024-01-03T13:48:19+00:00\" \/>\n<meta property=\"og:image\" content=\"https:\/\/www.istegroup.com\/wp-content\/uploads\/2022\/10\/962_Les-ondes-Martenot-a-lampes_Courrier.png\" \/>\n\t<meta property=\"og:image:width\" content=\"597\" \/>\n\t<meta property=\"og:image:height\" content=\"899\" \/>\n\t<meta property=\"og:image:type\" content=\"image\/png\" \/>\n<meta name=\"twitter:card\" content=\"summary_large_image\" \/>\n<meta name=\"twitter:label1\" content=\"Est. reading time\" \/>\n\t<meta name=\"twitter:data1\" content=\"1 minute\" \/>\n<script type=\"application\/ld+json\" class=\"yoast-schema-graph\">{\"@context\":\"https:\/\/schema.org\",\"@graph\":[{\"@type\":\"WebPage\",\"@id\":\"https:\/\/www.istegroup.com\/fr\/produit\/les-ondes-martenot-a-lampes\/\",\"url\":\"https:\/\/www.istegroup.com\/fr\/produit\/les-ondes-martenot-a-lampes\/\",\"name\":\"Les ondes Martenot \u00e0 lampes - ISTE Group\",\"isPartOf\":{\"@id\":\"https:\/\/www.istegroup.com\/#website\"},\"primaryImageOfPage\":{\"@id\":\"https:\/\/www.istegroup.com\/fr\/produit\/les-ondes-martenot-a-lampes\/#primaryimage\"},\"image\":{\"@id\":\"https:\/\/www.istegroup.com\/fr\/produit\/les-ondes-martenot-a-lampes\/#primaryimage\"},\"thumbnailUrl\":\"https:\/\/www.istegroup.com\/wp-content\/uploads\/2022\/10\/962_Les-ondes-Martenot-a-lampes_Courrier.png\",\"datePublished\":\"2023-10-27T08:57:53+00:00\",\"dateModified\":\"2024-01-03T13:48:19+00:00\",\"description\":\"Pionni\u00e8res des instruments de musique \u00e9lectronique, les ondes Martenot sont consid\u00e9r\u00e9es aujourd\u2019hui, avec le retour \u00e0 l\u2019analogique, comme des instruments culte. Fruit d\u2019un travail de recherche de plusieurs ann\u00e9es, cet ouvrage fait la lumi\u00e8re sur le fonctionnement intrins\u00e8que des ondes Martenot \u00e0 lampes.\",\"breadcrumb\":{\"@id\":\"https:\/\/www.istegroup.com\/fr\/produit\/les-ondes-martenot-a-lampes\/#breadcrumb\"},\"inLanguage\":\"en-US\",\"potentialAction\":[{\"@type\":\"ReadAction\",\"target\":[\"https:\/\/www.istegroup.com\/fr\/produit\/les-ondes-martenot-a-lampes\/\"]}]},{\"@type\":\"ImageObject\",\"inLanguage\":\"en-US\",\"@id\":\"https:\/\/www.istegroup.com\/fr\/produit\/les-ondes-martenot-a-lampes\/#primaryimage\",\"url\":\"https:\/\/www.istegroup.com\/wp-content\/uploads\/2022\/10\/962_Les-ondes-Martenot-a-lampes_Courrier.png\",\"contentUrl\":\"https:\/\/www.istegroup.com\/wp-content\/uploads\/2022\/10\/962_Les-ondes-Martenot-a-lampes_Courrier.png\",\"width\":597,\"height\":899,\"caption\":\"Livre scientifique - Les ondes Martenot \u00e0 lampes\"},{\"@type\":\"BreadcrumbList\",\"@id\":\"https:\/\/www.istegroup.com\/fr\/produit\/les-ondes-martenot-a-lampes\/#breadcrumb\",\"itemListElement\":[{\"@type\":\"ListItem\",\"position\":1,\"name\":\"Home\",\"item\":\"https:\/\/www.istegroup.com\/\"},{\"@type\":\"ListItem\",\"position\":2,\"name\":\"Shop\",\"item\":\"https:\/\/www.istegroup.com\/fr\/nouveautes\/\"},{\"@type\":\"ListItem\",\"position\":3,\"name\":\"Les ondes Martenot \u00e0 lampes\"}]},{\"@type\":\"WebSite\",\"@id\":\"https:\/\/www.istegroup.com\/#website\",\"url\":\"https:\/\/www.istegroup.com\/\",\"name\":\"ISTE Group\",\"description\":\"Publishing Knowledge\",\"potentialAction\":[{\"@type\":\"SearchAction\",\"target\":{\"@type\":\"EntryPoint\",\"urlTemplate\":\"https:\/\/www.istegroup.com\/?s={search_term_string}\"},\"query-input\":{\"@type\":\"PropertyValueSpecification\",\"valueRequired\":true,\"valueName\":\"search_term_string\"}}],\"inLanguage\":\"en-US\"}]}<\/script>\n<!-- \/ Yoast SEO plugin. -->","yoast_head_json":{"title":"Les ondes Martenot \u00e0 lampes - ISTE Group","description":"Pionni\u00e8res des instruments de musique \u00e9lectronique, les ondes Martenot sont consid\u00e9r\u00e9es aujourd\u2019hui, avec le retour \u00e0 l\u2019analogique, comme des instruments culte. Fruit d\u2019un travail de recherche de plusieurs ann\u00e9es, cet ouvrage fait la lumi\u00e8re sur le fonctionnement intrins\u00e8que des ondes Martenot \u00e0 lampes.","robots":{"index":"index","follow":"follow","max-snippet":"max-snippet:-1","max-image-preview":"max-image-preview:large","max-video-preview":"max-video-preview:-1"},"canonical":"https:\/\/www.istegroup.com\/fr\/produit\/les-ondes-martenot-a-lampes\/","og_locale":"en_US","og_type":"article","og_title":"Les ondes Martenot \u00e0 lampes - ISTE Group","og_description":"Pionni\u00e8res des instruments de musique \u00e9lectronique, les ondes Martenot sont consid\u00e9r\u00e9es aujourd\u2019hui, avec le retour \u00e0 l\u2019analogique, comme des instruments culte. Fruit d\u2019un travail de recherche de plusieurs ann\u00e9es, cet ouvrage fait la lumi\u00e8re sur le fonctionnement intrins\u00e8que des ondes Martenot \u00e0 lampes.","og_url":"https:\/\/www.istegroup.com\/fr\/produit\/les-ondes-martenot-a-lampes\/","og_site_name":"ISTE Group","article_modified_time":"2024-01-03T13:48:19+00:00","og_image":[{"width":597,"height":899,"url":"https:\/\/www.istegroup.com\/wp-content\/uploads\/2022\/10\/962_Les-ondes-Martenot-a-lampes_Courrier.png","type":"image\/png"}],"twitter_card":"summary_large_image","twitter_misc":{"Est. reading time":"1 minute"},"schema":{"@context":"https:\/\/schema.org","@graph":[{"@type":"WebPage","@id":"https:\/\/www.istegroup.com\/fr\/produit\/les-ondes-martenot-a-lampes\/","url":"https:\/\/www.istegroup.com\/fr\/produit\/les-ondes-martenot-a-lampes\/","name":"Les ondes Martenot \u00e0 lampes - ISTE Group","isPartOf":{"@id":"https:\/\/www.istegroup.com\/#website"},"primaryImageOfPage":{"@id":"https:\/\/www.istegroup.com\/fr\/produit\/les-ondes-martenot-a-lampes\/#primaryimage"},"image":{"@id":"https:\/\/www.istegroup.com\/fr\/produit\/les-ondes-martenot-a-lampes\/#primaryimage"},"thumbnailUrl":"https:\/\/www.istegroup.com\/wp-content\/uploads\/2022\/10\/962_Les-ondes-Martenot-a-lampes_Courrier.png","datePublished":"2023-10-27T08:57:53+00:00","dateModified":"2024-01-03T13:48:19+00:00","description":"Pionni\u00e8res des instruments de musique \u00e9lectronique, les ondes Martenot sont consid\u00e9r\u00e9es aujourd\u2019hui, avec le retour \u00e0 l\u2019analogique, comme des instruments culte. Fruit d\u2019un travail de recherche de plusieurs ann\u00e9es, cet ouvrage fait la lumi\u00e8re sur le fonctionnement intrins\u00e8que des ondes Martenot \u00e0 lampes.","breadcrumb":{"@id":"https:\/\/www.istegroup.com\/fr\/produit\/les-ondes-martenot-a-lampes\/#breadcrumb"},"inLanguage":"en-US","potentialAction":[{"@type":"ReadAction","target":["https:\/\/www.istegroup.com\/fr\/produit\/les-ondes-martenot-a-lampes\/"]}]},{"@type":"ImageObject","inLanguage":"en-US","@id":"https:\/\/www.istegroup.com\/fr\/produit\/les-ondes-martenot-a-lampes\/#primaryimage","url":"https:\/\/www.istegroup.com\/wp-content\/uploads\/2022\/10\/962_Les-ondes-Martenot-a-lampes_Courrier.png","contentUrl":"https:\/\/www.istegroup.com\/wp-content\/uploads\/2022\/10\/962_Les-ondes-Martenot-a-lampes_Courrier.png","width":597,"height":899,"caption":"Livre scientifique - Les ondes Martenot \u00e0 lampes"},{"@type":"BreadcrumbList","@id":"https:\/\/www.istegroup.com\/fr\/produit\/les-ondes-martenot-a-lampes\/#breadcrumb","itemListElement":[{"@type":"ListItem","position":1,"name":"Home","item":"https:\/\/www.istegroup.com\/"},{"@type":"ListItem","position":2,"name":"Shop","item":"https:\/\/www.istegroup.com\/fr\/nouveautes\/"},{"@type":"ListItem","position":3,"name":"Les ondes Martenot \u00e0 lampes"}]},{"@type":"WebSite","@id":"https:\/\/www.istegroup.com\/#website","url":"https:\/\/www.istegroup.com\/","name":"ISTE Group","description":"Publishing Knowledge","potentialAction":[{"@type":"SearchAction","target":{"@type":"EntryPoint","urlTemplate":"https:\/\/www.istegroup.com\/?s={search_term_string}"},"query-input":{"@type":"PropertyValueSpecification","valueRequired":true,"valueName":"search_term_string"}}],"inLanguage":"en-US"}]}},"_links":{"self":[{"href":"https:\/\/www.istegroup.com\/en\/wp-json\/wp\/v2\/product\/54117","targetHints":{"allow":["GET"]}}],"collection":[{"href":"https:\/\/www.istegroup.com\/en\/wp-json\/wp\/v2\/product"}],"about":[{"href":"https:\/\/www.istegroup.com\/en\/wp-json\/wp\/v2\/types\/product"}],"wp:featuredmedia":[{"embeddable":true,"href":"https:\/\/www.istegroup.com\/en\/wp-json\/wp\/v2\/media\/54133"}],"wp:attachment":[{"href":"https:\/\/www.istegroup.com\/en\/wp-json\/wp\/v2\/media?parent=54117"}],"wp:term":[{"taxonomy":"product_brand","embeddable":true,"href":"https:\/\/www.istegroup.com\/en\/wp-json\/wp\/v2\/product_brand?post=54117"},{"taxonomy":"product_cat","embeddable":true,"href":"https:\/\/www.istegroup.com\/en\/wp-json\/wp\/v2\/product_cat?post=54117"},{"taxonomy":"product_tag","embeddable":true,"href":"https:\/\/www.istegroup.com\/en\/wp-json\/wp\/v2\/product_tag?post=54117"}],"curies":[{"name":"wp","href":"https:\/\/api.w.org\/{rel}","templated":true}]}}