{"id":541,"date":"2017-07-28T15:01:30","date_gmt":"2017-07-28T13:01:30","guid":{"rendered":"https:\/\/iste.yhello.co\/product\/optimisation-de-la-commande-robuste-par-les-metaheuristiques\/"},"modified":"2024-01-03T13:40:33","modified_gmt":"2024-01-03T13:40:33","slug":"optimisation-de-la-commande-robuste-par-les-metaheuristiques","status":"publish","type":"product","link":"https:\/\/www.istegroup.com\/en\/produit\/optimisation-de-la-commande-robuste-par-les-metaheuristiques\/","title":{"rendered":"Optimisation de la commande robuste par les m\u00e9taheuristiques"},"content":{"rendered":"<p>Dans l\u2019industrie, l\u2019automaticien doit concevoir une loi de commande unique pour satisfaire un cahier des charges complexe sur un grand nombre de syst\u00e8mes. Pour cela, en fonction de son exp\u00e9rience, il emploie un processus it\u00e9ratif chronophage bas\u00e9 sur le r\u00e9glage et l\u2019exp\u00e9rimentation (ou la simulation). Il s\u2019agit de la phase d\u2019essai-erreur.<\/p>\n<p>Dans cet ouvrage, une m\u00e9thodologie de synth\u00e8se des correcteurs des asservissements plus efficace et moins co\u00fbteuse est d\u00e9velopp\u00e9e. Les probl\u00e8mes de commande robuste sont reformul\u00e9s pour l\u2019optimisation stochastique \u00e0 travers la synth\u00e8se des correcteurs structur\u00e9s \u00e0 partir de probl\u00e9matiques de type H\u221e, \u03bc-synth\u00e8se ou encore synth\u00e8se LPV. L\u2019int\u00e9r\u00eat de l\u2019approche formul\u00e9e r\u00e9side dans sa flexibilit\u00e9 et la prise en compte de contraintes \u00ab exotiques \u00bb complexes.<\/p>\n<p>Une m\u00e9thode originale de synth\u00e8se de correcteurs structur\u00e9s et robustes vis-\u00e0-vis d\u2019exigences de haut niveau de forme quelconque est propos\u00e9e sur la base d\u2019algorithmes \u00e9volutionnaires tr\u00e8s performants et comp\u00e9titifs. Cette m\u00e9thodologie donne lieu \u00e0 la mise en oeuvre d\u2019un outil num\u00e9rique de synth\u00e8se de correcteur. La validation de ces travaux a \u00e9t\u00e9 r\u00e9alis\u00e9e sur des probl\u00e8mes industriels tels que celui de la stabilisation inertielle de ligne de vis\u00e9es.<\/p>\n","protected":false},"excerpt":{"rendered":"<p>Dans l\u2019industrie, l\u2019automaticien doit concevoir une loi de commande unique pour satisfaire un cahier des charges complexe sur un grand nombre de syst\u00e8mes. Pour cela, en fonction de son exp\u00e9rience, il emploie un processus it\u00e9ratif chronophage bas\u00e9 sur le r\u00e9glage et l\u2019exp\u00e9rimentation (ou la simulation). Il s\u2019agit de la phase d\u2019essai-erreur. Dans cet ouvrage, une [&hellip;]<\/p>\n","protected":false},"featured_media":542,"template":"","meta":{"_acf_changed":false,"_links_to":"","_links_to_target":""},"product_brand":[],"product_cat":[675,708],"product_tag":[19,20,21,22,25,26,27,127,128,129,28,130],"class_list":{"0":"post-541","1":"product","2":"type-product","3":"status-publish","4":"has-post-thumbnail","6":"product_cat-nouveauts-12519446","7":"product_cat-systmes-et-gnie-industriel-11476925","8":"product_tag-editions-francaise","9":"product_tag-editions-technique","10":"product_tag-iste-group","11":"product_tag-istegroup","12":"product_tag-livre-numerique","13":"product_tag-livre-scientifique-francais","14":"product_tag-livre-technique-francais","15":"product_tag-metaheuristiques","16":"product_tag-optimisation","17":"product_tag-optimisation-de-la-commande-robuste-par-les-metaheuristiques","18":"product_tag-ouvrage-scientifique-francais","19":"product_tag-philippe-feyel","21":"first","22":"instock","23":"shipping-taxable","24":"purchasable","25":"product-type-variable"},"acf":[],"yoast_head":"<!-- This site is optimized with the Yoast SEO plugin v27.2 - https:\/\/yoast.com\/product\/yoast-seo-wordpress\/ -->\n<title>Optimisation de la commande robuste par les m\u00e9taheuristiques - ISTE Group<\/title>\n<meta name=\"description\" content=\"Optimisation de la commande robuste par les m\u00e9taheuristiques d\u00e9veloppe une m\u00e9thodologie de synth\u00e8se des correcteurs des asservissements plus efficace et moins co\u00fbteuse.\" \/>\n<meta name=\"robots\" content=\"index, follow, max-snippet:-1, max-image-preview:large, max-video-preview:-1\" \/>\n<link rel=\"canonical\" href=\"https:\/\/www.istegroup.com\/fr\/produit\/optimisation-de-la-commande-robuste-par-les-metaheuristiques\/\" \/>\n<meta property=\"og:locale\" content=\"en_US\" \/>\n<meta property=\"og:type\" content=\"article\" \/>\n<meta property=\"og:title\" content=\"Optimisation de la commande robuste par les m\u00e9taheuristiques - ISTE Group\" \/>\n<meta property=\"og:description\" content=\"Optimisation de la commande robuste par les m\u00e9taheuristiques d\u00e9veloppe une m\u00e9thodologie de synth\u00e8se des correcteurs des asservissements plus efficace et moins co\u00fbteuse.\" \/>\n<meta property=\"og:url\" content=\"https:\/\/www.istegroup.com\/fr\/produit\/optimisation-de-la-commande-robuste-par-les-metaheuristiques\/\" \/>\n<meta property=\"og:site_name\" content=\"ISTE Group\" \/>\n<meta property=\"article:modified_time\" content=\"2024-01-03T13:40:33+00:00\" \/>\n<meta property=\"og:image\" content=\"https:\/\/www.istegroup.com\/wp-content\/uploads\/2017\/07\/21034699793_9458798225-1-scaled.jpg\" \/>\n\t<meta property=\"og:image:width\" content=\"1702\" \/>\n\t<meta property=\"og:image:height\" content=\"2560\" \/>\n\t<meta property=\"og:image:type\" content=\"image\/jpeg\" \/>\n<meta name=\"twitter:card\" content=\"summary_large_image\" \/>\n<meta name=\"twitter:label1\" content=\"Est. reading time\" \/>\n\t<meta name=\"twitter:data1\" content=\"1 minute\" \/>\n<script type=\"application\/ld+json\" class=\"yoast-schema-graph\">{\"@context\":\"https:\/\/schema.org\",\"@graph\":[{\"@type\":\"WebPage\",\"@id\":\"https:\/\/www.istegroup.com\/fr\/produit\/optimisation-de-la-commande-robuste-par-les-metaheuristiques\/\",\"url\":\"https:\/\/www.istegroup.com\/fr\/produit\/optimisation-de-la-commande-robuste-par-les-metaheuristiques\/\",\"name\":\"Optimisation de la commande robuste par les m\u00e9taheuristiques - ISTE Group\",\"isPartOf\":{\"@id\":\"https:\/\/www.istegroup.com\/#website\"},\"primaryImageOfPage\":{\"@id\":\"https:\/\/www.istegroup.com\/fr\/produit\/optimisation-de-la-commande-robuste-par-les-metaheuristiques\/#primaryimage\"},\"image\":{\"@id\":\"https:\/\/www.istegroup.com\/fr\/produit\/optimisation-de-la-commande-robuste-par-les-metaheuristiques\/#primaryimage\"},\"thumbnailUrl\":\"https:\/\/www.istegroup.com\/wp-content\/uploads\/2017\/07\/21034699793_9458798225-1-scaled.jpg\",\"datePublished\":\"2017-07-28T13:01:30+00:00\",\"dateModified\":\"2024-01-03T13:40:33+00:00\",\"description\":\"Optimisation de la commande robuste par les m\u00e9taheuristiques d\u00e9veloppe une m\u00e9thodologie de synth\u00e8se des correcteurs des asservissements plus efficace et moins co\u00fbteuse.\",\"breadcrumb\":{\"@id\":\"https:\/\/www.istegroup.com\/fr\/produit\/optimisation-de-la-commande-robuste-par-les-metaheuristiques\/#breadcrumb\"},\"inLanguage\":\"en-US\",\"potentialAction\":[{\"@type\":\"ReadAction\",\"target\":[\"https:\/\/www.istegroup.com\/fr\/produit\/optimisation-de-la-commande-robuste-par-les-metaheuristiques\/\"]}]},{\"@type\":\"ImageObject\",\"inLanguage\":\"en-US\",\"@id\":\"https:\/\/www.istegroup.com\/fr\/produit\/optimisation-de-la-commande-robuste-par-les-metaheuristiques\/#primaryimage\",\"url\":\"https:\/\/www.istegroup.com\/wp-content\/uploads\/2017\/07\/21034699793_9458798225-1-scaled.jpg\",\"contentUrl\":\"https:\/\/www.istegroup.com\/wp-content\/uploads\/2017\/07\/21034699793_9458798225-1-scaled.jpg\",\"width\":1702,\"height\":2560,\"caption\":\"Optimisation de la commande robuste par les m\u00e9taheuristiques\"},{\"@type\":\"BreadcrumbList\",\"@id\":\"https:\/\/www.istegroup.com\/fr\/produit\/optimisation-de-la-commande-robuste-par-les-metaheuristiques\/#breadcrumb\",\"itemListElement\":[{\"@type\":\"ListItem\",\"position\":1,\"name\":\"Home\",\"item\":\"https:\/\/www.istegroup.com\/\"},{\"@type\":\"ListItem\",\"position\":2,\"name\":\"Shop\",\"item\":\"https:\/\/www.istegroup.com\/fr\/nouveautes\/\"},{\"@type\":\"ListItem\",\"position\":3,\"name\":\"Optimisation de la commande robuste par les m\u00e9taheuristiques\"}]},{\"@type\":\"WebSite\",\"@id\":\"https:\/\/www.istegroup.com\/#website\",\"url\":\"https:\/\/www.istegroup.com\/\",\"name\":\"ISTE Group\",\"description\":\"Publishing Knowledge\",\"potentialAction\":[{\"@type\":\"SearchAction\",\"target\":{\"@type\":\"EntryPoint\",\"urlTemplate\":\"https:\/\/www.istegroup.com\/?s={search_term_string}\"},\"query-input\":{\"@type\":\"PropertyValueSpecification\",\"valueRequired\":true,\"valueName\":\"search_term_string\"}}],\"inLanguage\":\"en-US\"}]}<\/script>\n<!-- \/ Yoast SEO plugin. -->","yoast_head_json":{"title":"Optimisation de la commande robuste par les m\u00e9taheuristiques - ISTE Group","description":"Optimisation de la commande robuste par les m\u00e9taheuristiques d\u00e9veloppe une m\u00e9thodologie de synth\u00e8se des correcteurs des asservissements plus efficace et moins co\u00fbteuse.","robots":{"index":"index","follow":"follow","max-snippet":"max-snippet:-1","max-image-preview":"max-image-preview:large","max-video-preview":"max-video-preview:-1"},"canonical":"https:\/\/www.istegroup.com\/fr\/produit\/optimisation-de-la-commande-robuste-par-les-metaheuristiques\/","og_locale":"en_US","og_type":"article","og_title":"Optimisation de la commande robuste par les m\u00e9taheuristiques - ISTE Group","og_description":"Optimisation de la commande robuste par les m\u00e9taheuristiques d\u00e9veloppe une m\u00e9thodologie de synth\u00e8se des correcteurs des asservissements plus efficace et moins co\u00fbteuse.","og_url":"https:\/\/www.istegroup.com\/fr\/produit\/optimisation-de-la-commande-robuste-par-les-metaheuristiques\/","og_site_name":"ISTE Group","article_modified_time":"2024-01-03T13:40:33+00:00","og_image":[{"width":1702,"height":2560,"url":"https:\/\/www.istegroup.com\/wp-content\/uploads\/2017\/07\/21034699793_9458798225-1-scaled.jpg","type":"image\/jpeg"}],"twitter_card":"summary_large_image","twitter_misc":{"Est. reading time":"1 minute"},"schema":{"@context":"https:\/\/schema.org","@graph":[{"@type":"WebPage","@id":"https:\/\/www.istegroup.com\/fr\/produit\/optimisation-de-la-commande-robuste-par-les-metaheuristiques\/","url":"https:\/\/www.istegroup.com\/fr\/produit\/optimisation-de-la-commande-robuste-par-les-metaheuristiques\/","name":"Optimisation de la commande robuste par les m\u00e9taheuristiques - ISTE Group","isPartOf":{"@id":"https:\/\/www.istegroup.com\/#website"},"primaryImageOfPage":{"@id":"https:\/\/www.istegroup.com\/fr\/produit\/optimisation-de-la-commande-robuste-par-les-metaheuristiques\/#primaryimage"},"image":{"@id":"https:\/\/www.istegroup.com\/fr\/produit\/optimisation-de-la-commande-robuste-par-les-metaheuristiques\/#primaryimage"},"thumbnailUrl":"https:\/\/www.istegroup.com\/wp-content\/uploads\/2017\/07\/21034699793_9458798225-1-scaled.jpg","datePublished":"2017-07-28T13:01:30+00:00","dateModified":"2024-01-03T13:40:33+00:00","description":"Optimisation de la commande robuste par les m\u00e9taheuristiques d\u00e9veloppe une m\u00e9thodologie de synth\u00e8se des correcteurs des asservissements plus efficace et moins co\u00fbteuse.","breadcrumb":{"@id":"https:\/\/www.istegroup.com\/fr\/produit\/optimisation-de-la-commande-robuste-par-les-metaheuristiques\/#breadcrumb"},"inLanguage":"en-US","potentialAction":[{"@type":"ReadAction","target":["https:\/\/www.istegroup.com\/fr\/produit\/optimisation-de-la-commande-robuste-par-les-metaheuristiques\/"]}]},{"@type":"ImageObject","inLanguage":"en-US","@id":"https:\/\/www.istegroup.com\/fr\/produit\/optimisation-de-la-commande-robuste-par-les-metaheuristiques\/#primaryimage","url":"https:\/\/www.istegroup.com\/wp-content\/uploads\/2017\/07\/21034699793_9458798225-1-scaled.jpg","contentUrl":"https:\/\/www.istegroup.com\/wp-content\/uploads\/2017\/07\/21034699793_9458798225-1-scaled.jpg","width":1702,"height":2560,"caption":"Optimisation de la commande robuste par les m\u00e9taheuristiques"},{"@type":"BreadcrumbList","@id":"https:\/\/www.istegroup.com\/fr\/produit\/optimisation-de-la-commande-robuste-par-les-metaheuristiques\/#breadcrumb","itemListElement":[{"@type":"ListItem","position":1,"name":"Home","item":"https:\/\/www.istegroup.com\/"},{"@type":"ListItem","position":2,"name":"Shop","item":"https:\/\/www.istegroup.com\/fr\/nouveautes\/"},{"@type":"ListItem","position":3,"name":"Optimisation de la commande robuste par les m\u00e9taheuristiques"}]},{"@type":"WebSite","@id":"https:\/\/www.istegroup.com\/#website","url":"https:\/\/www.istegroup.com\/","name":"ISTE Group","description":"Publishing Knowledge","potentialAction":[{"@type":"SearchAction","target":{"@type":"EntryPoint","urlTemplate":"https:\/\/www.istegroup.com\/?s={search_term_string}"},"query-input":{"@type":"PropertyValueSpecification","valueRequired":true,"valueName":"search_term_string"}}],"inLanguage":"en-US"}]}},"_links":{"self":[{"href":"https:\/\/www.istegroup.com\/en\/wp-json\/wp\/v2\/product\/541","targetHints":{"allow":["GET"]}}],"collection":[{"href":"https:\/\/www.istegroup.com\/en\/wp-json\/wp\/v2\/product"}],"about":[{"href":"https:\/\/www.istegroup.com\/en\/wp-json\/wp\/v2\/types\/product"}],"wp:featuredmedia":[{"embeddable":true,"href":"https:\/\/www.istegroup.com\/en\/wp-json\/wp\/v2\/media\/542"}],"wp:attachment":[{"href":"https:\/\/www.istegroup.com\/en\/wp-json\/wp\/v2\/media?parent=541"}],"wp:term":[{"taxonomy":"product_brand","embeddable":true,"href":"https:\/\/www.istegroup.com\/en\/wp-json\/wp\/v2\/product_brand?post=541"},{"taxonomy":"product_cat","embeddable":true,"href":"https:\/\/www.istegroup.com\/en\/wp-json\/wp\/v2\/product_cat?post=541"},{"taxonomy":"product_tag","embeddable":true,"href":"https:\/\/www.istegroup.com\/en\/wp-json\/wp\/v2\/product_tag?post=541"}],"curies":[{"name":"wp","href":"https:\/\/api.w.org\/{rel}","templated":true}]}}