{"id":537,"date":"2016-12-08T15:00:40","date_gmt":"2016-12-08T14:00:40","guid":{"rendered":"https:\/\/iste.yhello.co\/product\/observation-des-surfaces-continentales-par-teledetection-optique\/"},"modified":"2024-01-03T13:40:29","modified_gmt":"2024-01-03T13:40:29","slug":"observation-des-surfaces-continentales-par-teledetection-optique","status":"publish","type":"product","link":"https:\/\/www.istegroup.com\/en\/produit\/observation-des-surfaces-continentales-par-teledetection-optique\/","title":{"rendered":"Observation des surfaces continentales par t\u00e9l\u00e9d\u00e9tection optique"},"content":{"rendered":"<p>Cet ouvrage d\u00e9crit les principes physiques des techniques fondamentales de la t\u00e9l\u00e9d\u00e9tection optique utilis\u00e9es dans l\u2019observation des surfaces continentales.<\/p>\n<p>Premier volume d\u2019une s\u00e9rie de six ouvrages,\u00a0<em>Observation des surfaces continentales par t\u00e9l\u00e9d\u00e9tection optique\u00a0<\/em>pr\u00e9sente les bases des syst\u00e8mes optiques et lidars : instrumentation, physique de la mesure, m\u00e9thodes de traitement et d\u2019analyse de donn\u00e9es. L\u2019estimation de mod\u00e8les num\u00e9riques de terrain \u00e0 partir d\u2019images optiques et de donn\u00e9es lidars est \u00e9galement expos\u00e9e.<\/p>\n","protected":false},"excerpt":{"rendered":"<p>Cet ouvrage d\u00e9crit les principes physiques des techniques fondamentales de la t\u00e9l\u00e9d\u00e9tection optique utilis\u00e9es dans l\u2019observation des surfaces continentales. Premier volume d\u2019une s\u00e9rie de six ouvrages,\u00a0Observation des surfaces continentales par t\u00e9l\u00e9d\u00e9tection optique\u00a0pr\u00e9sente les bases des syst\u00e8mes optiques et lidars : instrumentation, physique de la mesure, m\u00e9thodes de traitement et d\u2019analyse de donn\u00e9es. L\u2019estimation de mod\u00e8les [&hellip;]<\/p>\n","protected":false},"featured_media":538,"template":"","meta":{"_acf_changed":false,"_links_to":"","_links_to_target":""},"product_brand":[],"product_cat":[675,726,705],"product_tag":[764,2057,2058,31,196,329,2017,2065,197,198,199,21,200,22,201,203,204,63,25,172,209,2018,2019,2066,2067,212,38,192,145,28,2024,2062,2063,2026,2069,1653,2025,2068],"class_list":{"0":"post-537","1":"product","2":"type-product","3":"status-publish","4":"has-post-thumbnail","6":"product_cat-nouveauts-12519446","7":"product_cat-srie-tldtection-pour-lobservation-des-surfaces-continentales-376469192","8":"product_cat-systme-terre-environnement-27112280","9":"product_tag-analyse-de-donnees","10":"product_tag-changements-anthropiques","11":"product_tag-changements-climatiques","12":"product_tag-ebook","13":"product_tag-ebooks","14":"product_tag-environnement","15":"product_tag-geophysiciens","16":"product_tag-instrumentation","17":"product_tag-iste","18":"product_tag-iste-edition","19":"product_tag-iste-editions","20":"product_tag-iste-group","21":"product_tag-isteedition","22":"product_tag-istegroup","23":"product_tag-kindle","24":"product_tag-liseuse","25":"product_tag-livre","26":"product_tag-livre-electronique","27":"product_tag-livre-numerique","28":"product_tag-livre-scientifique","29":"product_tag-livres-scientifiques","30":"product_tag-mehrez-zribi","31":"product_tag-nicolas-baghdadi","32":"product_tag-observation-des-surfaces-continentales-par-teledetection-optique","33":"product_tag-optique","34":"product_tag-ouvrage","35":"product_tag-ouvrage-numerique","36":"product_tag-ouvrage-science","37":"product_tag-ouvrage-scientifique","38":"product_tag-ouvrage-scientifique-francais","39":"product_tag-surfaces-continentales","40":"product_tag-surveillance","41":"product_tag-techniques-et-methodes","42":"product_tag-teledetection","43":"product_tag-teledetection-optique","44":"product_tag-terrain","45":"product_tag-thematiciens","46":"product_tag-traitement-de-donnees","48":"first","49":"instock","50":"shipping-taxable","51":"purchasable","52":"product-type-variable"},"acf":[],"yoast_head":"<!-- This site is optimized with the Yoast SEO plugin v27.2 - https:\/\/yoast.com\/product\/yoast-seo-wordpress\/ -->\n<title>Observation des surfaces continentales par t\u00e9l\u00e9d\u00e9tection optique - ISTE Group<\/title>\n<meta name=\"description\" content=\"Observation des surfaces continentales par t\u00e9l\u00e9d\u00e9tection optique\u00a0pr\u00e9sente les bases des syst\u00e8mes optiques et lidars : instrumentation, physique de la mesure, m\u00e9thodes de traitement et d\u2019analyse de donn\u00e9es.\" \/>\n<meta name=\"robots\" content=\"index, follow, max-snippet:-1, max-image-preview:large, max-video-preview:-1\" \/>\n<link rel=\"canonical\" href=\"https:\/\/www.istegroup.com\/en\/produit\/observation-des-surfaces-continentales-par-teledetection-optique\/\" \/>\n<meta property=\"og:locale\" content=\"en_US\" \/>\n<meta property=\"og:type\" content=\"article\" \/>\n<meta property=\"og:title\" content=\"Observation des surfaces continentales par t\u00e9l\u00e9d\u00e9tection optique - ISTE Group\" \/>\n<meta property=\"og:description\" content=\"Observation des surfaces continentales par t\u00e9l\u00e9d\u00e9tection optique\u00a0pr\u00e9sente les bases des syst\u00e8mes optiques et lidars : instrumentation, physique de la mesure, m\u00e9thodes de traitement et d\u2019analyse de donn\u00e9es.\" \/>\n<meta property=\"og:url\" content=\"https:\/\/www.istegroup.com\/en\/produit\/observation-des-surfaces-continentales-par-teledetection-optique\/\" \/>\n<meta property=\"og:site_name\" content=\"ISTE Group\" \/>\n<meta property=\"article:modified_time\" content=\"2024-01-03T13:40:29+00:00\" \/>\n<meta property=\"og:image\" content=\"https:\/\/www.istegroup.com\/wp-content\/uploads\/2017\/07\/17515476113_8302641937-1.jpg\" \/>\n\t<meta property=\"og:image:width\" content=\"1360\" \/>\n\t<meta property=\"og:image:height\" content=\"2048\" \/>\n\t<meta property=\"og:image:type\" content=\"image\/jpeg\" \/>\n<meta name=\"twitter:card\" content=\"summary_large_image\" \/>\n<script type=\"application\/ld+json\" class=\"yoast-schema-graph\">{\"@context\":\"https:\/\/schema.org\",\"@graph\":[{\"@type\":\"WebPage\",\"@id\":\"https:\/\/www.istegroup.com\/en\/produit\/observation-des-surfaces-continentales-par-teledetection-optique\/\",\"url\":\"https:\/\/www.istegroup.com\/en\/produit\/observation-des-surfaces-continentales-par-teledetection-optique\/\",\"name\":\"Observation des surfaces continentales par t\u00e9l\u00e9d\u00e9tection optique - ISTE Group\",\"isPartOf\":{\"@id\":\"https:\/\/www.istegroup.com\/#website\"},\"primaryImageOfPage\":{\"@id\":\"https:\/\/www.istegroup.com\/en\/produit\/observation-des-surfaces-continentales-par-teledetection-optique\/#primaryimage\"},\"image\":{\"@id\":\"https:\/\/www.istegroup.com\/en\/produit\/observation-des-surfaces-continentales-par-teledetection-optique\/#primaryimage\"},\"thumbnailUrl\":\"https:\/\/www.istegroup.com\/wp-content\/uploads\/2017\/07\/17515476113_8302641937-1.jpg\",\"datePublished\":\"2016-12-08T14:00:40+00:00\",\"dateModified\":\"2024-01-03T13:40:29+00:00\",\"description\":\"Observation des surfaces continentales par t\u00e9l\u00e9d\u00e9tection optique\u00a0pr\u00e9sente les bases des syst\u00e8mes optiques et lidars : instrumentation, physique de la mesure, m\u00e9thodes de traitement et d\u2019analyse de donn\u00e9es.\",\"breadcrumb\":{\"@id\":\"https:\/\/www.istegroup.com\/en\/produit\/observation-des-surfaces-continentales-par-teledetection-optique\/#breadcrumb\"},\"inLanguage\":\"en-US\",\"potentialAction\":[{\"@type\":\"ReadAction\",\"target\":[\"https:\/\/www.istegroup.com\/en\/produit\/observation-des-surfaces-continentales-par-teledetection-optique\/\"]}]},{\"@type\":\"ImageObject\",\"inLanguage\":\"en-US\",\"@id\":\"https:\/\/www.istegroup.com\/en\/produit\/observation-des-surfaces-continentales-par-teledetection-optique\/#primaryimage\",\"url\":\"https:\/\/www.istegroup.com\/wp-content\/uploads\/2017\/07\/17515476113_8302641937-1.jpg\",\"contentUrl\":\"https:\/\/www.istegroup.com\/wp-content\/uploads\/2017\/07\/17515476113_8302641937-1.jpg\",\"width\":1360,\"height\":2048,\"caption\":\"Techniques et m\u00e9thodes\"},{\"@type\":\"BreadcrumbList\",\"@id\":\"https:\/\/www.istegroup.com\/en\/produit\/observation-des-surfaces-continentales-par-teledetection-optique\/#breadcrumb\",\"itemListElement\":[{\"@type\":\"ListItem\",\"position\":1,\"name\":\"Home\",\"item\":\"https:\/\/www.istegroup.com\/\"},{\"@type\":\"ListItem\",\"position\":2,\"name\":\"Shop\",\"item\":\"https:\/\/www.istegroup.com\/fr\/nouveautes\/\"},{\"@type\":\"ListItem\",\"position\":3,\"name\":\"Observation des surfaces continentales par t\u00e9l\u00e9d\u00e9tection optique\"}]},{\"@type\":\"WebSite\",\"@id\":\"https:\/\/www.istegroup.com\/#website\",\"url\":\"https:\/\/www.istegroup.com\/\",\"name\":\"ISTE Group\",\"description\":\"Publishing Knowledge\",\"potentialAction\":[{\"@type\":\"SearchAction\",\"target\":{\"@type\":\"EntryPoint\",\"urlTemplate\":\"https:\/\/www.istegroup.com\/?s={search_term_string}\"},\"query-input\":{\"@type\":\"PropertyValueSpecification\",\"valueRequired\":true,\"valueName\":\"search_term_string\"}}],\"inLanguage\":\"en-US\"}]}<\/script>\n<!-- \/ Yoast SEO plugin. -->","yoast_head_json":{"title":"Observation des surfaces continentales par t\u00e9l\u00e9d\u00e9tection optique - ISTE Group","description":"Observation des surfaces continentales par t\u00e9l\u00e9d\u00e9tection optique\u00a0pr\u00e9sente les bases des syst\u00e8mes optiques et lidars : instrumentation, physique de la mesure, m\u00e9thodes de traitement et d\u2019analyse de donn\u00e9es.","robots":{"index":"index","follow":"follow","max-snippet":"max-snippet:-1","max-image-preview":"max-image-preview:large","max-video-preview":"max-video-preview:-1"},"canonical":"https:\/\/www.istegroup.com\/en\/produit\/observation-des-surfaces-continentales-par-teledetection-optique\/","og_locale":"en_US","og_type":"article","og_title":"Observation des surfaces continentales par t\u00e9l\u00e9d\u00e9tection optique - ISTE Group","og_description":"Observation des surfaces continentales par t\u00e9l\u00e9d\u00e9tection optique\u00a0pr\u00e9sente les bases des syst\u00e8mes optiques et lidars : instrumentation, physique de la mesure, m\u00e9thodes de traitement et d\u2019analyse de donn\u00e9es.","og_url":"https:\/\/www.istegroup.com\/en\/produit\/observation-des-surfaces-continentales-par-teledetection-optique\/","og_site_name":"ISTE Group","article_modified_time":"2024-01-03T13:40:29+00:00","og_image":[{"width":1360,"height":2048,"url":"https:\/\/www.istegroup.com\/wp-content\/uploads\/2017\/07\/17515476113_8302641937-1.jpg","type":"image\/jpeg"}],"twitter_card":"summary_large_image","schema":{"@context":"https:\/\/schema.org","@graph":[{"@type":"WebPage","@id":"https:\/\/www.istegroup.com\/en\/produit\/observation-des-surfaces-continentales-par-teledetection-optique\/","url":"https:\/\/www.istegroup.com\/en\/produit\/observation-des-surfaces-continentales-par-teledetection-optique\/","name":"Observation des surfaces continentales par t\u00e9l\u00e9d\u00e9tection optique - ISTE Group","isPartOf":{"@id":"https:\/\/www.istegroup.com\/#website"},"primaryImageOfPage":{"@id":"https:\/\/www.istegroup.com\/en\/produit\/observation-des-surfaces-continentales-par-teledetection-optique\/#primaryimage"},"image":{"@id":"https:\/\/www.istegroup.com\/en\/produit\/observation-des-surfaces-continentales-par-teledetection-optique\/#primaryimage"},"thumbnailUrl":"https:\/\/www.istegroup.com\/wp-content\/uploads\/2017\/07\/17515476113_8302641937-1.jpg","datePublished":"2016-12-08T14:00:40+00:00","dateModified":"2024-01-03T13:40:29+00:00","description":"Observation des surfaces continentales par t\u00e9l\u00e9d\u00e9tection optique\u00a0pr\u00e9sente les bases des syst\u00e8mes optiques et lidars : instrumentation, physique de la mesure, m\u00e9thodes de traitement et d\u2019analyse de donn\u00e9es.","breadcrumb":{"@id":"https:\/\/www.istegroup.com\/en\/produit\/observation-des-surfaces-continentales-par-teledetection-optique\/#breadcrumb"},"inLanguage":"en-US","potentialAction":[{"@type":"ReadAction","target":["https:\/\/www.istegroup.com\/en\/produit\/observation-des-surfaces-continentales-par-teledetection-optique\/"]}]},{"@type":"ImageObject","inLanguage":"en-US","@id":"https:\/\/www.istegroup.com\/en\/produit\/observation-des-surfaces-continentales-par-teledetection-optique\/#primaryimage","url":"https:\/\/www.istegroup.com\/wp-content\/uploads\/2017\/07\/17515476113_8302641937-1.jpg","contentUrl":"https:\/\/www.istegroup.com\/wp-content\/uploads\/2017\/07\/17515476113_8302641937-1.jpg","width":1360,"height":2048,"caption":"Techniques et m\u00e9thodes"},{"@type":"BreadcrumbList","@id":"https:\/\/www.istegroup.com\/en\/produit\/observation-des-surfaces-continentales-par-teledetection-optique\/#breadcrumb","itemListElement":[{"@type":"ListItem","position":1,"name":"Home","item":"https:\/\/www.istegroup.com\/"},{"@type":"ListItem","position":2,"name":"Shop","item":"https:\/\/www.istegroup.com\/fr\/nouveautes\/"},{"@type":"ListItem","position":3,"name":"Observation des surfaces continentales par t\u00e9l\u00e9d\u00e9tection optique"}]},{"@type":"WebSite","@id":"https:\/\/www.istegroup.com\/#website","url":"https:\/\/www.istegroup.com\/","name":"ISTE Group","description":"Publishing Knowledge","potentialAction":[{"@type":"SearchAction","target":{"@type":"EntryPoint","urlTemplate":"https:\/\/www.istegroup.com\/?s={search_term_string}"},"query-input":{"@type":"PropertyValueSpecification","valueRequired":true,"valueName":"search_term_string"}}],"inLanguage":"en-US"}]}},"_links":{"self":[{"href":"https:\/\/www.istegroup.com\/en\/wp-json\/wp\/v2\/product\/537","targetHints":{"allow":["GET"]}}],"collection":[{"href":"https:\/\/www.istegroup.com\/en\/wp-json\/wp\/v2\/product"}],"about":[{"href":"https:\/\/www.istegroup.com\/en\/wp-json\/wp\/v2\/types\/product"}],"wp:featuredmedia":[{"embeddable":true,"href":"https:\/\/www.istegroup.com\/en\/wp-json\/wp\/v2\/media\/538"}],"wp:attachment":[{"href":"https:\/\/www.istegroup.com\/en\/wp-json\/wp\/v2\/media?parent=537"}],"wp:term":[{"taxonomy":"product_brand","embeddable":true,"href":"https:\/\/www.istegroup.com\/en\/wp-json\/wp\/v2\/product_brand?post=537"},{"taxonomy":"product_cat","embeddable":true,"href":"https:\/\/www.istegroup.com\/en\/wp-json\/wp\/v2\/product_cat?post=537"},{"taxonomy":"product_tag","embeddable":true,"href":"https:\/\/www.istegroup.com\/en\/wp-json\/wp\/v2\/product_tag?post=537"}],"curies":[{"name":"wp","href":"https:\/\/api.w.org\/{rel}","templated":true}]}}