{"id":531,"date":"2016-01-08T14:56:21","date_gmt":"2016-01-08T14:56:21","guid":{"rendered":"https:\/\/iste.yhello.co\/product\/observation-des-surfaces-continentales-par-teledetection-iii\/"},"modified":"2024-01-03T13:40:27","modified_gmt":"2024-01-03T13:40:27","slug":"observation-des-surfaces-continentales-par-teledetection-iii","status":"publish","type":"product","link":"https:\/\/www.istegroup.com\/en\/produit\/observation-des-surfaces-continentales-par-teledetection-iii\/","title":{"rendered":"Observation des surfaces continentales par t\u00e9l\u00e9d\u00e9tection III"},"content":{"rendered":"<p>Le suivi de la dynamique des milieux urbains et des zones c\u00f4ti\u00e8res soul\u00e8ve des questions importantes en termes de d\u00e9veloppement durable. Il repr\u00e9sente un outil essentiel pour une meilleure prise en compte de la pression anthropique et de l\u2019impact des changements climatiques.<\/p>\n<p><em>Observation des surfaces continentales par t\u00e9l\u00e9d\u00e9tection III\u00a0<\/em>pr\u00e9sente des applications de la t\u00e9l\u00e9d\u00e9tection en milieux urbains et en zones c\u00f4ti\u00e8res. Il explicite son usage dans les processus de d\u00e9cision territoriale, la planification et la reconnaissance d\u2019objets \u2013 \u00e9talement urbain, pollution lumineuse, qualit\u00e9 de l\u2019air. Il traite par la suite de l\u2019observation de la couleur de l\u2019eau et l\u2019\u00e9tude de la dynamique c\u00f4ti\u00e8re (trait de c\u00f4te, bilan s\u00e9dimentaire) avant d\u2019analyser la dynamique des mangroves.<\/p>\n","protected":false},"excerpt":{"rendered":"<p>Le suivi de la dynamique des milieux urbains et des zones c\u00f4ti\u00e8res soul\u00e8ve des questions importantes en termes de d\u00e9veloppement durable. Il repr\u00e9sente un outil essentiel pour une meilleure prise en compte de la pression anthropique et de l\u2019impact des changements climatiques. Observation des surfaces continentales par t\u00e9l\u00e9d\u00e9tection III\u00a0pr\u00e9sente des applications de la t\u00e9l\u00e9d\u00e9tection en [&hellip;]<\/p>\n","protected":false},"featured_media":532,"template":"","meta":{"_acf_changed":false,"_links_to":"","_links_to_target":""},"product_brand":[],"product_cat":[675,726,705],"product_tag":[2035,920,1113,2036,31,196,197,198,199,21,200,22,201,203,204,63,25,172,209,2037,2018,2019,2020,2038,212,38,192,145,28,2039,2040,2024,2026,2041,2042,2043,2044],"class_list":{"0":"post-531","1":"product","2":"type-product","3":"status-publish","4":"has-post-thumbnail","6":"product_cat-nouveauts-12519446","7":"product_cat-srie-tldtection-pour-lobservation-des-surfaces-continentales-376469192","8":"product_cat-systme-terre-environnement-27112280","9":"product_tag-anthropique","10":"product_tag-changement-climatique","11":"product_tag-developpement-durable","12":"product_tag-dynamique","13":"product_tag-ebook","14":"product_tag-ebooks","15":"product_tag-iste","16":"product_tag-iste-edition","17":"product_tag-iste-editions","18":"product_tag-iste-group","19":"product_tag-isteedition","20":"product_tag-istegroup","21":"product_tag-kindle","22":"product_tag-liseuse","23":"product_tag-livre","24":"product_tag-livre-electronique","25":"product_tag-livre-numerique","26":"product_tag-livre-scientifique","27":"product_tag-livres-scientifiques","28":"product_tag-mangroves","29":"product_tag-mehrez-zribi","30":"product_tag-nicolas-baghdadi","31":"product_tag-observation","32":"product_tag-observation-des-surfaces-continentales-par-teledetection-iii","33":"product_tag-ouvrage","34":"product_tag-ouvrage-numerique","35":"product_tag-ouvrage-science","36":"product_tag-ouvrage-scientifique","37":"product_tag-ouvrage-scientifique-francais","38":"product_tag-planification","39":"product_tag-pollution-lumineuse","40":"product_tag-surfaces-continentales","41":"product_tag-teledetection","42":"product_tag-teledetection-spatiale","43":"product_tag-urbain","44":"product_tag-urbain-et-zones-cotieres","45":"product_tag-zone-cotiere","47":"first","48":"instock","49":"shipping-taxable","50":"purchasable","51":"product-type-variable"},"acf":[],"yoast_head":"<!-- This site is optimized with the Yoast SEO plugin v27.2 - https:\/\/yoast.com\/product\/yoast-seo-wordpress\/ -->\n<title>Observation des surfaces continentales par t\u00e9l\u00e9d\u00e9tection III - ISTE Group<\/title>\n<meta name=\"description\" content=\"Observation des surfaces continentales par t\u00e9l\u00e9d\u00e9tection III\u00a0pr\u00e9sente des applications de la t\u00e9l\u00e9d\u00e9tection en milieux urbains et en zones c\u00f4ti\u00e8res.\" \/>\n<meta name=\"robots\" content=\"index, follow, max-snippet:-1, max-image-preview:large, max-video-preview:-1\" \/>\n<link rel=\"canonical\" href=\"https:\/\/www.istegroup.com\/fr\/produit\/observation-des-surfaces-continentales-par-teledetection-iii\/\" \/>\n<meta property=\"og:locale\" content=\"en_US\" \/>\n<meta property=\"og:type\" content=\"article\" \/>\n<meta property=\"og:title\" content=\"Observation des surfaces continentales par t\u00e9l\u00e9d\u00e9tection III - ISTE Group\" \/>\n<meta property=\"og:description\" content=\"Observation des surfaces continentales par t\u00e9l\u00e9d\u00e9tection III\u00a0pr\u00e9sente des applications de la t\u00e9l\u00e9d\u00e9tection en milieux urbains et en zones c\u00f4ti\u00e8res.\" \/>\n<meta property=\"og:url\" content=\"https:\/\/www.istegroup.com\/fr\/produit\/observation-des-surfaces-continentales-par-teledetection-iii\/\" \/>\n<meta property=\"og:site_name\" content=\"ISTE Group\" \/>\n<meta property=\"article:modified_time\" content=\"2024-01-03T13:40:27+00:00\" \/>\n<meta property=\"og:image\" content=\"https:\/\/www.istegroup.com\/wp-content\/uploads\/2017\/07\/17686870929_8345041681-1.jpg\" \/>\n\t<meta property=\"og:image:width\" content=\"1359\" \/>\n\t<meta property=\"og:image:height\" content=\"2048\" \/>\n\t<meta property=\"og:image:type\" content=\"image\/jpeg\" \/>\n<meta name=\"twitter:card\" content=\"summary_large_image\" \/>\n<meta name=\"twitter:label1\" content=\"Est. reading time\" \/>\n\t<meta name=\"twitter:data1\" content=\"1 minute\" \/>\n<script type=\"application\/ld+json\" class=\"yoast-schema-graph\">{\"@context\":\"https:\/\/schema.org\",\"@graph\":[{\"@type\":\"WebPage\",\"@id\":\"https:\/\/www.istegroup.com\/fr\/produit\/observation-des-surfaces-continentales-par-teledetection-iii\/\",\"url\":\"https:\/\/www.istegroup.com\/fr\/produit\/observation-des-surfaces-continentales-par-teledetection-iii\/\",\"name\":\"Observation des surfaces continentales par t\u00e9l\u00e9d\u00e9tection III - ISTE Group\",\"isPartOf\":{\"@id\":\"https:\/\/www.istegroup.com\/#website\"},\"primaryImageOfPage\":{\"@id\":\"https:\/\/www.istegroup.com\/fr\/produit\/observation-des-surfaces-continentales-par-teledetection-iii\/#primaryimage\"},\"image\":{\"@id\":\"https:\/\/www.istegroup.com\/fr\/produit\/observation-des-surfaces-continentales-par-teledetection-iii\/#primaryimage\"},\"thumbnailUrl\":\"https:\/\/www.istegroup.com\/wp-content\/uploads\/2017\/07\/17686870929_8345041681-1.jpg\",\"datePublished\":\"2016-01-08T14:56:21+00:00\",\"dateModified\":\"2024-01-03T13:40:27+00:00\",\"description\":\"Observation des surfaces continentales par t\u00e9l\u00e9d\u00e9tection III\u00a0pr\u00e9sente des applications de la t\u00e9l\u00e9d\u00e9tection en milieux urbains et en zones c\u00f4ti\u00e8res.\",\"breadcrumb\":{\"@id\":\"https:\/\/www.istegroup.com\/fr\/produit\/observation-des-surfaces-continentales-par-teledetection-iii\/#breadcrumb\"},\"inLanguage\":\"en-US\",\"potentialAction\":[{\"@type\":\"ReadAction\",\"target\":[\"https:\/\/www.istegroup.com\/fr\/produit\/observation-des-surfaces-continentales-par-teledetection-iii\/\"]}]},{\"@type\":\"ImageObject\",\"inLanguage\":\"en-US\",\"@id\":\"https:\/\/www.istegroup.com\/fr\/produit\/observation-des-surfaces-continentales-par-teledetection-iii\/#primaryimage\",\"url\":\"https:\/\/www.istegroup.com\/wp-content\/uploads\/2017\/07\/17686870929_8345041681-1.jpg\",\"contentUrl\":\"https:\/\/www.istegroup.com\/wp-content\/uploads\/2017\/07\/17686870929_8345041681-1.jpg\",\"width\":1359,\"height\":2048,\"caption\":\"Urbain et zones c\u00f4ti\u00e8res\"},{\"@type\":\"BreadcrumbList\",\"@id\":\"https:\/\/www.istegroup.com\/fr\/produit\/observation-des-surfaces-continentales-par-teledetection-iii\/#breadcrumb\",\"itemListElement\":[{\"@type\":\"ListItem\",\"position\":1,\"name\":\"Home\",\"item\":\"https:\/\/www.istegroup.com\/\"},{\"@type\":\"ListItem\",\"position\":2,\"name\":\"Shop\",\"item\":\"https:\/\/www.istegroup.com\/fr\/nouveautes\/\"},{\"@type\":\"ListItem\",\"position\":3,\"name\":\"Observation des surfaces continentales par t\u00e9l\u00e9d\u00e9tection III\"}]},{\"@type\":\"WebSite\",\"@id\":\"https:\/\/www.istegroup.com\/#website\",\"url\":\"https:\/\/www.istegroup.com\/\",\"name\":\"ISTE Group\",\"description\":\"Publishing Knowledge\",\"potentialAction\":[{\"@type\":\"SearchAction\",\"target\":{\"@type\":\"EntryPoint\",\"urlTemplate\":\"https:\/\/www.istegroup.com\/?s={search_term_string}\"},\"query-input\":{\"@type\":\"PropertyValueSpecification\",\"valueRequired\":true,\"valueName\":\"search_term_string\"}}],\"inLanguage\":\"en-US\"}]}<\/script>\n<!-- \/ Yoast SEO plugin. -->","yoast_head_json":{"title":"Observation des surfaces continentales par t\u00e9l\u00e9d\u00e9tection III - ISTE Group","description":"Observation des surfaces continentales par t\u00e9l\u00e9d\u00e9tection III\u00a0pr\u00e9sente des applications de la t\u00e9l\u00e9d\u00e9tection en milieux urbains et en zones c\u00f4ti\u00e8res.","robots":{"index":"index","follow":"follow","max-snippet":"max-snippet:-1","max-image-preview":"max-image-preview:large","max-video-preview":"max-video-preview:-1"},"canonical":"https:\/\/www.istegroup.com\/fr\/produit\/observation-des-surfaces-continentales-par-teledetection-iii\/","og_locale":"en_US","og_type":"article","og_title":"Observation des surfaces continentales par t\u00e9l\u00e9d\u00e9tection III - ISTE Group","og_description":"Observation des surfaces continentales par t\u00e9l\u00e9d\u00e9tection III\u00a0pr\u00e9sente des applications de la t\u00e9l\u00e9d\u00e9tection en milieux urbains et en zones c\u00f4ti\u00e8res.","og_url":"https:\/\/www.istegroup.com\/fr\/produit\/observation-des-surfaces-continentales-par-teledetection-iii\/","og_site_name":"ISTE Group","article_modified_time":"2024-01-03T13:40:27+00:00","og_image":[{"width":1359,"height":2048,"url":"https:\/\/www.istegroup.com\/wp-content\/uploads\/2017\/07\/17686870929_8345041681-1.jpg","type":"image\/jpeg"}],"twitter_card":"summary_large_image","twitter_misc":{"Est. reading time":"1 minute"},"schema":{"@context":"https:\/\/schema.org","@graph":[{"@type":"WebPage","@id":"https:\/\/www.istegroup.com\/fr\/produit\/observation-des-surfaces-continentales-par-teledetection-iii\/","url":"https:\/\/www.istegroup.com\/fr\/produit\/observation-des-surfaces-continentales-par-teledetection-iii\/","name":"Observation des surfaces continentales par t\u00e9l\u00e9d\u00e9tection III - ISTE Group","isPartOf":{"@id":"https:\/\/www.istegroup.com\/#website"},"primaryImageOfPage":{"@id":"https:\/\/www.istegroup.com\/fr\/produit\/observation-des-surfaces-continentales-par-teledetection-iii\/#primaryimage"},"image":{"@id":"https:\/\/www.istegroup.com\/fr\/produit\/observation-des-surfaces-continentales-par-teledetection-iii\/#primaryimage"},"thumbnailUrl":"https:\/\/www.istegroup.com\/wp-content\/uploads\/2017\/07\/17686870929_8345041681-1.jpg","datePublished":"2016-01-08T14:56:21+00:00","dateModified":"2024-01-03T13:40:27+00:00","description":"Observation des surfaces continentales par t\u00e9l\u00e9d\u00e9tection III\u00a0pr\u00e9sente des applications de la t\u00e9l\u00e9d\u00e9tection en milieux urbains et en zones c\u00f4ti\u00e8res.","breadcrumb":{"@id":"https:\/\/www.istegroup.com\/fr\/produit\/observation-des-surfaces-continentales-par-teledetection-iii\/#breadcrumb"},"inLanguage":"en-US","potentialAction":[{"@type":"ReadAction","target":["https:\/\/www.istegroup.com\/fr\/produit\/observation-des-surfaces-continentales-par-teledetection-iii\/"]}]},{"@type":"ImageObject","inLanguage":"en-US","@id":"https:\/\/www.istegroup.com\/fr\/produit\/observation-des-surfaces-continentales-par-teledetection-iii\/#primaryimage","url":"https:\/\/www.istegroup.com\/wp-content\/uploads\/2017\/07\/17686870929_8345041681-1.jpg","contentUrl":"https:\/\/www.istegroup.com\/wp-content\/uploads\/2017\/07\/17686870929_8345041681-1.jpg","width":1359,"height":2048,"caption":"Urbain et zones c\u00f4ti\u00e8res"},{"@type":"BreadcrumbList","@id":"https:\/\/www.istegroup.com\/fr\/produit\/observation-des-surfaces-continentales-par-teledetection-iii\/#breadcrumb","itemListElement":[{"@type":"ListItem","position":1,"name":"Home","item":"https:\/\/www.istegroup.com\/"},{"@type":"ListItem","position":2,"name":"Shop","item":"https:\/\/www.istegroup.com\/fr\/nouveautes\/"},{"@type":"ListItem","position":3,"name":"Observation des surfaces continentales par t\u00e9l\u00e9d\u00e9tection III"}]},{"@type":"WebSite","@id":"https:\/\/www.istegroup.com\/#website","url":"https:\/\/www.istegroup.com\/","name":"ISTE Group","description":"Publishing Knowledge","potentialAction":[{"@type":"SearchAction","target":{"@type":"EntryPoint","urlTemplate":"https:\/\/www.istegroup.com\/?s={search_term_string}"},"query-input":{"@type":"PropertyValueSpecification","valueRequired":true,"valueName":"search_term_string"}}],"inLanguage":"en-US"}]}},"_links":{"self":[{"href":"https:\/\/www.istegroup.com\/en\/wp-json\/wp\/v2\/product\/531","targetHints":{"allow":["GET"]}}],"collection":[{"href":"https:\/\/www.istegroup.com\/en\/wp-json\/wp\/v2\/product"}],"about":[{"href":"https:\/\/www.istegroup.com\/en\/wp-json\/wp\/v2\/types\/product"}],"wp:featuredmedia":[{"embeddable":true,"href":"https:\/\/www.istegroup.com\/en\/wp-json\/wp\/v2\/media\/532"}],"wp:attachment":[{"href":"https:\/\/www.istegroup.com\/en\/wp-json\/wp\/v2\/media?parent=531"}],"wp:term":[{"taxonomy":"product_brand","embeddable":true,"href":"https:\/\/www.istegroup.com\/en\/wp-json\/wp\/v2\/product_brand?post=531"},{"taxonomy":"product_cat","embeddable":true,"href":"https:\/\/www.istegroup.com\/en\/wp-json\/wp\/v2\/product_cat?post=531"},{"taxonomy":"product_tag","embeddable":true,"href":"https:\/\/www.istegroup.com\/en\/wp-json\/wp\/v2\/product_tag?post=531"}],"curies":[{"name":"wp","href":"https:\/\/api.w.org\/{rel}","templated":true}]}}