{"id":52502,"date":"2023-07-18T13:44:13","date_gmt":"2023-07-18T12:44:13","guid":{"rendered":"https:\/\/www.istegroup.com\/?post_type=product&#038;p=52502"},"modified":"2024-04-23T14:11:22","modified_gmt":"2024-04-23T13:11:22","slug":"henri-poincare-et-la-relativite-1900-1905-1912","status":"publish","type":"product","link":"https:\/\/www.istegroup.com\/en\/produit\/henri-poincare-et-la-relativite-1900-1905-1912\/","title":{"rendered":"Henri Poincar\u00e9 et la relativit\u00e9 : 1900, 1905, 1912"},"content":{"rendered":"<p class=\"qtranxs-available-languages-message qtranxs-available-languages-message-en\">Sorry, this entry is only available in <a href=\"https:\/\/www.istegroup.com\/fr\/wp-json\/wp\/v2\/product\/52502\" class=\"qtranxs-available-language-link qtranxs-available-language-link-fr\" title=\"FR\">FR<\/a>.<\/p>","protected":false},"excerpt":{"rendered":"<p>Sorry, this entry is only available in FR.<\/p>\n","protected":false},"featured_media":52510,"template":"","meta":{"_acf_changed":false,"_links_to":"","_links_to_target":""},"product_brand":[],"product_cat":[666],"product_tag":[],"class_list":{"0":"post-52502","1":"product","2":"type-product","3":"status-publish","4":"has-post-thumbnail","6":"product_cat-histoire-des-sciences-et-des-techniques-166249028","8":"first","9":"instock","10":"shipping-taxable","11":"purchasable","12":"product-type-variable"},"acf":[],"yoast_head":"<!-- This site is optimized with the Yoast SEO plugin v27.2 - https:\/\/yoast.com\/product\/yoast-seo-wordpress\/ -->\n<title>Henri Poincar\u00e9 et la relativit\u00e9 : 1900, 1905, 1912 - ISTE Group<\/title>\n<meta name=\"description\" content=\"Cet ouvrage introduit et commente en d\u00e9tail l\u2019article m\u00e9connu de 1900 de Poincar\u00e9 en hommage \u00e0 Lorentz, puis sa communication de 1905 \u00e0 l\u2019Acad\u00e9mie des sciences et ses derni\u00e8res r\u00e9flexions en 1912 sur la signification physique du principe de relativit\u00e9.\" \/>\n<meta name=\"robots\" content=\"index, follow, max-snippet:-1, max-image-preview:large, max-video-preview:-1\" \/>\n<link rel=\"canonical\" href=\"https:\/\/www.istegroup.com\/fr\/produit\/henri-poincare-et-la-relativite-1900-1905-1912\/\" \/>\n<meta property=\"og:locale\" content=\"en_US\" \/>\n<meta property=\"og:type\" content=\"article\" \/>\n<meta property=\"og:title\" content=\"Henri Poincar\u00e9 et la relativit\u00e9 : 1900, 1905, 1912 - ISTE Group\" \/>\n<meta property=\"og:description\" content=\"Cet ouvrage introduit et commente en d\u00e9tail l\u2019article m\u00e9connu de 1900 de Poincar\u00e9 en hommage \u00e0 Lorentz, puis sa communication de 1905 \u00e0 l\u2019Acad\u00e9mie des sciences et ses derni\u00e8res r\u00e9flexions en 1912 sur la signification physique du principe de relativit\u00e9.\" \/>\n<meta property=\"og:url\" content=\"https:\/\/www.istegroup.com\/fr\/produit\/henri-poincare-et-la-relativite-1900-1905-1912\/\" \/>\n<meta property=\"og:site_name\" content=\"ISTE Group\" \/>\n<meta property=\"article:modified_time\" content=\"2024-04-23T13:11:22+00:00\" \/>\n<meta property=\"og:image\" content=\"https:\/\/www.istegroup.com\/wp-content\/uploads\/2023\/07\/Henri-Poincare-et-la-relativite-1900-1905-1912.jpg\" \/>\n\t<meta property=\"og:image:width\" content=\"598\" \/>\n\t<meta property=\"og:image:height\" content=\"900\" \/>\n\t<meta property=\"og:image:type\" content=\"image\/jpeg\" \/>\n<meta name=\"twitter:card\" content=\"summary_large_image\" \/>\n<meta name=\"twitter:label1\" content=\"Est. reading time\" \/>\n\t<meta name=\"twitter:data1\" content=\"1 minute\" \/>\n<script type=\"application\/ld+json\" class=\"yoast-schema-graph\">{\"@context\":\"https:\/\/schema.org\",\"@graph\":[{\"@type\":\"WebPage\",\"@id\":\"https:\/\/www.istegroup.com\/fr\/produit\/henri-poincare-et-la-relativite-1900-1905-1912\/\",\"url\":\"https:\/\/www.istegroup.com\/fr\/produit\/henri-poincare-et-la-relativite-1900-1905-1912\/\",\"name\":\"Henri Poincar\u00e9 et la relativit\u00e9 : 1900, 1905, 1912 - ISTE Group\",\"isPartOf\":{\"@id\":\"https:\/\/www.istegroup.com\/#website\"},\"primaryImageOfPage\":{\"@id\":\"https:\/\/www.istegroup.com\/fr\/produit\/henri-poincare-et-la-relativite-1900-1905-1912\/#primaryimage\"},\"image\":{\"@id\":\"https:\/\/www.istegroup.com\/fr\/produit\/henri-poincare-et-la-relativite-1900-1905-1912\/#primaryimage\"},\"thumbnailUrl\":\"https:\/\/www.istegroup.com\/wp-content\/uploads\/2023\/07\/Henri-Poincare-et-la-relativite-1900-1905-1912.jpg\",\"datePublished\":\"2023-07-18T12:44:13+00:00\",\"dateModified\":\"2024-04-23T13:11:22+00:00\",\"description\":\"Cet ouvrage introduit et commente en d\u00e9tail l\u2019article m\u00e9connu de 1900 de Poincar\u00e9 en hommage \u00e0 Lorentz, puis sa communication de 1905 \u00e0 l\u2019Acad\u00e9mie des sciences et ses derni\u00e8res r\u00e9flexions en 1912 sur la signification physique du principe de relativit\u00e9.\",\"breadcrumb\":{\"@id\":\"https:\/\/www.istegroup.com\/fr\/produit\/henri-poincare-et-la-relativite-1900-1905-1912\/#breadcrumb\"},\"inLanguage\":\"en-US\",\"potentialAction\":[{\"@type\":\"ReadAction\",\"target\":[\"https:\/\/www.istegroup.com\/fr\/produit\/henri-poincare-et-la-relativite-1900-1905-1912\/\"]}]},{\"@type\":\"ImageObject\",\"inLanguage\":\"en-US\",\"@id\":\"https:\/\/www.istegroup.com\/fr\/produit\/henri-poincare-et-la-relativite-1900-1905-1912\/#primaryimage\",\"url\":\"https:\/\/www.istegroup.com\/wp-content\/uploads\/2023\/07\/Henri-Poincare-et-la-relativite-1900-1905-1912.jpg\",\"contentUrl\":\"https:\/\/www.istegroup.com\/wp-content\/uploads\/2023\/07\/Henri-Poincare-et-la-relativite-1900-1905-1912.jpg\",\"width\":598,\"height\":900,\"caption\":\"Livre scientifique - Henri Poincar\u00e9 et la relativit\u00e9 1900, 1905, 1912\"},{\"@type\":\"BreadcrumbList\",\"@id\":\"https:\/\/www.istegroup.com\/fr\/produit\/henri-poincare-et-la-relativite-1900-1905-1912\/#breadcrumb\",\"itemListElement\":[{\"@type\":\"ListItem\",\"position\":1,\"name\":\"Home\",\"item\":\"https:\/\/www.istegroup.com\/\"},{\"@type\":\"ListItem\",\"position\":2,\"name\":\"Shop\",\"item\":\"https:\/\/www.istegroup.com\/fr\/nouveautes\/\"},{\"@type\":\"ListItem\",\"position\":3,\"name\":\"Henri Poincar\u00e9 et la relativit\u00e9 : 1900, 1905, 1912\"}]},{\"@type\":\"WebSite\",\"@id\":\"https:\/\/www.istegroup.com\/#website\",\"url\":\"https:\/\/www.istegroup.com\/\",\"name\":\"ISTE Group\",\"description\":\"Publishing Knowledge\",\"potentialAction\":[{\"@type\":\"SearchAction\",\"target\":{\"@type\":\"EntryPoint\",\"urlTemplate\":\"https:\/\/www.istegroup.com\/?s={search_term_string}\"},\"query-input\":{\"@type\":\"PropertyValueSpecification\",\"valueRequired\":true,\"valueName\":\"search_term_string\"}}],\"inLanguage\":\"en-US\"}]}<\/script>\n<!-- \/ Yoast SEO plugin. -->","yoast_head_json":{"title":"Henri Poincar\u00e9 et la relativit\u00e9 : 1900, 1905, 1912 - ISTE Group","description":"Cet ouvrage introduit et commente en d\u00e9tail l\u2019article m\u00e9connu de 1900 de Poincar\u00e9 en hommage \u00e0 Lorentz, puis sa communication de 1905 \u00e0 l\u2019Acad\u00e9mie des sciences et ses derni\u00e8res r\u00e9flexions en 1912 sur la signification physique du principe de relativit\u00e9.","robots":{"index":"index","follow":"follow","max-snippet":"max-snippet:-1","max-image-preview":"max-image-preview:large","max-video-preview":"max-video-preview:-1"},"canonical":"https:\/\/www.istegroup.com\/fr\/produit\/henri-poincare-et-la-relativite-1900-1905-1912\/","og_locale":"en_US","og_type":"article","og_title":"Henri Poincar\u00e9 et la relativit\u00e9 : 1900, 1905, 1912 - ISTE Group","og_description":"Cet ouvrage introduit et commente en d\u00e9tail l\u2019article m\u00e9connu de 1900 de Poincar\u00e9 en hommage \u00e0 Lorentz, puis sa communication de 1905 \u00e0 l\u2019Acad\u00e9mie des sciences et ses derni\u00e8res r\u00e9flexions en 1912 sur la signification physique du principe de relativit\u00e9.","og_url":"https:\/\/www.istegroup.com\/fr\/produit\/henri-poincare-et-la-relativite-1900-1905-1912\/","og_site_name":"ISTE Group","article_modified_time":"2024-04-23T13:11:22+00:00","og_image":[{"width":598,"height":900,"url":"https:\/\/www.istegroup.com\/wp-content\/uploads\/2023\/07\/Henri-Poincare-et-la-relativite-1900-1905-1912.jpg","type":"image\/jpeg"}],"twitter_card":"summary_large_image","twitter_misc":{"Est. reading time":"1 minute"},"schema":{"@context":"https:\/\/schema.org","@graph":[{"@type":"WebPage","@id":"https:\/\/www.istegroup.com\/fr\/produit\/henri-poincare-et-la-relativite-1900-1905-1912\/","url":"https:\/\/www.istegroup.com\/fr\/produit\/henri-poincare-et-la-relativite-1900-1905-1912\/","name":"Henri Poincar\u00e9 et la relativit\u00e9 : 1900, 1905, 1912 - ISTE Group","isPartOf":{"@id":"https:\/\/www.istegroup.com\/#website"},"primaryImageOfPage":{"@id":"https:\/\/www.istegroup.com\/fr\/produit\/henri-poincare-et-la-relativite-1900-1905-1912\/#primaryimage"},"image":{"@id":"https:\/\/www.istegroup.com\/fr\/produit\/henri-poincare-et-la-relativite-1900-1905-1912\/#primaryimage"},"thumbnailUrl":"https:\/\/www.istegroup.com\/wp-content\/uploads\/2023\/07\/Henri-Poincare-et-la-relativite-1900-1905-1912.jpg","datePublished":"2023-07-18T12:44:13+00:00","dateModified":"2024-04-23T13:11:22+00:00","description":"Cet ouvrage introduit et commente en d\u00e9tail l\u2019article m\u00e9connu de 1900 de Poincar\u00e9 en hommage \u00e0 Lorentz, puis sa communication de 1905 \u00e0 l\u2019Acad\u00e9mie des sciences et ses derni\u00e8res r\u00e9flexions en 1912 sur la signification physique du principe de relativit\u00e9.","breadcrumb":{"@id":"https:\/\/www.istegroup.com\/fr\/produit\/henri-poincare-et-la-relativite-1900-1905-1912\/#breadcrumb"},"inLanguage":"en-US","potentialAction":[{"@type":"ReadAction","target":["https:\/\/www.istegroup.com\/fr\/produit\/henri-poincare-et-la-relativite-1900-1905-1912\/"]}]},{"@type":"ImageObject","inLanguage":"en-US","@id":"https:\/\/www.istegroup.com\/fr\/produit\/henri-poincare-et-la-relativite-1900-1905-1912\/#primaryimage","url":"https:\/\/www.istegroup.com\/wp-content\/uploads\/2023\/07\/Henri-Poincare-et-la-relativite-1900-1905-1912.jpg","contentUrl":"https:\/\/www.istegroup.com\/wp-content\/uploads\/2023\/07\/Henri-Poincare-et-la-relativite-1900-1905-1912.jpg","width":598,"height":900,"caption":"Livre scientifique - Henri Poincar\u00e9 et la relativit\u00e9 1900, 1905, 1912"},{"@type":"BreadcrumbList","@id":"https:\/\/www.istegroup.com\/fr\/produit\/henri-poincare-et-la-relativite-1900-1905-1912\/#breadcrumb","itemListElement":[{"@type":"ListItem","position":1,"name":"Home","item":"https:\/\/www.istegroup.com\/"},{"@type":"ListItem","position":2,"name":"Shop","item":"https:\/\/www.istegroup.com\/fr\/nouveautes\/"},{"@type":"ListItem","position":3,"name":"Henri Poincar\u00e9 et la relativit\u00e9 : 1900, 1905, 1912"}]},{"@type":"WebSite","@id":"https:\/\/www.istegroup.com\/#website","url":"https:\/\/www.istegroup.com\/","name":"ISTE Group","description":"Publishing Knowledge","potentialAction":[{"@type":"SearchAction","target":{"@type":"EntryPoint","urlTemplate":"https:\/\/www.istegroup.com\/?s={search_term_string}"},"query-input":{"@type":"PropertyValueSpecification","valueRequired":true,"valueName":"search_term_string"}}],"inLanguage":"en-US"}]}},"_links":{"self":[{"href":"https:\/\/www.istegroup.com\/en\/wp-json\/wp\/v2\/product\/52502","targetHints":{"allow":["GET"]}}],"collection":[{"href":"https:\/\/www.istegroup.com\/en\/wp-json\/wp\/v2\/product"}],"about":[{"href":"https:\/\/www.istegroup.com\/en\/wp-json\/wp\/v2\/types\/product"}],"wp:featuredmedia":[{"embeddable":true,"href":"https:\/\/www.istegroup.com\/en\/wp-json\/wp\/v2\/media\/52510"}],"wp:attachment":[{"href":"https:\/\/www.istegroup.com\/en\/wp-json\/wp\/v2\/media?parent=52502"}],"wp:term":[{"taxonomy":"product_brand","embeddable":true,"href":"https:\/\/www.istegroup.com\/en\/wp-json\/wp\/v2\/product_brand?post=52502"},{"taxonomy":"product_cat","embeddable":true,"href":"https:\/\/www.istegroup.com\/en\/wp-json\/wp\/v2\/product_cat?post=52502"},{"taxonomy":"product_tag","embeddable":true,"href":"https:\/\/www.istegroup.com\/en\/wp-json\/wp\/v2\/product_tag?post=52502"}],"curies":[{"name":"wp","href":"https:\/\/api.w.org\/{rel}","templated":true}]}}