{"id":51996,"date":"2023-06-08T14:37:12","date_gmt":"2023-06-08T13:37:12","guid":{"rendered":"https:\/\/www.istegroup.com\/?post_type=product&#038;p=51996"},"modified":"2024-02-05T14:03:57","modified_gmt":"2024-02-05T14:03:57","slug":"synthetiseurs-et-synthese-sonore-soustractive-1","status":"publish","type":"product","link":"https:\/\/www.istegroup.com\/en\/produit\/synthetiseurs-et-synthese-sonore-soustractive-1\/","title":{"rendered":"Synth\u00e9tiseurs et synth\u00e8se sonore soustractive 1"},"content":{"rendered":"<p class=\"qtranxs-available-languages-message qtranxs-available-languages-message-en\">Sorry, this entry is only available in <a href=\"https:\/\/www.istegroup.com\/fr\/wp-json\/wp\/v2\/product\/51996\" class=\"qtranxs-available-language-link qtranxs-available-language-link-fr\" title=\"FR\">FR<\/a>.<\/p>","protected":false},"excerpt":{"rendered":"<p>Sorry, this entry is only available in FR.<\/p>\n","protected":false},"featured_media":52000,"template":"","meta":{"_acf_changed":false,"_links_to":"","_links_to_target":""},"product_brand":[],"product_cat":[677],"product_tag":[],"class_list":{"0":"post-51996","1":"product","2":"type-product","3":"status-publish","4":"has-post-thumbnail","6":"product_cat-ondes-12506522","8":"first","9":"instock","10":"shipping-taxable","11":"purchasable","12":"product-type-variable"},"acf":[],"yoast_head":"<!-- This site is optimized with the Yoast SEO plugin v27.2 - https:\/\/yoast.com\/product\/yoast-seo-wordpress\/ -->\n<title>Synth\u00e9tiseurs et synth\u00e8se sonore soustractive 1 - ISTE Group<\/title>\n<meta name=\"description\" content=\"Synth\u00e9tiseurs et synth\u00e8se sonore soustractive 1 pr\u00e9sente les bases th\u00e9oriques d\u2019un ph\u00e9nom\u00e8ne sonore, les diff\u00e9rents types de synth\u00e8se, les composants n\u00e9cessaires et pr\u00e9sents au sein des synth\u00e9tiseurs, l\u2019environnement de travail propre \u00e0 l\u2019\u00e9tude de la synth\u00e8se soustractive et les mat\u00e9riels et logiciels disponibles.\" \/>\n<meta name=\"robots\" content=\"index, follow, max-snippet:-1, max-image-preview:large, max-video-preview:-1\" \/>\n<link rel=\"canonical\" href=\"https:\/\/www.istegroup.com\/fr\/produit\/synthetiseurs-et-synthese-sonore-soustractive-1\/\" \/>\n<meta property=\"og:locale\" content=\"en_US\" \/>\n<meta property=\"og:type\" content=\"article\" \/>\n<meta property=\"og:title\" content=\"Synth\u00e9tiseurs et synth\u00e8se sonore soustractive 1 - ISTE Group\" \/>\n<meta property=\"og:description\" content=\"Synth\u00e9tiseurs et synth\u00e8se sonore soustractive 1 pr\u00e9sente les bases th\u00e9oriques d\u2019un ph\u00e9nom\u00e8ne sonore, les diff\u00e9rents types de synth\u00e8se, les composants n\u00e9cessaires et pr\u00e9sents au sein des synth\u00e9tiseurs, l\u2019environnement de travail propre \u00e0 l\u2019\u00e9tude de la synth\u00e8se soustractive et les mat\u00e9riels et logiciels disponibles.\" \/>\n<meta property=\"og:url\" content=\"https:\/\/www.istegroup.com\/fr\/produit\/synthetiseurs-et-synthese-sonore-soustractive-1\/\" \/>\n<meta property=\"og:site_name\" content=\"ISTE Group\" \/>\n<meta property=\"article:modified_time\" content=\"2024-02-05T14:03:57+00:00\" \/>\n<meta property=\"og:image\" content=\"https:\/\/www.istegroup.com\/wp-content\/uploads\/2023\/06\/Synthetiseurs-et-synthese-sonore-soustractive-1.jpg\" \/>\n\t<meta property=\"og:image:width\" content=\"598\" \/>\n\t<meta property=\"og:image:height\" content=\"899\" \/>\n\t<meta property=\"og:image:type\" content=\"image\/jpeg\" \/>\n<meta name=\"twitter:card\" content=\"summary_large_image\" \/>\n<meta name=\"twitter:label1\" content=\"Est. reading time\" \/>\n\t<meta name=\"twitter:data1\" content=\"1 minute\" \/>\n<script type=\"application\/ld+json\" class=\"yoast-schema-graph\">{\"@context\":\"https:\/\/schema.org\",\"@graph\":[{\"@type\":\"WebPage\",\"@id\":\"https:\/\/www.istegroup.com\/fr\/produit\/synthetiseurs-et-synthese-sonore-soustractive-1\/\",\"url\":\"https:\/\/www.istegroup.com\/fr\/produit\/synthetiseurs-et-synthese-sonore-soustractive-1\/\",\"name\":\"Synth\u00e9tiseurs et synth\u00e8se sonore soustractive 1 - ISTE Group\",\"isPartOf\":{\"@id\":\"https:\/\/www.istegroup.com\/#website\"},\"primaryImageOfPage\":{\"@id\":\"https:\/\/www.istegroup.com\/fr\/produit\/synthetiseurs-et-synthese-sonore-soustractive-1\/#primaryimage\"},\"image\":{\"@id\":\"https:\/\/www.istegroup.com\/fr\/produit\/synthetiseurs-et-synthese-sonore-soustractive-1\/#primaryimage\"},\"thumbnailUrl\":\"https:\/\/www.istegroup.com\/wp-content\/uploads\/2023\/06\/Synthetiseurs-et-synthese-sonore-soustractive-1.jpg\",\"datePublished\":\"2023-06-08T13:37:12+00:00\",\"dateModified\":\"2024-02-05T14:03:57+00:00\",\"description\":\"Synth\u00e9tiseurs et synth\u00e8se sonore soustractive 1 pr\u00e9sente les bases th\u00e9oriques d\u2019un ph\u00e9nom\u00e8ne sonore, les diff\u00e9rents types de synth\u00e8se, les composants n\u00e9cessaires et pr\u00e9sents au sein des synth\u00e9tiseurs, l\u2019environnement de travail propre \u00e0 l\u2019\u00e9tude de la synth\u00e8se soustractive et les mat\u00e9riels et logiciels disponibles.\",\"breadcrumb\":{\"@id\":\"https:\/\/www.istegroup.com\/fr\/produit\/synthetiseurs-et-synthese-sonore-soustractive-1\/#breadcrumb\"},\"inLanguage\":\"en-US\",\"potentialAction\":[{\"@type\":\"ReadAction\",\"target\":[\"https:\/\/www.istegroup.com\/fr\/produit\/synthetiseurs-et-synthese-sonore-soustractive-1\/\"]}]},{\"@type\":\"ImageObject\",\"inLanguage\":\"en-US\",\"@id\":\"https:\/\/www.istegroup.com\/fr\/produit\/synthetiseurs-et-synthese-sonore-soustractive-1\/#primaryimage\",\"url\":\"https:\/\/www.istegroup.com\/wp-content\/uploads\/2023\/06\/Synthetiseurs-et-synthese-sonore-soustractive-1.jpg\",\"contentUrl\":\"https:\/\/www.istegroup.com\/wp-content\/uploads\/2023\/06\/Synthetiseurs-et-synthese-sonore-soustractive-1.jpg\",\"width\":598,\"height\":899,\"caption\":\"Livre scientifique - Synth\u00e9tiseurs et synth\u00e8se sonore soustractive 1\"},{\"@type\":\"BreadcrumbList\",\"@id\":\"https:\/\/www.istegroup.com\/fr\/produit\/synthetiseurs-et-synthese-sonore-soustractive-1\/#breadcrumb\",\"itemListElement\":[{\"@type\":\"ListItem\",\"position\":1,\"name\":\"Home\",\"item\":\"https:\/\/www.istegroup.com\/\"},{\"@type\":\"ListItem\",\"position\":2,\"name\":\"Shop\",\"item\":\"https:\/\/www.istegroup.com\/fr\/nouveautes\/\"},{\"@type\":\"ListItem\",\"position\":3,\"name\":\"Synth\u00e9tiseurs et synth\u00e8se sonore soustractive 1\"}]},{\"@type\":\"WebSite\",\"@id\":\"https:\/\/www.istegroup.com\/#website\",\"url\":\"https:\/\/www.istegroup.com\/\",\"name\":\"ISTE Group\",\"description\":\"Publishing Knowledge\",\"potentialAction\":[{\"@type\":\"SearchAction\",\"target\":{\"@type\":\"EntryPoint\",\"urlTemplate\":\"https:\/\/www.istegroup.com\/?s={search_term_string}\"},\"query-input\":{\"@type\":\"PropertyValueSpecification\",\"valueRequired\":true,\"valueName\":\"search_term_string\"}}],\"inLanguage\":\"en-US\"}]}<\/script>\n<!-- \/ Yoast SEO plugin. -->","yoast_head_json":{"title":"Synth\u00e9tiseurs et synth\u00e8se sonore soustractive 1 - ISTE Group","description":"Synth\u00e9tiseurs et synth\u00e8se sonore soustractive 1 pr\u00e9sente les bases th\u00e9oriques d\u2019un ph\u00e9nom\u00e8ne sonore, les diff\u00e9rents types de synth\u00e8se, les composants n\u00e9cessaires et pr\u00e9sents au sein des synth\u00e9tiseurs, l\u2019environnement de travail propre \u00e0 l\u2019\u00e9tude de la synth\u00e8se soustractive et les mat\u00e9riels et logiciels disponibles.","robots":{"index":"index","follow":"follow","max-snippet":"max-snippet:-1","max-image-preview":"max-image-preview:large","max-video-preview":"max-video-preview:-1"},"canonical":"https:\/\/www.istegroup.com\/fr\/produit\/synthetiseurs-et-synthese-sonore-soustractive-1\/","og_locale":"en_US","og_type":"article","og_title":"Synth\u00e9tiseurs et synth\u00e8se sonore soustractive 1 - ISTE Group","og_description":"Synth\u00e9tiseurs et synth\u00e8se sonore soustractive 1 pr\u00e9sente les bases th\u00e9oriques d\u2019un ph\u00e9nom\u00e8ne sonore, les diff\u00e9rents types de synth\u00e8se, les composants n\u00e9cessaires et pr\u00e9sents au sein des synth\u00e9tiseurs, l\u2019environnement de travail propre \u00e0 l\u2019\u00e9tude de la synth\u00e8se soustractive et les mat\u00e9riels et logiciels disponibles.","og_url":"https:\/\/www.istegroup.com\/fr\/produit\/synthetiseurs-et-synthese-sonore-soustractive-1\/","og_site_name":"ISTE Group","article_modified_time":"2024-02-05T14:03:57+00:00","og_image":[{"width":598,"height":899,"url":"https:\/\/www.istegroup.com\/wp-content\/uploads\/2023\/06\/Synthetiseurs-et-synthese-sonore-soustractive-1.jpg","type":"image\/jpeg"}],"twitter_card":"summary_large_image","twitter_misc":{"Est. reading time":"1 minute"},"schema":{"@context":"https:\/\/schema.org","@graph":[{"@type":"WebPage","@id":"https:\/\/www.istegroup.com\/fr\/produit\/synthetiseurs-et-synthese-sonore-soustractive-1\/","url":"https:\/\/www.istegroup.com\/fr\/produit\/synthetiseurs-et-synthese-sonore-soustractive-1\/","name":"Synth\u00e9tiseurs et synth\u00e8se sonore soustractive 1 - ISTE Group","isPartOf":{"@id":"https:\/\/www.istegroup.com\/#website"},"primaryImageOfPage":{"@id":"https:\/\/www.istegroup.com\/fr\/produit\/synthetiseurs-et-synthese-sonore-soustractive-1\/#primaryimage"},"image":{"@id":"https:\/\/www.istegroup.com\/fr\/produit\/synthetiseurs-et-synthese-sonore-soustractive-1\/#primaryimage"},"thumbnailUrl":"https:\/\/www.istegroup.com\/wp-content\/uploads\/2023\/06\/Synthetiseurs-et-synthese-sonore-soustractive-1.jpg","datePublished":"2023-06-08T13:37:12+00:00","dateModified":"2024-02-05T14:03:57+00:00","description":"Synth\u00e9tiseurs et synth\u00e8se sonore soustractive 1 pr\u00e9sente les bases th\u00e9oriques d\u2019un ph\u00e9nom\u00e8ne sonore, les diff\u00e9rents types de synth\u00e8se, les composants n\u00e9cessaires et pr\u00e9sents au sein des synth\u00e9tiseurs, l\u2019environnement de travail propre \u00e0 l\u2019\u00e9tude de la synth\u00e8se soustractive et les mat\u00e9riels et logiciels disponibles.","breadcrumb":{"@id":"https:\/\/www.istegroup.com\/fr\/produit\/synthetiseurs-et-synthese-sonore-soustractive-1\/#breadcrumb"},"inLanguage":"en-US","potentialAction":[{"@type":"ReadAction","target":["https:\/\/www.istegroup.com\/fr\/produit\/synthetiseurs-et-synthese-sonore-soustractive-1\/"]}]},{"@type":"ImageObject","inLanguage":"en-US","@id":"https:\/\/www.istegroup.com\/fr\/produit\/synthetiseurs-et-synthese-sonore-soustractive-1\/#primaryimage","url":"https:\/\/www.istegroup.com\/wp-content\/uploads\/2023\/06\/Synthetiseurs-et-synthese-sonore-soustractive-1.jpg","contentUrl":"https:\/\/www.istegroup.com\/wp-content\/uploads\/2023\/06\/Synthetiseurs-et-synthese-sonore-soustractive-1.jpg","width":598,"height":899,"caption":"Livre scientifique - Synth\u00e9tiseurs et synth\u00e8se sonore soustractive 1"},{"@type":"BreadcrumbList","@id":"https:\/\/www.istegroup.com\/fr\/produit\/synthetiseurs-et-synthese-sonore-soustractive-1\/#breadcrumb","itemListElement":[{"@type":"ListItem","position":1,"name":"Home","item":"https:\/\/www.istegroup.com\/"},{"@type":"ListItem","position":2,"name":"Shop","item":"https:\/\/www.istegroup.com\/fr\/nouveautes\/"},{"@type":"ListItem","position":3,"name":"Synth\u00e9tiseurs et synth\u00e8se sonore soustractive 1"}]},{"@type":"WebSite","@id":"https:\/\/www.istegroup.com\/#website","url":"https:\/\/www.istegroup.com\/","name":"ISTE Group","description":"Publishing Knowledge","potentialAction":[{"@type":"SearchAction","target":{"@type":"EntryPoint","urlTemplate":"https:\/\/www.istegroup.com\/?s={search_term_string}"},"query-input":{"@type":"PropertyValueSpecification","valueRequired":true,"valueName":"search_term_string"}}],"inLanguage":"en-US"}]}},"_links":{"self":[{"href":"https:\/\/www.istegroup.com\/en\/wp-json\/wp\/v2\/product\/51996","targetHints":{"allow":["GET"]}}],"collection":[{"href":"https:\/\/www.istegroup.com\/en\/wp-json\/wp\/v2\/product"}],"about":[{"href":"https:\/\/www.istegroup.com\/en\/wp-json\/wp\/v2\/types\/product"}],"wp:featuredmedia":[{"embeddable":true,"href":"https:\/\/www.istegroup.com\/en\/wp-json\/wp\/v2\/media\/52000"}],"wp:attachment":[{"href":"https:\/\/www.istegroup.com\/en\/wp-json\/wp\/v2\/media?parent=51996"}],"wp:term":[{"taxonomy":"product_brand","embeddable":true,"href":"https:\/\/www.istegroup.com\/en\/wp-json\/wp\/v2\/product_brand?post=51996"},{"taxonomy":"product_cat","embeddable":true,"href":"https:\/\/www.istegroup.com\/en\/wp-json\/wp\/v2\/product_cat?post=51996"},{"taxonomy":"product_tag","embeddable":true,"href":"https:\/\/www.istegroup.com\/en\/wp-json\/wp\/v2\/product_tag?post=51996"}],"curies":[{"name":"wp","href":"https:\/\/api.w.org\/{rel}","templated":true}]}}