{"id":51881,"date":"2023-05-31T16:33:09","date_gmt":"2023-05-31T15:33:09","guid":{"rendered":"https:\/\/www.istegroup.com\/?post_type=product&#038;p=51881"},"modified":"2024-03-20T15:35:10","modified_gmt":"2024-03-20T15:35:10","slug":"complexites-2","status":"publish","type":"product","link":"https:\/\/www.istegroup.com\/en\/produit\/complexites-2\/","title":{"rendered":"Complexit\u00e9s 2"},"content":{"rendered":"<p>La prise de conscience de l\u2019existence de la complexit\u00e9 dans les sciences et techniques date des ann\u00e9es 1970. Or, tous les syst\u00e8mes sociaux ont tendance \u00e0 d\u00e9velopper des structures se complexifiant au cours du temps, que ce soit dans les familles, tribus, cit\u00e9s, \u00e9tats ou organisations soci\u00e9tales et \u00e9conomiques.<\/p>\n<p>Complexit\u00e9s 2 couvre un large spectre de domaines, partant de la justice, la linguistique, mais aussi l\u2019\u00e9ducation ou encore la gestion des organisations. L\u2019objectif de cet ouvrage est de montrer, sans pouvoir viser un panorama complet, ces diversit\u00e9s d\u2019approches et de comportements vis-\u00e0-vis de l\u2019obstacle que constitue la complexit\u00e9 dans la compr\u00e9hension et la r\u00e9alisation des actions humaines.<\/p>\n<p>D\u00e8s lors que l\u2019on consid\u00e8re la complexit\u00e9 comme l\u2019incompl\u00e9tude du savoir et l\u2019incertitude de l\u2019avenir, on s\u2019aper\u00e7oit aujourd\u2019hui que la simplification n\u2019est plus une approche satisfaisante de la complexit\u00e9, \u00e9galement dans le champ des sciences humaines et sociales. Son \u00e9tude vise \u00e0 la compr\u00e9hension entre ordre et d\u00e9sordre dans ce champ de connaissances.<\/p>","protected":false},"excerpt":{"rendered":"<p>La prise de conscience de l\u2019existence de la complexit\u00e9 dans les sciences et techniques date des ann\u00e9es 1970. Or, tous les syst\u00e8mes sociaux ont tendance \u00e0 d\u00e9velopper des structures se complexifiant au cours du temps, que ce soit dans les familles, tribus, cit\u00e9s, \u00e9tats ou organisations soci\u00e9tales et \u00e9conomiques. Complexit\u00e9s 2 couvre un large spectre [&hellip;]<\/p>\n","protected":false},"featured_media":51887,"template":"","meta":{"_acf_changed":false,"_links_to":"","_links_to_target":""},"product_brand":[],"product_cat":[708],"product_tag":[],"class_list":{"0":"post-51881","1":"product","2":"type-product","3":"status-publish","4":"has-post-thumbnail","6":"product_cat-systmes-et-gnie-industriel-11476925","8":"first","9":"instock","10":"shipping-taxable","11":"purchasable","12":"product-type-variable"},"acf":[],"yoast_head":"<!-- This site is optimized with the Yoast SEO plugin v27.2 - https:\/\/yoast.com\/product\/yoast-seo-wordpress\/ -->\n<title>Complexit\u00e9s 2 - ISTE Group<\/title>\n<meta name=\"description\" content=\"Complexit\u00e9s 2 couvre un large spectre de domaines, partant de la justice, la linguistique, mais aussi l\u2019\u00e9ducation ou encore la gestion des organisations.\" \/>\n<meta name=\"robots\" content=\"index, follow, max-snippet:-1, max-image-preview:large, max-video-preview:-1\" \/>\n<link rel=\"canonical\" href=\"https:\/\/www.istegroup.com\/fr\/produit\/complexites-2\/\" \/>\n<meta property=\"og:locale\" content=\"en_US\" \/>\n<meta property=\"og:type\" content=\"article\" \/>\n<meta property=\"og:title\" content=\"Complexit\u00e9s 2 - ISTE Group\" \/>\n<meta property=\"og:description\" content=\"Complexit\u00e9s 2 couvre un large spectre de domaines, partant de la justice, la linguistique, mais aussi l\u2019\u00e9ducation ou encore la gestion des organisations.\" \/>\n<meta property=\"og:url\" content=\"https:\/\/www.istegroup.com\/fr\/produit\/complexites-2\/\" \/>\n<meta property=\"og:site_name\" content=\"ISTE Group\" \/>\n<meta property=\"article:modified_time\" content=\"2024-03-20T15:35:10+00:00\" \/>\n<meta property=\"og:image\" content=\"https:\/\/www.istegroup.com\/wp-content\/uploads\/2023\/05\/Complexites-2.png\" \/>\n\t<meta property=\"og:image:width\" content=\"571\" \/>\n\t<meta property=\"og:image:height\" content=\"856\" \/>\n\t<meta property=\"og:image:type\" content=\"image\/png\" \/>\n<meta name=\"twitter:card\" content=\"summary_large_image\" \/>\n<meta name=\"twitter:label1\" content=\"Est. reading time\" \/>\n\t<meta name=\"twitter:data1\" content=\"2 minutes\" \/>\n<script type=\"application\/ld+json\" class=\"yoast-schema-graph\">{\"@context\":\"https:\/\/schema.org\",\"@graph\":[{\"@type\":\"WebPage\",\"@id\":\"https:\/\/www.istegroup.com\/fr\/produit\/complexites-2\/\",\"url\":\"https:\/\/www.istegroup.com\/fr\/produit\/complexites-2\/\",\"name\":\"Complexit\u00e9s 2 - ISTE Group\",\"isPartOf\":{\"@id\":\"https:\/\/www.istegroup.com\/#website\"},\"primaryImageOfPage\":{\"@id\":\"https:\/\/www.istegroup.com\/fr\/produit\/complexites-2\/#primaryimage\"},\"image\":{\"@id\":\"https:\/\/www.istegroup.com\/fr\/produit\/complexites-2\/#primaryimage\"},\"thumbnailUrl\":\"https:\/\/www.istegroup.com\/wp-content\/uploads\/2023\/05\/Complexites-2.png\",\"datePublished\":\"2023-05-31T15:33:09+00:00\",\"dateModified\":\"2024-03-20T15:35:10+00:00\",\"description\":\"Complexit\u00e9s 2 couvre un large spectre de domaines, partant de la justice, la linguistique, mais aussi l\u2019\u00e9ducation ou encore la gestion des organisations.\",\"breadcrumb\":{\"@id\":\"https:\/\/www.istegroup.com\/fr\/produit\/complexites-2\/#breadcrumb\"},\"inLanguage\":\"en-US\",\"potentialAction\":[{\"@type\":\"ReadAction\",\"target\":[\"https:\/\/www.istegroup.com\/fr\/produit\/complexites-2\/\"]}]},{\"@type\":\"ImageObject\",\"inLanguage\":\"en-US\",\"@id\":\"https:\/\/www.istegroup.com\/fr\/produit\/complexites-2\/#primaryimage\",\"url\":\"https:\/\/www.istegroup.com\/wp-content\/uploads\/2023\/05\/Complexites-2.png\",\"contentUrl\":\"https:\/\/www.istegroup.com\/wp-content\/uploads\/2023\/05\/Complexites-2.png\",\"width\":571,\"height\":856,\"caption\":\"Livre scientifique - Complexit\u00e9s 2\"},{\"@type\":\"BreadcrumbList\",\"@id\":\"https:\/\/www.istegroup.com\/fr\/produit\/complexites-2\/#breadcrumb\",\"itemListElement\":[{\"@type\":\"ListItem\",\"position\":1,\"name\":\"Home\",\"item\":\"https:\/\/www.istegroup.com\/\"},{\"@type\":\"ListItem\",\"position\":2,\"name\":\"Shop\",\"item\":\"https:\/\/www.istegroup.com\/fr\/nouveautes\/\"},{\"@type\":\"ListItem\",\"position\":3,\"name\":\"Complexit\u00e9s 2\"}]},{\"@type\":\"WebSite\",\"@id\":\"https:\/\/www.istegroup.com\/#website\",\"url\":\"https:\/\/www.istegroup.com\/\",\"name\":\"ISTE Group\",\"description\":\"Publishing Knowledge\",\"potentialAction\":[{\"@type\":\"SearchAction\",\"target\":{\"@type\":\"EntryPoint\",\"urlTemplate\":\"https:\/\/www.istegroup.com\/?s={search_term_string}\"},\"query-input\":{\"@type\":\"PropertyValueSpecification\",\"valueRequired\":true,\"valueName\":\"search_term_string\"}}],\"inLanguage\":\"en-US\"}]}<\/script>\n<!-- \/ Yoast SEO plugin. -->","yoast_head_json":{"title":"Complexit\u00e9s 2 - ISTE Group","description":"Complexit\u00e9s 2 couvre un large spectre de domaines, partant de la justice, la linguistique, mais aussi l\u2019\u00e9ducation ou encore la gestion des organisations.","robots":{"index":"index","follow":"follow","max-snippet":"max-snippet:-1","max-image-preview":"max-image-preview:large","max-video-preview":"max-video-preview:-1"},"canonical":"https:\/\/www.istegroup.com\/fr\/produit\/complexites-2\/","og_locale":"en_US","og_type":"article","og_title":"Complexit\u00e9s 2 - ISTE Group","og_description":"Complexit\u00e9s 2 couvre un large spectre de domaines, partant de la justice, la linguistique, mais aussi l\u2019\u00e9ducation ou encore la gestion des organisations.","og_url":"https:\/\/www.istegroup.com\/fr\/produit\/complexites-2\/","og_site_name":"ISTE Group","article_modified_time":"2024-03-20T15:35:10+00:00","og_image":[{"width":571,"height":856,"url":"https:\/\/www.istegroup.com\/wp-content\/uploads\/2023\/05\/Complexites-2.png","type":"image\/png"}],"twitter_card":"summary_large_image","twitter_misc":{"Est. reading time":"2 minutes"},"schema":{"@context":"https:\/\/schema.org","@graph":[{"@type":"WebPage","@id":"https:\/\/www.istegroup.com\/fr\/produit\/complexites-2\/","url":"https:\/\/www.istegroup.com\/fr\/produit\/complexites-2\/","name":"Complexit\u00e9s 2 - ISTE Group","isPartOf":{"@id":"https:\/\/www.istegroup.com\/#website"},"primaryImageOfPage":{"@id":"https:\/\/www.istegroup.com\/fr\/produit\/complexites-2\/#primaryimage"},"image":{"@id":"https:\/\/www.istegroup.com\/fr\/produit\/complexites-2\/#primaryimage"},"thumbnailUrl":"https:\/\/www.istegroup.com\/wp-content\/uploads\/2023\/05\/Complexites-2.png","datePublished":"2023-05-31T15:33:09+00:00","dateModified":"2024-03-20T15:35:10+00:00","description":"Complexit\u00e9s 2 couvre un large spectre de domaines, partant de la justice, la linguistique, mais aussi l\u2019\u00e9ducation ou encore la gestion des organisations.","breadcrumb":{"@id":"https:\/\/www.istegroup.com\/fr\/produit\/complexites-2\/#breadcrumb"},"inLanguage":"en-US","potentialAction":[{"@type":"ReadAction","target":["https:\/\/www.istegroup.com\/fr\/produit\/complexites-2\/"]}]},{"@type":"ImageObject","inLanguage":"en-US","@id":"https:\/\/www.istegroup.com\/fr\/produit\/complexites-2\/#primaryimage","url":"https:\/\/www.istegroup.com\/wp-content\/uploads\/2023\/05\/Complexites-2.png","contentUrl":"https:\/\/www.istegroup.com\/wp-content\/uploads\/2023\/05\/Complexites-2.png","width":571,"height":856,"caption":"Livre scientifique - Complexit\u00e9s 2"},{"@type":"BreadcrumbList","@id":"https:\/\/www.istegroup.com\/fr\/produit\/complexites-2\/#breadcrumb","itemListElement":[{"@type":"ListItem","position":1,"name":"Home","item":"https:\/\/www.istegroup.com\/"},{"@type":"ListItem","position":2,"name":"Shop","item":"https:\/\/www.istegroup.com\/fr\/nouveautes\/"},{"@type":"ListItem","position":3,"name":"Complexit\u00e9s 2"}]},{"@type":"WebSite","@id":"https:\/\/www.istegroup.com\/#website","url":"https:\/\/www.istegroup.com\/","name":"ISTE Group","description":"Publishing Knowledge","potentialAction":[{"@type":"SearchAction","target":{"@type":"EntryPoint","urlTemplate":"https:\/\/www.istegroup.com\/?s={search_term_string}"},"query-input":{"@type":"PropertyValueSpecification","valueRequired":true,"valueName":"search_term_string"}}],"inLanguage":"en-US"}]}},"_links":{"self":[{"href":"https:\/\/www.istegroup.com\/en\/wp-json\/wp\/v2\/product\/51881","targetHints":{"allow":["GET"]}}],"collection":[{"href":"https:\/\/www.istegroup.com\/en\/wp-json\/wp\/v2\/product"}],"about":[{"href":"https:\/\/www.istegroup.com\/en\/wp-json\/wp\/v2\/types\/product"}],"wp:featuredmedia":[{"embeddable":true,"href":"https:\/\/www.istegroup.com\/en\/wp-json\/wp\/v2\/media\/51887"}],"wp:attachment":[{"href":"https:\/\/www.istegroup.com\/en\/wp-json\/wp\/v2\/media?parent=51881"}],"wp:term":[{"taxonomy":"product_brand","embeddable":true,"href":"https:\/\/www.istegroup.com\/en\/wp-json\/wp\/v2\/product_brand?post=51881"},{"taxonomy":"product_cat","embeddable":true,"href":"https:\/\/www.istegroup.com\/en\/wp-json\/wp\/v2\/product_cat?post=51881"},{"taxonomy":"product_tag","embeddable":true,"href":"https:\/\/www.istegroup.com\/en\/wp-json\/wp\/v2\/product_tag?post=51881"}],"curies":[{"name":"wp","href":"https:\/\/api.w.org\/{rel}","templated":true}]}}