{"id":51341,"date":"2023-04-17T15:56:47","date_gmt":"2023-04-17T14:56:47","guid":{"rendered":"https:\/\/www.istegroup.com\/?post_type=product&#038;p=51341"},"modified":"2024-03-20T15:30:56","modified_gmt":"2024-03-20T15:30:56","slug":"fusees-et-satellites-de-youjnoe","status":"publish","type":"product","link":"https:\/\/www.istegroup.com\/en\/produit\/fusees-et-satellites-de-youjnoe\/","title":{"rendered":"Fus\u00e9es et satellites de Youjnoe"},"content":{"rendered":"<p class=\"qtranxs-available-languages-message qtranxs-available-languages-message-en\">Sorry, this entry is only available in <a href=\"https:\/\/www.istegroup.com\/fr\/wp-json\/wp\/v2\/product\/51341\" class=\"qtranxs-available-language-link qtranxs-available-language-link-fr\" title=\"FR\">FR<\/a>.<\/p>","protected":false},"excerpt":{"rendered":"<p>Sorry, this entry is only available in FR.<\/p>\n","protected":false},"featured_media":51345,"template":"","meta":{"_acf_changed":false,"_links_to":"","_links_to_target":""},"product_brand":[],"product_cat":[704],"product_tag":[],"class_list":{"0":"post-51341","1":"product","2":"type-product","3":"status-publish","4":"has-post-thumbnail","6":"product_cat-spatiologie-375858824","8":"first","9":"instock","10":"shipping-taxable","11":"purchasable","12":"product-type-variable"},"acf":[],"yoast_head":"<!-- This site is optimized with the Yoast SEO plugin v27.2 - https:\/\/yoast.com\/product\/yoast-seo-wordpress\/ -->\n<title>Fus\u00e9es et satellites de Youjnoe - ISTE Group<\/title>\n<meta name=\"description\" content=\"Fus\u00e9es et satellites de Youjnoe traite des diff\u00e9rents programmes qui ont \u00e9t\u00e9 r\u00e9alis\u00e9s pendant les 40 ans de la p\u00e9riode sovi\u00e9tique li\u00e9e \u00e0 la course aux armements et \u00e0 la course \u00e0 l\u2019espace entre les \u00c9tats-Unis et l\u2019Union sovi\u00e9tique\" \/>\n<meta name=\"robots\" content=\"index, follow, max-snippet:-1, max-image-preview:large, max-video-preview:-1\" \/>\n<link rel=\"canonical\" href=\"https:\/\/www.istegroup.com\/en\/produit\/fusees-et-satellites-de-youjnoe\/\" \/>\n<meta property=\"og:locale\" content=\"en_US\" \/>\n<meta property=\"og:type\" content=\"article\" \/>\n<meta property=\"og:title\" content=\"Fus\u00e9es et satellites de Youjnoe - ISTE Group\" \/>\n<meta property=\"og:description\" content=\"Fus\u00e9es et satellites de Youjnoe traite des diff\u00e9rents programmes qui ont \u00e9t\u00e9 r\u00e9alis\u00e9s pendant les 40 ans de la p\u00e9riode sovi\u00e9tique li\u00e9e \u00e0 la course aux armements et \u00e0 la course \u00e0 l\u2019espace entre les \u00c9tats-Unis et l\u2019Union sovi\u00e9tique\" \/>\n<meta property=\"og:url\" content=\"https:\/\/www.istegroup.com\/en\/produit\/fusees-et-satellites-de-youjnoe\/\" \/>\n<meta property=\"og:site_name\" content=\"ISTE Group\" \/>\n<meta property=\"article:modified_time\" content=\"2024-03-20T15:30:56+00:00\" \/>\n<meta property=\"og:image\" content=\"https:\/\/www.istegroup.com\/wp-content\/uploads\/2023\/04\/Fusees-et-satellites-de-Youjnoe.jpg\" \/>\n\t<meta property=\"og:image:width\" content=\"598\" \/>\n\t<meta property=\"og:image:height\" content=\"901\" \/>\n\t<meta property=\"og:image:type\" content=\"image\/jpeg\" \/>\n<meta name=\"twitter:card\" content=\"summary_large_image\" \/>\n<meta name=\"twitter:label1\" content=\"Est. reading time\" \/>\n\t<meta name=\"twitter:data1\" content=\"1 minute\" \/>\n<script type=\"application\/ld+json\" class=\"yoast-schema-graph\">{\"@context\":\"https:\/\/schema.org\",\"@graph\":[{\"@type\":\"WebPage\",\"@id\":\"https:\/\/www.istegroup.com\/en\/produit\/fusees-et-satellites-de-youjnoe\/\",\"url\":\"https:\/\/www.istegroup.com\/en\/produit\/fusees-et-satellites-de-youjnoe\/\",\"name\":\"Fus\u00e9es et satellites de Youjnoe - ISTE Group\",\"isPartOf\":{\"@id\":\"https:\/\/www.istegroup.com\/#website\"},\"primaryImageOfPage\":{\"@id\":\"https:\/\/www.istegroup.com\/en\/produit\/fusees-et-satellites-de-youjnoe\/#primaryimage\"},\"image\":{\"@id\":\"https:\/\/www.istegroup.com\/en\/produit\/fusees-et-satellites-de-youjnoe\/#primaryimage\"},\"thumbnailUrl\":\"https:\/\/www.istegroup.com\/wp-content\/uploads\/2023\/04\/Fusees-et-satellites-de-Youjnoe.jpg\",\"datePublished\":\"2023-04-17T14:56:47+00:00\",\"dateModified\":\"2024-03-20T15:30:56+00:00\",\"description\":\"Fus\u00e9es et satellites de Youjnoe traite des diff\u00e9rents programmes qui ont \u00e9t\u00e9 r\u00e9alis\u00e9s pendant les 40 ans de la p\u00e9riode sovi\u00e9tique li\u00e9e \u00e0 la course aux armements et \u00e0 la course \u00e0 l\u2019espace entre les \u00c9tats-Unis et l\u2019Union sovi\u00e9tique\",\"breadcrumb\":{\"@id\":\"https:\/\/www.istegroup.com\/en\/produit\/fusees-et-satellites-de-youjnoe\/#breadcrumb\"},\"inLanguage\":\"en-US\",\"potentialAction\":[{\"@type\":\"ReadAction\",\"target\":[\"https:\/\/www.istegroup.com\/en\/produit\/fusees-et-satellites-de-youjnoe\/\"]}]},{\"@type\":\"ImageObject\",\"inLanguage\":\"en-US\",\"@id\":\"https:\/\/www.istegroup.com\/en\/produit\/fusees-et-satellites-de-youjnoe\/#primaryimage\",\"url\":\"https:\/\/www.istegroup.com\/wp-content\/uploads\/2023\/04\/Fusees-et-satellites-de-Youjnoe.jpg\",\"contentUrl\":\"https:\/\/www.istegroup.com\/wp-content\/uploads\/2023\/04\/Fusees-et-satellites-de-Youjnoe.jpg\",\"width\":598,\"height\":901,\"caption\":\"Livre scientifique - Fus\u00e9es et satellites de Youjnoe\"},{\"@type\":\"BreadcrumbList\",\"@id\":\"https:\/\/www.istegroup.com\/en\/produit\/fusees-et-satellites-de-youjnoe\/#breadcrumb\",\"itemListElement\":[{\"@type\":\"ListItem\",\"position\":1,\"name\":\"Home\",\"item\":\"https:\/\/www.istegroup.com\/\"},{\"@type\":\"ListItem\",\"position\":2,\"name\":\"Shop\",\"item\":\"https:\/\/www.istegroup.com\/fr\/nouveautes\/\"},{\"@type\":\"ListItem\",\"position\":3,\"name\":\"Fus\u00e9es et satellites de Youjnoe\"}]},{\"@type\":\"WebSite\",\"@id\":\"https:\/\/www.istegroup.com\/#website\",\"url\":\"https:\/\/www.istegroup.com\/\",\"name\":\"ISTE Group\",\"description\":\"Publishing Knowledge\",\"potentialAction\":[{\"@type\":\"SearchAction\",\"target\":{\"@type\":\"EntryPoint\",\"urlTemplate\":\"https:\/\/www.istegroup.com\/?s={search_term_string}\"},\"query-input\":{\"@type\":\"PropertyValueSpecification\",\"valueRequired\":true,\"valueName\":\"search_term_string\"}}],\"inLanguage\":\"en-US\"}]}<\/script>\n<!-- \/ Yoast SEO plugin. -->","yoast_head_json":{"title":"Fus\u00e9es et satellites de Youjnoe - ISTE Group","description":"Fus\u00e9es et satellites de Youjnoe traite des diff\u00e9rents programmes qui ont \u00e9t\u00e9 r\u00e9alis\u00e9s pendant les 40 ans de la p\u00e9riode sovi\u00e9tique li\u00e9e \u00e0 la course aux armements et \u00e0 la course \u00e0 l\u2019espace entre les \u00c9tats-Unis et l\u2019Union sovi\u00e9tique","robots":{"index":"index","follow":"follow","max-snippet":"max-snippet:-1","max-image-preview":"max-image-preview:large","max-video-preview":"max-video-preview:-1"},"canonical":"https:\/\/www.istegroup.com\/en\/produit\/fusees-et-satellites-de-youjnoe\/","og_locale":"en_US","og_type":"article","og_title":"Fus\u00e9es et satellites de Youjnoe - ISTE Group","og_description":"Fus\u00e9es et satellites de Youjnoe traite des diff\u00e9rents programmes qui ont \u00e9t\u00e9 r\u00e9alis\u00e9s pendant les 40 ans de la p\u00e9riode sovi\u00e9tique li\u00e9e \u00e0 la course aux armements et \u00e0 la course \u00e0 l\u2019espace entre les \u00c9tats-Unis et l\u2019Union sovi\u00e9tique","og_url":"https:\/\/www.istegroup.com\/en\/produit\/fusees-et-satellites-de-youjnoe\/","og_site_name":"ISTE Group","article_modified_time":"2024-03-20T15:30:56+00:00","og_image":[{"width":598,"height":901,"url":"https:\/\/www.istegroup.com\/wp-content\/uploads\/2023\/04\/Fusees-et-satellites-de-Youjnoe.jpg","type":"image\/jpeg"}],"twitter_card":"summary_large_image","twitter_misc":{"Est. reading time":"1 minute"},"schema":{"@context":"https:\/\/schema.org","@graph":[{"@type":"WebPage","@id":"https:\/\/www.istegroup.com\/en\/produit\/fusees-et-satellites-de-youjnoe\/","url":"https:\/\/www.istegroup.com\/en\/produit\/fusees-et-satellites-de-youjnoe\/","name":"Fus\u00e9es et satellites de Youjnoe - ISTE Group","isPartOf":{"@id":"https:\/\/www.istegroup.com\/#website"},"primaryImageOfPage":{"@id":"https:\/\/www.istegroup.com\/en\/produit\/fusees-et-satellites-de-youjnoe\/#primaryimage"},"image":{"@id":"https:\/\/www.istegroup.com\/en\/produit\/fusees-et-satellites-de-youjnoe\/#primaryimage"},"thumbnailUrl":"https:\/\/www.istegroup.com\/wp-content\/uploads\/2023\/04\/Fusees-et-satellites-de-Youjnoe.jpg","datePublished":"2023-04-17T14:56:47+00:00","dateModified":"2024-03-20T15:30:56+00:00","description":"Fus\u00e9es et satellites de Youjnoe traite des diff\u00e9rents programmes qui ont \u00e9t\u00e9 r\u00e9alis\u00e9s pendant les 40 ans de la p\u00e9riode sovi\u00e9tique li\u00e9e \u00e0 la course aux armements et \u00e0 la course \u00e0 l\u2019espace entre les \u00c9tats-Unis et l\u2019Union sovi\u00e9tique","breadcrumb":{"@id":"https:\/\/www.istegroup.com\/en\/produit\/fusees-et-satellites-de-youjnoe\/#breadcrumb"},"inLanguage":"en-US","potentialAction":[{"@type":"ReadAction","target":["https:\/\/www.istegroup.com\/en\/produit\/fusees-et-satellites-de-youjnoe\/"]}]},{"@type":"ImageObject","inLanguage":"en-US","@id":"https:\/\/www.istegroup.com\/en\/produit\/fusees-et-satellites-de-youjnoe\/#primaryimage","url":"https:\/\/www.istegroup.com\/wp-content\/uploads\/2023\/04\/Fusees-et-satellites-de-Youjnoe.jpg","contentUrl":"https:\/\/www.istegroup.com\/wp-content\/uploads\/2023\/04\/Fusees-et-satellites-de-Youjnoe.jpg","width":598,"height":901,"caption":"Livre scientifique - Fus\u00e9es et satellites de Youjnoe"},{"@type":"BreadcrumbList","@id":"https:\/\/www.istegroup.com\/en\/produit\/fusees-et-satellites-de-youjnoe\/#breadcrumb","itemListElement":[{"@type":"ListItem","position":1,"name":"Home","item":"https:\/\/www.istegroup.com\/"},{"@type":"ListItem","position":2,"name":"Shop","item":"https:\/\/www.istegroup.com\/fr\/nouveautes\/"},{"@type":"ListItem","position":3,"name":"Fus\u00e9es et satellites de Youjnoe"}]},{"@type":"WebSite","@id":"https:\/\/www.istegroup.com\/#website","url":"https:\/\/www.istegroup.com\/","name":"ISTE Group","description":"Publishing Knowledge","potentialAction":[{"@type":"SearchAction","target":{"@type":"EntryPoint","urlTemplate":"https:\/\/www.istegroup.com\/?s={search_term_string}"},"query-input":{"@type":"PropertyValueSpecification","valueRequired":true,"valueName":"search_term_string"}}],"inLanguage":"en-US"}]}},"_links":{"self":[{"href":"https:\/\/www.istegroup.com\/en\/wp-json\/wp\/v2\/product\/51341","targetHints":{"allow":["GET"]}}],"collection":[{"href":"https:\/\/www.istegroup.com\/en\/wp-json\/wp\/v2\/product"}],"about":[{"href":"https:\/\/www.istegroup.com\/en\/wp-json\/wp\/v2\/types\/product"}],"wp:featuredmedia":[{"embeddable":true,"href":"https:\/\/www.istegroup.com\/en\/wp-json\/wp\/v2\/media\/51345"}],"wp:attachment":[{"href":"https:\/\/www.istegroup.com\/en\/wp-json\/wp\/v2\/media?parent=51341"}],"wp:term":[{"taxonomy":"product_brand","embeddable":true,"href":"https:\/\/www.istegroup.com\/en\/wp-json\/wp\/v2\/product_brand?post=51341"},{"taxonomy":"product_cat","embeddable":true,"href":"https:\/\/www.istegroup.com\/en\/wp-json\/wp\/v2\/product_cat?post=51341"},{"taxonomy":"product_tag","embeddable":true,"href":"https:\/\/www.istegroup.com\/en\/wp-json\/wp\/v2\/product_tag?post=51341"}],"curies":[{"name":"wp","href":"https:\/\/api.w.org\/{rel}","templated":true}]}}