{"id":51333,"date":"2023-04-17T15:45:08","date_gmt":"2023-04-17T14:45:08","guid":{"rendered":"https:\/\/www.istegroup.com\/?post_type=product&#038;p=51333"},"modified":"2024-01-03T13:47:33","modified_gmt":"2024-01-03T13:47:33","slug":"les-observateurs-daurores-boreales-deurope","status":"publish","type":"product","link":"https:\/\/www.istegroup.com\/en\/produit\/les-observateurs-daurores-boreales-deurope\/","title":{"rendered":"Les observateurs d\u2019aurores bor\u00e9ales d\u2019Europe"},"content":{"rendered":"<p class=\"qtranxs-available-languages-message qtranxs-available-languages-message-en\">Sorry, this entry is only available in <a href=\"https:\/\/www.istegroup.com\/fr\/wp-json\/wp\/v2\/product\/51333\" class=\"qtranxs-available-language-link qtranxs-available-language-link-fr\" title=\"FR\">FR<\/a>.<\/p>","protected":false},"excerpt":{"rendered":"<p>Sorry, this entry is only available in FR.<\/p>\n","protected":false},"featured_media":51340,"template":"","meta":{"_acf_changed":false,"_links_to":"","_links_to_target":""},"product_brand":[],"product_cat":[3262],"product_tag":[],"class_list":{"0":"post-51333","1":"product","2":"type-product","3":"status-publish","4":"has-post-thumbnail","6":"product_cat-non-classe","8":"first","9":"instock","10":"shipping-taxable","11":"purchasable","12":"product-type-variable"},"acf":[],"yoast_head":"<!-- This site is optimized with the Yoast SEO plugin v27.2 - https:\/\/yoast.com\/product\/yoast-seo-wordpress\/ -->\n<title>Les observateurs d\u2019aurores bor\u00e9ales d\u2019Europe - ISTE Group<\/title>\n<meta name=\"description\" content=\"Les observateurs d\u2019aurores bor\u00e9ales d\u2019Europe constitue un voyage r\u00e9trospectif \u00e0 travers le monde savant des Lumi\u00e8res offrant au lecteur de multiples occasions de rencontre, dans des contextes et suivant des angles vari\u00e9s, avec ces pionniers de la science\" \/>\n<meta name=\"robots\" content=\"index, follow, max-snippet:-1, max-image-preview:large, max-video-preview:-1\" \/>\n<link rel=\"canonical\" href=\"https:\/\/www.istegroup.com\/fr\/produit\/les-observateurs-daurores-boreales-deurope\/\" \/>\n<meta property=\"og:locale\" content=\"en_US\" \/>\n<meta property=\"og:type\" content=\"article\" \/>\n<meta property=\"og:title\" content=\"Les observateurs d\u2019aurores bor\u00e9ales d\u2019Europe - ISTE Group\" \/>\n<meta property=\"og:description\" content=\"Les observateurs d\u2019aurores bor\u00e9ales d\u2019Europe constitue un voyage r\u00e9trospectif \u00e0 travers le monde savant des Lumi\u00e8res offrant au lecteur de multiples occasions de rencontre, dans des contextes et suivant des angles vari\u00e9s, avec ces pionniers de la science\" \/>\n<meta property=\"og:url\" content=\"https:\/\/www.istegroup.com\/fr\/produit\/les-observateurs-daurores-boreales-deurope\/\" \/>\n<meta property=\"og:site_name\" content=\"ISTE Group\" \/>\n<meta property=\"article:modified_time\" content=\"2024-01-03T13:47:33+00:00\" \/>\n<meta property=\"og:image\" content=\"https:\/\/www.istegroup.com\/wp-content\/uploads\/2023\/04\/Les-observateurs-daurores-boreales-dEurope.jpg\" \/>\n\t<meta property=\"og:image:width\" content=\"599\" \/>\n\t<meta property=\"og:image:height\" content=\"900\" \/>\n\t<meta property=\"og:image:type\" content=\"image\/jpeg\" \/>\n<meta name=\"twitter:card\" content=\"summary_large_image\" \/>\n<meta name=\"twitter:label1\" content=\"Est. reading time\" \/>\n\t<meta name=\"twitter:data1\" content=\"1 minute\" \/>\n<script type=\"application\/ld+json\" class=\"yoast-schema-graph\">{\"@context\":\"https:\/\/schema.org\",\"@graph\":[{\"@type\":\"WebPage\",\"@id\":\"https:\/\/www.istegroup.com\/fr\/produit\/les-observateurs-daurores-boreales-deurope\/\",\"url\":\"https:\/\/www.istegroup.com\/fr\/produit\/les-observateurs-daurores-boreales-deurope\/\",\"name\":\"Les observateurs d\u2019aurores bor\u00e9ales d\u2019Europe - ISTE Group\",\"isPartOf\":{\"@id\":\"https:\/\/www.istegroup.com\/#website\"},\"primaryImageOfPage\":{\"@id\":\"https:\/\/www.istegroup.com\/fr\/produit\/les-observateurs-daurores-boreales-deurope\/#primaryimage\"},\"image\":{\"@id\":\"https:\/\/www.istegroup.com\/fr\/produit\/les-observateurs-daurores-boreales-deurope\/#primaryimage\"},\"thumbnailUrl\":\"https:\/\/www.istegroup.com\/wp-content\/uploads\/2023\/04\/Les-observateurs-daurores-boreales-dEurope.jpg\",\"datePublished\":\"2023-04-17T14:45:08+00:00\",\"dateModified\":\"2024-01-03T13:47:33+00:00\",\"description\":\"Les observateurs d\u2019aurores bor\u00e9ales d\u2019Europe constitue un voyage r\u00e9trospectif \u00e0 travers le monde savant des Lumi\u00e8res offrant au lecteur de multiples occasions de rencontre, dans des contextes et suivant des angles vari\u00e9s, avec ces pionniers de la science\",\"breadcrumb\":{\"@id\":\"https:\/\/www.istegroup.com\/fr\/produit\/les-observateurs-daurores-boreales-deurope\/#breadcrumb\"},\"inLanguage\":\"en-US\",\"potentialAction\":[{\"@type\":\"ReadAction\",\"target\":[\"https:\/\/www.istegroup.com\/fr\/produit\/les-observateurs-daurores-boreales-deurope\/\"]}]},{\"@type\":\"ImageObject\",\"inLanguage\":\"en-US\",\"@id\":\"https:\/\/www.istegroup.com\/fr\/produit\/les-observateurs-daurores-boreales-deurope\/#primaryimage\",\"url\":\"https:\/\/www.istegroup.com\/wp-content\/uploads\/2023\/04\/Les-observateurs-daurores-boreales-dEurope.jpg\",\"contentUrl\":\"https:\/\/www.istegroup.com\/wp-content\/uploads\/2023\/04\/Les-observateurs-daurores-boreales-dEurope.jpg\",\"width\":599,\"height\":900,\"caption\":\"Livre scientifique - Les observateurs d'aurores bor\u00e9ales d'Europe\"},{\"@type\":\"BreadcrumbList\",\"@id\":\"https:\/\/www.istegroup.com\/fr\/produit\/les-observateurs-daurores-boreales-deurope\/#breadcrumb\",\"itemListElement\":[{\"@type\":\"ListItem\",\"position\":1,\"name\":\"Home\",\"item\":\"https:\/\/www.istegroup.com\/\"},{\"@type\":\"ListItem\",\"position\":2,\"name\":\"Shop\",\"item\":\"https:\/\/www.istegroup.com\/fr\/nouveautes\/\"},{\"@type\":\"ListItem\",\"position\":3,\"name\":\"Les observateurs d\u2019aurores bor\u00e9ales d\u2019Europe\"}]},{\"@type\":\"WebSite\",\"@id\":\"https:\/\/www.istegroup.com\/#website\",\"url\":\"https:\/\/www.istegroup.com\/\",\"name\":\"ISTE Group\",\"description\":\"Publishing Knowledge\",\"potentialAction\":[{\"@type\":\"SearchAction\",\"target\":{\"@type\":\"EntryPoint\",\"urlTemplate\":\"https:\/\/www.istegroup.com\/?s={search_term_string}\"},\"query-input\":{\"@type\":\"PropertyValueSpecification\",\"valueRequired\":true,\"valueName\":\"search_term_string\"}}],\"inLanguage\":\"en-US\"}]}<\/script>\n<!-- \/ Yoast SEO plugin. -->","yoast_head_json":{"title":"Les observateurs d\u2019aurores bor\u00e9ales d\u2019Europe - ISTE Group","description":"Les observateurs d\u2019aurores bor\u00e9ales d\u2019Europe constitue un voyage r\u00e9trospectif \u00e0 travers le monde savant des Lumi\u00e8res offrant au lecteur de multiples occasions de rencontre, dans des contextes et suivant des angles vari\u00e9s, avec ces pionniers de la science","robots":{"index":"index","follow":"follow","max-snippet":"max-snippet:-1","max-image-preview":"max-image-preview:large","max-video-preview":"max-video-preview:-1"},"canonical":"https:\/\/www.istegroup.com\/fr\/produit\/les-observateurs-daurores-boreales-deurope\/","og_locale":"en_US","og_type":"article","og_title":"Les observateurs d\u2019aurores bor\u00e9ales d\u2019Europe - ISTE Group","og_description":"Les observateurs d\u2019aurores bor\u00e9ales d\u2019Europe constitue un voyage r\u00e9trospectif \u00e0 travers le monde savant des Lumi\u00e8res offrant au lecteur de multiples occasions de rencontre, dans des contextes et suivant des angles vari\u00e9s, avec ces pionniers de la science","og_url":"https:\/\/www.istegroup.com\/fr\/produit\/les-observateurs-daurores-boreales-deurope\/","og_site_name":"ISTE Group","article_modified_time":"2024-01-03T13:47:33+00:00","og_image":[{"width":599,"height":900,"url":"https:\/\/www.istegroup.com\/wp-content\/uploads\/2023\/04\/Les-observateurs-daurores-boreales-dEurope.jpg","type":"image\/jpeg"}],"twitter_card":"summary_large_image","twitter_misc":{"Est. reading time":"1 minute"},"schema":{"@context":"https:\/\/schema.org","@graph":[{"@type":"WebPage","@id":"https:\/\/www.istegroup.com\/fr\/produit\/les-observateurs-daurores-boreales-deurope\/","url":"https:\/\/www.istegroup.com\/fr\/produit\/les-observateurs-daurores-boreales-deurope\/","name":"Les observateurs d\u2019aurores bor\u00e9ales d\u2019Europe - ISTE Group","isPartOf":{"@id":"https:\/\/www.istegroup.com\/#website"},"primaryImageOfPage":{"@id":"https:\/\/www.istegroup.com\/fr\/produit\/les-observateurs-daurores-boreales-deurope\/#primaryimage"},"image":{"@id":"https:\/\/www.istegroup.com\/fr\/produit\/les-observateurs-daurores-boreales-deurope\/#primaryimage"},"thumbnailUrl":"https:\/\/www.istegroup.com\/wp-content\/uploads\/2023\/04\/Les-observateurs-daurores-boreales-dEurope.jpg","datePublished":"2023-04-17T14:45:08+00:00","dateModified":"2024-01-03T13:47:33+00:00","description":"Les observateurs d\u2019aurores bor\u00e9ales d\u2019Europe constitue un voyage r\u00e9trospectif \u00e0 travers le monde savant des Lumi\u00e8res offrant au lecteur de multiples occasions de rencontre, dans des contextes et suivant des angles vari\u00e9s, avec ces pionniers de la science","breadcrumb":{"@id":"https:\/\/www.istegroup.com\/fr\/produit\/les-observateurs-daurores-boreales-deurope\/#breadcrumb"},"inLanguage":"en-US","potentialAction":[{"@type":"ReadAction","target":["https:\/\/www.istegroup.com\/fr\/produit\/les-observateurs-daurores-boreales-deurope\/"]}]},{"@type":"ImageObject","inLanguage":"en-US","@id":"https:\/\/www.istegroup.com\/fr\/produit\/les-observateurs-daurores-boreales-deurope\/#primaryimage","url":"https:\/\/www.istegroup.com\/wp-content\/uploads\/2023\/04\/Les-observateurs-daurores-boreales-dEurope.jpg","contentUrl":"https:\/\/www.istegroup.com\/wp-content\/uploads\/2023\/04\/Les-observateurs-daurores-boreales-dEurope.jpg","width":599,"height":900,"caption":"Livre scientifique - Les observateurs d'aurores bor\u00e9ales d'Europe"},{"@type":"BreadcrumbList","@id":"https:\/\/www.istegroup.com\/fr\/produit\/les-observateurs-daurores-boreales-deurope\/#breadcrumb","itemListElement":[{"@type":"ListItem","position":1,"name":"Home","item":"https:\/\/www.istegroup.com\/"},{"@type":"ListItem","position":2,"name":"Shop","item":"https:\/\/www.istegroup.com\/fr\/nouveautes\/"},{"@type":"ListItem","position":3,"name":"Les observateurs d\u2019aurores bor\u00e9ales d\u2019Europe"}]},{"@type":"WebSite","@id":"https:\/\/www.istegroup.com\/#website","url":"https:\/\/www.istegroup.com\/","name":"ISTE Group","description":"Publishing Knowledge","potentialAction":[{"@type":"SearchAction","target":{"@type":"EntryPoint","urlTemplate":"https:\/\/www.istegroup.com\/?s={search_term_string}"},"query-input":{"@type":"PropertyValueSpecification","valueRequired":true,"valueName":"search_term_string"}}],"inLanguage":"en-US"}]}},"_links":{"self":[{"href":"https:\/\/www.istegroup.com\/en\/wp-json\/wp\/v2\/product\/51333","targetHints":{"allow":["GET"]}}],"collection":[{"href":"https:\/\/www.istegroup.com\/en\/wp-json\/wp\/v2\/product"}],"about":[{"href":"https:\/\/www.istegroup.com\/en\/wp-json\/wp\/v2\/types\/product"}],"wp:featuredmedia":[{"embeddable":true,"href":"https:\/\/www.istegroup.com\/en\/wp-json\/wp\/v2\/media\/51340"}],"wp:attachment":[{"href":"https:\/\/www.istegroup.com\/en\/wp-json\/wp\/v2\/media?parent=51333"}],"wp:term":[{"taxonomy":"product_brand","embeddable":true,"href":"https:\/\/www.istegroup.com\/en\/wp-json\/wp\/v2\/product_brand?post=51333"},{"taxonomy":"product_cat","embeddable":true,"href":"https:\/\/www.istegroup.com\/en\/wp-json\/wp\/v2\/product_cat?post=51333"},{"taxonomy":"product_tag","embeddable":true,"href":"https:\/\/www.istegroup.com\/en\/wp-json\/wp\/v2\/product_tag?post=51333"}],"curies":[{"name":"wp","href":"https:\/\/api.w.org\/{rel}","templated":true}]}}