{"id":513,"date":"2017-07-28T14:59:08","date_gmt":"2017-07-28T12:59:08","guid":{"rendered":"https:\/\/iste.yhello.co\/product\/modelisation-et-simulation-des-flux-logistiques-2\/"},"modified":"2024-01-03T13:40:25","modified_gmt":"2024-01-03T13:40:25","slug":"modelisation-et-simulation-des-flux-logistiques-2","status":"publish","type":"product","link":"https:\/\/www.istegroup.com\/en\/produit\/modelisation-et-simulation-des-flux-logistiques-2\/","title":{"rendered":"Mod\u00e9lisation et simulation des flux logistiques 2"},"content":{"rendered":"<p>Les flux logistiques sont omnipr\u00e9sents et leur ma\u00eetrise est devenue indispensable. Nombreux professionnels doivent faire face \u00e0 de nouveaux d\u00e9fis et r\u00e9soudre des probl\u00e8mes d\u2019optimisation toujours plus complexes pour r\u00e9pondre \u00e0 des contraintes en perp\u00e9tuelle \u00e9volution.<\/p>\n<p>Deuxi\u00e8me volume de\u00a0<em>Mod\u00e9lisation et simulation des flux logistiques,<\/em>\u00a0cet ouvrage \u00e0 vocation p\u00e9dagogique met en pratique, avec l\u2019aide de logiciels comme le tableur Microsoft Excel, le gestionnaire de projet Microsoft Project et certains simulateurs de trafic routier, les diff\u00e9rentes techniques pr\u00e9sent\u00e9es dans le volume 1 en les appliquant sur des cas concrets. Il traite \u00e9galement des \u00e9volutions que devraient conna\u00eetre de nombreux logiciels d\u2019optimisation.<\/p>\n<p>Cet ouvrage est destin\u00e9 \u00e0 tout lecteur qui rencontre des probl\u00e8mes d\u2019ordre logistique. Les techniques pr\u00e9sent\u00e9es et leurs domaines d\u2019utilisation multiples trouveront des applications pratiques parfois insoup\u00e7onn\u00e9es dans la vie professionnelle, voire m\u00eame personnelle, de tout un chacun.<\/p>\n","protected":false},"excerpt":{"rendered":"<p>Les flux logistiques sont omnipr\u00e9sents et leur ma\u00eetrise est devenue indispensable. Nombreux professionnels doivent faire face \u00e0 de nouveaux d\u00e9fis et r\u00e9soudre des probl\u00e8mes d\u2019optimisation toujours plus complexes pour r\u00e9pondre \u00e0 des contraintes en perp\u00e9tuelle \u00e9volution. Deuxi\u00e8me volume de\u00a0Mod\u00e9lisation et simulation des flux logistiques,\u00a0cet ouvrage \u00e0 vocation p\u00e9dagogique met en pratique, avec l\u2019aide de logiciels [&hellip;]<\/p>\n","protected":false},"featured_media":514,"template":"","meta":{"_acf_changed":false,"_links_to":"","_links_to_target":""},"product_brand":[],"product_cat":[675,708],"product_tag":[18,19,20,21,22,25,26,27,28],"class_list":{"0":"post-513","1":"product","2":"type-product","3":"status-publish","4":"has-post-thumbnail","6":"product_cat-nouveauts-12519446","7":"product_cat-systmes-et-gnie-industriel-11476925","8":"product_tag-edition-scientifique","9":"product_tag-editions-francaise","10":"product_tag-editions-technique","11":"product_tag-iste-group","12":"product_tag-istegroup","13":"product_tag-livre-numerique","14":"product_tag-livre-scientifique-francais","15":"product_tag-livre-technique-francais","16":"product_tag-ouvrage-scientifique-francais","18":"first","19":"instock","20":"shipping-taxable","21":"purchasable","22":"product-type-variable"},"acf":[],"yoast_head":"<!-- This site is optimized with the Yoast SEO plugin v27.2 - https:\/\/yoast.com\/product\/yoast-seo-wordpress\/ -->\n<title>Mod\u00e9lisation et simulation des flux logistiques 2 - ISTE Group<\/title>\n<meta name=\"description\" content=\"Deuxi\u00e8me volume de\u00a0Mod\u00e9lisation et simulation des flux logistiques,\u00a0cet ouvrage \u00e0 vocation p\u00e9dagogique met en pratique, les diff\u00e9rentes techniques pr\u00e9sent\u00e9es dans le volume 1 en les appliquant sur des cas concrets.\" \/>\n<meta name=\"robots\" content=\"index, follow, max-snippet:-1, max-image-preview:large, max-video-preview:-1\" \/>\n<link rel=\"canonical\" href=\"https:\/\/www.istegroup.com\/en\/produit\/modelisation-et-simulation-des-flux-logistiques-2\/\" \/>\n<meta property=\"og:locale\" content=\"en_US\" \/>\n<meta property=\"og:type\" content=\"article\" \/>\n<meta property=\"og:title\" content=\"Mod\u00e9lisation et simulation des flux logistiques 2 - ISTE Group\" \/>\n<meta property=\"og:description\" content=\"Deuxi\u00e8me volume de\u00a0Mod\u00e9lisation et simulation des flux logistiques,\u00a0cet ouvrage \u00e0 vocation p\u00e9dagogique met en pratique, les diff\u00e9rentes techniques pr\u00e9sent\u00e9es dans le volume 1 en les appliquant sur des cas concrets.\" \/>\n<meta property=\"og:url\" content=\"https:\/\/www.istegroup.com\/en\/produit\/modelisation-et-simulation-des-flux-logistiques-2\/\" \/>\n<meta property=\"og:site_name\" content=\"ISTE Group\" \/>\n<meta property=\"article:modified_time\" content=\"2024-01-03T13:40:25+00:00\" \/>\n<meta property=\"og:image\" content=\"https:\/\/www.istegroup.com\/wp-content\/uploads\/2017\/07\/22005664529_9800829905-1.jpg\" \/>\n\t<meta property=\"og:image:width\" content=\"300\" \/>\n\t<meta property=\"og:image:height\" content=\"453\" \/>\n\t<meta property=\"og:image:type\" content=\"image\/jpeg\" \/>\n<meta name=\"twitter:card\" content=\"summary_large_image\" \/>\n<meta name=\"twitter:label1\" content=\"Est. reading time\" \/>\n\t<meta name=\"twitter:data1\" content=\"1 minute\" \/>\n<script type=\"application\/ld+json\" class=\"yoast-schema-graph\">{\"@context\":\"https:\/\/schema.org\",\"@graph\":[{\"@type\":\"WebPage\",\"@id\":\"https:\/\/www.istegroup.com\/en\/produit\/modelisation-et-simulation-des-flux-logistiques-2\/\",\"url\":\"https:\/\/www.istegroup.com\/en\/produit\/modelisation-et-simulation-des-flux-logistiques-2\/\",\"name\":\"Mod\u00e9lisation et simulation des flux logistiques 2 - ISTE Group\",\"isPartOf\":{\"@id\":\"https:\/\/www.istegroup.com\/#website\"},\"primaryImageOfPage\":{\"@id\":\"https:\/\/www.istegroup.com\/en\/produit\/modelisation-et-simulation-des-flux-logistiques-2\/#primaryimage\"},\"image\":{\"@id\":\"https:\/\/www.istegroup.com\/en\/produit\/modelisation-et-simulation-des-flux-logistiques-2\/#primaryimage\"},\"thumbnailUrl\":\"https:\/\/www.istegroup.com\/wp-content\/uploads\/2017\/07\/22005664529_9800829905-1.jpg\",\"datePublished\":\"2017-07-28T12:59:08+00:00\",\"dateModified\":\"2024-01-03T13:40:25+00:00\",\"description\":\"Deuxi\u00e8me volume de\u00a0Mod\u00e9lisation et simulation des flux logistiques,\u00a0cet ouvrage \u00e0 vocation p\u00e9dagogique met en pratique, les diff\u00e9rentes techniques pr\u00e9sent\u00e9es dans le volume 1 en les appliquant sur des cas concrets.\",\"breadcrumb\":{\"@id\":\"https:\/\/www.istegroup.com\/en\/produit\/modelisation-et-simulation-des-flux-logistiques-2\/#breadcrumb\"},\"inLanguage\":\"en-US\",\"potentialAction\":[{\"@type\":\"ReadAction\",\"target\":[\"https:\/\/www.istegroup.com\/en\/produit\/modelisation-et-simulation-des-flux-logistiques-2\/\"]}]},{\"@type\":\"ImageObject\",\"inLanguage\":\"en-US\",\"@id\":\"https:\/\/www.istegroup.com\/en\/produit\/modelisation-et-simulation-des-flux-logistiques-2\/#primaryimage\",\"url\":\"https:\/\/www.istegroup.com\/wp-content\/uploads\/2017\/07\/22005664529_9800829905-1.jpg\",\"contentUrl\":\"https:\/\/www.istegroup.com\/wp-content\/uploads\/2017\/07\/22005664529_9800829905-1.jpg\",\"width\":300,\"height\":453,\"caption\":\"Tableaux de bord, planification et gestion de trafic\"},{\"@type\":\"BreadcrumbList\",\"@id\":\"https:\/\/www.istegroup.com\/en\/produit\/modelisation-et-simulation-des-flux-logistiques-2\/#breadcrumb\",\"itemListElement\":[{\"@type\":\"ListItem\",\"position\":1,\"name\":\"Home\",\"item\":\"https:\/\/www.istegroup.com\/\"},{\"@type\":\"ListItem\",\"position\":2,\"name\":\"Shop\",\"item\":\"https:\/\/www.istegroup.com\/fr\/nouveautes\/\"},{\"@type\":\"ListItem\",\"position\":3,\"name\":\"Mod\u00e9lisation et simulation des flux logistiques 2\"}]},{\"@type\":\"WebSite\",\"@id\":\"https:\/\/www.istegroup.com\/#website\",\"url\":\"https:\/\/www.istegroup.com\/\",\"name\":\"ISTE Group\",\"description\":\"Publishing Knowledge\",\"potentialAction\":[{\"@type\":\"SearchAction\",\"target\":{\"@type\":\"EntryPoint\",\"urlTemplate\":\"https:\/\/www.istegroup.com\/?s={search_term_string}\"},\"query-input\":{\"@type\":\"PropertyValueSpecification\",\"valueRequired\":true,\"valueName\":\"search_term_string\"}}],\"inLanguage\":\"en-US\"}]}<\/script>\n<!-- \/ Yoast SEO plugin. -->","yoast_head_json":{"title":"Mod\u00e9lisation et simulation des flux logistiques 2 - ISTE Group","description":"Deuxi\u00e8me volume de\u00a0Mod\u00e9lisation et simulation des flux logistiques,\u00a0cet ouvrage \u00e0 vocation p\u00e9dagogique met en pratique, les diff\u00e9rentes techniques pr\u00e9sent\u00e9es dans le volume 1 en les appliquant sur des cas concrets.","robots":{"index":"index","follow":"follow","max-snippet":"max-snippet:-1","max-image-preview":"max-image-preview:large","max-video-preview":"max-video-preview:-1"},"canonical":"https:\/\/www.istegroup.com\/en\/produit\/modelisation-et-simulation-des-flux-logistiques-2\/","og_locale":"en_US","og_type":"article","og_title":"Mod\u00e9lisation et simulation des flux logistiques 2 - ISTE Group","og_description":"Deuxi\u00e8me volume de\u00a0Mod\u00e9lisation et simulation des flux logistiques,\u00a0cet ouvrage \u00e0 vocation p\u00e9dagogique met en pratique, les diff\u00e9rentes techniques pr\u00e9sent\u00e9es dans le volume 1 en les appliquant sur des cas concrets.","og_url":"https:\/\/www.istegroup.com\/en\/produit\/modelisation-et-simulation-des-flux-logistiques-2\/","og_site_name":"ISTE Group","article_modified_time":"2024-01-03T13:40:25+00:00","og_image":[{"width":300,"height":453,"url":"https:\/\/www.istegroup.com\/wp-content\/uploads\/2017\/07\/22005664529_9800829905-1.jpg","type":"image\/jpeg"}],"twitter_card":"summary_large_image","twitter_misc":{"Est. reading time":"1 minute"},"schema":{"@context":"https:\/\/schema.org","@graph":[{"@type":"WebPage","@id":"https:\/\/www.istegroup.com\/en\/produit\/modelisation-et-simulation-des-flux-logistiques-2\/","url":"https:\/\/www.istegroup.com\/en\/produit\/modelisation-et-simulation-des-flux-logistiques-2\/","name":"Mod\u00e9lisation et simulation des flux logistiques 2 - ISTE Group","isPartOf":{"@id":"https:\/\/www.istegroup.com\/#website"},"primaryImageOfPage":{"@id":"https:\/\/www.istegroup.com\/en\/produit\/modelisation-et-simulation-des-flux-logistiques-2\/#primaryimage"},"image":{"@id":"https:\/\/www.istegroup.com\/en\/produit\/modelisation-et-simulation-des-flux-logistiques-2\/#primaryimage"},"thumbnailUrl":"https:\/\/www.istegroup.com\/wp-content\/uploads\/2017\/07\/22005664529_9800829905-1.jpg","datePublished":"2017-07-28T12:59:08+00:00","dateModified":"2024-01-03T13:40:25+00:00","description":"Deuxi\u00e8me volume de\u00a0Mod\u00e9lisation et simulation des flux logistiques,\u00a0cet ouvrage \u00e0 vocation p\u00e9dagogique met en pratique, les diff\u00e9rentes techniques pr\u00e9sent\u00e9es dans le volume 1 en les appliquant sur des cas concrets.","breadcrumb":{"@id":"https:\/\/www.istegroup.com\/en\/produit\/modelisation-et-simulation-des-flux-logistiques-2\/#breadcrumb"},"inLanguage":"en-US","potentialAction":[{"@type":"ReadAction","target":["https:\/\/www.istegroup.com\/en\/produit\/modelisation-et-simulation-des-flux-logistiques-2\/"]}]},{"@type":"ImageObject","inLanguage":"en-US","@id":"https:\/\/www.istegroup.com\/en\/produit\/modelisation-et-simulation-des-flux-logistiques-2\/#primaryimage","url":"https:\/\/www.istegroup.com\/wp-content\/uploads\/2017\/07\/22005664529_9800829905-1.jpg","contentUrl":"https:\/\/www.istegroup.com\/wp-content\/uploads\/2017\/07\/22005664529_9800829905-1.jpg","width":300,"height":453,"caption":"Tableaux de bord, planification et gestion de trafic"},{"@type":"BreadcrumbList","@id":"https:\/\/www.istegroup.com\/en\/produit\/modelisation-et-simulation-des-flux-logistiques-2\/#breadcrumb","itemListElement":[{"@type":"ListItem","position":1,"name":"Home","item":"https:\/\/www.istegroup.com\/"},{"@type":"ListItem","position":2,"name":"Shop","item":"https:\/\/www.istegroup.com\/fr\/nouveautes\/"},{"@type":"ListItem","position":3,"name":"Mod\u00e9lisation et simulation des flux logistiques 2"}]},{"@type":"WebSite","@id":"https:\/\/www.istegroup.com\/#website","url":"https:\/\/www.istegroup.com\/","name":"ISTE Group","description":"Publishing Knowledge","potentialAction":[{"@type":"SearchAction","target":{"@type":"EntryPoint","urlTemplate":"https:\/\/www.istegroup.com\/?s={search_term_string}"},"query-input":{"@type":"PropertyValueSpecification","valueRequired":true,"valueName":"search_term_string"}}],"inLanguage":"en-US"}]}},"_links":{"self":[{"href":"https:\/\/www.istegroup.com\/en\/wp-json\/wp\/v2\/product\/513","targetHints":{"allow":["GET"]}}],"collection":[{"href":"https:\/\/www.istegroup.com\/en\/wp-json\/wp\/v2\/product"}],"about":[{"href":"https:\/\/www.istegroup.com\/en\/wp-json\/wp\/v2\/types\/product"}],"wp:featuredmedia":[{"embeddable":true,"href":"https:\/\/www.istegroup.com\/en\/wp-json\/wp\/v2\/media\/514"}],"wp:attachment":[{"href":"https:\/\/www.istegroup.com\/en\/wp-json\/wp\/v2\/media?parent=513"}],"wp:term":[{"taxonomy":"product_brand","embeddable":true,"href":"https:\/\/www.istegroup.com\/en\/wp-json\/wp\/v2\/product_brand?post=513"},{"taxonomy":"product_cat","embeddable":true,"href":"https:\/\/www.istegroup.com\/en\/wp-json\/wp\/v2\/product_cat?post=513"},{"taxonomy":"product_tag","embeddable":true,"href":"https:\/\/www.istegroup.com\/en\/wp-json\/wp\/v2\/product_tag?post=513"}],"curies":[{"name":"wp","href":"https:\/\/api.w.org\/{rel}","templated":true}]}}