{"id":509,"date":"2015-06-10T14:59:00","date_gmt":"2015-06-10T12:59:00","guid":{"rendered":"https:\/\/iste.yhello.co\/product\/modelisation-des-phases-solides\/"},"modified":"2024-01-03T13:40:20","modified_gmt":"2024-01-03T13:40:20","slug":"modelisation-des-phases-solides","status":"publish","type":"product","link":"https:\/\/www.istegroup.com\/en\/produit\/modelisation-des-phases-solides\/","title":{"rendered":"Mod\u00e9lisation des phases solides"},"content":{"rendered":"<p>La s\u00e9rie\u00a0<em>Thermodynamique chimique approfondie<\/em>\u00a0pr\u00e9sente l\u2019ensemble des th\u00e8mes de la thermodynamique utiles \u00e0 la chimie, aux mat\u00e9riaux, \u00e0 l\u2019\u00e9lectrochimie, aux ph\u00e9nom\u00e8nes de surface et au g\u00e9nie des proc\u00e9d\u00e9s.<\/p>\n<p>En mod\u00e9lisation des phases solides, les mod\u00e8les des oscillateurs d\u2019Einstein et de Debye permettent de calculer des fonctions de partition et de mesurer la capacit\u00e9 calorifique et la dilatation thermique des quatre types de solides purs : les atomiques, les ioniques, les mol\u00e9culaires et les m\u00e9talliques.<\/p>\n<p>Les notions d\u2019ordre et de d\u00e9sordre \u00e0 courte et longue distances sont \u00e9galement d\u00e9crites, la transformation des alliages est analys\u00e9e en utilisant la m\u00e9thode quasi-chimique. Cette proc\u00e9dure a \u00e9t\u00e9 retenue pour l\u2019\u00e9tude des d\u00e9fauts ponctuels et de la nonstoechiom\u00e9trie des solides. Les cons\u00e9quences de ces propri\u00e9t\u00e9s sont examin\u00e9es tant sur les solides purs que sur des solutions solides.<\/p>\n","protected":false},"excerpt":{"rendered":"<p>La s\u00e9rie\u00a0Thermodynamique chimique approfondie\u00a0pr\u00e9sente l\u2019ensemble des th\u00e8mes de la thermodynamique utiles \u00e0 la chimie, aux mat\u00e9riaux, \u00e0 l\u2019\u00e9lectrochimie, aux ph\u00e9nom\u00e8nes de surface et au g\u00e9nie des proc\u00e9d\u00e9s. En mod\u00e9lisation des phases solides, les mod\u00e8les des oscillateurs d\u2019Einstein et de Debye permettent de calculer des fonctions de partition et de mesurer la capacit\u00e9 calorifique et la [&hellip;]<\/p>\n","protected":false},"featured_media":510,"template":"","meta":{"_acf_changed":false,"_links_to":"","_links_to_target":""},"product_brand":[],"product_cat":[660,663,725],"product_tag":[1101,31,196,246,197,198,199,21,200,22,201,203,204,63,25,172,209,1228,324,1976,212,38,192,145,28,1977,455],"class_list":{"0":"post-509","1":"product","2":"type-product","3":"status-publish","4":"has-post-thumbnail","6":"product_cat-energie-12506414","7":"product_cat-gnie-des-procds-12506436","8":"product_cat-srie-thermodynamique-chimique-approfondie-42918276","9":"product_tag-chimie","10":"product_tag-ebook","11":"product_tag-ebooks","12":"product_tag-genie-des-procedes","13":"product_tag-iste","14":"product_tag-iste-edition","15":"product_tag-iste-editions","16":"product_tag-iste-group","17":"product_tag-isteedition","18":"product_tag-istegroup","19":"product_tag-kindle","20":"product_tag-liseuse","21":"product_tag-livre","22":"product_tag-livre-electronique","23":"product_tag-livre-numerique","24":"product_tag-livre-scientifique","25":"product_tag-livres-scientifiques","26":"product_tag-michel-soustelle","27":"product_tag-modelisation","28":"product_tag-modelisation-des-phases-solides","29":"product_tag-ouvrage","30":"product_tag-ouvrage-numerique","31":"product_tag-ouvrage-science","32":"product_tag-ouvrage-scientifique","33":"product_tag-ouvrage-scientifique-francais","34":"product_tag-phases-solides","35":"product_tag-thermodynamique","37":"first","38":"instock","39":"shipping-taxable","40":"purchasable","41":"product-type-variable"},"acf":[],"yoast_head":"<!-- This site is optimized with the Yoast SEO plugin v27.2 - https:\/\/yoast.com\/product\/yoast-seo-wordpress\/ -->\n<title>Mod\u00e9lisation des phases solides - ISTE Group<\/title>\n<meta name=\"robots\" content=\"index, follow, max-snippet:-1, max-image-preview:large, max-video-preview:-1\" \/>\n<link rel=\"canonical\" href=\"https:\/\/www.istegroup.com\/fr\/produit\/modelisation-des-phases-solides\/\" \/>\n<meta property=\"og:locale\" content=\"en_US\" \/>\n<meta property=\"og:type\" content=\"article\" \/>\n<meta property=\"og:title\" content=\"Mod\u00e9lisation des phases solides - ISTE Group\" \/>\n<meta property=\"og:description\" content=\"La s\u00e9rie\u00a0Thermodynamique chimique approfondie\u00a0pr\u00e9sente l\u2019ensemble des th\u00e8mes de la thermodynamique utiles \u00e0 la chimie, aux mat\u00e9riaux, \u00e0 l\u2019\u00e9lectrochimie, aux ph\u00e9nom\u00e8nes de surface et au g\u00e9nie des proc\u00e9d\u00e9s. En mod\u00e9lisation des phases solides, les mod\u00e8les des oscillateurs d\u2019Einstein et de Debye permettent de calculer des fonctions de partition et de mesurer la capacit\u00e9 calorifique et la [&hellip;]\" \/>\n<meta property=\"og:url\" content=\"https:\/\/www.istegroup.com\/fr\/produit\/modelisation-des-phases-solides\/\" \/>\n<meta property=\"og:site_name\" content=\"ISTE Group\" \/>\n<meta property=\"article:modified_time\" content=\"2024-01-03T13:40:20+00:00\" \/>\n<meta property=\"og:image\" content=\"https:\/\/www.istegroup.com\/wp-content\/uploads\/2017\/07\/2478325124_884292484-1.jpg\" \/>\n\t<meta property=\"og:image:width\" content=\"300\" \/>\n\t<meta property=\"og:image:height\" content=\"452\" \/>\n\t<meta property=\"og:image:type\" content=\"image\/jpeg\" \/>\n<meta name=\"twitter:card\" content=\"summary_large_image\" \/>\n<meta name=\"twitter:label1\" content=\"Est. reading time\" \/>\n\t<meta name=\"twitter:data1\" content=\"1 minute\" \/>\n<script type=\"application\/ld+json\" class=\"yoast-schema-graph\">{\"@context\":\"https:\/\/schema.org\",\"@graph\":[{\"@type\":\"WebPage\",\"@id\":\"https:\/\/www.istegroup.com\/fr\/produit\/modelisation-des-phases-solides\/\",\"url\":\"https:\/\/www.istegroup.com\/fr\/produit\/modelisation-des-phases-solides\/\",\"name\":\"Mod\u00e9lisation des phases solides - ISTE Group\",\"isPartOf\":{\"@id\":\"https:\/\/www.istegroup.com\/#website\"},\"primaryImageOfPage\":{\"@id\":\"https:\/\/www.istegroup.com\/fr\/produit\/modelisation-des-phases-solides\/#primaryimage\"},\"image\":{\"@id\":\"https:\/\/www.istegroup.com\/fr\/produit\/modelisation-des-phases-solides\/#primaryimage\"},\"thumbnailUrl\":\"https:\/\/www.istegroup.com\/wp-content\/uploads\/2017\/07\/2478325124_884292484-1.jpg\",\"datePublished\":\"2015-06-10T12:59:00+00:00\",\"dateModified\":\"2024-01-03T13:40:20+00:00\",\"breadcrumb\":{\"@id\":\"https:\/\/www.istegroup.com\/fr\/produit\/modelisation-des-phases-solides\/#breadcrumb\"},\"inLanguage\":\"en-US\",\"potentialAction\":[{\"@type\":\"ReadAction\",\"target\":[\"https:\/\/www.istegroup.com\/fr\/produit\/modelisation-des-phases-solides\/\"]}]},{\"@type\":\"ImageObject\",\"inLanguage\":\"en-US\",\"@id\":\"https:\/\/www.istegroup.com\/fr\/produit\/modelisation-des-phases-solides\/#primaryimage\",\"url\":\"https:\/\/www.istegroup.com\/wp-content\/uploads\/2017\/07\/2478325124_884292484-1.jpg\",\"contentUrl\":\"https:\/\/www.istegroup.com\/wp-content\/uploads\/2017\/07\/2478325124_884292484-1.jpg\",\"width\":300,\"height\":452,\"caption\":\"Mod\u00e9lisation des phases solides\"},{\"@type\":\"BreadcrumbList\",\"@id\":\"https:\/\/www.istegroup.com\/fr\/produit\/modelisation-des-phases-solides\/#breadcrumb\",\"itemListElement\":[{\"@type\":\"ListItem\",\"position\":1,\"name\":\"Home\",\"item\":\"https:\/\/www.istegroup.com\/\"},{\"@type\":\"ListItem\",\"position\":2,\"name\":\"Shop\",\"item\":\"https:\/\/www.istegroup.com\/fr\/nouveautes\/\"},{\"@type\":\"ListItem\",\"position\":3,\"name\":\"Mod\u00e9lisation des phases solides\"}]},{\"@type\":\"WebSite\",\"@id\":\"https:\/\/www.istegroup.com\/#website\",\"url\":\"https:\/\/www.istegroup.com\/\",\"name\":\"ISTE Group\",\"description\":\"Publishing Knowledge\",\"potentialAction\":[{\"@type\":\"SearchAction\",\"target\":{\"@type\":\"EntryPoint\",\"urlTemplate\":\"https:\/\/www.istegroup.com\/?s={search_term_string}\"},\"query-input\":{\"@type\":\"PropertyValueSpecification\",\"valueRequired\":true,\"valueName\":\"search_term_string\"}}],\"inLanguage\":\"en-US\"}]}<\/script>\n<!-- \/ Yoast SEO plugin. -->","yoast_head_json":{"title":"Mod\u00e9lisation des phases solides - ISTE Group","robots":{"index":"index","follow":"follow","max-snippet":"max-snippet:-1","max-image-preview":"max-image-preview:large","max-video-preview":"max-video-preview:-1"},"canonical":"https:\/\/www.istegroup.com\/fr\/produit\/modelisation-des-phases-solides\/","og_locale":"en_US","og_type":"article","og_title":"Mod\u00e9lisation des phases solides - ISTE Group","og_description":"La s\u00e9rie\u00a0Thermodynamique chimique approfondie\u00a0pr\u00e9sente l\u2019ensemble des th\u00e8mes de la thermodynamique utiles \u00e0 la chimie, aux mat\u00e9riaux, \u00e0 l\u2019\u00e9lectrochimie, aux ph\u00e9nom\u00e8nes de surface et au g\u00e9nie des proc\u00e9d\u00e9s. En mod\u00e9lisation des phases solides, les mod\u00e8les des oscillateurs d\u2019Einstein et de Debye permettent de calculer des fonctions de partition et de mesurer la capacit\u00e9 calorifique et la [&hellip;]","og_url":"https:\/\/www.istegroup.com\/fr\/produit\/modelisation-des-phases-solides\/","og_site_name":"ISTE Group","article_modified_time":"2024-01-03T13:40:20+00:00","og_image":[{"width":300,"height":452,"url":"https:\/\/www.istegroup.com\/wp-content\/uploads\/2017\/07\/2478325124_884292484-1.jpg","type":"image\/jpeg"}],"twitter_card":"summary_large_image","twitter_misc":{"Est. reading time":"1 minute"},"schema":{"@context":"https:\/\/schema.org","@graph":[{"@type":"WebPage","@id":"https:\/\/www.istegroup.com\/fr\/produit\/modelisation-des-phases-solides\/","url":"https:\/\/www.istegroup.com\/fr\/produit\/modelisation-des-phases-solides\/","name":"Mod\u00e9lisation des phases solides - ISTE Group","isPartOf":{"@id":"https:\/\/www.istegroup.com\/#website"},"primaryImageOfPage":{"@id":"https:\/\/www.istegroup.com\/fr\/produit\/modelisation-des-phases-solides\/#primaryimage"},"image":{"@id":"https:\/\/www.istegroup.com\/fr\/produit\/modelisation-des-phases-solides\/#primaryimage"},"thumbnailUrl":"https:\/\/www.istegroup.com\/wp-content\/uploads\/2017\/07\/2478325124_884292484-1.jpg","datePublished":"2015-06-10T12:59:00+00:00","dateModified":"2024-01-03T13:40:20+00:00","breadcrumb":{"@id":"https:\/\/www.istegroup.com\/fr\/produit\/modelisation-des-phases-solides\/#breadcrumb"},"inLanguage":"en-US","potentialAction":[{"@type":"ReadAction","target":["https:\/\/www.istegroup.com\/fr\/produit\/modelisation-des-phases-solides\/"]}]},{"@type":"ImageObject","inLanguage":"en-US","@id":"https:\/\/www.istegroup.com\/fr\/produit\/modelisation-des-phases-solides\/#primaryimage","url":"https:\/\/www.istegroup.com\/wp-content\/uploads\/2017\/07\/2478325124_884292484-1.jpg","contentUrl":"https:\/\/www.istegroup.com\/wp-content\/uploads\/2017\/07\/2478325124_884292484-1.jpg","width":300,"height":452,"caption":"Mod\u00e9lisation des phases solides"},{"@type":"BreadcrumbList","@id":"https:\/\/www.istegroup.com\/fr\/produit\/modelisation-des-phases-solides\/#breadcrumb","itemListElement":[{"@type":"ListItem","position":1,"name":"Home","item":"https:\/\/www.istegroup.com\/"},{"@type":"ListItem","position":2,"name":"Shop","item":"https:\/\/www.istegroup.com\/fr\/nouveautes\/"},{"@type":"ListItem","position":3,"name":"Mod\u00e9lisation des phases solides"}]},{"@type":"WebSite","@id":"https:\/\/www.istegroup.com\/#website","url":"https:\/\/www.istegroup.com\/","name":"ISTE Group","description":"Publishing Knowledge","potentialAction":[{"@type":"SearchAction","target":{"@type":"EntryPoint","urlTemplate":"https:\/\/www.istegroup.com\/?s={search_term_string}"},"query-input":{"@type":"PropertyValueSpecification","valueRequired":true,"valueName":"search_term_string"}}],"inLanguage":"en-US"}]}},"_links":{"self":[{"href":"https:\/\/www.istegroup.com\/en\/wp-json\/wp\/v2\/product\/509","targetHints":{"allow":["GET"]}}],"collection":[{"href":"https:\/\/www.istegroup.com\/en\/wp-json\/wp\/v2\/product"}],"about":[{"href":"https:\/\/www.istegroup.com\/en\/wp-json\/wp\/v2\/types\/product"}],"wp:featuredmedia":[{"embeddable":true,"href":"https:\/\/www.istegroup.com\/en\/wp-json\/wp\/v2\/media\/510"}],"wp:attachment":[{"href":"https:\/\/www.istegroup.com\/en\/wp-json\/wp\/v2\/media?parent=509"}],"wp:term":[{"taxonomy":"product_brand","embeddable":true,"href":"https:\/\/www.istegroup.com\/en\/wp-json\/wp\/v2\/product_brand?post=509"},{"taxonomy":"product_cat","embeddable":true,"href":"https:\/\/www.istegroup.com\/en\/wp-json\/wp\/v2\/product_cat?post=509"},{"taxonomy":"product_tag","embeddable":true,"href":"https:\/\/www.istegroup.com\/en\/wp-json\/wp\/v2\/product_tag?post=509"}],"curies":[{"name":"wp","href":"https:\/\/api.w.org\/{rel}","templated":true}]}}