{"id":503,"date":"2017-07-28T14:58:47","date_gmt":"2017-07-28T12:58:47","guid":{"rendered":"https:\/\/iste.yhello.co\/product\/mise-en-oeuvre-des-normes-cenelec-50128-et-iec-62279\/"},"modified":"2024-01-03T13:40:19","modified_gmt":"2024-01-03T13:40:19","slug":"mise-en-oeuvre-des-normes-cenelec-50128-et-iec-62279","status":"publish","type":"product","link":"https:\/\/www.istegroup.com\/en\/produit\/mise-en-oeuvre-des-normes-cenelec-50128-et-iec-62279\/","title":{"rendered":"Mise en \u0153uvre des normes CENELEC 50128 et IEC 62279"},"content":{"rendered":"<p>Le domaine ferroviaire est soumis \u00e0 un r\u00e9f\u00e9rentiel normatif et \u00e0 un r\u00e9f\u00e9rentiel l\u00e9gal qui d\u00e9pend des pays. La norme CENELEC 50128 et sa version internationale CEI 62279 sont n\u00e9cessaires \u00e0 la r\u00e9alisation d\u2019applications logicielles.<\/p>\n<p>Cet ouvrage est consacr\u00e9 \u00e0 la version 2011 de la norme CENELEC 50128, qui durcit les techniques et les m\u00e9thodes \u00e0 mettre en \u0153uvre et met l\u2019accent sur la gestion des comp\u00e9tences et la mise en place d\u2019une \u00e9valuation ind\u00e9pendante. Elle insiste \u00e9galement sur la n\u00e9cessit\u00e9 de disposer d\u2019outils qualifi\u00e9s, d\u2019une organisation avec les bonnes ind\u00e9pendances et d\u2019un p\u00f4le de v\u00e9rification efficace. Cette version de la norme introduit la r\u00e9alisation de deux types de logiciels, les logiciels param\u00e9tr\u00e9s et les logiciels dits g\u00e9n\u00e9riques.<\/p>\n<p>V\u00e9ritable guide de mise en application permettant la compr\u00e9hension des fondements de la norme et des impacts sur les activit\u00e9s \u00e0 r\u00e9aliser, ce livre permet de pr\u00e9parer au mieux la phase obligatoire d\u2019\u00e9valuation ind\u00e9pendante.<\/p>\n","protected":false},"excerpt":{"rendered":"<p>Le domaine ferroviaire est soumis \u00e0 un r\u00e9f\u00e9rentiel normatif et \u00e0 un r\u00e9f\u00e9rentiel l\u00e9gal qui d\u00e9pend des pays. La norme CENELEC 50128 et sa version internationale CEI 62279 sont n\u00e9cessaires \u00e0 la r\u00e9alisation d\u2019applications logicielles. Cet ouvrage est consacr\u00e9 \u00e0 la version 2011 de la norme CENELEC 50128, qui durcit les techniques et les m\u00e9thodes [&hellip;]<\/p>\n","protected":false},"featured_media":504,"template":"","meta":{"_acf_changed":false,"_links_to":"","_links_to_target":""},"product_brand":[],"product_cat":[708],"product_tag":[1964,31,196,197,198,199,21,200,22,113,201,203,204,63,25,172,209,1965,1966,212,38,192,145,28,253],"class_list":{"0":"post-503","1":"product","2":"type-product","3":"status-publish","4":"has-post-thumbnail","6":"product_cat-systmes-et-gnie-industriel-11476925","7":"product_tag-cenelec-50128","8":"product_tag-ebook","9":"product_tag-ebooks","10":"product_tag-iste","11":"product_tag-iste-edition","12":"product_tag-iste-editions","13":"product_tag-iste-group","14":"product_tag-isteedition","15":"product_tag-istegroup","16":"product_tag-jean-louis-boulanger","17":"product_tag-kindle","18":"product_tag-liseuse","19":"product_tag-livre","20":"product_tag-livre-electronique","21":"product_tag-livre-numerique","22":"product_tag-livre-scientifique","23":"product_tag-livres-scientifiques","24":"product_tag-norme-cenelec-50128","25":"product_tag-normes","26":"product_tag-ouvrage","27":"product_tag-ouvrage-numerique","28":"product_tag-ouvrage-science","29":"product_tag-ouvrage-scientifique","30":"product_tag-ouvrage-scientifique-francais","31":"product_tag-technologie","33":"first","34":"instock","35":"shipping-taxable","36":"purchasable","37":"product-type-variable"},"acf":[],"yoast_head":"<!-- This site is optimized with the Yoast SEO plugin v27.2 - https:\/\/yoast.com\/product\/yoast-seo-wordpress\/ -->\n<title>Mise en \u0153uvre des normes CENELEC 50128 et IEC 62279 - ISTE Group<\/title>\n<meta name=\"description\" content=\"Cet ouvrage est consacr\u00e9 \u00e0 la version 2011 de la norme CENELEC 50128, qui durcit les techniques et les m\u00e9thodes \u00e0 mettre en \u0153uvre et met l\u2019accent sur la gestion des comp\u00e9tences et la mise en place d\u2019une \u00e9valuation ind\u00e9pendante.\" \/>\n<meta name=\"robots\" content=\"index, follow, max-snippet:-1, max-image-preview:large, max-video-preview:-1\" \/>\n<link rel=\"canonical\" href=\"https:\/\/www.istegroup.com\/fr\/produit\/mise-en-oeuvre-des-normes-cenelec-50128-et-iec-62279\/\" \/>\n<meta property=\"og:locale\" content=\"en_US\" \/>\n<meta property=\"og:type\" content=\"article\" \/>\n<meta property=\"og:title\" content=\"Mise en \u0153uvre des normes CENELEC 50128 et IEC 62279 - ISTE Group\" \/>\n<meta property=\"og:description\" content=\"Cet ouvrage est consacr\u00e9 \u00e0 la version 2011 de la norme CENELEC 50128, qui durcit les techniques et les m\u00e9thodes \u00e0 mettre en \u0153uvre et met l\u2019accent sur la gestion des comp\u00e9tences et la mise en place d\u2019une \u00e9valuation ind\u00e9pendante.\" \/>\n<meta property=\"og:url\" content=\"https:\/\/www.istegroup.com\/fr\/produit\/mise-en-oeuvre-des-normes-cenelec-50128-et-iec-62279\/\" \/>\n<meta property=\"og:site_name\" content=\"ISTE Group\" \/>\n<meta property=\"article:modified_time\" content=\"2024-01-03T13:40:19+00:00\" \/>\n<meta property=\"og:image\" content=\"https:\/\/www.istegroup.com\/wp-content\/uploads\/2017\/07\/965343753_342389701-1.jpg\" \/>\n\t<meta property=\"og:image:width\" content=\"300\" \/>\n\t<meta property=\"og:image:height\" content=\"451\" \/>\n\t<meta property=\"og:image:type\" content=\"image\/jpeg\" \/>\n<meta name=\"twitter:card\" content=\"summary_large_image\" \/>\n<meta name=\"twitter:label1\" content=\"Est. reading time\" \/>\n\t<meta name=\"twitter:data1\" content=\"1 minute\" \/>\n<script type=\"application\/ld+json\" class=\"yoast-schema-graph\">{\"@context\":\"https:\/\/schema.org\",\"@graph\":[{\"@type\":\"WebPage\",\"@id\":\"https:\/\/www.istegroup.com\/fr\/produit\/mise-en-oeuvre-des-normes-cenelec-50128-et-iec-62279\/\",\"url\":\"https:\/\/www.istegroup.com\/fr\/produit\/mise-en-oeuvre-des-normes-cenelec-50128-et-iec-62279\/\",\"name\":\"Mise en \u0153uvre des normes CENELEC 50128 et IEC 62279 - ISTE Group\",\"isPartOf\":{\"@id\":\"https:\/\/www.istegroup.com\/#website\"},\"primaryImageOfPage\":{\"@id\":\"https:\/\/www.istegroup.com\/fr\/produit\/mise-en-oeuvre-des-normes-cenelec-50128-et-iec-62279\/#primaryimage\"},\"image\":{\"@id\":\"https:\/\/www.istegroup.com\/fr\/produit\/mise-en-oeuvre-des-normes-cenelec-50128-et-iec-62279\/#primaryimage\"},\"thumbnailUrl\":\"https:\/\/www.istegroup.com\/wp-content\/uploads\/2017\/07\/965343753_342389701-1.jpg\",\"datePublished\":\"2017-07-28T12:58:47+00:00\",\"dateModified\":\"2024-01-03T13:40:19+00:00\",\"description\":\"Cet ouvrage est consacr\u00e9 \u00e0 la version 2011 de la norme CENELEC 50128, qui durcit les techniques et les m\u00e9thodes \u00e0 mettre en \u0153uvre et met l\u2019accent sur la gestion des comp\u00e9tences et la mise en place d\u2019une \u00e9valuation ind\u00e9pendante.\",\"breadcrumb\":{\"@id\":\"https:\/\/www.istegroup.com\/fr\/produit\/mise-en-oeuvre-des-normes-cenelec-50128-et-iec-62279\/#breadcrumb\"},\"inLanguage\":\"en-US\",\"potentialAction\":[{\"@type\":\"ReadAction\",\"target\":[\"https:\/\/www.istegroup.com\/fr\/produit\/mise-en-oeuvre-des-normes-cenelec-50128-et-iec-62279\/\"]}]},{\"@type\":\"ImageObject\",\"inLanguage\":\"en-US\",\"@id\":\"https:\/\/www.istegroup.com\/fr\/produit\/mise-en-oeuvre-des-normes-cenelec-50128-et-iec-62279\/#primaryimage\",\"url\":\"https:\/\/www.istegroup.com\/wp-content\/uploads\/2017\/07\/965343753_342389701-1.jpg\",\"contentUrl\":\"https:\/\/www.istegroup.com\/wp-content\/uploads\/2017\/07\/965343753_342389701-1.jpg\",\"width\":300,\"height\":451,\"caption\":\"Mise en \u0153uvre des normes CENELEC 50128 et IEC 62279\"},{\"@type\":\"BreadcrumbList\",\"@id\":\"https:\/\/www.istegroup.com\/fr\/produit\/mise-en-oeuvre-des-normes-cenelec-50128-et-iec-62279\/#breadcrumb\",\"itemListElement\":[{\"@type\":\"ListItem\",\"position\":1,\"name\":\"Home\",\"item\":\"https:\/\/www.istegroup.com\/\"},{\"@type\":\"ListItem\",\"position\":2,\"name\":\"Shop\",\"item\":\"https:\/\/www.istegroup.com\/fr\/nouveautes\/\"},{\"@type\":\"ListItem\",\"position\":3,\"name\":\"Mise en \u0153uvre des normes CENELEC 50128 et IEC 62279\"}]},{\"@type\":\"WebSite\",\"@id\":\"https:\/\/www.istegroup.com\/#website\",\"url\":\"https:\/\/www.istegroup.com\/\",\"name\":\"ISTE Group\",\"description\":\"Publishing Knowledge\",\"potentialAction\":[{\"@type\":\"SearchAction\",\"target\":{\"@type\":\"EntryPoint\",\"urlTemplate\":\"https:\/\/www.istegroup.com\/?s={search_term_string}\"},\"query-input\":{\"@type\":\"PropertyValueSpecification\",\"valueRequired\":true,\"valueName\":\"search_term_string\"}}],\"inLanguage\":\"en-US\"}]}<\/script>\n<!-- \/ Yoast SEO plugin. -->","yoast_head_json":{"title":"Mise en \u0153uvre des normes CENELEC 50128 et IEC 62279 - ISTE Group","description":"Cet ouvrage est consacr\u00e9 \u00e0 la version 2011 de la norme CENELEC 50128, qui durcit les techniques et les m\u00e9thodes \u00e0 mettre en \u0153uvre et met l\u2019accent sur la gestion des comp\u00e9tences et la mise en place d\u2019une \u00e9valuation ind\u00e9pendante.","robots":{"index":"index","follow":"follow","max-snippet":"max-snippet:-1","max-image-preview":"max-image-preview:large","max-video-preview":"max-video-preview:-1"},"canonical":"https:\/\/www.istegroup.com\/fr\/produit\/mise-en-oeuvre-des-normes-cenelec-50128-et-iec-62279\/","og_locale":"en_US","og_type":"article","og_title":"Mise en \u0153uvre des normes CENELEC 50128 et IEC 62279 - ISTE Group","og_description":"Cet ouvrage est consacr\u00e9 \u00e0 la version 2011 de la norme CENELEC 50128, qui durcit les techniques et les m\u00e9thodes \u00e0 mettre en \u0153uvre et met l\u2019accent sur la gestion des comp\u00e9tences et la mise en place d\u2019une \u00e9valuation ind\u00e9pendante.","og_url":"https:\/\/www.istegroup.com\/fr\/produit\/mise-en-oeuvre-des-normes-cenelec-50128-et-iec-62279\/","og_site_name":"ISTE Group","article_modified_time":"2024-01-03T13:40:19+00:00","og_image":[{"width":300,"height":451,"url":"https:\/\/www.istegroup.com\/wp-content\/uploads\/2017\/07\/965343753_342389701-1.jpg","type":"image\/jpeg"}],"twitter_card":"summary_large_image","twitter_misc":{"Est. reading time":"1 minute"},"schema":{"@context":"https:\/\/schema.org","@graph":[{"@type":"WebPage","@id":"https:\/\/www.istegroup.com\/fr\/produit\/mise-en-oeuvre-des-normes-cenelec-50128-et-iec-62279\/","url":"https:\/\/www.istegroup.com\/fr\/produit\/mise-en-oeuvre-des-normes-cenelec-50128-et-iec-62279\/","name":"Mise en \u0153uvre des normes CENELEC 50128 et IEC 62279 - ISTE Group","isPartOf":{"@id":"https:\/\/www.istegroup.com\/#website"},"primaryImageOfPage":{"@id":"https:\/\/www.istegroup.com\/fr\/produit\/mise-en-oeuvre-des-normes-cenelec-50128-et-iec-62279\/#primaryimage"},"image":{"@id":"https:\/\/www.istegroup.com\/fr\/produit\/mise-en-oeuvre-des-normes-cenelec-50128-et-iec-62279\/#primaryimage"},"thumbnailUrl":"https:\/\/www.istegroup.com\/wp-content\/uploads\/2017\/07\/965343753_342389701-1.jpg","datePublished":"2017-07-28T12:58:47+00:00","dateModified":"2024-01-03T13:40:19+00:00","description":"Cet ouvrage est consacr\u00e9 \u00e0 la version 2011 de la norme CENELEC 50128, qui durcit les techniques et les m\u00e9thodes \u00e0 mettre en \u0153uvre et met l\u2019accent sur la gestion des comp\u00e9tences et la mise en place d\u2019une \u00e9valuation ind\u00e9pendante.","breadcrumb":{"@id":"https:\/\/www.istegroup.com\/fr\/produit\/mise-en-oeuvre-des-normes-cenelec-50128-et-iec-62279\/#breadcrumb"},"inLanguage":"en-US","potentialAction":[{"@type":"ReadAction","target":["https:\/\/www.istegroup.com\/fr\/produit\/mise-en-oeuvre-des-normes-cenelec-50128-et-iec-62279\/"]}]},{"@type":"ImageObject","inLanguage":"en-US","@id":"https:\/\/www.istegroup.com\/fr\/produit\/mise-en-oeuvre-des-normes-cenelec-50128-et-iec-62279\/#primaryimage","url":"https:\/\/www.istegroup.com\/wp-content\/uploads\/2017\/07\/965343753_342389701-1.jpg","contentUrl":"https:\/\/www.istegroup.com\/wp-content\/uploads\/2017\/07\/965343753_342389701-1.jpg","width":300,"height":451,"caption":"Mise en \u0153uvre des normes CENELEC 50128 et IEC 62279"},{"@type":"BreadcrumbList","@id":"https:\/\/www.istegroup.com\/fr\/produit\/mise-en-oeuvre-des-normes-cenelec-50128-et-iec-62279\/#breadcrumb","itemListElement":[{"@type":"ListItem","position":1,"name":"Home","item":"https:\/\/www.istegroup.com\/"},{"@type":"ListItem","position":2,"name":"Shop","item":"https:\/\/www.istegroup.com\/fr\/nouveautes\/"},{"@type":"ListItem","position":3,"name":"Mise en \u0153uvre des normes CENELEC 50128 et IEC 62279"}]},{"@type":"WebSite","@id":"https:\/\/www.istegroup.com\/#website","url":"https:\/\/www.istegroup.com\/","name":"ISTE Group","description":"Publishing Knowledge","potentialAction":[{"@type":"SearchAction","target":{"@type":"EntryPoint","urlTemplate":"https:\/\/www.istegroup.com\/?s={search_term_string}"},"query-input":{"@type":"PropertyValueSpecification","valueRequired":true,"valueName":"search_term_string"}}],"inLanguage":"en-US"}]}},"_links":{"self":[{"href":"https:\/\/www.istegroup.com\/en\/wp-json\/wp\/v2\/product\/503","targetHints":{"allow":["GET"]}}],"collection":[{"href":"https:\/\/www.istegroup.com\/en\/wp-json\/wp\/v2\/product"}],"about":[{"href":"https:\/\/www.istegroup.com\/en\/wp-json\/wp\/v2\/types\/product"}],"wp:featuredmedia":[{"embeddable":true,"href":"https:\/\/www.istegroup.com\/en\/wp-json\/wp\/v2\/media\/504"}],"wp:attachment":[{"href":"https:\/\/www.istegroup.com\/en\/wp-json\/wp\/v2\/media?parent=503"}],"wp:term":[{"taxonomy":"product_brand","embeddable":true,"href":"https:\/\/www.istegroup.com\/en\/wp-json\/wp\/v2\/product_brand?post=503"},{"taxonomy":"product_cat","embeddable":true,"href":"https:\/\/www.istegroup.com\/en\/wp-json\/wp\/v2\/product_cat?post=503"},{"taxonomy":"product_tag","embeddable":true,"href":"https:\/\/www.istegroup.com\/en\/wp-json\/wp\/v2\/product_tag?post=503"}],"curies":[{"name":"wp","href":"https:\/\/api.w.org\/{rel}","templated":true}]}}