{"id":499,"date":"2017-02-10T14:58:36","date_gmt":"2017-02-10T13:58:36","guid":{"rendered":"https:\/\/iste.yhello.co\/product\/mise-en-forme-des-materiaux\/"},"modified":"2024-01-03T13:40:19","modified_gmt":"2024-01-03T13:40:19","slug":"mise-en-forme-des-materiaux","status":"publish","type":"product","link":"https:\/\/www.istegroup.com\/en\/produit\/mise-en-forme-des-materiaux\/","title":{"rendered":"Mise en forme des mat\u00e9riaux"},"content":{"rendered":"<p>Dans les milieux industriels du secteur automobile, a\u00e9ronautique, a\u00e9rospatial, etc., la mise en forme des mat\u00e9riaux au cours du processus de fabrication a un impact sur la qualit\u00e9 et le co\u00fbt du produit final.<br \/>\nCet ouvrage pr\u00e9sente les diff\u00e9rents proc\u00e9d\u00e9s utilis\u00e9s en industrie lors de la phase de la mise en forme qui est d\u00e9terminante : emboutissage, hydroformage et fabrication additive.<br \/>\nIl propose une mod\u00e9lisation de ces derniers \u00e0 travers les avanc\u00e9es th\u00e9oriques et num\u00e9riques de chaque proc\u00e9d\u00e9 en passant par la m\u00e9canique des grandes d\u00e9formations \u00e0 la base des grandes transformations. Les diff\u00e9rentes techniques relatives \u00e0 l&#8217;optimisation et le calcul de fiabilit\u00e9 des diff\u00e9rents proc\u00e9d\u00e9s sont \u00e9galement abord\u00e9s.<\/p>\n<p>P\u00e9dagogique,\u00a0<em>Mise en forme des mat\u00e9riaux<\/em>\u00a0met en perspective les enjeux qui se nouent autour de la modernisation de ces proc\u00e9d\u00e9s : diminution de la dur\u00e9e du cycle de d\u00e9veloppement des produits, am\u00e9lioration de la qualit\u00e9 des produits et fiabilisation des proc\u00e9d\u00e9s, optimisation de la r\u00e9alisation des essais avec r\u00e9duction de leur co\u00fbt et simulation des ph\u00e9nom\u00e8nes complexes non reproductibles par des essais.<\/p>\n","protected":false},"excerpt":{"rendered":"<p>Dans les milieux industriels du secteur automobile, a\u00e9ronautique, a\u00e9rospatial, etc., la mise en forme des mat\u00e9riaux au cours du processus de fabrication a un impact sur la qualit\u00e9 et le co\u00fbt du produit final. Cet ouvrage pr\u00e9sente les diff\u00e9rents proc\u00e9d\u00e9s utilis\u00e9s en industrie lors de la phase de la mise en forme qui est d\u00e9terminante [&hellip;]<\/p>\n","protected":false},"featured_media":22971,"template":"","meta":{"_acf_changed":false,"_links_to":"","_links_to_target":""},"product_brand":[],"product_cat":[664,675,697],"product_tag":[152,548,31,196,549,550,551,247,552,197,198,199,21,200,22,201,203,204,63,25,172,209,553,555,556,554,212,38,192,145,28,557,558,472],"class_list":{"0":"post-499","1":"product","2":"type-product","3":"status-publish","4":"has-post-thumbnail","6":"product_cat-gnie-mcanique-et-mcanique-des-solides-12506462","7":"product_cat-nouveauts-12519446","8":"product_cat-srie-ingnierie-mathmatique-et-mcanique-406324433","9":"product_tag-abdelkhalak-el-hami","10":"product_tag-bouchab-radi","11":"product_tag-ebook","12":"product_tag-ebooks","13":"product_tag-emboutissage","14":"product_tag-fabrication-additive","15":"product_tag-hydroformage","16":"product_tag-industrie","17":"product_tag-ingenierie-mathematique","18":"product_tag-iste","19":"product_tag-iste-edition","20":"product_tag-iste-editions","21":"product_tag-iste-group","22":"product_tag-isteedition","23":"product_tag-istegroup","24":"product_tag-kindle","25":"product_tag-liseuse","26":"product_tag-livre","27":"product_tag-livre-electronique","28":"product_tag-livre-numerique","29":"product_tag-livre-scientifique","30":"product_tag-livres-scientifiques","31":"product_tag-maison-dedition","32":"product_tag-mecanique-des-grandes-deformations","33":"product_tag-mecanique-livre","34":"product_tag-mise-en-forme-des-materiaux","35":"product_tag-ouvrage","36":"product_tag-ouvrage-numerique","37":"product_tag-ouvrage-science","38":"product_tag-ouvrage-scientifique","39":"product_tag-ouvrage-scientifique-francais","40":"product_tag-secteur-automobile","41":"product_tag-serie-ingenierie-mathematique-et-mecanique","42":"product_tag-simulation","44":"first","45":"instock","46":"shipping-taxable","47":"purchasable","48":"product-type-variable"},"acf":[],"yoast_head":"<!-- This site is optimized with the Yoast SEO plugin v27.2 - https:\/\/yoast.com\/product\/yoast-seo-wordpress\/ -->\n<title>Mise en forme des mat\u00e9riaux - ISTE Group<\/title>\n<meta name=\"description\" content=\"Cet ouvrage pr\u00e9sente les diff\u00e9rents proc\u00e9d\u00e9s utilis\u00e9s en industrie lors de la phase de la mise en forme des mat\u00e9riaux au cours du processus de fabrication.\" \/>\n<meta name=\"robots\" content=\"index, follow, max-snippet:-1, max-image-preview:large, max-video-preview:-1\" \/>\n<link rel=\"canonical\" href=\"https:\/\/www.istegroup.com\/fr\/produit\/mise-en-forme-des-materiaux\/\" \/>\n<meta property=\"og:locale\" content=\"en_US\" \/>\n<meta property=\"og:type\" content=\"article\" \/>\n<meta property=\"og:title\" content=\"Mise en forme des mat\u00e9riaux - ISTE Group\" \/>\n<meta property=\"og:description\" content=\"Cet ouvrage pr\u00e9sente les diff\u00e9rents proc\u00e9d\u00e9s utilis\u00e9s en industrie lors de la phase de la mise en forme des mat\u00e9riaux au cours du processus de fabrication.\" \/>\n<meta property=\"og:url\" content=\"https:\/\/www.istegroup.com\/fr\/produit\/mise-en-forme-des-materiaux\/\" \/>\n<meta property=\"og:site_name\" content=\"ISTE Group\" \/>\n<meta property=\"article:modified_time\" content=\"2024-01-03T13:40:19+00:00\" \/>\n<meta property=\"og:image\" content=\"https:\/\/www.istegroup.com\/wp-content\/uploads\/2019\/09\/Mise-en-forme-des-mat\u00e9riaux.jpg\" \/>\n\t<meta property=\"og:image:width\" content=\"300\" \/>\n\t<meta property=\"og:image:height\" content=\"451\" \/>\n\t<meta property=\"og:image:type\" content=\"image\/jpeg\" \/>\n<meta name=\"twitter:card\" content=\"summary_large_image\" \/>\n<meta name=\"twitter:label1\" content=\"Est. reading time\" \/>\n\t<meta name=\"twitter:data1\" content=\"1 minute\" \/>\n<script type=\"application\/ld+json\" class=\"yoast-schema-graph\">{\"@context\":\"https:\/\/schema.org\",\"@graph\":[{\"@type\":\"WebPage\",\"@id\":\"https:\/\/www.istegroup.com\/fr\/produit\/mise-en-forme-des-materiaux\/\",\"url\":\"https:\/\/www.istegroup.com\/fr\/produit\/mise-en-forme-des-materiaux\/\",\"name\":\"Mise en forme des mat\u00e9riaux - ISTE Group\",\"isPartOf\":{\"@id\":\"https:\/\/www.istegroup.com\/#website\"},\"primaryImageOfPage\":{\"@id\":\"https:\/\/www.istegroup.com\/fr\/produit\/mise-en-forme-des-materiaux\/#primaryimage\"},\"image\":{\"@id\":\"https:\/\/www.istegroup.com\/fr\/produit\/mise-en-forme-des-materiaux\/#primaryimage\"},\"thumbnailUrl\":\"https:\/\/www.istegroup.com\/wp-content\/uploads\/2019\/09\/Mise-en-forme-des-mat\u00e9riaux.jpg\",\"datePublished\":\"2017-02-10T13:58:36+00:00\",\"dateModified\":\"2024-01-03T13:40:19+00:00\",\"description\":\"Cet ouvrage pr\u00e9sente les diff\u00e9rents proc\u00e9d\u00e9s utilis\u00e9s en industrie lors de la phase de la mise en forme des mat\u00e9riaux au cours du processus de fabrication.\",\"breadcrumb\":{\"@id\":\"https:\/\/www.istegroup.com\/fr\/produit\/mise-en-forme-des-materiaux\/#breadcrumb\"},\"inLanguage\":\"en-US\",\"potentialAction\":[{\"@type\":\"ReadAction\",\"target\":[\"https:\/\/www.istegroup.com\/fr\/produit\/mise-en-forme-des-materiaux\/\"]}]},{\"@type\":\"ImageObject\",\"inLanguage\":\"en-US\",\"@id\":\"https:\/\/www.istegroup.com\/fr\/produit\/mise-en-forme-des-materiaux\/#primaryimage\",\"url\":\"https:\/\/www.istegroup.com\/wp-content\/uploads\/2019\/09\/Mise-en-forme-des-mat\u00e9riaux.jpg\",\"contentUrl\":\"https:\/\/www.istegroup.com\/wp-content\/uploads\/2019\/09\/Mise-en-forme-des-mat\u00e9riaux.jpg\",\"width\":300,\"height\":451,\"caption\":\"Simulation, emboutissage, hydroformage et fabrication additive\"},{\"@type\":\"BreadcrumbList\",\"@id\":\"https:\/\/www.istegroup.com\/fr\/produit\/mise-en-forme-des-materiaux\/#breadcrumb\",\"itemListElement\":[{\"@type\":\"ListItem\",\"position\":1,\"name\":\"Home\",\"item\":\"https:\/\/www.istegroup.com\/\"},{\"@type\":\"ListItem\",\"position\":2,\"name\":\"Shop\",\"item\":\"https:\/\/www.istegroup.com\/fr\/nouveautes\/\"},{\"@type\":\"ListItem\",\"position\":3,\"name\":\"Mise en forme des mat\u00e9riaux\"}]},{\"@type\":\"WebSite\",\"@id\":\"https:\/\/www.istegroup.com\/#website\",\"url\":\"https:\/\/www.istegroup.com\/\",\"name\":\"ISTE Group\",\"description\":\"Publishing Knowledge\",\"potentialAction\":[{\"@type\":\"SearchAction\",\"target\":{\"@type\":\"EntryPoint\",\"urlTemplate\":\"https:\/\/www.istegroup.com\/?s={search_term_string}\"},\"query-input\":{\"@type\":\"PropertyValueSpecification\",\"valueRequired\":true,\"valueName\":\"search_term_string\"}}],\"inLanguage\":\"en-US\"}]}<\/script>\n<!-- \/ Yoast SEO plugin. -->","yoast_head_json":{"title":"Mise en forme des mat\u00e9riaux - ISTE Group","description":"Cet ouvrage pr\u00e9sente les diff\u00e9rents proc\u00e9d\u00e9s utilis\u00e9s en industrie lors de la phase de la mise en forme des mat\u00e9riaux au cours du processus de fabrication.","robots":{"index":"index","follow":"follow","max-snippet":"max-snippet:-1","max-image-preview":"max-image-preview:large","max-video-preview":"max-video-preview:-1"},"canonical":"https:\/\/www.istegroup.com\/fr\/produit\/mise-en-forme-des-materiaux\/","og_locale":"en_US","og_type":"article","og_title":"Mise en forme des mat\u00e9riaux - ISTE Group","og_description":"Cet ouvrage pr\u00e9sente les diff\u00e9rents proc\u00e9d\u00e9s utilis\u00e9s en industrie lors de la phase de la mise en forme des mat\u00e9riaux au cours du processus de fabrication.","og_url":"https:\/\/www.istegroup.com\/fr\/produit\/mise-en-forme-des-materiaux\/","og_site_name":"ISTE Group","article_modified_time":"2024-01-03T13:40:19+00:00","og_image":[{"width":300,"height":451,"url":"https:\/\/www.istegroup.com\/wp-content\/uploads\/2019\/09\/Mise-en-forme-des-mat\u00e9riaux.jpg","type":"image\/jpeg"}],"twitter_card":"summary_large_image","twitter_misc":{"Est. reading time":"1 minute"},"schema":{"@context":"https:\/\/schema.org","@graph":[{"@type":"WebPage","@id":"https:\/\/www.istegroup.com\/fr\/produit\/mise-en-forme-des-materiaux\/","url":"https:\/\/www.istegroup.com\/fr\/produit\/mise-en-forme-des-materiaux\/","name":"Mise en forme des mat\u00e9riaux - ISTE Group","isPartOf":{"@id":"https:\/\/www.istegroup.com\/#website"},"primaryImageOfPage":{"@id":"https:\/\/www.istegroup.com\/fr\/produit\/mise-en-forme-des-materiaux\/#primaryimage"},"image":{"@id":"https:\/\/www.istegroup.com\/fr\/produit\/mise-en-forme-des-materiaux\/#primaryimage"},"thumbnailUrl":"https:\/\/www.istegroup.com\/wp-content\/uploads\/2019\/09\/Mise-en-forme-des-mat\u00e9riaux.jpg","datePublished":"2017-02-10T13:58:36+00:00","dateModified":"2024-01-03T13:40:19+00:00","description":"Cet ouvrage pr\u00e9sente les diff\u00e9rents proc\u00e9d\u00e9s utilis\u00e9s en industrie lors de la phase de la mise en forme des mat\u00e9riaux au cours du processus de fabrication.","breadcrumb":{"@id":"https:\/\/www.istegroup.com\/fr\/produit\/mise-en-forme-des-materiaux\/#breadcrumb"},"inLanguage":"en-US","potentialAction":[{"@type":"ReadAction","target":["https:\/\/www.istegroup.com\/fr\/produit\/mise-en-forme-des-materiaux\/"]}]},{"@type":"ImageObject","inLanguage":"en-US","@id":"https:\/\/www.istegroup.com\/fr\/produit\/mise-en-forme-des-materiaux\/#primaryimage","url":"https:\/\/www.istegroup.com\/wp-content\/uploads\/2019\/09\/Mise-en-forme-des-mat\u00e9riaux.jpg","contentUrl":"https:\/\/www.istegroup.com\/wp-content\/uploads\/2019\/09\/Mise-en-forme-des-mat\u00e9riaux.jpg","width":300,"height":451,"caption":"Simulation, emboutissage, hydroformage et fabrication additive"},{"@type":"BreadcrumbList","@id":"https:\/\/www.istegroup.com\/fr\/produit\/mise-en-forme-des-materiaux\/#breadcrumb","itemListElement":[{"@type":"ListItem","position":1,"name":"Home","item":"https:\/\/www.istegroup.com\/"},{"@type":"ListItem","position":2,"name":"Shop","item":"https:\/\/www.istegroup.com\/fr\/nouveautes\/"},{"@type":"ListItem","position":3,"name":"Mise en forme des mat\u00e9riaux"}]},{"@type":"WebSite","@id":"https:\/\/www.istegroup.com\/#website","url":"https:\/\/www.istegroup.com\/","name":"ISTE Group","description":"Publishing Knowledge","potentialAction":[{"@type":"SearchAction","target":{"@type":"EntryPoint","urlTemplate":"https:\/\/www.istegroup.com\/?s={search_term_string}"},"query-input":{"@type":"PropertyValueSpecification","valueRequired":true,"valueName":"search_term_string"}}],"inLanguage":"en-US"}]}},"_links":{"self":[{"href":"https:\/\/www.istegroup.com\/en\/wp-json\/wp\/v2\/product\/499","targetHints":{"allow":["GET"]}}],"collection":[{"href":"https:\/\/www.istegroup.com\/en\/wp-json\/wp\/v2\/product"}],"about":[{"href":"https:\/\/www.istegroup.com\/en\/wp-json\/wp\/v2\/types\/product"}],"wp:featuredmedia":[{"embeddable":true,"href":"https:\/\/www.istegroup.com\/en\/wp-json\/wp\/v2\/media\/22971"}],"wp:attachment":[{"href":"https:\/\/www.istegroup.com\/en\/wp-json\/wp\/v2\/media?parent=499"}],"wp:term":[{"taxonomy":"product_brand","embeddable":true,"href":"https:\/\/www.istegroup.com\/en\/wp-json\/wp\/v2\/product_brand?post=499"},{"taxonomy":"product_cat","embeddable":true,"href":"https:\/\/www.istegroup.com\/en\/wp-json\/wp\/v2\/product_cat?post=499"},{"taxonomy":"product_tag","embeddable":true,"href":"https:\/\/www.istegroup.com\/en\/wp-json\/wp\/v2\/product_tag?post=499"}],"curies":[{"name":"wp","href":"https:\/\/api.w.org\/{rel}","templated":true}]}}