{"id":497,"date":"2017-07-28T14:58:18","date_gmt":"2017-07-28T12:58:18","guid":{"rendered":"https:\/\/iste.yhello.co\/product\/methodes-numeriques-pour-les-problemes-inverses\/"},"modified":"2024-01-03T13:40:18","modified_gmt":"2024-01-03T13:40:18","slug":"methodes-numeriques-pour-les-problemes-inverses","status":"publish","type":"product","link":"https:\/\/www.istegroup.com\/en\/produit\/methodes-numeriques-pour-les-problemes-inverses\/","title":{"rendered":"M\u00e9thodes num\u00e9riques pour les probl\u00e8mes inverses"},"content":{"rendered":"<p>Les probl\u00e8mes inverses sont omnipr\u00e9sents dans les sciences et l\u2019ing\u00e9nierie. Ils se rencontrent \u00e0 chaque fois que l\u2019on cherche les causes ayant produit un effet connu ou que l\u2019on veut d\u00e9terminer l\u2019\u00e9tat d\u2019un syst\u00e8me \u00e0 partir de mesures indirectes. Dans ces probl\u00e8mes, dits \u00ab mal pos\u00e9s \u00bb, la solution ne d\u00e9pend pas contin\u00fbment des donn\u00e9es, ce qui a pour cons\u00e9quence une grande sensibilit\u00e9 aux erreurs exp\u00e9rimentales.<\/p>\n<p>Cet ouvrage pr\u00e9sente les m\u00e9thodes les plus commun\u00e9ment utilis\u00e9es pour analyser les probl\u00e8mes inverses, et particuli\u00e8rement les techniques num\u00e9riques permettant de r\u00e9tablir une certaine continuit\u00e9 par rapport aux donn\u00e9es. La premi\u00e8re partie introduit la r\u00e9gularisation des probl\u00e8mes mal pos\u00e9s, tels que les \u00e9quations int\u00e9grales de premi\u00e8re esp\u00e8ce, et pr\u00e9sente la d\u00e9composition en valeurs singuli\u00e8res comme outil d\u2019analyse essentiel. La deuxi\u00e8me partie traite des probl\u00e8mes d\u2019estimation de param\u00e8tres dans les \u00e9quations aux d\u00e9riv\u00e9es partielles, avec comme outil principal la formulation sous forme de moindres carr\u00e9s sur l\u2019erreur d\u2019observation, en insistant sur la m\u00e9thode de l\u2019\u00e9tat adjoint.<\/p>\n","protected":false},"excerpt":{"rendered":"<p>Les probl\u00e8mes inverses sont omnipr\u00e9sents dans les sciences et l\u2019ing\u00e9nierie. Ils se rencontrent \u00e0 chaque fois que l\u2019on cherche les causes ayant produit un effet connu ou que l\u2019on veut d\u00e9terminer l\u2019\u00e9tat d\u2019un syst\u00e8me \u00e0 partir de mesures indirectes. Dans ces probl\u00e8mes, dits \u00ab mal pos\u00e9s \u00bb, la solution ne d\u00e9pend pas contin\u00fbment des donn\u00e9es, [&hellip;]<\/p>\n","protected":false},"featured_media":498,"template":"","meta":{"_acf_changed":false,"_links_to":"","_links_to_target":""},"product_brand":[],"product_cat":[671],"product_tag":[1953,318,31,196,1963,1954,1955,117,197,198,199,21,200,22,201,203,204,63,25,172,209,1958,1959,1956,1957,1960,212,38,192,145,28,1961,1962],"class_list":{"0":"post-497","1":"product","2":"type-product","3":"status-publish","4":"has-post-thumbnail","6":"product_cat-mathmatiques-et-statistiques-12506494","7":"product_tag-analyse-essentiel","8":"product_tag-calcul-scientifique","9":"product_tag-ebook","10":"product_tag-ebooks","11":"product_tag-equations-integrales","12":"product_tag-erreur-dobservation","13":"product_tag-erreurs-experimentales","14":"product_tag-ingenierie","15":"product_tag-iste","16":"product_tag-iste-edition","17":"product_tag-iste-editions","18":"product_tag-iste-group","19":"product_tag-isteedition","20":"product_tag-istegroup","21":"product_tag-kindle","22":"product_tag-liseuse","23":"product_tag-livre","24":"product_tag-livre-electronique","25":"product_tag-livre-numerique","26":"product_tag-livre-scientifique","27":"product_tag-livres-scientifiques","28":"product_tag-methodes-numeriques","29":"product_tag-methodes-numeriques-pour-les-problemes-inverses","30":"product_tag-michel-kern","31":"product_tag-moindres-carres-lineaires","32":"product_tag-operateurs-integraux","33":"product_tag-ouvrage","34":"product_tag-ouvrage-numerique","35":"product_tag-ouvrage-science","36":"product_tag-ouvrage-scientifique","37":"product_tag-ouvrage-scientifique-francais","38":"product_tag-problemes-inverses","39":"product_tag-problemes-inverses-lineaires","41":"first","42":"instock","43":"shipping-taxable","44":"purchasable","45":"product-type-variable"},"acf":[],"yoast_head":"<!-- This site is optimized with the Yoast SEO plugin v27.2 - https:\/\/yoast.com\/product\/yoast-seo-wordpress\/ -->\n<title>M\u00e9thodes num\u00e9riques pour les probl\u00e8mes inverses - ISTE Group<\/title>\n<meta name=\"description\" content=\"Cet ouvrage pr\u00e9sente les m\u00e9thodes les plus commun\u00e9ment utilis\u00e9es pour analyser les probl\u00e8mes inverses, et particuli\u00e8rement les techniques num\u00e9riques permettant de r\u00e9tablir une certaine continuit\u00e9 par rapport aux donn\u00e9es.\" \/>\n<meta name=\"robots\" content=\"index, follow, max-snippet:-1, max-image-preview:large, max-video-preview:-1\" \/>\n<link rel=\"canonical\" href=\"https:\/\/www.istegroup.com\/fr\/produit\/methodes-numeriques-pour-les-problemes-inverses\/\" \/>\n<meta property=\"og:locale\" content=\"en_US\" \/>\n<meta property=\"og:type\" content=\"article\" \/>\n<meta property=\"og:title\" content=\"M\u00e9thodes num\u00e9riques pour les probl\u00e8mes inverses - ISTE Group\" \/>\n<meta property=\"og:description\" content=\"Cet ouvrage pr\u00e9sente les m\u00e9thodes les plus commun\u00e9ment utilis\u00e9es pour analyser les probl\u00e8mes inverses, et particuli\u00e8rement les techniques num\u00e9riques permettant de r\u00e9tablir une certaine continuit\u00e9 par rapport aux donn\u00e9es.\" \/>\n<meta property=\"og:url\" content=\"https:\/\/www.istegroup.com\/fr\/produit\/methodes-numeriques-pour-les-problemes-inverses\/\" \/>\n<meta property=\"og:site_name\" content=\"ISTE Group\" \/>\n<meta property=\"article:modified_time\" content=\"2024-01-03T13:40:18+00:00\" \/>\n<meta property=\"og:image\" content=\"https:\/\/www.istegroup.com\/wp-content\/uploads\/2017\/07\/10258174212_4409984772-1.jpg\" \/>\n\t<meta property=\"og:image:width\" content=\"300\" \/>\n\t<meta property=\"og:image:height\" content=\"452\" \/>\n\t<meta property=\"og:image:type\" content=\"image\/jpeg\" \/>\n<meta name=\"twitter:card\" content=\"summary_large_image\" \/>\n<meta name=\"twitter:label1\" content=\"Est. reading time\" \/>\n\t<meta name=\"twitter:data1\" content=\"1 minute\" \/>\n<script type=\"application\/ld+json\" class=\"yoast-schema-graph\">{\"@context\":\"https:\/\/schema.org\",\"@graph\":[{\"@type\":\"WebPage\",\"@id\":\"https:\/\/www.istegroup.com\/fr\/produit\/methodes-numeriques-pour-les-problemes-inverses\/\",\"url\":\"https:\/\/www.istegroup.com\/fr\/produit\/methodes-numeriques-pour-les-problemes-inverses\/\",\"name\":\"M\u00e9thodes num\u00e9riques pour les probl\u00e8mes inverses - ISTE Group\",\"isPartOf\":{\"@id\":\"https:\/\/www.istegroup.com\/#website\"},\"primaryImageOfPage\":{\"@id\":\"https:\/\/www.istegroup.com\/fr\/produit\/methodes-numeriques-pour-les-problemes-inverses\/#primaryimage\"},\"image\":{\"@id\":\"https:\/\/www.istegroup.com\/fr\/produit\/methodes-numeriques-pour-les-problemes-inverses\/#primaryimage\"},\"thumbnailUrl\":\"https:\/\/www.istegroup.com\/wp-content\/uploads\/2017\/07\/10258174212_4409984772-1.jpg\",\"datePublished\":\"2017-07-28T12:58:18+00:00\",\"dateModified\":\"2024-01-03T13:40:18+00:00\",\"description\":\"Cet ouvrage pr\u00e9sente les m\u00e9thodes les plus commun\u00e9ment utilis\u00e9es pour analyser les probl\u00e8mes inverses, et particuli\u00e8rement les techniques num\u00e9riques permettant de r\u00e9tablir une certaine continuit\u00e9 par rapport aux donn\u00e9es.\",\"breadcrumb\":{\"@id\":\"https:\/\/www.istegroup.com\/fr\/produit\/methodes-numeriques-pour-les-problemes-inverses\/#breadcrumb\"},\"inLanguage\":\"en-US\",\"potentialAction\":[{\"@type\":\"ReadAction\",\"target\":[\"https:\/\/www.istegroup.com\/fr\/produit\/methodes-numeriques-pour-les-problemes-inverses\/\"]}]},{\"@type\":\"ImageObject\",\"inLanguage\":\"en-US\",\"@id\":\"https:\/\/www.istegroup.com\/fr\/produit\/methodes-numeriques-pour-les-problemes-inverses\/#primaryimage\",\"url\":\"https:\/\/www.istegroup.com\/wp-content\/uploads\/2017\/07\/10258174212_4409984772-1.jpg\",\"contentUrl\":\"https:\/\/www.istegroup.com\/wp-content\/uploads\/2017\/07\/10258174212_4409984772-1.jpg\",\"width\":300,\"height\":452,\"caption\":\"M\u00e9thodes num\u00e9riques pour les probl\u00e8mes inverses\"},{\"@type\":\"BreadcrumbList\",\"@id\":\"https:\/\/www.istegroup.com\/fr\/produit\/methodes-numeriques-pour-les-problemes-inverses\/#breadcrumb\",\"itemListElement\":[{\"@type\":\"ListItem\",\"position\":1,\"name\":\"Home\",\"item\":\"https:\/\/www.istegroup.com\/\"},{\"@type\":\"ListItem\",\"position\":2,\"name\":\"Shop\",\"item\":\"https:\/\/www.istegroup.com\/fr\/nouveautes\/\"},{\"@type\":\"ListItem\",\"position\":3,\"name\":\"M\u00e9thodes num\u00e9riques pour les probl\u00e8mes inverses\"}]},{\"@type\":\"WebSite\",\"@id\":\"https:\/\/www.istegroup.com\/#website\",\"url\":\"https:\/\/www.istegroup.com\/\",\"name\":\"ISTE Group\",\"description\":\"Publishing Knowledge\",\"potentialAction\":[{\"@type\":\"SearchAction\",\"target\":{\"@type\":\"EntryPoint\",\"urlTemplate\":\"https:\/\/www.istegroup.com\/?s={search_term_string}\"},\"query-input\":{\"@type\":\"PropertyValueSpecification\",\"valueRequired\":true,\"valueName\":\"search_term_string\"}}],\"inLanguage\":\"en-US\"}]}<\/script>\n<!-- \/ Yoast SEO plugin. -->","yoast_head_json":{"title":"M\u00e9thodes num\u00e9riques pour les probl\u00e8mes inverses - ISTE Group","description":"Cet ouvrage pr\u00e9sente les m\u00e9thodes les plus commun\u00e9ment utilis\u00e9es pour analyser les probl\u00e8mes inverses, et particuli\u00e8rement les techniques num\u00e9riques permettant de r\u00e9tablir une certaine continuit\u00e9 par rapport aux donn\u00e9es.","robots":{"index":"index","follow":"follow","max-snippet":"max-snippet:-1","max-image-preview":"max-image-preview:large","max-video-preview":"max-video-preview:-1"},"canonical":"https:\/\/www.istegroup.com\/fr\/produit\/methodes-numeriques-pour-les-problemes-inverses\/","og_locale":"en_US","og_type":"article","og_title":"M\u00e9thodes num\u00e9riques pour les probl\u00e8mes inverses - ISTE Group","og_description":"Cet ouvrage pr\u00e9sente les m\u00e9thodes les plus commun\u00e9ment utilis\u00e9es pour analyser les probl\u00e8mes inverses, et particuli\u00e8rement les techniques num\u00e9riques permettant de r\u00e9tablir une certaine continuit\u00e9 par rapport aux donn\u00e9es.","og_url":"https:\/\/www.istegroup.com\/fr\/produit\/methodes-numeriques-pour-les-problemes-inverses\/","og_site_name":"ISTE Group","article_modified_time":"2024-01-03T13:40:18+00:00","og_image":[{"width":300,"height":452,"url":"https:\/\/www.istegroup.com\/wp-content\/uploads\/2017\/07\/10258174212_4409984772-1.jpg","type":"image\/jpeg"}],"twitter_card":"summary_large_image","twitter_misc":{"Est. reading time":"1 minute"},"schema":{"@context":"https:\/\/schema.org","@graph":[{"@type":"WebPage","@id":"https:\/\/www.istegroup.com\/fr\/produit\/methodes-numeriques-pour-les-problemes-inverses\/","url":"https:\/\/www.istegroup.com\/fr\/produit\/methodes-numeriques-pour-les-problemes-inverses\/","name":"M\u00e9thodes num\u00e9riques pour les probl\u00e8mes inverses - ISTE Group","isPartOf":{"@id":"https:\/\/www.istegroup.com\/#website"},"primaryImageOfPage":{"@id":"https:\/\/www.istegroup.com\/fr\/produit\/methodes-numeriques-pour-les-problemes-inverses\/#primaryimage"},"image":{"@id":"https:\/\/www.istegroup.com\/fr\/produit\/methodes-numeriques-pour-les-problemes-inverses\/#primaryimage"},"thumbnailUrl":"https:\/\/www.istegroup.com\/wp-content\/uploads\/2017\/07\/10258174212_4409984772-1.jpg","datePublished":"2017-07-28T12:58:18+00:00","dateModified":"2024-01-03T13:40:18+00:00","description":"Cet ouvrage pr\u00e9sente les m\u00e9thodes les plus commun\u00e9ment utilis\u00e9es pour analyser les probl\u00e8mes inverses, et particuli\u00e8rement les techniques num\u00e9riques permettant de r\u00e9tablir une certaine continuit\u00e9 par rapport aux donn\u00e9es.","breadcrumb":{"@id":"https:\/\/www.istegroup.com\/fr\/produit\/methodes-numeriques-pour-les-problemes-inverses\/#breadcrumb"},"inLanguage":"en-US","potentialAction":[{"@type":"ReadAction","target":["https:\/\/www.istegroup.com\/fr\/produit\/methodes-numeriques-pour-les-problemes-inverses\/"]}]},{"@type":"ImageObject","inLanguage":"en-US","@id":"https:\/\/www.istegroup.com\/fr\/produit\/methodes-numeriques-pour-les-problemes-inverses\/#primaryimage","url":"https:\/\/www.istegroup.com\/wp-content\/uploads\/2017\/07\/10258174212_4409984772-1.jpg","contentUrl":"https:\/\/www.istegroup.com\/wp-content\/uploads\/2017\/07\/10258174212_4409984772-1.jpg","width":300,"height":452,"caption":"M\u00e9thodes num\u00e9riques pour les probl\u00e8mes inverses"},{"@type":"BreadcrumbList","@id":"https:\/\/www.istegroup.com\/fr\/produit\/methodes-numeriques-pour-les-problemes-inverses\/#breadcrumb","itemListElement":[{"@type":"ListItem","position":1,"name":"Home","item":"https:\/\/www.istegroup.com\/"},{"@type":"ListItem","position":2,"name":"Shop","item":"https:\/\/www.istegroup.com\/fr\/nouveautes\/"},{"@type":"ListItem","position":3,"name":"M\u00e9thodes num\u00e9riques pour les probl\u00e8mes inverses"}]},{"@type":"WebSite","@id":"https:\/\/www.istegroup.com\/#website","url":"https:\/\/www.istegroup.com\/","name":"ISTE Group","description":"Publishing Knowledge","potentialAction":[{"@type":"SearchAction","target":{"@type":"EntryPoint","urlTemplate":"https:\/\/www.istegroup.com\/?s={search_term_string}"},"query-input":{"@type":"PropertyValueSpecification","valueRequired":true,"valueName":"search_term_string"}}],"inLanguage":"en-US"}]}},"_links":{"self":[{"href":"https:\/\/www.istegroup.com\/en\/wp-json\/wp\/v2\/product\/497","targetHints":{"allow":["GET"]}}],"collection":[{"href":"https:\/\/www.istegroup.com\/en\/wp-json\/wp\/v2\/product"}],"about":[{"href":"https:\/\/www.istegroup.com\/en\/wp-json\/wp\/v2\/types\/product"}],"wp:featuredmedia":[{"embeddable":true,"href":"https:\/\/www.istegroup.com\/en\/wp-json\/wp\/v2\/media\/498"}],"wp:attachment":[{"href":"https:\/\/www.istegroup.com\/en\/wp-json\/wp\/v2\/media?parent=497"}],"wp:term":[{"taxonomy":"product_brand","embeddable":true,"href":"https:\/\/www.istegroup.com\/en\/wp-json\/wp\/v2\/product_brand?post=497"},{"taxonomy":"product_cat","embeddable":true,"href":"https:\/\/www.istegroup.com\/en\/wp-json\/wp\/v2\/product_cat?post=497"},{"taxonomy":"product_tag","embeddable":true,"href":"https:\/\/www.istegroup.com\/en\/wp-json\/wp\/v2\/product_tag?post=497"}],"curies":[{"name":"wp","href":"https:\/\/api.w.org\/{rel}","templated":true}]}}