{"id":49679,"date":"2023-02-06T14:40:30","date_gmt":"2023-02-06T14:40:30","guid":{"rendered":"https:\/\/www.istegroup.com\/?post_type=product&#038;p=49679"},"modified":"2024-01-03T13:46:53","modified_gmt":"2024-01-03T13:46:53","slug":"de-linteraction-pointe-matiere-a-la-nanocaracterisation-electrique-et-mecanique-par-afm","status":"publish","type":"product","link":"https:\/\/www.istegroup.com\/en\/produit\/de-linteraction-pointe-matiere-a-la-nanocaracterisation-electrique-et-mecanique-par-afm\/","title":{"rendered":"De l&#8217;interaction pointe-mati\u00e8re \u00e0 la nanocaract\u00e9risation \u00e9lectrique et m\u00e9canique par AFM"},"content":{"rendered":"<p class=\"qtranxs-available-languages-message qtranxs-available-languages-message-en\">Sorry, this entry is only available in <a href=\"https:\/\/www.istegroup.com\/fr\/wp-json\/wp\/v2\/product\/49679\" class=\"qtranxs-available-language-link qtranxs-available-language-link-fr\" title=\"FR\">FR<\/a>.<\/p>","protected":false},"excerpt":{"rendered":"<p class=\"qtranxs-available-languages-message qtranxs-available-languages-message-en\">Sorry, this entry is only available in <a href=\"https:\/\/www.istegroup.com\/fr\/wp-json\/wp\/v2\/product\/49679\" class=\"qtranxs-available-language-link qtranxs-available-language-link-fr\" title=\"FR\">FR<\/a>.<\/p>\n","protected":false},"featured_media":49686,"template":"","meta":{"_acf_changed":false,"_links_to":"","_links_to_target":""},"product_brand":[],"product_cat":[3262],"product_tag":[],"class_list":{"0":"post-49679","1":"product","2":"type-product","3":"status-publish","4":"has-post-thumbnail","6":"product_cat-non-classe","8":"first","9":"instock","10":"shipping-taxable","11":"purchasable","12":"product-type-variable"},"acf":[],"yoast_head":"<!-- This site is optimized with the Yoast SEO plugin v27.2 - https:\/\/yoast.com\/product\/yoast-seo-wordpress\/ -->\n<title>De l&#039;interaction pointe-mati\u00e8re \u00e0 la nanocaract\u00e9risation \u00e9lectrique et m\u00e9canique par AFM - ISTE Group<\/title>\n<meta name=\"robots\" content=\"index, follow, max-snippet:-1, max-image-preview:large, max-video-preview:-1\" \/>\n<link rel=\"canonical\" href=\"https:\/\/www.istegroup.com\/fr\/produit\/de-linteraction-pointe-matiere-a-la-nanocaracterisation-electrique-et-mecanique-par-afm\/\" \/>\n<meta property=\"og:locale\" content=\"en_US\" \/>\n<meta property=\"og:type\" content=\"article\" \/>\n<meta property=\"og:title\" content=\"De l&#039;interaction pointe-mati\u00e8re \u00e0 la nanocaract\u00e9risation \u00e9lectrique et m\u00e9canique par AFM - ISTE Group\" \/>\n<meta property=\"og:description\" content=\"[:fr]Cet ouvrage est uniquement disponible en version \u00e9lectronique.   [:]\" \/>\n<meta property=\"og:url\" content=\"https:\/\/www.istegroup.com\/fr\/produit\/de-linteraction-pointe-matiere-a-la-nanocaracterisation-electrique-et-mecanique-par-afm\/\" \/>\n<meta property=\"og:site_name\" content=\"ISTE Group\" \/>\n<meta property=\"article:modified_time\" content=\"2024-01-03T13:46:53+00:00\" \/>\n<meta property=\"og:image\" content=\"https:\/\/www.istegroup.com\/wp-content\/uploads\/2023\/01\/De-linteraction-pointe-matiere-a-la-nanocaracterisation-electrique-et-mecanique-par-AFM.png\" \/>\n\t<meta property=\"og:image:width\" content=\"554\" \/>\n\t<meta property=\"og:image:height\" content=\"839\" \/>\n\t<meta property=\"og:image:type\" content=\"image\/png\" \/>\n<meta name=\"twitter:card\" content=\"summary_large_image\" \/>\n<meta name=\"twitter:label1\" content=\"Est. reading time\" \/>\n\t<meta name=\"twitter:data1\" content=\"1 minute\" \/>\n<script type=\"application\/ld+json\" class=\"yoast-schema-graph\">{\"@context\":\"https:\/\/schema.org\",\"@graph\":[{\"@type\":\"WebPage\",\"@id\":\"https:\/\/www.istegroup.com\/fr\/produit\/de-linteraction-pointe-matiere-a-la-nanocaracterisation-electrique-et-mecanique-par-afm\/\",\"url\":\"https:\/\/www.istegroup.com\/fr\/produit\/de-linteraction-pointe-matiere-a-la-nanocaracterisation-electrique-et-mecanique-par-afm\/\",\"name\":\"De l'interaction pointe-mati\u00e8re \u00e0 la nanocaract\u00e9risation \u00e9lectrique et m\u00e9canique par AFM - ISTE Group\",\"isPartOf\":{\"@id\":\"https:\/\/www.istegroup.com\/#website\"},\"primaryImageOfPage\":{\"@id\":\"https:\/\/www.istegroup.com\/fr\/produit\/de-linteraction-pointe-matiere-a-la-nanocaracterisation-electrique-et-mecanique-par-afm\/#primaryimage\"},\"image\":{\"@id\":\"https:\/\/www.istegroup.com\/fr\/produit\/de-linteraction-pointe-matiere-a-la-nanocaracterisation-electrique-et-mecanique-par-afm\/#primaryimage\"},\"thumbnailUrl\":\"https:\/\/www.istegroup.com\/wp-content\/uploads\/2023\/01\/De-linteraction-pointe-matiere-a-la-nanocaracterisation-electrique-et-mecanique-par-AFM.png\",\"datePublished\":\"2023-02-06T14:40:30+00:00\",\"dateModified\":\"2024-01-03T13:46:53+00:00\",\"breadcrumb\":{\"@id\":\"https:\/\/www.istegroup.com\/fr\/produit\/de-linteraction-pointe-matiere-a-la-nanocaracterisation-electrique-et-mecanique-par-afm\/#breadcrumb\"},\"inLanguage\":\"en-US\",\"potentialAction\":[{\"@type\":\"ReadAction\",\"target\":[\"https:\/\/www.istegroup.com\/fr\/produit\/de-linteraction-pointe-matiere-a-la-nanocaracterisation-electrique-et-mecanique-par-afm\/\"]}]},{\"@type\":\"ImageObject\",\"inLanguage\":\"en-US\",\"@id\":\"https:\/\/www.istegroup.com\/fr\/produit\/de-linteraction-pointe-matiere-a-la-nanocaracterisation-electrique-et-mecanique-par-afm\/#primaryimage\",\"url\":\"https:\/\/www.istegroup.com\/wp-content\/uploads\/2023\/01\/De-linteraction-pointe-matiere-a-la-nanocaracterisation-electrique-et-mecanique-par-AFM.png\",\"contentUrl\":\"https:\/\/www.istegroup.com\/wp-content\/uploads\/2023\/01\/De-linteraction-pointe-matiere-a-la-nanocaracterisation-electrique-et-mecanique-par-AFM.png\",\"width\":554,\"height\":839,\"caption\":\"Livre scientifique - De l'interaction pointe-mati\u00e8re \u00e0 la nanocaract\u00e9risation \u00e9lectrique et m\u00e9canique par AFM\"},{\"@type\":\"BreadcrumbList\",\"@id\":\"https:\/\/www.istegroup.com\/fr\/produit\/de-linteraction-pointe-matiere-a-la-nanocaracterisation-electrique-et-mecanique-par-afm\/#breadcrumb\",\"itemListElement\":[{\"@type\":\"ListItem\",\"position\":1,\"name\":\"Home\",\"item\":\"https:\/\/www.istegroup.com\/\"},{\"@type\":\"ListItem\",\"position\":2,\"name\":\"Shop\",\"item\":\"https:\/\/www.istegroup.com\/fr\/nouveautes\/\"},{\"@type\":\"ListItem\",\"position\":3,\"name\":\"De l&rsquo;interaction pointe-mati\u00e8re \u00e0 la nanocaract\u00e9risation \u00e9lectrique et m\u00e9canique par AFM\"}]},{\"@type\":\"WebSite\",\"@id\":\"https:\/\/www.istegroup.com\/#website\",\"url\":\"https:\/\/www.istegroup.com\/\",\"name\":\"ISTE Group\",\"description\":\"Publishing Knowledge\",\"potentialAction\":[{\"@type\":\"SearchAction\",\"target\":{\"@type\":\"EntryPoint\",\"urlTemplate\":\"https:\/\/www.istegroup.com\/?s={search_term_string}\"},\"query-input\":{\"@type\":\"PropertyValueSpecification\",\"valueRequired\":true,\"valueName\":\"search_term_string\"}}],\"inLanguage\":\"en-US\"}]}<\/script>\n<!-- \/ Yoast SEO plugin. -->","yoast_head_json":{"title":"De l'interaction pointe-mati\u00e8re \u00e0 la nanocaract\u00e9risation \u00e9lectrique et m\u00e9canique par AFM - ISTE Group","robots":{"index":"index","follow":"follow","max-snippet":"max-snippet:-1","max-image-preview":"max-image-preview:large","max-video-preview":"max-video-preview:-1"},"canonical":"https:\/\/www.istegroup.com\/fr\/produit\/de-linteraction-pointe-matiere-a-la-nanocaracterisation-electrique-et-mecanique-par-afm\/","og_locale":"en_US","og_type":"article","og_title":"De l'interaction pointe-mati\u00e8re \u00e0 la nanocaract\u00e9risation \u00e9lectrique et m\u00e9canique par AFM - ISTE Group","og_description":"[:fr]Cet ouvrage est uniquement disponible en version \u00e9lectronique.   [:]","og_url":"https:\/\/www.istegroup.com\/fr\/produit\/de-linteraction-pointe-matiere-a-la-nanocaracterisation-electrique-et-mecanique-par-afm\/","og_site_name":"ISTE Group","article_modified_time":"2024-01-03T13:46:53+00:00","og_image":[{"width":554,"height":839,"url":"https:\/\/www.istegroup.com\/wp-content\/uploads\/2023\/01\/De-linteraction-pointe-matiere-a-la-nanocaracterisation-electrique-et-mecanique-par-AFM.png","type":"image\/png"}],"twitter_card":"summary_large_image","twitter_misc":{"Est. reading time":"1 minute"},"schema":{"@context":"https:\/\/schema.org","@graph":[{"@type":"WebPage","@id":"https:\/\/www.istegroup.com\/fr\/produit\/de-linteraction-pointe-matiere-a-la-nanocaracterisation-electrique-et-mecanique-par-afm\/","url":"https:\/\/www.istegroup.com\/fr\/produit\/de-linteraction-pointe-matiere-a-la-nanocaracterisation-electrique-et-mecanique-par-afm\/","name":"De l'interaction pointe-mati\u00e8re \u00e0 la nanocaract\u00e9risation \u00e9lectrique et m\u00e9canique par AFM - ISTE Group","isPartOf":{"@id":"https:\/\/www.istegroup.com\/#website"},"primaryImageOfPage":{"@id":"https:\/\/www.istegroup.com\/fr\/produit\/de-linteraction-pointe-matiere-a-la-nanocaracterisation-electrique-et-mecanique-par-afm\/#primaryimage"},"image":{"@id":"https:\/\/www.istegroup.com\/fr\/produit\/de-linteraction-pointe-matiere-a-la-nanocaracterisation-electrique-et-mecanique-par-afm\/#primaryimage"},"thumbnailUrl":"https:\/\/www.istegroup.com\/wp-content\/uploads\/2023\/01\/De-linteraction-pointe-matiere-a-la-nanocaracterisation-electrique-et-mecanique-par-AFM.png","datePublished":"2023-02-06T14:40:30+00:00","dateModified":"2024-01-03T13:46:53+00:00","breadcrumb":{"@id":"https:\/\/www.istegroup.com\/fr\/produit\/de-linteraction-pointe-matiere-a-la-nanocaracterisation-electrique-et-mecanique-par-afm\/#breadcrumb"},"inLanguage":"en-US","potentialAction":[{"@type":"ReadAction","target":["https:\/\/www.istegroup.com\/fr\/produit\/de-linteraction-pointe-matiere-a-la-nanocaracterisation-electrique-et-mecanique-par-afm\/"]}]},{"@type":"ImageObject","inLanguage":"en-US","@id":"https:\/\/www.istegroup.com\/fr\/produit\/de-linteraction-pointe-matiere-a-la-nanocaracterisation-electrique-et-mecanique-par-afm\/#primaryimage","url":"https:\/\/www.istegroup.com\/wp-content\/uploads\/2023\/01\/De-linteraction-pointe-matiere-a-la-nanocaracterisation-electrique-et-mecanique-par-AFM.png","contentUrl":"https:\/\/www.istegroup.com\/wp-content\/uploads\/2023\/01\/De-linteraction-pointe-matiere-a-la-nanocaracterisation-electrique-et-mecanique-par-AFM.png","width":554,"height":839,"caption":"Livre scientifique - De l'interaction pointe-mati\u00e8re \u00e0 la nanocaract\u00e9risation \u00e9lectrique et m\u00e9canique par AFM"},{"@type":"BreadcrumbList","@id":"https:\/\/www.istegroup.com\/fr\/produit\/de-linteraction-pointe-matiere-a-la-nanocaracterisation-electrique-et-mecanique-par-afm\/#breadcrumb","itemListElement":[{"@type":"ListItem","position":1,"name":"Home","item":"https:\/\/www.istegroup.com\/"},{"@type":"ListItem","position":2,"name":"Shop","item":"https:\/\/www.istegroup.com\/fr\/nouveautes\/"},{"@type":"ListItem","position":3,"name":"De l&rsquo;interaction pointe-mati\u00e8re \u00e0 la nanocaract\u00e9risation \u00e9lectrique et m\u00e9canique par AFM"}]},{"@type":"WebSite","@id":"https:\/\/www.istegroup.com\/#website","url":"https:\/\/www.istegroup.com\/","name":"ISTE Group","description":"Publishing Knowledge","potentialAction":[{"@type":"SearchAction","target":{"@type":"EntryPoint","urlTemplate":"https:\/\/www.istegroup.com\/?s={search_term_string}"},"query-input":{"@type":"PropertyValueSpecification","valueRequired":true,"valueName":"search_term_string"}}],"inLanguage":"en-US"}]}},"_links":{"self":[{"href":"https:\/\/www.istegroup.com\/en\/wp-json\/wp\/v2\/product\/49679","targetHints":{"allow":["GET"]}}],"collection":[{"href":"https:\/\/www.istegroup.com\/en\/wp-json\/wp\/v2\/product"}],"about":[{"href":"https:\/\/www.istegroup.com\/en\/wp-json\/wp\/v2\/types\/product"}],"wp:featuredmedia":[{"embeddable":true,"href":"https:\/\/www.istegroup.com\/en\/wp-json\/wp\/v2\/media\/49686"}],"wp:attachment":[{"href":"https:\/\/www.istegroup.com\/en\/wp-json\/wp\/v2\/media?parent=49679"}],"wp:term":[{"taxonomy":"product_brand","embeddable":true,"href":"https:\/\/www.istegroup.com\/en\/wp-json\/wp\/v2\/product_brand?post=49679"},{"taxonomy":"product_cat","embeddable":true,"href":"https:\/\/www.istegroup.com\/en\/wp-json\/wp\/v2\/product_cat?post=49679"},{"taxonomy":"product_tag","embeddable":true,"href":"https:\/\/www.istegroup.com\/en\/wp-json\/wp\/v2\/product_tag?post=49679"}],"curies":[{"name":"wp","href":"https:\/\/api.w.org\/{rel}","templated":true}]}}