{"id":489,"date":"2017-03-05T14:57:55","date_gmt":"2017-03-05T13:57:55","guid":{"rendered":"https:\/\/iste.yhello.co\/product\/melangeurs-fluide-fluide-fluide-solide-solide-solide\/"},"modified":"2024-01-03T13:40:17","modified_gmt":"2024-01-03T13:40:17","slug":"melangeurs-fluide-fluide-fluide-solide-solide-solide","status":"publish","type":"product","link":"https:\/\/www.istegroup.com\/en\/produit\/melangeurs-fluide-fluide-fluide-solide-solide-solide\/","title":{"rendered":"M\u00e9langeurs fluide-fluide, fluide-solide, solide-solide"},"content":{"rendered":"<p><\/p>\n<p style=\"text-align: left\">Cet ouvrage est le cinqui\u00e8me volume de la s\u00e9rie\u00a0<em>Equipements<\/em><em> industriels pour le g\u00e9nie des proc\u00e9d\u00e9s<\/em>. Il propose une \u00e9tude approfondie et diversifi\u00e9e de cette discipline.<\/p>\n<p><em>M\u00e9langeurs fluide-fluide, fluide-solide, solide-solide<\/em>, \u00e0 la fois th\u00e9orique et pratique, d\u00e9crit les dispersions d\u2019un liquide dans un autre, d\u2019un solide divis\u00e9 dans un liquide ainsi que celle d\u2019un gaz dans un liquide. Il d\u00e9veloppe \u00e9galement le m\u00e9lange de deux poudres, la dissolution d\u2019un solide divis\u00e9 dans un liquide et l\u2019homog\u00e9n\u00e9isation d\u2019un m\u00e9lange p\u00e2teux.<\/p>\n<p>Le type de mat\u00e9riel n\u00e9cessaire, l\u2019\u00e9valuation de l\u2019homog\u00e9n\u00e9it\u00e9, l\u2019\u00e9nergie m\u00e9canique indispensable, sont expos\u00e9s.<\/p>\n<p>Riche de nombreux exemples pratiques, ce livre d\u00e9veloppe des expressions utiles pour cr\u00e9er des logiciels. Les annexes et les r\u00e9f\u00e9rences bibliographiques facilitent le calcul des mat\u00e9riels et sont une aide au lecteur pour approfondir les questions de son choix.<\/p>","protected":false},"excerpt":{"rendered":"<p>Cet ouvrage est le cinqui\u00e8me volume de la s\u00e9rie\u00a0Equipements industriels pour le g\u00e9nie des proc\u00e9d\u00e9s. Il propose une \u00e9tude approfondie et diversifi\u00e9e de cette discipline. M\u00e9langeurs fluide-fluide, fluide-solide, solide-solide, \u00e0 la fois th\u00e9orique et pratique, d\u00e9crit les dispersions d\u2019un liquide dans un autre, d\u2019un solide divis\u00e9 dans un liquide ainsi que celle d\u2019un gaz dans [&hellip;]<\/p>\n","protected":false},"featured_media":23283,"template":"","meta":{"_acf_changed":false,"_links_to":"","_links_to_target":""},"product_brand":[],"product_cat":[663,675,691],"product_tag":[31,196,269,18,19,218,219,20,371,356,364,365,366,247,248,197,198,199,21,200,22,250,201,203,204,63,25,205,172,26,206,207,27,99,208,209,367,368,212,38,192,145,28,29,213,214,369,342,370],"class_list":{"0":"post-489","1":"product","2":"type-product","3":"status-publish","4":"has-post-thumbnail","6":"product_cat-gnie-des-procds-12506436","7":"product_cat-nouveauts-12519446","8":"product_cat-srie-equipements-industriels-pour-le-gnie-des-procds-408089489","9":"product_tag-ebook","10":"product_tag-ebooks","11":"product_tag-edition-francaise","12":"product_tag-edition-scientifique","13":"product_tag-editions-francaise","14":"product_tag-editions-ouvrage","15":"product_tag-editions-ouvrages","16":"product_tag-editions-technique","17":"product_tag-energie-mecanique","18":"product_tag-equipements-industriels","19":"product_tag-fluide","20":"product_tag-fluide-solide","21":"product_tag-homogeneite","22":"product_tag-industrie","23":"product_tag-industriel","24":"product_tag-iste","25":"product_tag-iste-edition","26":"product_tag-iste-editions","27":"product_tag-iste-group","28":"product_tag-isteedition","29":"product_tag-istegroup","30":"product_tag-jean-paul-duroudier","31":"product_tag-kindle","32":"product_tag-liseuse","33":"product_tag-livre","34":"product_tag-livre-electronique","35":"product_tag-livre-numerique","36":"product_tag-livre-science","37":"product_tag-livre-scientifique","38":"product_tag-livre-scientifique-francais","39":"product_tag-livre-scientique","40":"product_tag-livre-technique","41":"product_tag-livre-technique-francais","42":"product_tag-livres-numeriques","43":"product_tag-livres-scientifique","44":"product_tag-livres-scientifiques","45":"product_tag-melangeurs","46":"product_tag-melangeurs-fluide-fluide","47":"product_tag-ouvrage","48":"product_tag-ouvrage-numerique","49":"product_tag-ouvrage-science","50":"product_tag-ouvrage-scientifique","51":"product_tag-ouvrage-scientifique-francais","52":"product_tag-ouvrage-technique","53":"product_tag-ouvrages-scientifiques","54":"product_tag-ouvrages-techniques","55":"product_tag-procedes","56":"product_tag-solide","57":"product_tag-solide-solide","59":"first","60":"instock","61":"shipping-taxable","62":"purchasable","63":"product-type-variable"},"acf":[],"yoast_head":"<!-- This site is optimized with the Yoast SEO plugin v27.2 - https:\/\/yoast.com\/product\/yoast-seo-wordpress\/ -->\n<title>M\u00e9langeurs fluide-fluide, fluide-solide, solide-solide - ISTE Group<\/title>\n<meta name=\"description\" content=\"M\u00e9langeurs fluide-fluide, fluide-solide, solide-solide d\u00e9crit les dispersions d\u2019un liquide dans un autre, d\u2019un solide divis\u00e9 dans un liquide ainsi que celle d\u2019un gaz dans un liquide.\" \/>\n<meta name=\"robots\" content=\"index, follow, max-snippet:-1, max-image-preview:large, max-video-preview:-1\" \/>\n<link rel=\"canonical\" href=\"https:\/\/www.istegroup.com\/en\/produit\/melangeurs-fluide-fluide-fluide-solide-solide-solide\/\" \/>\n<meta property=\"og:locale\" content=\"en_US\" \/>\n<meta property=\"og:type\" content=\"article\" \/>\n<meta property=\"og:title\" content=\"M\u00e9langeurs fluide-fluide, fluide-solide, solide-solide - ISTE Group\" \/>\n<meta property=\"og:description\" content=\"M\u00e9langeurs fluide-fluide, fluide-solide, solide-solide d\u00e9crit les dispersions d\u2019un liquide dans un autre, d\u2019un solide divis\u00e9 dans un liquide ainsi que celle d\u2019un gaz dans un liquide.\" \/>\n<meta property=\"og:url\" content=\"https:\/\/www.istegroup.com\/en\/produit\/melangeurs-fluide-fluide-fluide-solide-solide-solide\/\" \/>\n<meta property=\"og:site_name\" content=\"ISTE Group\" \/>\n<meta property=\"article:modified_time\" content=\"2024-01-03T13:40:17+00:00\" \/>\n<meta property=\"og:image\" content=\"https:\/\/www.istegroup.com\/wp-content\/uploads\/2019\/10\/M\u00e9langeurs-fluide-fluide-fluide-solide-solide-solide.jpg\" \/>\n\t<meta property=\"og:image:width\" content=\"300\" \/>\n\t<meta property=\"og:image:height\" content=\"450\" \/>\n\t<meta property=\"og:image:type\" content=\"image\/jpeg\" \/>\n<meta name=\"twitter:card\" content=\"summary_large_image\" \/>\n<meta name=\"twitter:label1\" content=\"Est. reading time\" \/>\n\t<meta name=\"twitter:data1\" content=\"2 minutes\" \/>\n<script type=\"application\/ld+json\" class=\"yoast-schema-graph\">{\"@context\":\"https:\/\/schema.org\",\"@graph\":[{\"@type\":\"WebPage\",\"@id\":\"https:\/\/www.istegroup.com\/en\/produit\/melangeurs-fluide-fluide-fluide-solide-solide-solide\/\",\"url\":\"https:\/\/www.istegroup.com\/en\/produit\/melangeurs-fluide-fluide-fluide-solide-solide-solide\/\",\"name\":\"M\u00e9langeurs fluide-fluide, fluide-solide, solide-solide - ISTE Group\",\"isPartOf\":{\"@id\":\"https:\/\/www.istegroup.com\/#website\"},\"primaryImageOfPage\":{\"@id\":\"https:\/\/www.istegroup.com\/en\/produit\/melangeurs-fluide-fluide-fluide-solide-solide-solide\/#primaryimage\"},\"image\":{\"@id\":\"https:\/\/www.istegroup.com\/en\/produit\/melangeurs-fluide-fluide-fluide-solide-solide-solide\/#primaryimage\"},\"thumbnailUrl\":\"https:\/\/www.istegroup.com\/wp-content\/uploads\/2019\/10\/M\u00e9langeurs-fluide-fluide-fluide-solide-solide-solide.jpg\",\"datePublished\":\"2017-03-05T13:57:55+00:00\",\"dateModified\":\"2024-01-03T13:40:17+00:00\",\"description\":\"M\u00e9langeurs fluide-fluide, fluide-solide, solide-solide d\u00e9crit les dispersions d\u2019un liquide dans un autre, d\u2019un solide divis\u00e9 dans un liquide ainsi que celle d\u2019un gaz dans un liquide.\",\"breadcrumb\":{\"@id\":\"https:\/\/www.istegroup.com\/en\/produit\/melangeurs-fluide-fluide-fluide-solide-solide-solide\/#breadcrumb\"},\"inLanguage\":\"en-US\",\"potentialAction\":[{\"@type\":\"ReadAction\",\"target\":[\"https:\/\/www.istegroup.com\/en\/produit\/melangeurs-fluide-fluide-fluide-solide-solide-solide\/\"]}]},{\"@type\":\"ImageObject\",\"inLanguage\":\"en-US\",\"@id\":\"https:\/\/www.istegroup.com\/en\/produit\/melangeurs-fluide-fluide-fluide-solide-solide-solide\/#primaryimage\",\"url\":\"https:\/\/www.istegroup.com\/wp-content\/uploads\/2019\/10\/M\u00e9langeurs-fluide-fluide-fluide-solide-solide-solide.jpg\",\"contentUrl\":\"https:\/\/www.istegroup.com\/wp-content\/uploads\/2019\/10\/M\u00e9langeurs-fluide-fluide-fluide-solide-solide-solide.jpg\",\"width\":300,\"height\":450,\"caption\":\"Livre M\u00e9langeurs fluide-fluide, fluide-solide, solide-solide - Jean-Paul Duroudier\"},{\"@type\":\"BreadcrumbList\",\"@id\":\"https:\/\/www.istegroup.com\/en\/produit\/melangeurs-fluide-fluide-fluide-solide-solide-solide\/#breadcrumb\",\"itemListElement\":[{\"@type\":\"ListItem\",\"position\":1,\"name\":\"Home\",\"item\":\"https:\/\/www.istegroup.com\/\"},{\"@type\":\"ListItem\",\"position\":2,\"name\":\"Shop\",\"item\":\"https:\/\/www.istegroup.com\/fr\/nouveautes\/\"},{\"@type\":\"ListItem\",\"position\":3,\"name\":\"M\u00e9langeurs fluide-fluide, fluide-solide, solide-solide\"}]},{\"@type\":\"WebSite\",\"@id\":\"https:\/\/www.istegroup.com\/#website\",\"url\":\"https:\/\/www.istegroup.com\/\",\"name\":\"ISTE Group\",\"description\":\"Publishing Knowledge\",\"potentialAction\":[{\"@type\":\"SearchAction\",\"target\":{\"@type\":\"EntryPoint\",\"urlTemplate\":\"https:\/\/www.istegroup.com\/?s={search_term_string}\"},\"query-input\":{\"@type\":\"PropertyValueSpecification\",\"valueRequired\":true,\"valueName\":\"search_term_string\"}}],\"inLanguage\":\"en-US\"}]}<\/script>\n<!-- \/ Yoast SEO plugin. -->","yoast_head_json":{"title":"M\u00e9langeurs fluide-fluide, fluide-solide, solide-solide - ISTE Group","description":"M\u00e9langeurs fluide-fluide, fluide-solide, solide-solide d\u00e9crit les dispersions d\u2019un liquide dans un autre, d\u2019un solide divis\u00e9 dans un liquide ainsi que celle d\u2019un gaz dans un liquide.","robots":{"index":"index","follow":"follow","max-snippet":"max-snippet:-1","max-image-preview":"max-image-preview:large","max-video-preview":"max-video-preview:-1"},"canonical":"https:\/\/www.istegroup.com\/en\/produit\/melangeurs-fluide-fluide-fluide-solide-solide-solide\/","og_locale":"en_US","og_type":"article","og_title":"M\u00e9langeurs fluide-fluide, fluide-solide, solide-solide - ISTE Group","og_description":"M\u00e9langeurs fluide-fluide, fluide-solide, solide-solide d\u00e9crit les dispersions d\u2019un liquide dans un autre, d\u2019un solide divis\u00e9 dans un liquide ainsi que celle d\u2019un gaz dans un liquide.","og_url":"https:\/\/www.istegroup.com\/en\/produit\/melangeurs-fluide-fluide-fluide-solide-solide-solide\/","og_site_name":"ISTE Group","article_modified_time":"2024-01-03T13:40:17+00:00","og_image":[{"width":300,"height":450,"url":"https:\/\/www.istegroup.com\/wp-content\/uploads\/2019\/10\/M\u00e9langeurs-fluide-fluide-fluide-solide-solide-solide.jpg","type":"image\/jpeg"}],"twitter_card":"summary_large_image","twitter_misc":{"Est. reading time":"2 minutes"},"schema":{"@context":"https:\/\/schema.org","@graph":[{"@type":"WebPage","@id":"https:\/\/www.istegroup.com\/en\/produit\/melangeurs-fluide-fluide-fluide-solide-solide-solide\/","url":"https:\/\/www.istegroup.com\/en\/produit\/melangeurs-fluide-fluide-fluide-solide-solide-solide\/","name":"M\u00e9langeurs fluide-fluide, fluide-solide, solide-solide - ISTE Group","isPartOf":{"@id":"https:\/\/www.istegroup.com\/#website"},"primaryImageOfPage":{"@id":"https:\/\/www.istegroup.com\/en\/produit\/melangeurs-fluide-fluide-fluide-solide-solide-solide\/#primaryimage"},"image":{"@id":"https:\/\/www.istegroup.com\/en\/produit\/melangeurs-fluide-fluide-fluide-solide-solide-solide\/#primaryimage"},"thumbnailUrl":"https:\/\/www.istegroup.com\/wp-content\/uploads\/2019\/10\/M\u00e9langeurs-fluide-fluide-fluide-solide-solide-solide.jpg","datePublished":"2017-03-05T13:57:55+00:00","dateModified":"2024-01-03T13:40:17+00:00","description":"M\u00e9langeurs fluide-fluide, fluide-solide, solide-solide d\u00e9crit les dispersions d\u2019un liquide dans un autre, d\u2019un solide divis\u00e9 dans un liquide ainsi que celle d\u2019un gaz dans un liquide.","breadcrumb":{"@id":"https:\/\/www.istegroup.com\/en\/produit\/melangeurs-fluide-fluide-fluide-solide-solide-solide\/#breadcrumb"},"inLanguage":"en-US","potentialAction":[{"@type":"ReadAction","target":["https:\/\/www.istegroup.com\/en\/produit\/melangeurs-fluide-fluide-fluide-solide-solide-solide\/"]}]},{"@type":"ImageObject","inLanguage":"en-US","@id":"https:\/\/www.istegroup.com\/en\/produit\/melangeurs-fluide-fluide-fluide-solide-solide-solide\/#primaryimage","url":"https:\/\/www.istegroup.com\/wp-content\/uploads\/2019\/10\/M\u00e9langeurs-fluide-fluide-fluide-solide-solide-solide.jpg","contentUrl":"https:\/\/www.istegroup.com\/wp-content\/uploads\/2019\/10\/M\u00e9langeurs-fluide-fluide-fluide-solide-solide-solide.jpg","width":300,"height":450,"caption":"Livre M\u00e9langeurs fluide-fluide, fluide-solide, solide-solide - Jean-Paul Duroudier"},{"@type":"BreadcrumbList","@id":"https:\/\/www.istegroup.com\/en\/produit\/melangeurs-fluide-fluide-fluide-solide-solide-solide\/#breadcrumb","itemListElement":[{"@type":"ListItem","position":1,"name":"Home","item":"https:\/\/www.istegroup.com\/"},{"@type":"ListItem","position":2,"name":"Shop","item":"https:\/\/www.istegroup.com\/fr\/nouveautes\/"},{"@type":"ListItem","position":3,"name":"M\u00e9langeurs fluide-fluide, fluide-solide, solide-solide"}]},{"@type":"WebSite","@id":"https:\/\/www.istegroup.com\/#website","url":"https:\/\/www.istegroup.com\/","name":"ISTE Group","description":"Publishing Knowledge","potentialAction":[{"@type":"SearchAction","target":{"@type":"EntryPoint","urlTemplate":"https:\/\/www.istegroup.com\/?s={search_term_string}"},"query-input":{"@type":"PropertyValueSpecification","valueRequired":true,"valueName":"search_term_string"}}],"inLanguage":"en-US"}]}},"_links":{"self":[{"href":"https:\/\/www.istegroup.com\/en\/wp-json\/wp\/v2\/product\/489","targetHints":{"allow":["GET"]}}],"collection":[{"href":"https:\/\/www.istegroup.com\/en\/wp-json\/wp\/v2\/product"}],"about":[{"href":"https:\/\/www.istegroup.com\/en\/wp-json\/wp\/v2\/types\/product"}],"wp:featuredmedia":[{"embeddable":true,"href":"https:\/\/www.istegroup.com\/en\/wp-json\/wp\/v2\/media\/23283"}],"wp:attachment":[{"href":"https:\/\/www.istegroup.com\/en\/wp-json\/wp\/v2\/media?parent=489"}],"wp:term":[{"taxonomy":"product_brand","embeddable":true,"href":"https:\/\/www.istegroup.com\/en\/wp-json\/wp\/v2\/product_brand?post=489"},{"taxonomy":"product_cat","embeddable":true,"href":"https:\/\/www.istegroup.com\/en\/wp-json\/wp\/v2\/product_cat?post=489"},{"taxonomy":"product_tag","embeddable":true,"href":"https:\/\/www.istegroup.com\/en\/wp-json\/wp\/v2\/product_tag?post=489"}],"curies":[{"name":"wp","href":"https:\/\/api.w.org\/{rel}","templated":true}]}}