{"id":487,"date":"2017-07-28T14:57:51","date_gmt":"2017-07-28T12:57:51","guid":{"rendered":"https:\/\/iste.yhello.co\/product\/mecanique-experimentale-des-solides-et-des-structures\/"},"modified":"2024-01-03T13:40:17","modified_gmt":"2024-01-03T13:40:17","slug":"mecanique-experimentale-des-solides-et-des-structures","status":"publish","type":"product","link":"https:\/\/www.istegroup.com\/en\/produit\/mecanique-experimentale-des-solides-et-des-structures\/","title":{"rendered":"M\u00e9canique exp\u00e9rimentale des solides et des structures"},"content":{"rendered":"<p>Depuis la caract\u00e9risation des mat\u00e9riaux jusqu\u2019aux tests de dur\u00e9e de vie, l\u2019exp\u00e9rimentation des solides et des structures est pr\u00e9sente \u00e0 toutes les \u00e9tapes de la conception de dispositifs m\u00e9caniques. Parfois, seul un mod\u00e8le exp\u00e9rimental peut apporter les \u00e9l\u00e9ments de compr\u00e9hension n\u00e9cessaires, la physique \u00e9tudi\u00e9e \u00e9tant trop complexe pour un mod\u00e8le num\u00e9rique efficace.<\/p>\n<p>Cet ouvrage pr\u00e9sente les outils classiques de l\u2019approche exp\u00e9rimentale en m\u00e9canique, mais aussi les m\u00e9thodes qui r\u00e9volutionnent le domaine depuis vingt ans : photom\u00e9canique, traitement du signal, analyse statistique de donn\u00e9es, plan d\u2019exp\u00e9riences, analyse d\u2019incertitudes\u2026<\/p>\n<p><em>M\u00e9canique exp\u00e9rimentale des solides et des structures\u00a0<\/em>replace \u00e9galement l\u2019essai m\u00e9canique dans un contexte plus large : tout d\u2019abord, celui du mod\u00e8le exp\u00e9rimental, avec ses hypoth\u00e8ses propres ; ensuite, celui d\u2019un processus d\u2019acquisition de connaissances, structur\u00e9 et robuste ; enfin, celui d\u2019une analyse fiable des r\u00e9sultats obtenus, dans un contexte o\u00f9 l\u2019incertitude peut \u00eatre importante.<\/p>\n","protected":false},"excerpt":{"rendered":"<p>Depuis la caract\u00e9risation des mat\u00e9riaux jusqu\u2019aux tests de dur\u00e9e de vie, l\u2019exp\u00e9rimentation des solides et des structures est pr\u00e9sente \u00e0 toutes les \u00e9tapes de la conception de dispositifs m\u00e9caniques. Parfois, seul un mod\u00e8le exp\u00e9rimental peut apporter les \u00e9l\u00e9ments de compr\u00e9hension n\u00e9cessaires, la physique \u00e9tudi\u00e9e \u00e9tant trop complexe pour un mod\u00e8le num\u00e9rique efficace. Cet ouvrage pr\u00e9sente [&hellip;]<\/p>\n","protected":false},"featured_media":488,"template":"","meta":{"_acf_changed":false,"_links_to":"","_links_to_target":""},"product_brand":[],"product_cat":[664],"product_tag":[1917,1918,31,196,1919,1920,1921,1922,197,198,199,21,200,22,201,203,204,63,25,172,209,161,1923,1924,212,38,192,145,28,1925,1926,1927,260,1928],"class_list":{"0":"post-487","1":"product","2":"type-product","3":"status-publish","4":"has-post-thumbnail","6":"product_cat-gnie-mcanique-et-mcanique-des-solides-12506462","7":"product_tag-analyse-dincertitudes","8":"product_tag-analyse-statistique","9":"product_tag-ebook","10":"product_tag-ebooks","11":"product_tag-experimentale-en-mecanique","12":"product_tag-experimentation-des-solides","13":"product_tag-experimentation-des-structures","14":"product_tag-implementation-des-metaheuristiques","15":"product_tag-iste","16":"product_tag-iste-edition","17":"product_tag-iste-editions","18":"product_tag-iste-group","19":"product_tag-isteedition","20":"product_tag-istegroup","21":"product_tag-kindle","22":"product_tag-liseuse","23":"product_tag-livre","24":"product_tag-livre-electronique","25":"product_tag-livre-numerique","26":"product_tag-livre-scientifique","27":"product_tag-livres-scientifiques","28":"product_tag-mecanique","29":"product_tag-mecanique-experimentale","30":"product_tag-mecanique-experimentale-des-solides-et-des-structures","31":"product_tag-ouvrage","32":"product_tag-ouvrage-numerique","33":"product_tag-ouvrage-science","34":"product_tag-ouvrage-scientifique","35":"product_tag-ouvrage-scientifique-francais","36":"product_tag-photomecanique","37":"product_tag-plan-dexperiences","38":"product_tag-problemes-logistiques","39":"product_tag-solides","40":"product_tag-traitement-du-signal","42":"first","43":"instock","44":"shipping-taxable","45":"purchasable","46":"product-type-variable"},"acf":[],"yoast_head":"<!-- This site is optimized with the Yoast SEO plugin v27.2 - https:\/\/yoast.com\/product\/yoast-seo-wordpress\/ -->\n<title>M\u00e9canique exp\u00e9rimentale des solides et des structures - ISTE Group<\/title>\n<meta name=\"description\" content=\"Cet ouvrage pr\u00e9sente les outils classiques de l\u2019approche exp\u00e9rimentale en m\u00e9canique, mais aussi les m\u00e9thodes qui r\u00e9volutionnent le domaine depuis vingt ans : photom\u00e9canique, traitement du signal, analyse statistique de donn\u00e9es, plan d\u2019exp\u00e9riences, analyse d\u2019incertitudes\u2026\" \/>\n<meta name=\"robots\" content=\"index, follow, max-snippet:-1, max-image-preview:large, max-video-preview:-1\" \/>\n<link rel=\"canonical\" href=\"https:\/\/www.istegroup.com\/en\/produit\/mecanique-experimentale-des-solides-et-des-structures\/\" \/>\n<meta property=\"og:locale\" content=\"en_US\" \/>\n<meta property=\"og:type\" content=\"article\" \/>\n<meta property=\"og:title\" content=\"M\u00e9canique exp\u00e9rimentale des solides et des structures - ISTE Group\" \/>\n<meta property=\"og:description\" content=\"Cet ouvrage pr\u00e9sente les outils classiques de l\u2019approche exp\u00e9rimentale en m\u00e9canique, mais aussi les m\u00e9thodes qui r\u00e9volutionnent le domaine depuis vingt ans : photom\u00e9canique, traitement du signal, analyse statistique de donn\u00e9es, plan d\u2019exp\u00e9riences, analyse d\u2019incertitudes\u2026\" \/>\n<meta property=\"og:url\" content=\"https:\/\/www.istegroup.com\/en\/produit\/mecanique-experimentale-des-solides-et-des-structures\/\" \/>\n<meta property=\"og:site_name\" content=\"ISTE Group\" \/>\n<meta property=\"article:modified_time\" content=\"2024-01-03T13:40:17+00:00\" \/>\n<meta property=\"og:image\" content=\"https:\/\/www.istegroup.com\/wp-content\/uploads\/2017\/07\/10257771140_4409864132-1.jpg\" \/>\n\t<meta property=\"og:image:width\" content=\"300\" \/>\n\t<meta property=\"og:image:height\" content=\"451\" \/>\n\t<meta property=\"og:image:type\" content=\"image\/jpeg\" \/>\n<meta name=\"twitter:card\" content=\"summary_large_image\" \/>\n<meta name=\"twitter:label1\" content=\"Est. reading time\" \/>\n\t<meta name=\"twitter:data1\" content=\"1 minute\" \/>\n<script type=\"application\/ld+json\" class=\"yoast-schema-graph\">{\"@context\":\"https:\/\/schema.org\",\"@graph\":[{\"@type\":\"WebPage\",\"@id\":\"https:\/\/www.istegroup.com\/en\/produit\/mecanique-experimentale-des-solides-et-des-structures\/\",\"url\":\"https:\/\/www.istegroup.com\/en\/produit\/mecanique-experimentale-des-solides-et-des-structures\/\",\"name\":\"M\u00e9canique exp\u00e9rimentale des solides et des structures - ISTE Group\",\"isPartOf\":{\"@id\":\"https:\/\/www.istegroup.com\/#website\"},\"primaryImageOfPage\":{\"@id\":\"https:\/\/www.istegroup.com\/en\/produit\/mecanique-experimentale-des-solides-et-des-structures\/#primaryimage\"},\"image\":{\"@id\":\"https:\/\/www.istegroup.com\/en\/produit\/mecanique-experimentale-des-solides-et-des-structures\/#primaryimage\"},\"thumbnailUrl\":\"https:\/\/www.istegroup.com\/wp-content\/uploads\/2017\/07\/10257771140_4409864132-1.jpg\",\"datePublished\":\"2017-07-28T12:57:51+00:00\",\"dateModified\":\"2024-01-03T13:40:17+00:00\",\"description\":\"Cet ouvrage pr\u00e9sente les outils classiques de l\u2019approche exp\u00e9rimentale en m\u00e9canique, mais aussi les m\u00e9thodes qui r\u00e9volutionnent le domaine depuis vingt ans : photom\u00e9canique, traitement du signal, analyse statistique de donn\u00e9es, plan d\u2019exp\u00e9riences, analyse d\u2019incertitudes\u2026\",\"breadcrumb\":{\"@id\":\"https:\/\/www.istegroup.com\/en\/produit\/mecanique-experimentale-des-solides-et-des-structures\/#breadcrumb\"},\"inLanguage\":\"en-US\",\"potentialAction\":[{\"@type\":\"ReadAction\",\"target\":[\"https:\/\/www.istegroup.com\/en\/produit\/mecanique-experimentale-des-solides-et-des-structures\/\"]}]},{\"@type\":\"ImageObject\",\"inLanguage\":\"en-US\",\"@id\":\"https:\/\/www.istegroup.com\/en\/produit\/mecanique-experimentale-des-solides-et-des-structures\/#primaryimage\",\"url\":\"https:\/\/www.istegroup.com\/wp-content\/uploads\/2017\/07\/10257771140_4409864132-1.jpg\",\"contentUrl\":\"https:\/\/www.istegroup.com\/wp-content\/uploads\/2017\/07\/10257771140_4409864132-1.jpg\",\"width\":300,\"height\":451,\"caption\":\"M\u00e9canique exp\u00e9rimentale des solides et des structures\"},{\"@type\":\"BreadcrumbList\",\"@id\":\"https:\/\/www.istegroup.com\/en\/produit\/mecanique-experimentale-des-solides-et-des-structures\/#breadcrumb\",\"itemListElement\":[{\"@type\":\"ListItem\",\"position\":1,\"name\":\"Home\",\"item\":\"https:\/\/www.istegroup.com\/\"},{\"@type\":\"ListItem\",\"position\":2,\"name\":\"Shop\",\"item\":\"https:\/\/www.istegroup.com\/fr\/nouveautes\/\"},{\"@type\":\"ListItem\",\"position\":3,\"name\":\"M\u00e9canique exp\u00e9rimentale des solides et des structures\"}]},{\"@type\":\"WebSite\",\"@id\":\"https:\/\/www.istegroup.com\/#website\",\"url\":\"https:\/\/www.istegroup.com\/\",\"name\":\"ISTE Group\",\"description\":\"Publishing Knowledge\",\"potentialAction\":[{\"@type\":\"SearchAction\",\"target\":{\"@type\":\"EntryPoint\",\"urlTemplate\":\"https:\/\/www.istegroup.com\/?s={search_term_string}\"},\"query-input\":{\"@type\":\"PropertyValueSpecification\",\"valueRequired\":true,\"valueName\":\"search_term_string\"}}],\"inLanguage\":\"en-US\"}]}<\/script>\n<!-- \/ Yoast SEO plugin. -->","yoast_head_json":{"title":"M\u00e9canique exp\u00e9rimentale des solides et des structures - ISTE Group","description":"Cet ouvrage pr\u00e9sente les outils classiques de l\u2019approche exp\u00e9rimentale en m\u00e9canique, mais aussi les m\u00e9thodes qui r\u00e9volutionnent le domaine depuis vingt ans : photom\u00e9canique, traitement du signal, analyse statistique de donn\u00e9es, plan d\u2019exp\u00e9riences, analyse d\u2019incertitudes\u2026","robots":{"index":"index","follow":"follow","max-snippet":"max-snippet:-1","max-image-preview":"max-image-preview:large","max-video-preview":"max-video-preview:-1"},"canonical":"https:\/\/www.istegroup.com\/en\/produit\/mecanique-experimentale-des-solides-et-des-structures\/","og_locale":"en_US","og_type":"article","og_title":"M\u00e9canique exp\u00e9rimentale des solides et des structures - ISTE Group","og_description":"Cet ouvrage pr\u00e9sente les outils classiques de l\u2019approche exp\u00e9rimentale en m\u00e9canique, mais aussi les m\u00e9thodes qui r\u00e9volutionnent le domaine depuis vingt ans : photom\u00e9canique, traitement du signal, analyse statistique de donn\u00e9es, plan d\u2019exp\u00e9riences, analyse d\u2019incertitudes\u2026","og_url":"https:\/\/www.istegroup.com\/en\/produit\/mecanique-experimentale-des-solides-et-des-structures\/","og_site_name":"ISTE Group","article_modified_time":"2024-01-03T13:40:17+00:00","og_image":[{"width":300,"height":451,"url":"https:\/\/www.istegroup.com\/wp-content\/uploads\/2017\/07\/10257771140_4409864132-1.jpg","type":"image\/jpeg"}],"twitter_card":"summary_large_image","twitter_misc":{"Est. reading time":"1 minute"},"schema":{"@context":"https:\/\/schema.org","@graph":[{"@type":"WebPage","@id":"https:\/\/www.istegroup.com\/en\/produit\/mecanique-experimentale-des-solides-et-des-structures\/","url":"https:\/\/www.istegroup.com\/en\/produit\/mecanique-experimentale-des-solides-et-des-structures\/","name":"M\u00e9canique exp\u00e9rimentale des solides et des structures - ISTE Group","isPartOf":{"@id":"https:\/\/www.istegroup.com\/#website"},"primaryImageOfPage":{"@id":"https:\/\/www.istegroup.com\/en\/produit\/mecanique-experimentale-des-solides-et-des-structures\/#primaryimage"},"image":{"@id":"https:\/\/www.istegroup.com\/en\/produit\/mecanique-experimentale-des-solides-et-des-structures\/#primaryimage"},"thumbnailUrl":"https:\/\/www.istegroup.com\/wp-content\/uploads\/2017\/07\/10257771140_4409864132-1.jpg","datePublished":"2017-07-28T12:57:51+00:00","dateModified":"2024-01-03T13:40:17+00:00","description":"Cet ouvrage pr\u00e9sente les outils classiques de l\u2019approche exp\u00e9rimentale en m\u00e9canique, mais aussi les m\u00e9thodes qui r\u00e9volutionnent le domaine depuis vingt ans : photom\u00e9canique, traitement du signal, analyse statistique de donn\u00e9es, plan d\u2019exp\u00e9riences, analyse d\u2019incertitudes\u2026","breadcrumb":{"@id":"https:\/\/www.istegroup.com\/en\/produit\/mecanique-experimentale-des-solides-et-des-structures\/#breadcrumb"},"inLanguage":"en-US","potentialAction":[{"@type":"ReadAction","target":["https:\/\/www.istegroup.com\/en\/produit\/mecanique-experimentale-des-solides-et-des-structures\/"]}]},{"@type":"ImageObject","inLanguage":"en-US","@id":"https:\/\/www.istegroup.com\/en\/produit\/mecanique-experimentale-des-solides-et-des-structures\/#primaryimage","url":"https:\/\/www.istegroup.com\/wp-content\/uploads\/2017\/07\/10257771140_4409864132-1.jpg","contentUrl":"https:\/\/www.istegroup.com\/wp-content\/uploads\/2017\/07\/10257771140_4409864132-1.jpg","width":300,"height":451,"caption":"M\u00e9canique exp\u00e9rimentale des solides et des structures"},{"@type":"BreadcrumbList","@id":"https:\/\/www.istegroup.com\/en\/produit\/mecanique-experimentale-des-solides-et-des-structures\/#breadcrumb","itemListElement":[{"@type":"ListItem","position":1,"name":"Home","item":"https:\/\/www.istegroup.com\/"},{"@type":"ListItem","position":2,"name":"Shop","item":"https:\/\/www.istegroup.com\/fr\/nouveautes\/"},{"@type":"ListItem","position":3,"name":"M\u00e9canique exp\u00e9rimentale des solides et des structures"}]},{"@type":"WebSite","@id":"https:\/\/www.istegroup.com\/#website","url":"https:\/\/www.istegroup.com\/","name":"ISTE Group","description":"Publishing Knowledge","potentialAction":[{"@type":"SearchAction","target":{"@type":"EntryPoint","urlTemplate":"https:\/\/www.istegroup.com\/?s={search_term_string}"},"query-input":{"@type":"PropertyValueSpecification","valueRequired":true,"valueName":"search_term_string"}}],"inLanguage":"en-US"}]}},"_links":{"self":[{"href":"https:\/\/www.istegroup.com\/en\/wp-json\/wp\/v2\/product\/487","targetHints":{"allow":["GET"]}}],"collection":[{"href":"https:\/\/www.istegroup.com\/en\/wp-json\/wp\/v2\/product"}],"about":[{"href":"https:\/\/www.istegroup.com\/en\/wp-json\/wp\/v2\/types\/product"}],"wp:featuredmedia":[{"embeddable":true,"href":"https:\/\/www.istegroup.com\/en\/wp-json\/wp\/v2\/media\/488"}],"wp:attachment":[{"href":"https:\/\/www.istegroup.com\/en\/wp-json\/wp\/v2\/media?parent=487"}],"wp:term":[{"taxonomy":"product_brand","embeddable":true,"href":"https:\/\/www.istegroup.com\/en\/wp-json\/wp\/v2\/product_brand?post=487"},{"taxonomy":"product_cat","embeddable":true,"href":"https:\/\/www.istegroup.com\/en\/wp-json\/wp\/v2\/product_cat?post=487"},{"taxonomy":"product_tag","embeddable":true,"href":"https:\/\/www.istegroup.com\/en\/wp-json\/wp\/v2\/product_tag?post=487"}],"curies":[{"name":"wp","href":"https:\/\/api.w.org\/{rel}","templated":true}]}}