{"id":48614,"date":"2022-10-25T16:29:18","date_gmt":"2022-10-25T15:29:18","guid":{"rendered":"https:\/\/www.istegroup.com\/?post_type=product&#038;p=48614"},"modified":"2024-01-03T13:46:38","modified_gmt":"2024-01-03T13:46:38","slug":"la-fiabilite-des-centrales-nucleaires","status":"publish","type":"product","link":"https:\/\/www.istegroup.com\/en\/produit\/la-fiabilite-des-centrales-nucleaires\/","title":{"rendered":"La fiabilit\u00e9 des centrales nucl\u00e9aires"},"content":{"rendered":"<p class=\"qtranxs-available-languages-message qtranxs-available-languages-message-en\">Sorry, this entry is only available in <a href=\"https:\/\/www.istegroup.com\/fr\/wp-json\/wp\/v2\/product\/48614\" class=\"qtranxs-available-language-link qtranxs-available-language-link-fr\" title=\"FR\">FR<\/a>.<\/p>","protected":false},"excerpt":{"rendered":"<p>Sorry, this entry is only available in FR.<\/p>\n","protected":false},"featured_media":48623,"template":"","meta":{"_acf_changed":false,"_links_to":"","_links_to_target":""},"product_brand":[],"product_cat":[664],"product_tag":[],"class_list":{"0":"post-48614","1":"product","2":"type-product","3":"status-publish","4":"has-post-thumbnail","6":"product_cat-gnie-mcanique-et-mcanique-des-solides-12506462","8":"first","9":"instock","10":"shipping-taxable","11":"purchasable","12":"product-type-variable"},"acf":[],"yoast_head":"<!-- This site is optimized with the Yoast SEO plugin v27.2 - https:\/\/yoast.com\/product\/yoast-seo-wordpress\/ -->\n<title>La fiabilit\u00e9 des centrales nucl\u00e9aires - ISTE Group<\/title>\n<meta name=\"description\" content=\"La fiabilit\u00e9 des centrales nucl\u00e9aires pr\u00e9sente successivement : l\u2019\u00e9volution des proc\u00e9dures, le retour d\u2019exp\u00e9rience et l\u2019expertise, la fiabilit\u00e9 des syst\u00e8mes et les \u00e9valuations probabilistes de s\u00fbret\u00e9, la fiabilit\u00e9 des structures et les mod\u00e8les probabilis\u00e9s en m\u00e9canique, la fiabilit\u00e9 des composants et l\u2019impact de la maintenance, les facteurs humains et organisationnels, l\u2019impact du Big Data et, enfin, une synth\u00e8se pr\u00e9sentant les perspectives de R&amp;D.\" \/>\n<meta name=\"robots\" content=\"index, follow, max-snippet:-1, max-image-preview:large, max-video-preview:-1\" \/>\n<link rel=\"canonical\" href=\"https:\/\/www.istegroup.com\/en\/produit\/la-fiabilite-des-centrales-nucleaires\/\" \/>\n<meta property=\"og:locale\" content=\"en_US\" \/>\n<meta property=\"og:type\" content=\"article\" \/>\n<meta property=\"og:title\" content=\"La fiabilit\u00e9 des centrales nucl\u00e9aires - ISTE Group\" \/>\n<meta property=\"og:description\" content=\"La fiabilit\u00e9 des centrales nucl\u00e9aires pr\u00e9sente successivement : l\u2019\u00e9volution des proc\u00e9dures, le retour d\u2019exp\u00e9rience et l\u2019expertise, la fiabilit\u00e9 des syst\u00e8mes et les \u00e9valuations probabilistes de s\u00fbret\u00e9, la fiabilit\u00e9 des structures et les mod\u00e8les probabilis\u00e9s en m\u00e9canique, la fiabilit\u00e9 des composants et l\u2019impact de la maintenance, les facteurs humains et organisationnels, l\u2019impact du Big Data et, enfin, une synth\u00e8se pr\u00e9sentant les perspectives de R&amp;D.\" \/>\n<meta property=\"og:url\" content=\"https:\/\/www.istegroup.com\/en\/produit\/la-fiabilite-des-centrales-nucleaires\/\" \/>\n<meta property=\"og:site_name\" content=\"ISTE Group\" \/>\n<meta property=\"article:modified_time\" content=\"2024-01-03T13:46:38+00:00\" \/>\n<meta property=\"og:image\" content=\"https:\/\/www.istegroup.com\/wp-content\/uploads\/2022\/10\/La-fiabilite-des-centrales-nucleaires.jpg\" \/>\n\t<meta property=\"og:image:width\" content=\"300\" \/>\n\t<meta property=\"og:image:height\" content=\"452\" \/>\n\t<meta property=\"og:image:type\" content=\"image\/jpeg\" \/>\n<meta name=\"twitter:card\" content=\"summary_large_image\" \/>\n<meta name=\"twitter:label1\" content=\"Est. reading time\" \/>\n\t<meta name=\"twitter:data1\" content=\"1 minute\" \/>\n<script type=\"application\/ld+json\" class=\"yoast-schema-graph\">{\"@context\":\"https:\/\/schema.org\",\"@graph\":[{\"@type\":\"WebPage\",\"@id\":\"https:\/\/www.istegroup.com\/en\/produit\/la-fiabilite-des-centrales-nucleaires\/\",\"url\":\"https:\/\/www.istegroup.com\/en\/produit\/la-fiabilite-des-centrales-nucleaires\/\",\"name\":\"La fiabilit\u00e9 des centrales nucl\u00e9aires - ISTE Group\",\"isPartOf\":{\"@id\":\"https:\/\/www.istegroup.com\/#website\"},\"primaryImageOfPage\":{\"@id\":\"https:\/\/www.istegroup.com\/en\/produit\/la-fiabilite-des-centrales-nucleaires\/#primaryimage\"},\"image\":{\"@id\":\"https:\/\/www.istegroup.com\/en\/produit\/la-fiabilite-des-centrales-nucleaires\/#primaryimage\"},\"thumbnailUrl\":\"https:\/\/www.istegroup.com\/wp-content\/uploads\/2022\/10\/La-fiabilite-des-centrales-nucleaires.jpg\",\"datePublished\":\"2022-10-25T15:29:18+00:00\",\"dateModified\":\"2024-01-03T13:46:38+00:00\",\"description\":\"La fiabilit\u00e9 des centrales nucl\u00e9aires pr\u00e9sente successivement : l\u2019\u00e9volution des proc\u00e9dures, le retour d\u2019exp\u00e9rience et l\u2019expertise, la fiabilit\u00e9 des syst\u00e8mes et les \u00e9valuations probabilistes de s\u00fbret\u00e9, la fiabilit\u00e9 des structures et les mod\u00e8les probabilis\u00e9s en m\u00e9canique, la fiabilit\u00e9 des composants et l\u2019impact de la maintenance, les facteurs humains et organisationnels, l\u2019impact du Big Data et, enfin, une synth\u00e8se pr\u00e9sentant les perspectives de R&amp;D.\",\"breadcrumb\":{\"@id\":\"https:\/\/www.istegroup.com\/en\/produit\/la-fiabilite-des-centrales-nucleaires\/#breadcrumb\"},\"inLanguage\":\"en-US\",\"potentialAction\":[{\"@type\":\"ReadAction\",\"target\":[\"https:\/\/www.istegroup.com\/en\/produit\/la-fiabilite-des-centrales-nucleaires\/\"]}]},{\"@type\":\"ImageObject\",\"inLanguage\":\"en-US\",\"@id\":\"https:\/\/www.istegroup.com\/en\/produit\/la-fiabilite-des-centrales-nucleaires\/#primaryimage\",\"url\":\"https:\/\/www.istegroup.com\/wp-content\/uploads\/2022\/10\/La-fiabilite-des-centrales-nucleaires.jpg\",\"contentUrl\":\"https:\/\/www.istegroup.com\/wp-content\/uploads\/2022\/10\/La-fiabilite-des-centrales-nucleaires.jpg\",\"width\":300,\"height\":452,\"caption\":\"Livre scientifique - La fiabilit\u00e9 des centrales nucl\u00e9aires - Andr\u00e9 Lannoy\"},{\"@type\":\"BreadcrumbList\",\"@id\":\"https:\/\/www.istegroup.com\/en\/produit\/la-fiabilite-des-centrales-nucleaires\/#breadcrumb\",\"itemListElement\":[{\"@type\":\"ListItem\",\"position\":1,\"name\":\"Home\",\"item\":\"https:\/\/www.istegroup.com\/\"},{\"@type\":\"ListItem\",\"position\":2,\"name\":\"Shop\",\"item\":\"https:\/\/www.istegroup.com\/fr\/nouveautes\/\"},{\"@type\":\"ListItem\",\"position\":3,\"name\":\"La fiabilit\u00e9 des centrales nucl\u00e9aires\"}]},{\"@type\":\"WebSite\",\"@id\":\"https:\/\/www.istegroup.com\/#website\",\"url\":\"https:\/\/www.istegroup.com\/\",\"name\":\"ISTE Group\",\"description\":\"Publishing Knowledge\",\"potentialAction\":[{\"@type\":\"SearchAction\",\"target\":{\"@type\":\"EntryPoint\",\"urlTemplate\":\"https:\/\/www.istegroup.com\/?s={search_term_string}\"},\"query-input\":{\"@type\":\"PropertyValueSpecification\",\"valueRequired\":true,\"valueName\":\"search_term_string\"}}],\"inLanguage\":\"en-US\"}]}<\/script>\n<!-- \/ Yoast SEO plugin. -->","yoast_head_json":{"title":"La fiabilit\u00e9 des centrales nucl\u00e9aires - ISTE Group","description":"La fiabilit\u00e9 des centrales nucl\u00e9aires pr\u00e9sente successivement : l\u2019\u00e9volution des proc\u00e9dures, le retour d\u2019exp\u00e9rience et l\u2019expertise, la fiabilit\u00e9 des syst\u00e8mes et les \u00e9valuations probabilistes de s\u00fbret\u00e9, la fiabilit\u00e9 des structures et les mod\u00e8les probabilis\u00e9s en m\u00e9canique, la fiabilit\u00e9 des composants et l\u2019impact de la maintenance, les facteurs humains et organisationnels, l\u2019impact du Big Data et, enfin, une synth\u00e8se pr\u00e9sentant les perspectives de R&amp;D.","robots":{"index":"index","follow":"follow","max-snippet":"max-snippet:-1","max-image-preview":"max-image-preview:large","max-video-preview":"max-video-preview:-1"},"canonical":"https:\/\/www.istegroup.com\/en\/produit\/la-fiabilite-des-centrales-nucleaires\/","og_locale":"en_US","og_type":"article","og_title":"La fiabilit\u00e9 des centrales nucl\u00e9aires - ISTE Group","og_description":"La fiabilit\u00e9 des centrales nucl\u00e9aires pr\u00e9sente successivement : l\u2019\u00e9volution des proc\u00e9dures, le retour d\u2019exp\u00e9rience et l\u2019expertise, la fiabilit\u00e9 des syst\u00e8mes et les \u00e9valuations probabilistes de s\u00fbret\u00e9, la fiabilit\u00e9 des structures et les mod\u00e8les probabilis\u00e9s en m\u00e9canique, la fiabilit\u00e9 des composants et l\u2019impact de la maintenance, les facteurs humains et organisationnels, l\u2019impact du Big Data et, enfin, une synth\u00e8se pr\u00e9sentant les perspectives de R&amp;D.","og_url":"https:\/\/www.istegroup.com\/en\/produit\/la-fiabilite-des-centrales-nucleaires\/","og_site_name":"ISTE Group","article_modified_time":"2024-01-03T13:46:38+00:00","og_image":[{"width":300,"height":452,"url":"https:\/\/www.istegroup.com\/wp-content\/uploads\/2022\/10\/La-fiabilite-des-centrales-nucleaires.jpg","type":"image\/jpeg"}],"twitter_card":"summary_large_image","twitter_misc":{"Est. reading time":"1 minute"},"schema":{"@context":"https:\/\/schema.org","@graph":[{"@type":"WebPage","@id":"https:\/\/www.istegroup.com\/en\/produit\/la-fiabilite-des-centrales-nucleaires\/","url":"https:\/\/www.istegroup.com\/en\/produit\/la-fiabilite-des-centrales-nucleaires\/","name":"La fiabilit\u00e9 des centrales nucl\u00e9aires - ISTE Group","isPartOf":{"@id":"https:\/\/www.istegroup.com\/#website"},"primaryImageOfPage":{"@id":"https:\/\/www.istegroup.com\/en\/produit\/la-fiabilite-des-centrales-nucleaires\/#primaryimage"},"image":{"@id":"https:\/\/www.istegroup.com\/en\/produit\/la-fiabilite-des-centrales-nucleaires\/#primaryimage"},"thumbnailUrl":"https:\/\/www.istegroup.com\/wp-content\/uploads\/2022\/10\/La-fiabilite-des-centrales-nucleaires.jpg","datePublished":"2022-10-25T15:29:18+00:00","dateModified":"2024-01-03T13:46:38+00:00","description":"La fiabilit\u00e9 des centrales nucl\u00e9aires pr\u00e9sente successivement : l\u2019\u00e9volution des proc\u00e9dures, le retour d\u2019exp\u00e9rience et l\u2019expertise, la fiabilit\u00e9 des syst\u00e8mes et les \u00e9valuations probabilistes de s\u00fbret\u00e9, la fiabilit\u00e9 des structures et les mod\u00e8les probabilis\u00e9s en m\u00e9canique, la fiabilit\u00e9 des composants et l\u2019impact de la maintenance, les facteurs humains et organisationnels, l\u2019impact du Big Data et, enfin, une synth\u00e8se pr\u00e9sentant les perspectives de R&amp;D.","breadcrumb":{"@id":"https:\/\/www.istegroup.com\/en\/produit\/la-fiabilite-des-centrales-nucleaires\/#breadcrumb"},"inLanguage":"en-US","potentialAction":[{"@type":"ReadAction","target":["https:\/\/www.istegroup.com\/en\/produit\/la-fiabilite-des-centrales-nucleaires\/"]}]},{"@type":"ImageObject","inLanguage":"en-US","@id":"https:\/\/www.istegroup.com\/en\/produit\/la-fiabilite-des-centrales-nucleaires\/#primaryimage","url":"https:\/\/www.istegroup.com\/wp-content\/uploads\/2022\/10\/La-fiabilite-des-centrales-nucleaires.jpg","contentUrl":"https:\/\/www.istegroup.com\/wp-content\/uploads\/2022\/10\/La-fiabilite-des-centrales-nucleaires.jpg","width":300,"height":452,"caption":"Livre scientifique - La fiabilit\u00e9 des centrales nucl\u00e9aires - Andr\u00e9 Lannoy"},{"@type":"BreadcrumbList","@id":"https:\/\/www.istegroup.com\/en\/produit\/la-fiabilite-des-centrales-nucleaires\/#breadcrumb","itemListElement":[{"@type":"ListItem","position":1,"name":"Home","item":"https:\/\/www.istegroup.com\/"},{"@type":"ListItem","position":2,"name":"Shop","item":"https:\/\/www.istegroup.com\/fr\/nouveautes\/"},{"@type":"ListItem","position":3,"name":"La fiabilit\u00e9 des centrales nucl\u00e9aires"}]},{"@type":"WebSite","@id":"https:\/\/www.istegroup.com\/#website","url":"https:\/\/www.istegroup.com\/","name":"ISTE Group","description":"Publishing Knowledge","potentialAction":[{"@type":"SearchAction","target":{"@type":"EntryPoint","urlTemplate":"https:\/\/www.istegroup.com\/?s={search_term_string}"},"query-input":{"@type":"PropertyValueSpecification","valueRequired":true,"valueName":"search_term_string"}}],"inLanguage":"en-US"}]}},"_links":{"self":[{"href":"https:\/\/www.istegroup.com\/en\/wp-json\/wp\/v2\/product\/48614","targetHints":{"allow":["GET"]}}],"collection":[{"href":"https:\/\/www.istegroup.com\/en\/wp-json\/wp\/v2\/product"}],"about":[{"href":"https:\/\/www.istegroup.com\/en\/wp-json\/wp\/v2\/types\/product"}],"wp:featuredmedia":[{"embeddable":true,"href":"https:\/\/www.istegroup.com\/en\/wp-json\/wp\/v2\/media\/48623"}],"wp:attachment":[{"href":"https:\/\/www.istegroup.com\/en\/wp-json\/wp\/v2\/media?parent=48614"}],"wp:term":[{"taxonomy":"product_brand","embeddable":true,"href":"https:\/\/www.istegroup.com\/en\/wp-json\/wp\/v2\/product_brand?post=48614"},{"taxonomy":"product_cat","embeddable":true,"href":"https:\/\/www.istegroup.com\/en\/wp-json\/wp\/v2\/product_cat?post=48614"},{"taxonomy":"product_tag","embeddable":true,"href":"https:\/\/www.istegroup.com\/en\/wp-json\/wp\/v2\/product_tag?post=48614"}],"curies":[{"name":"wp","href":"https:\/\/api.w.org\/{rel}","templated":true}]}}