{"id":48591,"date":"2022-10-25T15:39:03","date_gmt":"2022-10-25T14:39:03","guid":{"rendered":"https:\/\/www.istegroup.com\/?post_type=product&#038;p=48591"},"modified":"2024-01-03T13:46:38","modified_gmt":"2024-01-03T13:46:38","slug":"introduction-a-la-theorie-des-distributions","status":"publish","type":"product","link":"https:\/\/www.istegroup.com\/en\/produit\/introduction-a-la-theorie-des-distributions\/","title":{"rendered":"Introduction \u00e0 la th\u00e9orie des distributions"},"content":{"rendered":"<p>De tr\u00e8s nombreux ph\u00e9nom\u00e8nes physiques, chimiques, biologiques et m\u00eame \u00e9conomiques peuvent \u00eatre mod\u00e9lis\u00e9s par des \u00e9quations diff\u00e9rentielles ou par des \u00e9quations aux d\u00e9riv\u00e9es partielles. Le cadre de la th\u00e9orie des distributions est le plus efficace pour l\u2019\u00e9tude de ces \u00e9quations. Une bonne familiarit\u00e9 avec le langage des distributions est devenue presque indispensable pour traiter efficacement ces probl\u00e8mes.<\/p>\n<p>Cet ouvrage pr\u00e9sente la notion des distributions dans un sens aussi clair que possible tout en mettant \u00e0 la disposition du lecteur un support contenant les r\u00e9sultats essentiels et les plus importants sur les distributions. Il contient, en plus d\u2019un cours approfondi, une s\u00e9rie d\u2019exercices avec leurs solutions d\u00e9taill\u00e9es.<\/p>\n<p><em>Introduction \u00e0 la th\u00e9orie des distributions<\/em> est destin\u00e9 aux \u00e9tudiants de master en math\u00e9matiques. Il s\u2019adresse aussi bien aux \u00e9tudiants qui pr\u00e9parent l\u2019agr\u00e9gation de math\u00e9matiques qu\u2019aux \u00e9tudiants de sciences physiques ou d\u2019\u00e9cole d\u2019ing\u00e9nieurs.<\/p>\n","protected":false},"excerpt":{"rendered":"<p>De tr\u00e8s nombreux ph\u00e9nom\u00e8nes physiques, chimiques, biologiques et m\u00eame \u00e9conomiques peuvent \u00eatre mod\u00e9lis\u00e9s par des \u00e9quations diff\u00e9rentielles ou par des \u00e9quations aux d\u00e9riv\u00e9es partielles. Le cadre de la th\u00e9orie des distributions est le plus efficace pour l\u2019\u00e9tude de ces \u00e9quations. Une bonne familiarit\u00e9 avec le langage des distributions est devenue presque indispensable pour traiter efficacement [&hellip;]<\/p>\n","protected":false},"featured_media":48597,"template":"","meta":{"_acf_changed":false,"_links_to":"","_links_to_target":""},"product_brand":[],"product_cat":[671],"product_tag":[],"class_list":{"0":"post-48591","1":"product","2":"type-product","3":"status-publish","4":"has-post-thumbnail","6":"product_cat-mathmatiques-et-statistiques-12506494","8":"first","9":"instock","10":"shipping-taxable","11":"purchasable","12":"product-type-variable"},"acf":[],"yoast_head":"<!-- This site is optimized with the Yoast SEO plugin v27.2 - https:\/\/yoast.com\/product\/yoast-seo-wordpress\/ -->\n<title>Introduction \u00e0 la th\u00e9orie des distributions - ISTE Group<\/title>\n<meta name=\"description\" content=\"Cet ouvrage pr\u00e9sente la notion des distributions dans un sens aussi clair que possible tout en mettant \u00e0 la disposition du lecteur un support contenant les r\u00e9sultats essentiels et les plus importants sur les distributions.\" \/>\n<meta name=\"robots\" content=\"index, follow, max-snippet:-1, max-image-preview:large, max-video-preview:-1\" \/>\n<link rel=\"canonical\" href=\"https:\/\/www.istegroup.com\/fr\/produit\/introduction-a-la-theorie-des-distributions\/\" \/>\n<meta property=\"og:locale\" content=\"en_US\" \/>\n<meta property=\"og:type\" content=\"article\" \/>\n<meta property=\"og:title\" content=\"Introduction \u00e0 la th\u00e9orie des distributions - ISTE Group\" \/>\n<meta property=\"og:description\" content=\"Cet ouvrage pr\u00e9sente la notion des distributions dans un sens aussi clair que possible tout en mettant \u00e0 la disposition du lecteur un support contenant les r\u00e9sultats essentiels et les plus importants sur les distributions.\" \/>\n<meta property=\"og:url\" content=\"https:\/\/www.istegroup.com\/fr\/produit\/introduction-a-la-theorie-des-distributions\/\" \/>\n<meta property=\"og:site_name\" content=\"ISTE Group\" \/>\n<meta property=\"article:modified_time\" content=\"2024-01-03T13:46:38+00:00\" \/>\n<meta property=\"og:image\" content=\"https:\/\/www.istegroup.com\/wp-content\/uploads\/2022\/10\/Introduction-a-la-theorie-des-distributions.jpg\" \/>\n\t<meta property=\"og:image:width\" content=\"300\" \/>\n\t<meta property=\"og:image:height\" content=\"453\" \/>\n\t<meta property=\"og:image:type\" content=\"image\/jpeg\" \/>\n<meta name=\"twitter:card\" content=\"summary_large_image\" \/>\n<meta name=\"twitter:label1\" content=\"Est. reading time\" \/>\n\t<meta name=\"twitter:data1\" content=\"1 minute\" \/>\n<script type=\"application\/ld+json\" class=\"yoast-schema-graph\">{\"@context\":\"https:\/\/schema.org\",\"@graph\":[{\"@type\":\"WebPage\",\"@id\":\"https:\/\/www.istegroup.com\/fr\/produit\/introduction-a-la-theorie-des-distributions\/\",\"url\":\"https:\/\/www.istegroup.com\/fr\/produit\/introduction-a-la-theorie-des-distributions\/\",\"name\":\"Introduction \u00e0 la th\u00e9orie des distributions - ISTE Group\",\"isPartOf\":{\"@id\":\"https:\/\/www.istegroup.com\/#website\"},\"primaryImageOfPage\":{\"@id\":\"https:\/\/www.istegroup.com\/fr\/produit\/introduction-a-la-theorie-des-distributions\/#primaryimage\"},\"image\":{\"@id\":\"https:\/\/www.istegroup.com\/fr\/produit\/introduction-a-la-theorie-des-distributions\/#primaryimage\"},\"thumbnailUrl\":\"https:\/\/www.istegroup.com\/wp-content\/uploads\/2022\/10\/Introduction-a-la-theorie-des-distributions.jpg\",\"datePublished\":\"2022-10-25T14:39:03+00:00\",\"dateModified\":\"2024-01-03T13:46:38+00:00\",\"description\":\"Cet ouvrage pr\u00e9sente la notion des distributions dans un sens aussi clair que possible tout en mettant \u00e0 la disposition du lecteur un support contenant les r\u00e9sultats essentiels et les plus importants sur les distributions.\",\"breadcrumb\":{\"@id\":\"https:\/\/www.istegroup.com\/fr\/produit\/introduction-a-la-theorie-des-distributions\/#breadcrumb\"},\"inLanguage\":\"en-US\",\"potentialAction\":[{\"@type\":\"ReadAction\",\"target\":[\"https:\/\/www.istegroup.com\/fr\/produit\/introduction-a-la-theorie-des-distributions\/\"]}]},{\"@type\":\"ImageObject\",\"inLanguage\":\"en-US\",\"@id\":\"https:\/\/www.istegroup.com\/fr\/produit\/introduction-a-la-theorie-des-distributions\/#primaryimage\",\"url\":\"https:\/\/www.istegroup.com\/wp-content\/uploads\/2022\/10\/Introduction-a-la-theorie-des-distributions.jpg\",\"contentUrl\":\"https:\/\/www.istegroup.com\/wp-content\/uploads\/2022\/10\/Introduction-a-la-theorie-des-distributions.jpg\",\"width\":300,\"height\":453,\"caption\":\"Livre scientifique - Introduction \u00e0 la th\u00e9orie des distributions - El Mustapha Ait Ben Hassi\"},{\"@type\":\"BreadcrumbList\",\"@id\":\"https:\/\/www.istegroup.com\/fr\/produit\/introduction-a-la-theorie-des-distributions\/#breadcrumb\",\"itemListElement\":[{\"@type\":\"ListItem\",\"position\":1,\"name\":\"Home\",\"item\":\"https:\/\/www.istegroup.com\/\"},{\"@type\":\"ListItem\",\"position\":2,\"name\":\"Shop\",\"item\":\"https:\/\/www.istegroup.com\/fr\/nouveautes\/\"},{\"@type\":\"ListItem\",\"position\":3,\"name\":\"Introduction \u00e0 la th\u00e9orie des distributions\"}]},{\"@type\":\"WebSite\",\"@id\":\"https:\/\/www.istegroup.com\/#website\",\"url\":\"https:\/\/www.istegroup.com\/\",\"name\":\"ISTE Group\",\"description\":\"Publishing Knowledge\",\"potentialAction\":[{\"@type\":\"SearchAction\",\"target\":{\"@type\":\"EntryPoint\",\"urlTemplate\":\"https:\/\/www.istegroup.com\/?s={search_term_string}\"},\"query-input\":{\"@type\":\"PropertyValueSpecification\",\"valueRequired\":true,\"valueName\":\"search_term_string\"}}],\"inLanguage\":\"en-US\"}]}<\/script>\n<!-- \/ Yoast SEO plugin. -->","yoast_head_json":{"title":"Introduction \u00e0 la th\u00e9orie des distributions - ISTE Group","description":"Cet ouvrage pr\u00e9sente la notion des distributions dans un sens aussi clair que possible tout en mettant \u00e0 la disposition du lecteur un support contenant les r\u00e9sultats essentiels et les plus importants sur les distributions.","robots":{"index":"index","follow":"follow","max-snippet":"max-snippet:-1","max-image-preview":"max-image-preview:large","max-video-preview":"max-video-preview:-1"},"canonical":"https:\/\/www.istegroup.com\/fr\/produit\/introduction-a-la-theorie-des-distributions\/","og_locale":"en_US","og_type":"article","og_title":"Introduction \u00e0 la th\u00e9orie des distributions - ISTE Group","og_description":"Cet ouvrage pr\u00e9sente la notion des distributions dans un sens aussi clair que possible tout en mettant \u00e0 la disposition du lecteur un support contenant les r\u00e9sultats essentiels et les plus importants sur les distributions.","og_url":"https:\/\/www.istegroup.com\/fr\/produit\/introduction-a-la-theorie-des-distributions\/","og_site_name":"ISTE Group","article_modified_time":"2024-01-03T13:46:38+00:00","og_image":[{"width":300,"height":453,"url":"https:\/\/www.istegroup.com\/wp-content\/uploads\/2022\/10\/Introduction-a-la-theorie-des-distributions.jpg","type":"image\/jpeg"}],"twitter_card":"summary_large_image","twitter_misc":{"Est. reading time":"1 minute"},"schema":{"@context":"https:\/\/schema.org","@graph":[{"@type":"WebPage","@id":"https:\/\/www.istegroup.com\/fr\/produit\/introduction-a-la-theorie-des-distributions\/","url":"https:\/\/www.istegroup.com\/fr\/produit\/introduction-a-la-theorie-des-distributions\/","name":"Introduction \u00e0 la th\u00e9orie des distributions - ISTE Group","isPartOf":{"@id":"https:\/\/www.istegroup.com\/#website"},"primaryImageOfPage":{"@id":"https:\/\/www.istegroup.com\/fr\/produit\/introduction-a-la-theorie-des-distributions\/#primaryimage"},"image":{"@id":"https:\/\/www.istegroup.com\/fr\/produit\/introduction-a-la-theorie-des-distributions\/#primaryimage"},"thumbnailUrl":"https:\/\/www.istegroup.com\/wp-content\/uploads\/2022\/10\/Introduction-a-la-theorie-des-distributions.jpg","datePublished":"2022-10-25T14:39:03+00:00","dateModified":"2024-01-03T13:46:38+00:00","description":"Cet ouvrage pr\u00e9sente la notion des distributions dans un sens aussi clair que possible tout en mettant \u00e0 la disposition du lecteur un support contenant les r\u00e9sultats essentiels et les plus importants sur les distributions.","breadcrumb":{"@id":"https:\/\/www.istegroup.com\/fr\/produit\/introduction-a-la-theorie-des-distributions\/#breadcrumb"},"inLanguage":"en-US","potentialAction":[{"@type":"ReadAction","target":["https:\/\/www.istegroup.com\/fr\/produit\/introduction-a-la-theorie-des-distributions\/"]}]},{"@type":"ImageObject","inLanguage":"en-US","@id":"https:\/\/www.istegroup.com\/fr\/produit\/introduction-a-la-theorie-des-distributions\/#primaryimage","url":"https:\/\/www.istegroup.com\/wp-content\/uploads\/2022\/10\/Introduction-a-la-theorie-des-distributions.jpg","contentUrl":"https:\/\/www.istegroup.com\/wp-content\/uploads\/2022\/10\/Introduction-a-la-theorie-des-distributions.jpg","width":300,"height":453,"caption":"Livre scientifique - Introduction \u00e0 la th\u00e9orie des distributions - El Mustapha Ait Ben Hassi"},{"@type":"BreadcrumbList","@id":"https:\/\/www.istegroup.com\/fr\/produit\/introduction-a-la-theorie-des-distributions\/#breadcrumb","itemListElement":[{"@type":"ListItem","position":1,"name":"Home","item":"https:\/\/www.istegroup.com\/"},{"@type":"ListItem","position":2,"name":"Shop","item":"https:\/\/www.istegroup.com\/fr\/nouveautes\/"},{"@type":"ListItem","position":3,"name":"Introduction \u00e0 la th\u00e9orie des distributions"}]},{"@type":"WebSite","@id":"https:\/\/www.istegroup.com\/#website","url":"https:\/\/www.istegroup.com\/","name":"ISTE Group","description":"Publishing Knowledge","potentialAction":[{"@type":"SearchAction","target":{"@type":"EntryPoint","urlTemplate":"https:\/\/www.istegroup.com\/?s={search_term_string}"},"query-input":{"@type":"PropertyValueSpecification","valueRequired":true,"valueName":"search_term_string"}}],"inLanguage":"en-US"}]}},"_links":{"self":[{"href":"https:\/\/www.istegroup.com\/en\/wp-json\/wp\/v2\/product\/48591","targetHints":{"allow":["GET"]}}],"collection":[{"href":"https:\/\/www.istegroup.com\/en\/wp-json\/wp\/v2\/product"}],"about":[{"href":"https:\/\/www.istegroup.com\/en\/wp-json\/wp\/v2\/types\/product"}],"wp:featuredmedia":[{"embeddable":true,"href":"https:\/\/www.istegroup.com\/en\/wp-json\/wp\/v2\/media\/48597"}],"wp:attachment":[{"href":"https:\/\/www.istegroup.com\/en\/wp-json\/wp\/v2\/media?parent=48591"}],"wp:term":[{"taxonomy":"product_brand","embeddable":true,"href":"https:\/\/www.istegroup.com\/en\/wp-json\/wp\/v2\/product_brand?post=48591"},{"taxonomy":"product_cat","embeddable":true,"href":"https:\/\/www.istegroup.com\/en\/wp-json\/wp\/v2\/product_cat?post=48591"},{"taxonomy":"product_tag","embeddable":true,"href":"https:\/\/www.istegroup.com\/en\/wp-json\/wp\/v2\/product_tag?post=48591"}],"curies":[{"name":"wp","href":"https:\/\/api.w.org\/{rel}","templated":true}]}}