{"id":485,"date":"2017-07-28T14:57:47","date_gmt":"2017-07-28T12:57:47","guid":{"rendered":"https:\/\/iste.yhello.co\/product\/mecanique-et-incertain\/"},"modified":"2024-01-03T13:40:16","modified_gmt":"2024-01-03T13:40:16","slug":"mecanique-et-incertain","status":"publish","type":"product","link":"https:\/\/www.istegroup.com\/en\/produit\/mecanique-et-incertain\/","title":{"rendered":"M\u00e9canique et incertain"},"content":{"rendered":"<p>La m\u00e9canique est tout \u00e0 la fois une science, un ensemble de technologies et une industrie. La science a pris conscience de l\u2019impossibilit\u00e9 d&#8217;un mod\u00e8le enti\u00e8rement d\u00e9terministe, les technologies, des limites de leur robustesse et de leur fiabilit\u00e9, et l\u2019industrie, des risques engendr\u00e9s par les produits et les syst\u00e8mes tout au long de leur dur\u00e9e de vie.<\/p>\n<p>L\u2019incertain est la r\u00e9alit\u00e9 de toute cr\u00e9ation humaine, de la vie elle-m\u00eame.\u00a0<em>M\u00e9canique et incertain<\/em>\u00a0propose une r\u00e9flexion sur les avanc\u00e9es scientifiques de la conception m\u00e9canique en contexte incertain. Il pr\u00e9sente les principaux outils \u00e0 la disposition des ing\u00e9nieurs pour aider \u00e0 la justification de leurs innovations et \u00e0 la d\u00e9monstration d\u2019un bilan acceptable entre performance, robustesse et fiabilit\u00e9.<\/p>\n<p>Cet ouvrage pr\u00e9cise les acquis technologiques mais aussi les limites sur lesquelles des progr\u00e8s conceptuels sont attendus.<\/p>\n<p style=\"text-align: right\">\n","protected":false},"excerpt":{"rendered":"<p>La m\u00e9canique est tout \u00e0 la fois une science, un ensemble de technologies et une industrie. La science a pris conscience de l\u2019impossibilit\u00e9 d&#8217;un mod\u00e8le enti\u00e8rement d\u00e9terministe, les technologies, des limites de leur robustesse et de leur fiabilit\u00e9, et l\u2019industrie, des risques engendr\u00e9s par les produits et les syst\u00e8mes tout au long de leur dur\u00e9e [&hellip;]<\/p>\n","protected":false},"featured_media":486,"template":"","meta":{"_acf_changed":false,"_links_to":"","_links_to_target":""},"product_brand":[],"product_cat":[664],"product_tag":[31,196,247,197,198,199,21,200,22,201,203,204,63,25,172,209,1915,161,1916,212,38,192,145,28,262],"class_list":{"0":"post-485","1":"product","2":"type-product","3":"status-publish","4":"has-post-thumbnail","6":"product_cat-gnie-mcanique-et-mcanique-des-solides-12506462","7":"product_tag-ebook","8":"product_tag-ebooks","9":"product_tag-industrie","10":"product_tag-iste","11":"product_tag-iste-edition","12":"product_tag-iste-editions","13":"product_tag-iste-group","14":"product_tag-isteedition","15":"product_tag-istegroup","16":"product_tag-kindle","17":"product_tag-liseuse","18":"product_tag-livre","19":"product_tag-livre-electronique","20":"product_tag-livre-numerique","21":"product_tag-livre-scientifique","22":"product_tag-livres-scientifiques","23":"product_tag-maurice-lemaire","24":"product_tag-mecanique","25":"product_tag-mecanique-et-incertain","26":"product_tag-ouvrage","27":"product_tag-ouvrage-numerique","28":"product_tag-ouvrage-science","29":"product_tag-ouvrage-scientifique","30":"product_tag-ouvrage-scientifique-francais","31":"product_tag-technologies","33":"first","34":"instock","35":"shipping-taxable","36":"purchasable","37":"product-type-variable"},"acf":[],"yoast_head":"<!-- This site is optimized with the Yoast SEO plugin v27.2 - https:\/\/yoast.com\/product\/yoast-seo-wordpress\/ -->\n<title>M\u00e9canique et incertain - ISTE Group<\/title>\n<meta name=\"description\" content=\"M\u00e9canique et incertain\u00a0propose une r\u00e9flexion sur les avanc\u00e9es scientifiques de la conception m\u00e9canique en contexte incertain, et pr\u00e9cise les acquis technologiques mais aussi les limites sur lesquelles des progr\u00e8s conceptuels sont attendus.\" \/>\n<meta name=\"robots\" content=\"index, follow, max-snippet:-1, max-image-preview:large, max-video-preview:-1\" \/>\n<link rel=\"canonical\" href=\"https:\/\/www.istegroup.com\/fr\/produit\/mecanique-et-incertain\/\" \/>\n<meta property=\"og:locale\" content=\"en_US\" \/>\n<meta property=\"og:type\" content=\"article\" \/>\n<meta property=\"og:title\" content=\"M\u00e9canique et incertain - ISTE Group\" \/>\n<meta property=\"og:description\" content=\"M\u00e9canique et incertain\u00a0propose une r\u00e9flexion sur les avanc\u00e9es scientifiques de la conception m\u00e9canique en contexte incertain, et pr\u00e9cise les acquis technologiques mais aussi les limites sur lesquelles des progr\u00e8s conceptuels sont attendus.\" \/>\n<meta property=\"og:url\" content=\"https:\/\/www.istegroup.com\/fr\/produit\/mecanique-et-incertain\/\" \/>\n<meta property=\"og:site_name\" content=\"ISTE Group\" \/>\n<meta property=\"article:modified_time\" content=\"2024-01-03T13:40:16+00:00\" \/>\n<meta property=\"og:image\" content=\"https:\/\/www.istegroup.com\/wp-content\/uploads\/2017\/07\/634630965_274614937-1.jpg\" \/>\n\t<meta property=\"og:image:width\" content=\"300\" \/>\n\t<meta property=\"og:image:height\" content=\"453\" \/>\n\t<meta property=\"og:image:type\" content=\"image\/jpeg\" \/>\n<meta name=\"twitter:card\" content=\"summary_large_image\" \/>\n<meta name=\"twitter:label1\" content=\"Est. reading time\" \/>\n\t<meta name=\"twitter:data1\" content=\"1 minute\" \/>\n<script type=\"application\/ld+json\" class=\"yoast-schema-graph\">{\"@context\":\"https:\/\/schema.org\",\"@graph\":[{\"@type\":\"WebPage\",\"@id\":\"https:\/\/www.istegroup.com\/fr\/produit\/mecanique-et-incertain\/\",\"url\":\"https:\/\/www.istegroup.com\/fr\/produit\/mecanique-et-incertain\/\",\"name\":\"M\u00e9canique et incertain - ISTE Group\",\"isPartOf\":{\"@id\":\"https:\/\/www.istegroup.com\/#website\"},\"primaryImageOfPage\":{\"@id\":\"https:\/\/www.istegroup.com\/fr\/produit\/mecanique-et-incertain\/#primaryimage\"},\"image\":{\"@id\":\"https:\/\/www.istegroup.com\/fr\/produit\/mecanique-et-incertain\/#primaryimage\"},\"thumbnailUrl\":\"https:\/\/www.istegroup.com\/wp-content\/uploads\/2017\/07\/634630965_274614937-1.jpg\",\"datePublished\":\"2017-07-28T12:57:47+00:00\",\"dateModified\":\"2024-01-03T13:40:16+00:00\",\"description\":\"M\u00e9canique et incertain\u00a0propose une r\u00e9flexion sur les avanc\u00e9es scientifiques de la conception m\u00e9canique en contexte incertain, et pr\u00e9cise les acquis technologiques mais aussi les limites sur lesquelles des progr\u00e8s conceptuels sont attendus.\",\"breadcrumb\":{\"@id\":\"https:\/\/www.istegroup.com\/fr\/produit\/mecanique-et-incertain\/#breadcrumb\"},\"inLanguage\":\"en-US\",\"potentialAction\":[{\"@type\":\"ReadAction\",\"target\":[\"https:\/\/www.istegroup.com\/fr\/produit\/mecanique-et-incertain\/\"]}]},{\"@type\":\"ImageObject\",\"inLanguage\":\"en-US\",\"@id\":\"https:\/\/www.istegroup.com\/fr\/produit\/mecanique-et-incertain\/#primaryimage\",\"url\":\"https:\/\/www.istegroup.com\/wp-content\/uploads\/2017\/07\/634630965_274614937-1.jpg\",\"contentUrl\":\"https:\/\/www.istegroup.com\/wp-content\/uploads\/2017\/07\/634630965_274614937-1.jpg\",\"width\":300,\"height\":453,\"caption\":\"M\u00e9canique et incertain\"},{\"@type\":\"BreadcrumbList\",\"@id\":\"https:\/\/www.istegroup.com\/fr\/produit\/mecanique-et-incertain\/#breadcrumb\",\"itemListElement\":[{\"@type\":\"ListItem\",\"position\":1,\"name\":\"Home\",\"item\":\"https:\/\/www.istegroup.com\/\"},{\"@type\":\"ListItem\",\"position\":2,\"name\":\"Shop\",\"item\":\"https:\/\/www.istegroup.com\/fr\/nouveautes\/\"},{\"@type\":\"ListItem\",\"position\":3,\"name\":\"M\u00e9canique et incertain\"}]},{\"@type\":\"WebSite\",\"@id\":\"https:\/\/www.istegroup.com\/#website\",\"url\":\"https:\/\/www.istegroup.com\/\",\"name\":\"ISTE Group\",\"description\":\"Publishing Knowledge\",\"potentialAction\":[{\"@type\":\"SearchAction\",\"target\":{\"@type\":\"EntryPoint\",\"urlTemplate\":\"https:\/\/www.istegroup.com\/?s={search_term_string}\"},\"query-input\":{\"@type\":\"PropertyValueSpecification\",\"valueRequired\":true,\"valueName\":\"search_term_string\"}}],\"inLanguage\":\"en-US\"}]}<\/script>\n<!-- \/ Yoast SEO plugin. -->","yoast_head_json":{"title":"M\u00e9canique et incertain - ISTE Group","description":"M\u00e9canique et incertain\u00a0propose une r\u00e9flexion sur les avanc\u00e9es scientifiques de la conception m\u00e9canique en contexte incertain, et pr\u00e9cise les acquis technologiques mais aussi les limites sur lesquelles des progr\u00e8s conceptuels sont attendus.","robots":{"index":"index","follow":"follow","max-snippet":"max-snippet:-1","max-image-preview":"max-image-preview:large","max-video-preview":"max-video-preview:-1"},"canonical":"https:\/\/www.istegroup.com\/fr\/produit\/mecanique-et-incertain\/","og_locale":"en_US","og_type":"article","og_title":"M\u00e9canique et incertain - ISTE Group","og_description":"M\u00e9canique et incertain\u00a0propose une r\u00e9flexion sur les avanc\u00e9es scientifiques de la conception m\u00e9canique en contexte incertain, et pr\u00e9cise les acquis technologiques mais aussi les limites sur lesquelles des progr\u00e8s conceptuels sont attendus.","og_url":"https:\/\/www.istegroup.com\/fr\/produit\/mecanique-et-incertain\/","og_site_name":"ISTE Group","article_modified_time":"2024-01-03T13:40:16+00:00","og_image":[{"width":300,"height":453,"url":"https:\/\/www.istegroup.com\/wp-content\/uploads\/2017\/07\/634630965_274614937-1.jpg","type":"image\/jpeg"}],"twitter_card":"summary_large_image","twitter_misc":{"Est. reading time":"1 minute"},"schema":{"@context":"https:\/\/schema.org","@graph":[{"@type":"WebPage","@id":"https:\/\/www.istegroup.com\/fr\/produit\/mecanique-et-incertain\/","url":"https:\/\/www.istegroup.com\/fr\/produit\/mecanique-et-incertain\/","name":"M\u00e9canique et incertain - ISTE Group","isPartOf":{"@id":"https:\/\/www.istegroup.com\/#website"},"primaryImageOfPage":{"@id":"https:\/\/www.istegroup.com\/fr\/produit\/mecanique-et-incertain\/#primaryimage"},"image":{"@id":"https:\/\/www.istegroup.com\/fr\/produit\/mecanique-et-incertain\/#primaryimage"},"thumbnailUrl":"https:\/\/www.istegroup.com\/wp-content\/uploads\/2017\/07\/634630965_274614937-1.jpg","datePublished":"2017-07-28T12:57:47+00:00","dateModified":"2024-01-03T13:40:16+00:00","description":"M\u00e9canique et incertain\u00a0propose une r\u00e9flexion sur les avanc\u00e9es scientifiques de la conception m\u00e9canique en contexte incertain, et pr\u00e9cise les acquis technologiques mais aussi les limites sur lesquelles des progr\u00e8s conceptuels sont attendus.","breadcrumb":{"@id":"https:\/\/www.istegroup.com\/fr\/produit\/mecanique-et-incertain\/#breadcrumb"},"inLanguage":"en-US","potentialAction":[{"@type":"ReadAction","target":["https:\/\/www.istegroup.com\/fr\/produit\/mecanique-et-incertain\/"]}]},{"@type":"ImageObject","inLanguage":"en-US","@id":"https:\/\/www.istegroup.com\/fr\/produit\/mecanique-et-incertain\/#primaryimage","url":"https:\/\/www.istegroup.com\/wp-content\/uploads\/2017\/07\/634630965_274614937-1.jpg","contentUrl":"https:\/\/www.istegroup.com\/wp-content\/uploads\/2017\/07\/634630965_274614937-1.jpg","width":300,"height":453,"caption":"M\u00e9canique et incertain"},{"@type":"BreadcrumbList","@id":"https:\/\/www.istegroup.com\/fr\/produit\/mecanique-et-incertain\/#breadcrumb","itemListElement":[{"@type":"ListItem","position":1,"name":"Home","item":"https:\/\/www.istegroup.com\/"},{"@type":"ListItem","position":2,"name":"Shop","item":"https:\/\/www.istegroup.com\/fr\/nouveautes\/"},{"@type":"ListItem","position":3,"name":"M\u00e9canique et incertain"}]},{"@type":"WebSite","@id":"https:\/\/www.istegroup.com\/#website","url":"https:\/\/www.istegroup.com\/","name":"ISTE Group","description":"Publishing Knowledge","potentialAction":[{"@type":"SearchAction","target":{"@type":"EntryPoint","urlTemplate":"https:\/\/www.istegroup.com\/?s={search_term_string}"},"query-input":{"@type":"PropertyValueSpecification","valueRequired":true,"valueName":"search_term_string"}}],"inLanguage":"en-US"}]}},"_links":{"self":[{"href":"https:\/\/www.istegroup.com\/en\/wp-json\/wp\/v2\/product\/485","targetHints":{"allow":["GET"]}}],"collection":[{"href":"https:\/\/www.istegroup.com\/en\/wp-json\/wp\/v2\/product"}],"about":[{"href":"https:\/\/www.istegroup.com\/en\/wp-json\/wp\/v2\/types\/product"}],"wp:featuredmedia":[{"embeddable":true,"href":"https:\/\/www.istegroup.com\/en\/wp-json\/wp\/v2\/media\/486"}],"wp:attachment":[{"href":"https:\/\/www.istegroup.com\/en\/wp-json\/wp\/v2\/media?parent=485"}],"wp:term":[{"taxonomy":"product_brand","embeddable":true,"href":"https:\/\/www.istegroup.com\/en\/wp-json\/wp\/v2\/product_brand?post=485"},{"taxonomy":"product_cat","embeddable":true,"href":"https:\/\/www.istegroup.com\/en\/wp-json\/wp\/v2\/product_cat?post=485"},{"taxonomy":"product_tag","embeddable":true,"href":"https:\/\/www.istegroup.com\/en\/wp-json\/wp\/v2\/product_tag?post=485"}],"curies":[{"name":"wp","href":"https:\/\/api.w.org\/{rel}","templated":true}]}}