{"id":47747,"date":"2022-08-31T10:06:37","date_gmt":"2022-08-31T09:06:37","guid":{"rendered":"https:\/\/www.istegroup.com\/?post_type=product&#038;p=47747"},"modified":"2024-01-03T13:46:27","modified_gmt":"2024-01-03T13:46:27","slug":"systemes-de-soins-et-de-sante","status":"publish","type":"product","link":"https:\/\/www.istegroup.com\/en\/produit\/systemes-de-soins-et-de-sante\/","title":{"rendered":"Syst\u00e8mes de soins et de sant\u00e9"},"content":{"rendered":"<p class=\"qtranxs-available-languages-message qtranxs-available-languages-message-en\">Sorry, this entry is only available in <a href=\"https:\/\/www.istegroup.com\/fr\/wp-json\/wp\/v2\/product\/47747\" class=\"qtranxs-available-language-link qtranxs-available-language-link-fr\" title=\"FR\">FR<\/a>.<\/p>","protected":false},"excerpt":{"rendered":"<p>Sorry, this entry is only available in FR.<\/p>\n","protected":false},"featured_media":47762,"template":"","meta":{"_acf_changed":false,"_links_to":"","_links_to_target":""},"product_brand":[],"product_cat":[3262],"product_tag":[],"class_list":{"0":"post-47747","1":"product","2":"type-product","3":"status-publish","4":"has-post-thumbnail","6":"product_cat-non-classe","8":"first","9":"instock","10":"shipping-taxable","11":"purchasable","12":"product-type-variable"},"acf":[],"yoast_head":"<!-- This site is optimized with the Yoast SEO plugin v27.2 - https:\/\/yoast.com\/product\/yoast-seo-wordpress\/ -->\n<title>Syst\u00e8mes de soins et de sant\u00e9 - ISTE Group<\/title>\n<meta name=\"description\" content=\"Syst\u00e8mes de soins et de sant\u00e9 s\u2019int\u00e9resse \u00e0 l\u2019\u00e9volution des \u00e9tablissements de soins et de sant\u00e9 vers des \u00e9tablissements plus agiles, int\u00e9gr\u00e9s dans leurs environnements et performants.\" \/>\n<meta name=\"robots\" content=\"index, follow, max-snippet:-1, max-image-preview:large, max-video-preview:-1\" \/>\n<link rel=\"canonical\" href=\"https:\/\/www.istegroup.com\/en\/produit\/systemes-de-soins-et-de-sante\/\" \/>\n<meta property=\"og:locale\" content=\"en_US\" \/>\n<meta property=\"og:type\" content=\"article\" \/>\n<meta property=\"og:title\" content=\"Syst\u00e8mes de soins et de sant\u00e9 - ISTE Group\" \/>\n<meta property=\"og:description\" content=\"Syst\u00e8mes de soins et de sant\u00e9 s\u2019int\u00e9resse \u00e0 l\u2019\u00e9volution des \u00e9tablissements de soins et de sant\u00e9 vers des \u00e9tablissements plus agiles, int\u00e9gr\u00e9s dans leurs environnements et performants.\" \/>\n<meta property=\"og:url\" content=\"https:\/\/www.istegroup.com\/en\/produit\/systemes-de-soins-et-de-sante\/\" \/>\n<meta property=\"og:site_name\" content=\"ISTE Group\" \/>\n<meta property=\"article:modified_time\" content=\"2024-01-03T13:46:27+00:00\" \/>\n<meta property=\"og:image\" content=\"https:\/\/www.istegroup.com\/wp-content\/uploads\/2022\/08\/Systemes-de-soins-et-de-sante.jpg\" \/>\n\t<meta property=\"og:image:width\" content=\"596\" \/>\n\t<meta property=\"og:image:height\" content=\"901\" \/>\n\t<meta property=\"og:image:type\" content=\"image\/jpeg\" \/>\n<meta name=\"twitter:card\" content=\"summary_large_image\" \/>\n<meta name=\"twitter:label1\" content=\"Est. reading time\" \/>\n\t<meta name=\"twitter:data1\" content=\"1 minute\" \/>\n<script type=\"application\/ld+json\" class=\"yoast-schema-graph\">{\"@context\":\"https:\/\/schema.org\",\"@graph\":[{\"@type\":\"WebPage\",\"@id\":\"https:\/\/www.istegroup.com\/en\/produit\/systemes-de-soins-et-de-sante\/\",\"url\":\"https:\/\/www.istegroup.com\/en\/produit\/systemes-de-soins-et-de-sante\/\",\"name\":\"Syst\u00e8mes de soins et de sant\u00e9 - ISTE Group\",\"isPartOf\":{\"@id\":\"https:\/\/www.istegroup.com\/#website\"},\"primaryImageOfPage\":{\"@id\":\"https:\/\/www.istegroup.com\/en\/produit\/systemes-de-soins-et-de-sante\/#primaryimage\"},\"image\":{\"@id\":\"https:\/\/www.istegroup.com\/en\/produit\/systemes-de-soins-et-de-sante\/#primaryimage\"},\"thumbnailUrl\":\"https:\/\/www.istegroup.com\/wp-content\/uploads\/2022\/08\/Systemes-de-soins-et-de-sante.jpg\",\"datePublished\":\"2022-08-31T09:06:37+00:00\",\"dateModified\":\"2024-01-03T13:46:27+00:00\",\"description\":\"Syst\u00e8mes de soins et de sant\u00e9 s\u2019int\u00e9resse \u00e0 l\u2019\u00e9volution des \u00e9tablissements de soins et de sant\u00e9 vers des \u00e9tablissements plus agiles, int\u00e9gr\u00e9s dans leurs environnements et performants.\",\"breadcrumb\":{\"@id\":\"https:\/\/www.istegroup.com\/en\/produit\/systemes-de-soins-et-de-sante\/#breadcrumb\"},\"inLanguage\":\"en-US\",\"potentialAction\":[{\"@type\":\"ReadAction\",\"target\":[\"https:\/\/www.istegroup.com\/en\/produit\/systemes-de-soins-et-de-sante\/\"]}]},{\"@type\":\"ImageObject\",\"inLanguage\":\"en-US\",\"@id\":\"https:\/\/www.istegroup.com\/en\/produit\/systemes-de-soins-et-de-sante\/#primaryimage\",\"url\":\"https:\/\/www.istegroup.com\/wp-content\/uploads\/2022\/08\/Systemes-de-soins-et-de-sante.jpg\",\"contentUrl\":\"https:\/\/www.istegroup.com\/wp-content\/uploads\/2022\/08\/Systemes-de-soins-et-de-sante.jpg\",\"width\":596,\"height\":901,\"caption\":\"Livre scientifique - Syst\u00e8mes de soins et de sant\u00e9 - Sondes Chaabane, Etienne Cousein et Philippe Wieser\"},{\"@type\":\"BreadcrumbList\",\"@id\":\"https:\/\/www.istegroup.com\/en\/produit\/systemes-de-soins-et-de-sante\/#breadcrumb\",\"itemListElement\":[{\"@type\":\"ListItem\",\"position\":1,\"name\":\"Home\",\"item\":\"https:\/\/www.istegroup.com\/\"},{\"@type\":\"ListItem\",\"position\":2,\"name\":\"Shop\",\"item\":\"https:\/\/www.istegroup.com\/fr\/nouveautes\/\"},{\"@type\":\"ListItem\",\"position\":3,\"name\":\"Syst\u00e8mes de soins et de sant\u00e9\"}]},{\"@type\":\"WebSite\",\"@id\":\"https:\/\/www.istegroup.com\/#website\",\"url\":\"https:\/\/www.istegroup.com\/\",\"name\":\"ISTE Group\",\"description\":\"Publishing Knowledge\",\"potentialAction\":[{\"@type\":\"SearchAction\",\"target\":{\"@type\":\"EntryPoint\",\"urlTemplate\":\"https:\/\/www.istegroup.com\/?s={search_term_string}\"},\"query-input\":{\"@type\":\"PropertyValueSpecification\",\"valueRequired\":true,\"valueName\":\"search_term_string\"}}],\"inLanguage\":\"en-US\"}]}<\/script>\n<!-- \/ Yoast SEO plugin. -->","yoast_head_json":{"title":"Syst\u00e8mes de soins et de sant\u00e9 - ISTE Group","description":"Syst\u00e8mes de soins et de sant\u00e9 s\u2019int\u00e9resse \u00e0 l\u2019\u00e9volution des \u00e9tablissements de soins et de sant\u00e9 vers des \u00e9tablissements plus agiles, int\u00e9gr\u00e9s dans leurs environnements et performants.","robots":{"index":"index","follow":"follow","max-snippet":"max-snippet:-1","max-image-preview":"max-image-preview:large","max-video-preview":"max-video-preview:-1"},"canonical":"https:\/\/www.istegroup.com\/en\/produit\/systemes-de-soins-et-de-sante\/","og_locale":"en_US","og_type":"article","og_title":"Syst\u00e8mes de soins et de sant\u00e9 - ISTE Group","og_description":"Syst\u00e8mes de soins et de sant\u00e9 s\u2019int\u00e9resse \u00e0 l\u2019\u00e9volution des \u00e9tablissements de soins et de sant\u00e9 vers des \u00e9tablissements plus agiles, int\u00e9gr\u00e9s dans leurs environnements et performants.","og_url":"https:\/\/www.istegroup.com\/en\/produit\/systemes-de-soins-et-de-sante\/","og_site_name":"ISTE Group","article_modified_time":"2024-01-03T13:46:27+00:00","og_image":[{"width":596,"height":901,"url":"https:\/\/www.istegroup.com\/wp-content\/uploads\/2022\/08\/Systemes-de-soins-et-de-sante.jpg","type":"image\/jpeg"}],"twitter_card":"summary_large_image","twitter_misc":{"Est. reading time":"1 minute"},"schema":{"@context":"https:\/\/schema.org","@graph":[{"@type":"WebPage","@id":"https:\/\/www.istegroup.com\/en\/produit\/systemes-de-soins-et-de-sante\/","url":"https:\/\/www.istegroup.com\/en\/produit\/systemes-de-soins-et-de-sante\/","name":"Syst\u00e8mes de soins et de sant\u00e9 - ISTE Group","isPartOf":{"@id":"https:\/\/www.istegroup.com\/#website"},"primaryImageOfPage":{"@id":"https:\/\/www.istegroup.com\/en\/produit\/systemes-de-soins-et-de-sante\/#primaryimage"},"image":{"@id":"https:\/\/www.istegroup.com\/en\/produit\/systemes-de-soins-et-de-sante\/#primaryimage"},"thumbnailUrl":"https:\/\/www.istegroup.com\/wp-content\/uploads\/2022\/08\/Systemes-de-soins-et-de-sante.jpg","datePublished":"2022-08-31T09:06:37+00:00","dateModified":"2024-01-03T13:46:27+00:00","description":"Syst\u00e8mes de soins et de sant\u00e9 s\u2019int\u00e9resse \u00e0 l\u2019\u00e9volution des \u00e9tablissements de soins et de sant\u00e9 vers des \u00e9tablissements plus agiles, int\u00e9gr\u00e9s dans leurs environnements et performants.","breadcrumb":{"@id":"https:\/\/www.istegroup.com\/en\/produit\/systemes-de-soins-et-de-sante\/#breadcrumb"},"inLanguage":"en-US","potentialAction":[{"@type":"ReadAction","target":["https:\/\/www.istegroup.com\/en\/produit\/systemes-de-soins-et-de-sante\/"]}]},{"@type":"ImageObject","inLanguage":"en-US","@id":"https:\/\/www.istegroup.com\/en\/produit\/systemes-de-soins-et-de-sante\/#primaryimage","url":"https:\/\/www.istegroup.com\/wp-content\/uploads\/2022\/08\/Systemes-de-soins-et-de-sante.jpg","contentUrl":"https:\/\/www.istegroup.com\/wp-content\/uploads\/2022\/08\/Systemes-de-soins-et-de-sante.jpg","width":596,"height":901,"caption":"Livre scientifique - Syst\u00e8mes de soins et de sant\u00e9 - Sondes Chaabane, Etienne Cousein et Philippe Wieser"},{"@type":"BreadcrumbList","@id":"https:\/\/www.istegroup.com\/en\/produit\/systemes-de-soins-et-de-sante\/#breadcrumb","itemListElement":[{"@type":"ListItem","position":1,"name":"Home","item":"https:\/\/www.istegroup.com\/"},{"@type":"ListItem","position":2,"name":"Shop","item":"https:\/\/www.istegroup.com\/fr\/nouveautes\/"},{"@type":"ListItem","position":3,"name":"Syst\u00e8mes de soins et de sant\u00e9"}]},{"@type":"WebSite","@id":"https:\/\/www.istegroup.com\/#website","url":"https:\/\/www.istegroup.com\/","name":"ISTE Group","description":"Publishing Knowledge","potentialAction":[{"@type":"SearchAction","target":{"@type":"EntryPoint","urlTemplate":"https:\/\/www.istegroup.com\/?s={search_term_string}"},"query-input":{"@type":"PropertyValueSpecification","valueRequired":true,"valueName":"search_term_string"}}],"inLanguage":"en-US"}]}},"_links":{"self":[{"href":"https:\/\/www.istegroup.com\/en\/wp-json\/wp\/v2\/product\/47747","targetHints":{"allow":["GET"]}}],"collection":[{"href":"https:\/\/www.istegroup.com\/en\/wp-json\/wp\/v2\/product"}],"about":[{"href":"https:\/\/www.istegroup.com\/en\/wp-json\/wp\/v2\/types\/product"}],"wp:featuredmedia":[{"embeddable":true,"href":"https:\/\/www.istegroup.com\/en\/wp-json\/wp\/v2\/media\/47762"}],"wp:attachment":[{"href":"https:\/\/www.istegroup.com\/en\/wp-json\/wp\/v2\/media?parent=47747"}],"wp:term":[{"taxonomy":"product_brand","embeddable":true,"href":"https:\/\/www.istegroup.com\/en\/wp-json\/wp\/v2\/product_brand?post=47747"},{"taxonomy":"product_cat","embeddable":true,"href":"https:\/\/www.istegroup.com\/en\/wp-json\/wp\/v2\/product_cat?post=47747"},{"taxonomy":"product_tag","embeddable":true,"href":"https:\/\/www.istegroup.com\/en\/wp-json\/wp\/v2\/product_tag?post=47747"}],"curies":[{"name":"wp","href":"https:\/\/api.w.org\/{rel}","templated":true}]}}