{"id":47708,"date":"2022-08-31T11:35:11","date_gmt":"2022-08-31T10:35:11","guid":{"rendered":"https:\/\/www.istegroup.com\/?post_type=product&#038;p=47708"},"modified":"2024-01-03T13:46:27","modified_gmt":"2024-01-03T13:46:27","slug":"elasticite-cristalline","status":"publish","type":"product","link":"https:\/\/www.istegroup.com\/en\/produit\/elasticite-cristalline\/","title":{"rendered":"\u00c9lasticit\u00e9 cristalline"},"content":{"rendered":"<p class=\"qtranxs-available-languages-message qtranxs-available-languages-message-en\">Sorry, this entry is only available in <a href=\"https:\/\/www.istegroup.com\/fr\/wp-json\/wp\/v2\/product\/47708\" class=\"qtranxs-available-language-link qtranxs-available-language-link-fr\" title=\"FR\">FR<\/a>.<\/p>","protected":false},"excerpt":{"rendered":"<p>Sorry, this entry is only available in FR.<\/p>\n","protected":false},"featured_media":47717,"template":"","meta":{"_acf_changed":false,"_links_to":"","_links_to_target":""},"product_brand":[],"product_cat":[3262],"product_tag":[],"class_list":{"0":"post-47708","1":"product","2":"type-product","3":"status-publish","4":"has-post-thumbnail","6":"product_cat-non-classe","8":"first","9":"instock","10":"shipping-taxable","11":"purchasable","12":"product-type-variable"},"acf":[],"yoast_head":"<!-- This site is optimized with the Yoast SEO plugin v27.2 - https:\/\/yoast.com\/product\/yoast-seo-wordpress\/ -->\n<title>\u00c9lasticit\u00e9 cristalline - ISTE Group<\/title>\n<meta name=\"description\" content=\"\u00c9lasticit\u00e9 cristalline pr\u00e9sente une \u00e9tude originale sur l\u2019\u00e9lasticit\u00e9 des solides, et plus particuli\u00e8rement des cristaux. Cette analyse couvre tous les aspects du sujet, de la th\u00e9orie et les constantes d\u2019\u00e9lasticit\u00e9 jusqu\u2019aux modules exp\u00e9rimentaux.\" \/>\n<meta name=\"robots\" content=\"index, follow, max-snippet:-1, max-image-preview:large, max-video-preview:-1\" \/>\n<link rel=\"canonical\" href=\"https:\/\/www.istegroup.com\/fr\/produit\/elasticite-cristalline\/\" \/>\n<meta property=\"og:locale\" content=\"en_US\" \/>\n<meta property=\"og:type\" content=\"article\" \/>\n<meta property=\"og:title\" content=\"\u00c9lasticit\u00e9 cristalline - ISTE Group\" \/>\n<meta property=\"og:description\" content=\"\u00c9lasticit\u00e9 cristalline pr\u00e9sente une \u00e9tude originale sur l\u2019\u00e9lasticit\u00e9 des solides, et plus particuli\u00e8rement des cristaux. Cette analyse couvre tous les aspects du sujet, de la th\u00e9orie et les constantes d\u2019\u00e9lasticit\u00e9 jusqu\u2019aux modules exp\u00e9rimentaux.\" \/>\n<meta property=\"og:url\" content=\"https:\/\/www.istegroup.com\/fr\/produit\/elasticite-cristalline\/\" \/>\n<meta property=\"og:site_name\" content=\"ISTE Group\" \/>\n<meta property=\"article:modified_time\" content=\"2024-01-03T13:46:27+00:00\" \/>\n<meta property=\"og:image\" content=\"https:\/\/www.istegroup.com\/wp-content\/uploads\/2022\/08\/Elasticite-cristalline.jpg\" \/>\n\t<meta property=\"og:image:width\" content=\"350\" \/>\n\t<meta property=\"og:image:height\" content=\"531\" \/>\n\t<meta property=\"og:image:type\" content=\"image\/jpeg\" \/>\n<meta name=\"twitter:card\" content=\"summary_large_image\" \/>\n<meta name=\"twitter:label1\" content=\"Est. reading time\" \/>\n\t<meta name=\"twitter:data1\" content=\"1 minute\" \/>\n<script type=\"application\/ld+json\" class=\"yoast-schema-graph\">{\"@context\":\"https:\/\/schema.org\",\"@graph\":[{\"@type\":\"WebPage\",\"@id\":\"https:\/\/www.istegroup.com\/fr\/produit\/elasticite-cristalline\/\",\"url\":\"https:\/\/www.istegroup.com\/fr\/produit\/elasticite-cristalline\/\",\"name\":\"\u00c9lasticit\u00e9 cristalline - ISTE Group\",\"isPartOf\":{\"@id\":\"https:\/\/www.istegroup.com\/#website\"},\"primaryImageOfPage\":{\"@id\":\"https:\/\/www.istegroup.com\/fr\/produit\/elasticite-cristalline\/#primaryimage\"},\"image\":{\"@id\":\"https:\/\/www.istegroup.com\/fr\/produit\/elasticite-cristalline\/#primaryimage\"},\"thumbnailUrl\":\"https:\/\/www.istegroup.com\/wp-content\/uploads\/2022\/08\/Elasticite-cristalline.jpg\",\"datePublished\":\"2022-08-31T10:35:11+00:00\",\"dateModified\":\"2024-01-03T13:46:27+00:00\",\"description\":\"\u00c9lasticit\u00e9 cristalline pr\u00e9sente une \u00e9tude originale sur l\u2019\u00e9lasticit\u00e9 des solides, et plus particuli\u00e8rement des cristaux. Cette analyse couvre tous les aspects du sujet, de la th\u00e9orie et les constantes d\u2019\u00e9lasticit\u00e9 jusqu\u2019aux modules exp\u00e9rimentaux.\",\"breadcrumb\":{\"@id\":\"https:\/\/www.istegroup.com\/fr\/produit\/elasticite-cristalline\/#breadcrumb\"},\"inLanguage\":\"en-US\",\"potentialAction\":[{\"@type\":\"ReadAction\",\"target\":[\"https:\/\/www.istegroup.com\/fr\/produit\/elasticite-cristalline\/\"]}]},{\"@type\":\"ImageObject\",\"inLanguage\":\"en-US\",\"@id\":\"https:\/\/www.istegroup.com\/fr\/produit\/elasticite-cristalline\/#primaryimage\",\"url\":\"https:\/\/www.istegroup.com\/wp-content\/uploads\/2022\/08\/Elasticite-cristalline.jpg\",\"contentUrl\":\"https:\/\/www.istegroup.com\/wp-content\/uploads\/2022\/08\/Elasticite-cristalline.jpg\",\"width\":350,\"height\":531,\"caption\":\"Livre scientifique - Elasticit\u00e9 cristalline - Pascal Gadaud\"},{\"@type\":\"BreadcrumbList\",\"@id\":\"https:\/\/www.istegroup.com\/fr\/produit\/elasticite-cristalline\/#breadcrumb\",\"itemListElement\":[{\"@type\":\"ListItem\",\"position\":1,\"name\":\"Home\",\"item\":\"https:\/\/www.istegroup.com\/\"},{\"@type\":\"ListItem\",\"position\":2,\"name\":\"Shop\",\"item\":\"https:\/\/www.istegroup.com\/fr\/nouveautes\/\"},{\"@type\":\"ListItem\",\"position\":3,\"name\":\"\u00c9lasticit\u00e9 cristalline\"}]},{\"@type\":\"WebSite\",\"@id\":\"https:\/\/www.istegroup.com\/#website\",\"url\":\"https:\/\/www.istegroup.com\/\",\"name\":\"ISTE Group\",\"description\":\"Publishing Knowledge\",\"potentialAction\":[{\"@type\":\"SearchAction\",\"target\":{\"@type\":\"EntryPoint\",\"urlTemplate\":\"https:\/\/www.istegroup.com\/?s={search_term_string}\"},\"query-input\":{\"@type\":\"PropertyValueSpecification\",\"valueRequired\":true,\"valueName\":\"search_term_string\"}}],\"inLanguage\":\"en-US\"}]}<\/script>\n<!-- \/ Yoast SEO plugin. -->","yoast_head_json":{"title":"\u00c9lasticit\u00e9 cristalline - ISTE Group","description":"\u00c9lasticit\u00e9 cristalline pr\u00e9sente une \u00e9tude originale sur l\u2019\u00e9lasticit\u00e9 des solides, et plus particuli\u00e8rement des cristaux. Cette analyse couvre tous les aspects du sujet, de la th\u00e9orie et les constantes d\u2019\u00e9lasticit\u00e9 jusqu\u2019aux modules exp\u00e9rimentaux.","robots":{"index":"index","follow":"follow","max-snippet":"max-snippet:-1","max-image-preview":"max-image-preview:large","max-video-preview":"max-video-preview:-1"},"canonical":"https:\/\/www.istegroup.com\/fr\/produit\/elasticite-cristalline\/","og_locale":"en_US","og_type":"article","og_title":"\u00c9lasticit\u00e9 cristalline - ISTE Group","og_description":"\u00c9lasticit\u00e9 cristalline pr\u00e9sente une \u00e9tude originale sur l\u2019\u00e9lasticit\u00e9 des solides, et plus particuli\u00e8rement des cristaux. Cette analyse couvre tous les aspects du sujet, de la th\u00e9orie et les constantes d\u2019\u00e9lasticit\u00e9 jusqu\u2019aux modules exp\u00e9rimentaux.","og_url":"https:\/\/www.istegroup.com\/fr\/produit\/elasticite-cristalline\/","og_site_name":"ISTE Group","article_modified_time":"2024-01-03T13:46:27+00:00","og_image":[{"width":350,"height":531,"url":"https:\/\/www.istegroup.com\/wp-content\/uploads\/2022\/08\/Elasticite-cristalline.jpg","type":"image\/jpeg"}],"twitter_card":"summary_large_image","twitter_misc":{"Est. reading time":"1 minute"},"schema":{"@context":"https:\/\/schema.org","@graph":[{"@type":"WebPage","@id":"https:\/\/www.istegroup.com\/fr\/produit\/elasticite-cristalline\/","url":"https:\/\/www.istegroup.com\/fr\/produit\/elasticite-cristalline\/","name":"\u00c9lasticit\u00e9 cristalline - ISTE Group","isPartOf":{"@id":"https:\/\/www.istegroup.com\/#website"},"primaryImageOfPage":{"@id":"https:\/\/www.istegroup.com\/fr\/produit\/elasticite-cristalline\/#primaryimage"},"image":{"@id":"https:\/\/www.istegroup.com\/fr\/produit\/elasticite-cristalline\/#primaryimage"},"thumbnailUrl":"https:\/\/www.istegroup.com\/wp-content\/uploads\/2022\/08\/Elasticite-cristalline.jpg","datePublished":"2022-08-31T10:35:11+00:00","dateModified":"2024-01-03T13:46:27+00:00","description":"\u00c9lasticit\u00e9 cristalline pr\u00e9sente une \u00e9tude originale sur l\u2019\u00e9lasticit\u00e9 des solides, et plus particuli\u00e8rement des cristaux. Cette analyse couvre tous les aspects du sujet, de la th\u00e9orie et les constantes d\u2019\u00e9lasticit\u00e9 jusqu\u2019aux modules exp\u00e9rimentaux.","breadcrumb":{"@id":"https:\/\/www.istegroup.com\/fr\/produit\/elasticite-cristalline\/#breadcrumb"},"inLanguage":"en-US","potentialAction":[{"@type":"ReadAction","target":["https:\/\/www.istegroup.com\/fr\/produit\/elasticite-cristalline\/"]}]},{"@type":"ImageObject","inLanguage":"en-US","@id":"https:\/\/www.istegroup.com\/fr\/produit\/elasticite-cristalline\/#primaryimage","url":"https:\/\/www.istegroup.com\/wp-content\/uploads\/2022\/08\/Elasticite-cristalline.jpg","contentUrl":"https:\/\/www.istegroup.com\/wp-content\/uploads\/2022\/08\/Elasticite-cristalline.jpg","width":350,"height":531,"caption":"Livre scientifique - Elasticit\u00e9 cristalline - Pascal Gadaud"},{"@type":"BreadcrumbList","@id":"https:\/\/www.istegroup.com\/fr\/produit\/elasticite-cristalline\/#breadcrumb","itemListElement":[{"@type":"ListItem","position":1,"name":"Home","item":"https:\/\/www.istegroup.com\/"},{"@type":"ListItem","position":2,"name":"Shop","item":"https:\/\/www.istegroup.com\/fr\/nouveautes\/"},{"@type":"ListItem","position":3,"name":"\u00c9lasticit\u00e9 cristalline"}]},{"@type":"WebSite","@id":"https:\/\/www.istegroup.com\/#website","url":"https:\/\/www.istegroup.com\/","name":"ISTE Group","description":"Publishing Knowledge","potentialAction":[{"@type":"SearchAction","target":{"@type":"EntryPoint","urlTemplate":"https:\/\/www.istegroup.com\/?s={search_term_string}"},"query-input":{"@type":"PropertyValueSpecification","valueRequired":true,"valueName":"search_term_string"}}],"inLanguage":"en-US"}]}},"_links":{"self":[{"href":"https:\/\/www.istegroup.com\/en\/wp-json\/wp\/v2\/product\/47708","targetHints":{"allow":["GET"]}}],"collection":[{"href":"https:\/\/www.istegroup.com\/en\/wp-json\/wp\/v2\/product"}],"about":[{"href":"https:\/\/www.istegroup.com\/en\/wp-json\/wp\/v2\/types\/product"}],"wp:featuredmedia":[{"embeddable":true,"href":"https:\/\/www.istegroup.com\/en\/wp-json\/wp\/v2\/media\/47717"}],"wp:attachment":[{"href":"https:\/\/www.istegroup.com\/en\/wp-json\/wp\/v2\/media?parent=47708"}],"wp:term":[{"taxonomy":"product_brand","embeddable":true,"href":"https:\/\/www.istegroup.com\/en\/wp-json\/wp\/v2\/product_brand?post=47708"},{"taxonomy":"product_cat","embeddable":true,"href":"https:\/\/www.istegroup.com\/en\/wp-json\/wp\/v2\/product_cat?post=47708"},{"taxonomy":"product_tag","embeddable":true,"href":"https:\/\/www.istegroup.com\/en\/wp-json\/wp\/v2\/product_tag?post=47708"}],"curies":[{"name":"wp","href":"https:\/\/api.w.org\/{rel}","templated":true}]}}