{"id":47325,"date":"2022-07-27T14:40:57","date_gmt":"2022-07-27T13:40:57","guid":{"rendered":"https:\/\/www.istegroup.com\/?post_type=product&#038;p=47325"},"modified":"2024-01-03T13:46:03","modified_gmt":"2024-01-03T13:46:03","slug":"les-technologies-immersives","status":"publish","type":"product","link":"https:\/\/www.istegroup.com\/en\/produit\/les-technologies-immersives\/","title":{"rendered":"Les technologies immersives"},"content":{"rendered":"<p class=\"qtranxs-available-languages-message qtranxs-available-languages-message-en\">Sorry, this entry is only available in <a href=\"https:\/\/www.istegroup.com\/fr\/wp-json\/wp\/v2\/product\/47325\" class=\"qtranxs-available-language-link qtranxs-available-language-link-fr\" title=\"FR\">FR<\/a>.<\/p>","protected":false},"excerpt":{"rendered":"<p>Sorry, this entry is only available in FR.<\/p>\n","protected":false},"featured_media":47337,"template":"","meta":{"_acf_changed":false,"_links_to":"","_links_to_target":""},"product_brand":[],"product_cat":[670],"product_tag":[],"class_list":{"0":"post-47325","1":"product","2":"type-product","3":"status-publish","4":"has-post-thumbnail","6":"product_cat-innovation-entrepreneuriat-et-gestion-11041751","8":"first","9":"instock","10":"shipping-taxable","11":"purchasable","12":"product-type-variable"},"acf":[],"yoast_head":"<!-- This site is optimized with the Yoast SEO plugin v27.2 - https:\/\/yoast.com\/product\/yoast-seo-wordpress\/ -->\n<title>Les technologies immersives - ISTE Group<\/title>\n<meta name=\"description\" content=\"Cet ouvrage offre une vision claire de l\u2019\u00e9tat de la recherche sur les technologies immersives pour la conception et pr\u00e9conise des pratiques pour les organisations qui souhaitent am\u00e9liorer leur processus d\u2019innovation.\" \/>\n<meta name=\"robots\" content=\"index, follow, max-snippet:-1, max-image-preview:large, max-video-preview:-1\" \/>\n<link rel=\"canonical\" href=\"https:\/\/www.istegroup.com\/fr\/produit\/les-technologies-immersives\/\" \/>\n<meta property=\"og:locale\" content=\"en_US\" \/>\n<meta property=\"og:type\" content=\"article\" \/>\n<meta property=\"og:title\" content=\"Les technologies immersives - ISTE Group\" \/>\n<meta property=\"og:description\" content=\"Cet ouvrage offre une vision claire de l\u2019\u00e9tat de la recherche sur les technologies immersives pour la conception et pr\u00e9conise des pratiques pour les organisations qui souhaitent am\u00e9liorer leur processus d\u2019innovation.\" \/>\n<meta property=\"og:url\" content=\"https:\/\/www.istegroup.com\/fr\/produit\/les-technologies-immersives\/\" \/>\n<meta property=\"og:site_name\" content=\"ISTE Group\" \/>\n<meta property=\"article:modified_time\" content=\"2024-01-03T13:46:03+00:00\" \/>\n<meta property=\"og:image\" content=\"https:\/\/www.istegroup.com\/wp-content\/uploads\/2022\/07\/Les-technologies-immersives.jpg\" \/>\n\t<meta property=\"og:image:width\" content=\"350\" \/>\n\t<meta property=\"og:image:height\" content=\"527\" \/>\n\t<meta property=\"og:image:type\" content=\"image\/jpeg\" \/>\n<meta name=\"twitter:card\" content=\"summary_large_image\" \/>\n<meta name=\"twitter:label1\" content=\"Est. reading time\" \/>\n\t<meta name=\"twitter:data1\" content=\"1 minute\" \/>\n<script type=\"application\/ld+json\" class=\"yoast-schema-graph\">{\"@context\":\"https:\/\/schema.org\",\"@graph\":[{\"@type\":\"WebPage\",\"@id\":\"https:\/\/www.istegroup.com\/fr\/produit\/les-technologies-immersives\/\",\"url\":\"https:\/\/www.istegroup.com\/fr\/produit\/les-technologies-immersives\/\",\"name\":\"Les technologies immersives - ISTE Group\",\"isPartOf\":{\"@id\":\"https:\/\/www.istegroup.com\/#website\"},\"primaryImageOfPage\":{\"@id\":\"https:\/\/www.istegroup.com\/fr\/produit\/les-technologies-immersives\/#primaryimage\"},\"image\":{\"@id\":\"https:\/\/www.istegroup.com\/fr\/produit\/les-technologies-immersives\/#primaryimage\"},\"thumbnailUrl\":\"https:\/\/www.istegroup.com\/wp-content\/uploads\/2022\/07\/Les-technologies-immersives.jpg\",\"datePublished\":\"2022-07-27T13:40:57+00:00\",\"dateModified\":\"2024-01-03T13:46:03+00:00\",\"description\":\"Cet ouvrage offre une vision claire de l\u2019\u00e9tat de la recherche sur les technologies immersives pour la conception et pr\u00e9conise des pratiques pour les organisations qui souhaitent am\u00e9liorer leur processus d\u2019innovation.\",\"breadcrumb\":{\"@id\":\"https:\/\/www.istegroup.com\/fr\/produit\/les-technologies-immersives\/#breadcrumb\"},\"inLanguage\":\"en-US\",\"potentialAction\":[{\"@type\":\"ReadAction\",\"target\":[\"https:\/\/www.istegroup.com\/fr\/produit\/les-technologies-immersives\/\"]}]},{\"@type\":\"ImageObject\",\"inLanguage\":\"en-US\",\"@id\":\"https:\/\/www.istegroup.com\/fr\/produit\/les-technologies-immersives\/#primaryimage\",\"url\":\"https:\/\/www.istegroup.com\/wp-content\/uploads\/2022\/07\/Les-technologies-immersives.jpg\",\"contentUrl\":\"https:\/\/www.istegroup.com\/wp-content\/uploads\/2022\/07\/Les-technologies-immersives.jpg\",\"width\":350,\"height\":527,\"caption\":\"Livre scientifique - Les technologies immersives - Sylvain Fleury et Simon Richir\"},{\"@type\":\"BreadcrumbList\",\"@id\":\"https:\/\/www.istegroup.com\/fr\/produit\/les-technologies-immersives\/#breadcrumb\",\"itemListElement\":[{\"@type\":\"ListItem\",\"position\":1,\"name\":\"Home\",\"item\":\"https:\/\/www.istegroup.com\/\"},{\"@type\":\"ListItem\",\"position\":2,\"name\":\"Shop\",\"item\":\"https:\/\/www.istegroup.com\/fr\/nouveautes\/\"},{\"@type\":\"ListItem\",\"position\":3,\"name\":\"Les technologies immersives\"}]},{\"@type\":\"WebSite\",\"@id\":\"https:\/\/www.istegroup.com\/#website\",\"url\":\"https:\/\/www.istegroup.com\/\",\"name\":\"ISTE Group\",\"description\":\"Publishing Knowledge\",\"potentialAction\":[{\"@type\":\"SearchAction\",\"target\":{\"@type\":\"EntryPoint\",\"urlTemplate\":\"https:\/\/www.istegroup.com\/?s={search_term_string}\"},\"query-input\":{\"@type\":\"PropertyValueSpecification\",\"valueRequired\":true,\"valueName\":\"search_term_string\"}}],\"inLanguage\":\"en-US\"}]}<\/script>\n<!-- \/ Yoast SEO plugin. -->","yoast_head_json":{"title":"Les technologies immersives - ISTE Group","description":"Cet ouvrage offre une vision claire de l\u2019\u00e9tat de la recherche sur les technologies immersives pour la conception et pr\u00e9conise des pratiques pour les organisations qui souhaitent am\u00e9liorer leur processus d\u2019innovation.","robots":{"index":"index","follow":"follow","max-snippet":"max-snippet:-1","max-image-preview":"max-image-preview:large","max-video-preview":"max-video-preview:-1"},"canonical":"https:\/\/www.istegroup.com\/fr\/produit\/les-technologies-immersives\/","og_locale":"en_US","og_type":"article","og_title":"Les technologies immersives - ISTE Group","og_description":"Cet ouvrage offre une vision claire de l\u2019\u00e9tat de la recherche sur les technologies immersives pour la conception et pr\u00e9conise des pratiques pour les organisations qui souhaitent am\u00e9liorer leur processus d\u2019innovation.","og_url":"https:\/\/www.istegroup.com\/fr\/produit\/les-technologies-immersives\/","og_site_name":"ISTE Group","article_modified_time":"2024-01-03T13:46:03+00:00","og_image":[{"width":350,"height":527,"url":"https:\/\/www.istegroup.com\/wp-content\/uploads\/2022\/07\/Les-technologies-immersives.jpg","type":"image\/jpeg"}],"twitter_card":"summary_large_image","twitter_misc":{"Est. reading time":"1 minute"},"schema":{"@context":"https:\/\/schema.org","@graph":[{"@type":"WebPage","@id":"https:\/\/www.istegroup.com\/fr\/produit\/les-technologies-immersives\/","url":"https:\/\/www.istegroup.com\/fr\/produit\/les-technologies-immersives\/","name":"Les technologies immersives - ISTE Group","isPartOf":{"@id":"https:\/\/www.istegroup.com\/#website"},"primaryImageOfPage":{"@id":"https:\/\/www.istegroup.com\/fr\/produit\/les-technologies-immersives\/#primaryimage"},"image":{"@id":"https:\/\/www.istegroup.com\/fr\/produit\/les-technologies-immersives\/#primaryimage"},"thumbnailUrl":"https:\/\/www.istegroup.com\/wp-content\/uploads\/2022\/07\/Les-technologies-immersives.jpg","datePublished":"2022-07-27T13:40:57+00:00","dateModified":"2024-01-03T13:46:03+00:00","description":"Cet ouvrage offre une vision claire de l\u2019\u00e9tat de la recherche sur les technologies immersives pour la conception et pr\u00e9conise des pratiques pour les organisations qui souhaitent am\u00e9liorer leur processus d\u2019innovation.","breadcrumb":{"@id":"https:\/\/www.istegroup.com\/fr\/produit\/les-technologies-immersives\/#breadcrumb"},"inLanguage":"en-US","potentialAction":[{"@type":"ReadAction","target":["https:\/\/www.istegroup.com\/fr\/produit\/les-technologies-immersives\/"]}]},{"@type":"ImageObject","inLanguage":"en-US","@id":"https:\/\/www.istegroup.com\/fr\/produit\/les-technologies-immersives\/#primaryimage","url":"https:\/\/www.istegroup.com\/wp-content\/uploads\/2022\/07\/Les-technologies-immersives.jpg","contentUrl":"https:\/\/www.istegroup.com\/wp-content\/uploads\/2022\/07\/Les-technologies-immersives.jpg","width":350,"height":527,"caption":"Livre scientifique - Les technologies immersives - Sylvain Fleury et Simon Richir"},{"@type":"BreadcrumbList","@id":"https:\/\/www.istegroup.com\/fr\/produit\/les-technologies-immersives\/#breadcrumb","itemListElement":[{"@type":"ListItem","position":1,"name":"Home","item":"https:\/\/www.istegroup.com\/"},{"@type":"ListItem","position":2,"name":"Shop","item":"https:\/\/www.istegroup.com\/fr\/nouveautes\/"},{"@type":"ListItem","position":3,"name":"Les technologies immersives"}]},{"@type":"WebSite","@id":"https:\/\/www.istegroup.com\/#website","url":"https:\/\/www.istegroup.com\/","name":"ISTE Group","description":"Publishing Knowledge","potentialAction":[{"@type":"SearchAction","target":{"@type":"EntryPoint","urlTemplate":"https:\/\/www.istegroup.com\/?s={search_term_string}"},"query-input":{"@type":"PropertyValueSpecification","valueRequired":true,"valueName":"search_term_string"}}],"inLanguage":"en-US"}]}},"_links":{"self":[{"href":"https:\/\/www.istegroup.com\/en\/wp-json\/wp\/v2\/product\/47325","targetHints":{"allow":["GET"]}}],"collection":[{"href":"https:\/\/www.istegroup.com\/en\/wp-json\/wp\/v2\/product"}],"about":[{"href":"https:\/\/www.istegroup.com\/en\/wp-json\/wp\/v2\/types\/product"}],"wp:featuredmedia":[{"embeddable":true,"href":"https:\/\/www.istegroup.com\/en\/wp-json\/wp\/v2\/media\/47337"}],"wp:attachment":[{"href":"https:\/\/www.istegroup.com\/en\/wp-json\/wp\/v2\/media?parent=47325"}],"wp:term":[{"taxonomy":"product_brand","embeddable":true,"href":"https:\/\/www.istegroup.com\/en\/wp-json\/wp\/v2\/product_brand?post=47325"},{"taxonomy":"product_cat","embeddable":true,"href":"https:\/\/www.istegroup.com\/en\/wp-json\/wp\/v2\/product_cat?post=47325"},{"taxonomy":"product_tag","embeddable":true,"href":"https:\/\/www.istegroup.com\/en\/wp-json\/wp\/v2\/product_tag?post=47325"}],"curies":[{"name":"wp","href":"https:\/\/api.w.org\/{rel}","templated":true}]}}