{"id":473,"date":"2017-07-28T14:51:11","date_gmt":"2017-07-28T12:51:11","guid":{"rendered":"https:\/\/iste.yhello.co\/product\/maillage-modelisation-geometrique-et-simulation-numerique-1\/"},"modified":"2024-01-03T13:40:12","modified_gmt":"2024-01-03T13:40:12","slug":"maillage-modelisation-geometrique-et-simulation-numerique-1","status":"publish","type":"product","link":"https:\/\/www.istegroup.com\/en\/produit\/maillage-modelisation-geometrique-et-simulation-numerique-1\/","title":{"rendered":"Maillage, mod\u00e9lisation g\u00e9om\u00e9trique et simulation num\u00e9rique 1"},"content":{"rendered":"<p>Les triangulations et plus pr\u00e9cis\u00e9ment les maillages sont au coeur de nombreux probl\u00e8mes relatifs \u00e0 des disciplines scientifiques tr\u00e8s vari\u00e9es et, en particulier, les simulations num\u00e9riques de ph\u00e9nom\u00e8nes physiques.<\/p>\n<p>Dans ce contexte, les espaces fonctionnels d\u2019approximation pour la recherche de solutions sont d\u00e9finis \u00e0 partir des maillages qui jouent un r\u00f4le primordial. Cette forte liaison entre les maillages et ces espaces fonctionnels am\u00e8ne \u00e0 consid\u00e9rer des m\u00e9thodologies avanc\u00e9es de simulation dans lesquelles les maillages s\u2019adaptent aux comportements des ph\u00e9nom\u00e8nes physiques sous-jacents. Cet ouvrage pr\u00e9sente les \u00e9l\u00e9ments de base de cette vision.<\/p>\n<p>Ces adaptations de maillages sont g\u00e9n\u00e9ralement gouvern\u00e9es par des estimateurs a posteriori d\u2019une erreur. Ils traduisent une majoration de cette erreur par le respect d\u2019une taille ou d\u2019une m\u00e9trique. Ind\u00e9pendamment de cette m\u00e9trique de calcul, le respect d\u2019une g\u00e9om\u00e9trie peut aussi se traduire par le respect d\u2019une m\u00e9trique dite g\u00e9om\u00e9trique. La notion de maillage trouve ainsi son sens dans la m\u00e9trique de ses \u00e9l\u00e9ments.<\/p>\n","protected":false},"excerpt":{"rendered":"<p>Les triangulations et plus pr\u00e9cis\u00e9ment les maillages sont au coeur de nombreux probl\u00e8mes relatifs \u00e0 des disciplines scientifiques tr\u00e8s vari\u00e9es et, en particulier, les simulations num\u00e9riques de ph\u00e9nom\u00e8nes physiques. Dans ce contexte, les espaces fonctionnels d\u2019approximation pour la recherche de solutions sont d\u00e9finis \u00e0 partir des maillages qui jouent un r\u00f4le primordial. Cette forte liaison [&hellip;]<\/p>\n","protected":false},"featured_media":474,"template":"","meta":{"_acf_changed":false,"_links_to":"","_links_to_target":""},"product_brand":[],"product_cat":[664,675,715],"product_tag":[18,147,21,22,25,26,27,148,149,28,29,150,151],"class_list":{"0":"post-473","1":"product","2":"type-product","3":"status-publish","4":"has-post-thumbnail","6":"product_cat-gnie-mcanique-et-mcanique-des-solides-12506462","7":"product_cat-nouveauts-12519446","8":"product_cat-srie-modlisation-gomtrique-et-applications-423141713","9":"product_tag-edition-scientifique","10":"product_tag-houman-borouchaki","11":"product_tag-iste-group","12":"product_tag-istegroup","13":"product_tag-livre-numerique","14":"product_tag-livre-scientifique-francais","15":"product_tag-livre-technique-francais","16":"product_tag-maillage","17":"product_tag-modelisation-geometrique-et-simulation-numerique-1","18":"product_tag-ouvrage-scientifique-francais","19":"product_tag-ouvrage-technique","20":"product_tag-paul-louis-george","21":"product_tag-triangulations","23":"first","24":"instock","25":"shipping-taxable","26":"purchasable","27":"product-type-variable"},"acf":[],"yoast_head":"<!-- This site is optimized with the Yoast SEO plugin v27.2 - https:\/\/yoast.com\/product\/yoast-seo-wordpress\/ -->\n<title>Maillage, mod\u00e9lisation g\u00e9om\u00e9trique et simulation num\u00e9rique 1 - ISTE Group<\/title>\n<meta name=\"description\" content=\"Les triangulations et plus pr\u00e9cis\u00e9ment les maillages sont au coeur de nombreux probl\u00e8mes relatifs \u00e0 des disciplines scientifiques tr\u00e8s vari\u00e9es et, en particulier, les simulations num\u00e9riques de ph\u00e9nom\u00e8nes physiques.\" \/>\n<meta name=\"robots\" content=\"index, follow, max-snippet:-1, max-image-preview:large, max-video-preview:-1\" \/>\n<link rel=\"canonical\" href=\"https:\/\/www.istegroup.com\/en\/produit\/maillage-modelisation-geometrique-et-simulation-numerique-1\/\" \/>\n<meta property=\"og:locale\" content=\"en_US\" \/>\n<meta property=\"og:type\" content=\"article\" \/>\n<meta property=\"og:title\" content=\"Maillage, mod\u00e9lisation g\u00e9om\u00e9trique et simulation num\u00e9rique 1 - ISTE Group\" \/>\n<meta property=\"og:description\" content=\"Les triangulations et plus pr\u00e9cis\u00e9ment les maillages sont au coeur de nombreux probl\u00e8mes relatifs \u00e0 des disciplines scientifiques tr\u00e8s vari\u00e9es et, en particulier, les simulations num\u00e9riques de ph\u00e9nom\u00e8nes physiques.\" \/>\n<meta property=\"og:url\" content=\"https:\/\/www.istegroup.com\/en\/produit\/maillage-modelisation-geometrique-et-simulation-numerique-1\/\" \/>\n<meta property=\"og:site_name\" content=\"ISTE Group\" \/>\n<meta property=\"article:modified_time\" content=\"2024-01-03T13:40:12+00:00\" \/>\n<meta property=\"og:image\" content=\"https:\/\/www.istegroup.com\/wp-content\/uploads\/2017\/07\/20584445521_9260217297-1-scaled.jpg\" \/>\n\t<meta property=\"og:image:width\" content=\"1705\" \/>\n\t<meta property=\"og:image:height\" content=\"2560\" \/>\n\t<meta property=\"og:image:type\" content=\"image\/jpeg\" \/>\n<meta name=\"twitter:card\" content=\"summary_large_image\" \/>\n<meta name=\"twitter:label1\" content=\"Est. reading time\" \/>\n\t<meta name=\"twitter:data1\" content=\"1 minute\" \/>\n<script type=\"application\/ld+json\" class=\"yoast-schema-graph\">{\"@context\":\"https:\/\/schema.org\",\"@graph\":[{\"@type\":\"WebPage\",\"@id\":\"https:\/\/www.istegroup.com\/en\/produit\/maillage-modelisation-geometrique-et-simulation-numerique-1\/\",\"url\":\"https:\/\/www.istegroup.com\/en\/produit\/maillage-modelisation-geometrique-et-simulation-numerique-1\/\",\"name\":\"Maillage, mod\u00e9lisation g\u00e9om\u00e9trique et simulation num\u00e9rique 1 - ISTE Group\",\"isPartOf\":{\"@id\":\"https:\/\/www.istegroup.com\/#website\"},\"primaryImageOfPage\":{\"@id\":\"https:\/\/www.istegroup.com\/en\/produit\/maillage-modelisation-geometrique-et-simulation-numerique-1\/#primaryimage\"},\"image\":{\"@id\":\"https:\/\/www.istegroup.com\/en\/produit\/maillage-modelisation-geometrique-et-simulation-numerique-1\/#primaryimage\"},\"thumbnailUrl\":\"https:\/\/www.istegroup.com\/wp-content\/uploads\/2017\/07\/20584445521_9260217297-1-scaled.jpg\",\"datePublished\":\"2017-07-28T12:51:11+00:00\",\"dateModified\":\"2024-01-03T13:40:12+00:00\",\"description\":\"Les triangulations et plus pr\u00e9cis\u00e9ment les maillages sont au coeur de nombreux probl\u00e8mes relatifs \u00e0 des disciplines scientifiques tr\u00e8s vari\u00e9es et, en particulier, les simulations num\u00e9riques de ph\u00e9nom\u00e8nes physiques.\",\"breadcrumb\":{\"@id\":\"https:\/\/www.istegroup.com\/en\/produit\/maillage-modelisation-geometrique-et-simulation-numerique-1\/#breadcrumb\"},\"inLanguage\":\"en-US\",\"potentialAction\":[{\"@type\":\"ReadAction\",\"target\":[\"https:\/\/www.istegroup.com\/en\/produit\/maillage-modelisation-geometrique-et-simulation-numerique-1\/\"]}]},{\"@type\":\"ImageObject\",\"inLanguage\":\"en-US\",\"@id\":\"https:\/\/www.istegroup.com\/en\/produit\/maillage-modelisation-geometrique-et-simulation-numerique-1\/#primaryimage\",\"url\":\"https:\/\/www.istegroup.com\/wp-content\/uploads\/2017\/07\/20584445521_9260217297-1-scaled.jpg\",\"contentUrl\":\"https:\/\/www.istegroup.com\/wp-content\/uploads\/2017\/07\/20584445521_9260217297-1-scaled.jpg\",\"width\":1705,\"height\":2560,\"caption\":\"Fonctions de forme, triangulations et mod\u00e9lisation g\u00e9om\u00e9trique\"},{\"@type\":\"BreadcrumbList\",\"@id\":\"https:\/\/www.istegroup.com\/en\/produit\/maillage-modelisation-geometrique-et-simulation-numerique-1\/#breadcrumb\",\"itemListElement\":[{\"@type\":\"ListItem\",\"position\":1,\"name\":\"Home\",\"item\":\"https:\/\/www.istegroup.com\/\"},{\"@type\":\"ListItem\",\"position\":2,\"name\":\"Shop\",\"item\":\"https:\/\/www.istegroup.com\/fr\/nouveautes\/\"},{\"@type\":\"ListItem\",\"position\":3,\"name\":\"Maillage, mod\u00e9lisation g\u00e9om\u00e9trique et simulation num\u00e9rique 1\"}]},{\"@type\":\"WebSite\",\"@id\":\"https:\/\/www.istegroup.com\/#website\",\"url\":\"https:\/\/www.istegroup.com\/\",\"name\":\"ISTE Group\",\"description\":\"Publishing Knowledge\",\"potentialAction\":[{\"@type\":\"SearchAction\",\"target\":{\"@type\":\"EntryPoint\",\"urlTemplate\":\"https:\/\/www.istegroup.com\/?s={search_term_string}\"},\"query-input\":{\"@type\":\"PropertyValueSpecification\",\"valueRequired\":true,\"valueName\":\"search_term_string\"}}],\"inLanguage\":\"en-US\"}]}<\/script>\n<!-- \/ Yoast SEO plugin. -->","yoast_head_json":{"title":"Maillage, mod\u00e9lisation g\u00e9om\u00e9trique et simulation num\u00e9rique 1 - ISTE Group","description":"Les triangulations et plus pr\u00e9cis\u00e9ment les maillages sont au coeur de nombreux probl\u00e8mes relatifs \u00e0 des disciplines scientifiques tr\u00e8s vari\u00e9es et, en particulier, les simulations num\u00e9riques de ph\u00e9nom\u00e8nes physiques.","robots":{"index":"index","follow":"follow","max-snippet":"max-snippet:-1","max-image-preview":"max-image-preview:large","max-video-preview":"max-video-preview:-1"},"canonical":"https:\/\/www.istegroup.com\/en\/produit\/maillage-modelisation-geometrique-et-simulation-numerique-1\/","og_locale":"en_US","og_type":"article","og_title":"Maillage, mod\u00e9lisation g\u00e9om\u00e9trique et simulation num\u00e9rique 1 - ISTE Group","og_description":"Les triangulations et plus pr\u00e9cis\u00e9ment les maillages sont au coeur de nombreux probl\u00e8mes relatifs \u00e0 des disciplines scientifiques tr\u00e8s vari\u00e9es et, en particulier, les simulations num\u00e9riques de ph\u00e9nom\u00e8nes physiques.","og_url":"https:\/\/www.istegroup.com\/en\/produit\/maillage-modelisation-geometrique-et-simulation-numerique-1\/","og_site_name":"ISTE Group","article_modified_time":"2024-01-03T13:40:12+00:00","og_image":[{"width":1705,"height":2560,"url":"https:\/\/www.istegroup.com\/wp-content\/uploads\/2017\/07\/20584445521_9260217297-1-scaled.jpg","type":"image\/jpeg"}],"twitter_card":"summary_large_image","twitter_misc":{"Est. reading time":"1 minute"},"schema":{"@context":"https:\/\/schema.org","@graph":[{"@type":"WebPage","@id":"https:\/\/www.istegroup.com\/en\/produit\/maillage-modelisation-geometrique-et-simulation-numerique-1\/","url":"https:\/\/www.istegroup.com\/en\/produit\/maillage-modelisation-geometrique-et-simulation-numerique-1\/","name":"Maillage, mod\u00e9lisation g\u00e9om\u00e9trique et simulation num\u00e9rique 1 - ISTE Group","isPartOf":{"@id":"https:\/\/www.istegroup.com\/#website"},"primaryImageOfPage":{"@id":"https:\/\/www.istegroup.com\/en\/produit\/maillage-modelisation-geometrique-et-simulation-numerique-1\/#primaryimage"},"image":{"@id":"https:\/\/www.istegroup.com\/en\/produit\/maillage-modelisation-geometrique-et-simulation-numerique-1\/#primaryimage"},"thumbnailUrl":"https:\/\/www.istegroup.com\/wp-content\/uploads\/2017\/07\/20584445521_9260217297-1-scaled.jpg","datePublished":"2017-07-28T12:51:11+00:00","dateModified":"2024-01-03T13:40:12+00:00","description":"Les triangulations et plus pr\u00e9cis\u00e9ment les maillages sont au coeur de nombreux probl\u00e8mes relatifs \u00e0 des disciplines scientifiques tr\u00e8s vari\u00e9es et, en particulier, les simulations num\u00e9riques de ph\u00e9nom\u00e8nes physiques.","breadcrumb":{"@id":"https:\/\/www.istegroup.com\/en\/produit\/maillage-modelisation-geometrique-et-simulation-numerique-1\/#breadcrumb"},"inLanguage":"en-US","potentialAction":[{"@type":"ReadAction","target":["https:\/\/www.istegroup.com\/en\/produit\/maillage-modelisation-geometrique-et-simulation-numerique-1\/"]}]},{"@type":"ImageObject","inLanguage":"en-US","@id":"https:\/\/www.istegroup.com\/en\/produit\/maillage-modelisation-geometrique-et-simulation-numerique-1\/#primaryimage","url":"https:\/\/www.istegroup.com\/wp-content\/uploads\/2017\/07\/20584445521_9260217297-1-scaled.jpg","contentUrl":"https:\/\/www.istegroup.com\/wp-content\/uploads\/2017\/07\/20584445521_9260217297-1-scaled.jpg","width":1705,"height":2560,"caption":"Fonctions de forme, triangulations et mod\u00e9lisation g\u00e9om\u00e9trique"},{"@type":"BreadcrumbList","@id":"https:\/\/www.istegroup.com\/en\/produit\/maillage-modelisation-geometrique-et-simulation-numerique-1\/#breadcrumb","itemListElement":[{"@type":"ListItem","position":1,"name":"Home","item":"https:\/\/www.istegroup.com\/"},{"@type":"ListItem","position":2,"name":"Shop","item":"https:\/\/www.istegroup.com\/fr\/nouveautes\/"},{"@type":"ListItem","position":3,"name":"Maillage, mod\u00e9lisation g\u00e9om\u00e9trique et simulation num\u00e9rique 1"}]},{"@type":"WebSite","@id":"https:\/\/www.istegroup.com\/#website","url":"https:\/\/www.istegroup.com\/","name":"ISTE Group","description":"Publishing Knowledge","potentialAction":[{"@type":"SearchAction","target":{"@type":"EntryPoint","urlTemplate":"https:\/\/www.istegroup.com\/?s={search_term_string}"},"query-input":{"@type":"PropertyValueSpecification","valueRequired":true,"valueName":"search_term_string"}}],"inLanguage":"en-US"}]}},"_links":{"self":[{"href":"https:\/\/www.istegroup.com\/en\/wp-json\/wp\/v2\/product\/473","targetHints":{"allow":["GET"]}}],"collection":[{"href":"https:\/\/www.istegroup.com\/en\/wp-json\/wp\/v2\/product"}],"about":[{"href":"https:\/\/www.istegroup.com\/en\/wp-json\/wp\/v2\/types\/product"}],"wp:featuredmedia":[{"embeddable":true,"href":"https:\/\/www.istegroup.com\/en\/wp-json\/wp\/v2\/media\/474"}],"wp:attachment":[{"href":"https:\/\/www.istegroup.com\/en\/wp-json\/wp\/v2\/media?parent=473"}],"wp:term":[{"taxonomy":"product_brand","embeddable":true,"href":"https:\/\/www.istegroup.com\/en\/wp-json\/wp\/v2\/product_brand?post=473"},{"taxonomy":"product_cat","embeddable":true,"href":"https:\/\/www.istegroup.com\/en\/wp-json\/wp\/v2\/product_cat?post=473"},{"taxonomy":"product_tag","embeddable":true,"href":"https:\/\/www.istegroup.com\/en\/wp-json\/wp\/v2\/product_tag?post=473"}],"curies":[{"name":"wp","href":"https:\/\/api.w.org\/{rel}","templated":true}]}}