{"id":46931,"date":"2022-07-05T10:02:43","date_gmt":"2022-07-05T09:02:43","guid":{"rendered":"https:\/\/www.istegroup.com\/?post_type=product&#038;p=46931"},"modified":"2024-01-03T13:45:54","modified_gmt":"2024-01-03T13:45:54","slug":"physique-de-lenvironnement-terrestre-matieres-subtiles-et-hauteur-de-latmosphere","status":"publish","type":"product","link":"https:\/\/www.istegroup.com\/en\/produit\/physique-de-lenvironnement-terrestre-matieres-subtiles-et-hauteur-de-latmosphere\/","title":{"rendered":"Physique de l\u2019environnement terrestre, mati\u00e8res subtiles et hauteur de l\u2019atmosph\u00e8re"},"content":{"rendered":"<p class=\"qtranxs-available-languages-message qtranxs-available-languages-message-en\">Sorry, this entry is only available in <a href=\"https:\/\/www.istegroup.com\/fr\/wp-json\/wp\/v2\/product\/46931\" class=\"qtranxs-available-language-link qtranxs-available-language-link-fr\" title=\"FR\">FR<\/a>.<\/p>","protected":false},"excerpt":{"rendered":"<p>Sorry, this entry is only available in FR.<\/p>\n","protected":false},"featured_media":46940,"template":"","meta":{"_acf_changed":false,"_links_to":"","_links_to_target":""},"product_brand":[],"product_cat":[3262],"product_tag":[],"class_list":{"0":"post-46931","1":"product","2":"type-product","3":"status-publish","4":"has-post-thumbnail","6":"product_cat-non-classe","8":"first","9":"instock","10":"shipping-taxable","11":"purchasable","12":"product-type-variable"},"acf":[],"yoast_head":"<!-- This site is optimized with the Yoast SEO plugin v27.2 - https:\/\/yoast.com\/product\/yoast-seo-wordpress\/ -->\n<title>Physique de l\u2019environnement terrestre, mati\u00e8res subtiles et hauteur de l\u2019atmosph\u00e8re - ISTE Group<\/title>\n<meta name=\"description\" content=\"Cet ouvrage examine les estimations contradictoires de la hauteur de l\u2019atmosph\u00e8re faites \u00e0 l\u2019\u00e9poque sur la base des observations de certains m\u00e9t\u00e9ores et de la lumi\u00e8re des astres r\u00e9fract\u00e9e et r\u00e9fl\u00e9chie \u00e0 sa travers\u00e9e, et caract\u00e9rise les mati\u00e8res subtiles invoqu\u00e9es pour expliquer ces observations, en repla\u00e7ant l\u2019ensemble dans le contexte naissant de la nouvelle philosophie exp\u00e9rimentale.\" \/>\n<meta name=\"robots\" content=\"index, follow, max-snippet:-1, max-image-preview:large, max-video-preview:-1\" \/>\n<link rel=\"canonical\" href=\"https:\/\/www.istegroup.com\/en\/produit\/physique-de-lenvironnement-terrestre-matieres-subtiles-et-hauteur-de-latmosphere\/\" \/>\n<meta property=\"og:locale\" content=\"en_US\" \/>\n<meta property=\"og:type\" content=\"article\" \/>\n<meta property=\"og:title\" content=\"Physique de l\u2019environnement terrestre, mati\u00e8res subtiles et hauteur de l\u2019atmosph\u00e8re - ISTE Group\" \/>\n<meta property=\"og:description\" content=\"Cet ouvrage examine les estimations contradictoires de la hauteur de l\u2019atmosph\u00e8re faites \u00e0 l\u2019\u00e9poque sur la base des observations de certains m\u00e9t\u00e9ores et de la lumi\u00e8re des astres r\u00e9fract\u00e9e et r\u00e9fl\u00e9chie \u00e0 sa travers\u00e9e, et caract\u00e9rise les mati\u00e8res subtiles invoqu\u00e9es pour expliquer ces observations, en repla\u00e7ant l\u2019ensemble dans le contexte naissant de la nouvelle philosophie exp\u00e9rimentale.\" \/>\n<meta property=\"og:url\" content=\"https:\/\/www.istegroup.com\/en\/produit\/physique-de-lenvironnement-terrestre-matieres-subtiles-et-hauteur-de-latmosphere\/\" \/>\n<meta property=\"og:site_name\" content=\"ISTE Group\" \/>\n<meta property=\"article:modified_time\" content=\"2024-01-03T13:45:54+00:00\" \/>\n<meta property=\"og:image\" content=\"https:\/\/www.istegroup.com\/wp-content\/uploads\/2022\/06\/Physique-de-lenvironnement-terrestre-matieres-subtiles.jpg\" \/>\n\t<meta property=\"og:image:width\" content=\"350\" \/>\n\t<meta property=\"og:image:height\" content=\"525\" \/>\n\t<meta property=\"og:image:type\" content=\"image\/jpeg\" \/>\n<meta name=\"twitter:card\" content=\"summary_large_image\" \/>\n<meta name=\"twitter:label1\" content=\"Est. reading time\" \/>\n\t<meta name=\"twitter:data1\" content=\"1 minute\" \/>\n<script type=\"application\/ld+json\" class=\"yoast-schema-graph\">{\"@context\":\"https:\/\/schema.org\",\"@graph\":[{\"@type\":\"WebPage\",\"@id\":\"https:\/\/www.istegroup.com\/en\/produit\/physique-de-lenvironnement-terrestre-matieres-subtiles-et-hauteur-de-latmosphere\/\",\"url\":\"https:\/\/www.istegroup.com\/en\/produit\/physique-de-lenvironnement-terrestre-matieres-subtiles-et-hauteur-de-latmosphere\/\",\"name\":\"Physique de l\u2019environnement terrestre, mati\u00e8res subtiles et hauteur de l\u2019atmosph\u00e8re - ISTE Group\",\"isPartOf\":{\"@id\":\"https:\/\/www.istegroup.com\/#website\"},\"primaryImageOfPage\":{\"@id\":\"https:\/\/www.istegroup.com\/en\/produit\/physique-de-lenvironnement-terrestre-matieres-subtiles-et-hauteur-de-latmosphere\/#primaryimage\"},\"image\":{\"@id\":\"https:\/\/www.istegroup.com\/en\/produit\/physique-de-lenvironnement-terrestre-matieres-subtiles-et-hauteur-de-latmosphere\/#primaryimage\"},\"thumbnailUrl\":\"https:\/\/www.istegroup.com\/wp-content\/uploads\/2022\/06\/Physique-de-lenvironnement-terrestre-matieres-subtiles.jpg\",\"datePublished\":\"2022-07-05T09:02:43+00:00\",\"dateModified\":\"2024-01-03T13:45:54+00:00\",\"description\":\"Cet ouvrage examine les estimations contradictoires de la hauteur de l\u2019atmosph\u00e8re faites \u00e0 l\u2019\u00e9poque sur la base des observations de certains m\u00e9t\u00e9ores et de la lumi\u00e8re des astres r\u00e9fract\u00e9e et r\u00e9fl\u00e9chie \u00e0 sa travers\u00e9e, et caract\u00e9rise les mati\u00e8res subtiles invoqu\u00e9es pour expliquer ces observations, en repla\u00e7ant l\u2019ensemble dans le contexte naissant de la nouvelle philosophie exp\u00e9rimentale.\",\"breadcrumb\":{\"@id\":\"https:\/\/www.istegroup.com\/en\/produit\/physique-de-lenvironnement-terrestre-matieres-subtiles-et-hauteur-de-latmosphere\/#breadcrumb\"},\"inLanguage\":\"en-US\",\"potentialAction\":[{\"@type\":\"ReadAction\",\"target\":[\"https:\/\/www.istegroup.com\/en\/produit\/physique-de-lenvironnement-terrestre-matieres-subtiles-et-hauteur-de-latmosphere\/\"]}]},{\"@type\":\"ImageObject\",\"inLanguage\":\"en-US\",\"@id\":\"https:\/\/www.istegroup.com\/en\/produit\/physique-de-lenvironnement-terrestre-matieres-subtiles-et-hauteur-de-latmosphere\/#primaryimage\",\"url\":\"https:\/\/www.istegroup.com\/wp-content\/uploads\/2022\/06\/Physique-de-lenvironnement-terrestre-matieres-subtiles.jpg\",\"contentUrl\":\"https:\/\/www.istegroup.com\/wp-content\/uploads\/2022\/06\/Physique-de-lenvironnement-terrestre-matieres-subtiles.jpg\",\"width\":350,\"height\":525,\"caption\":\"Livre scientifique - Physique de l\u2019environnement terrestre, mati\u00e8res subtiles et hauteur de l\u2019atmosph\u00e8re - \u00c9ric Chassefi\u00e8re\"},{\"@type\":\"BreadcrumbList\",\"@id\":\"https:\/\/www.istegroup.com\/en\/produit\/physique-de-lenvironnement-terrestre-matieres-subtiles-et-hauteur-de-latmosphere\/#breadcrumb\",\"itemListElement\":[{\"@type\":\"ListItem\",\"position\":1,\"name\":\"Home\",\"item\":\"https:\/\/www.istegroup.com\/\"},{\"@type\":\"ListItem\",\"position\":2,\"name\":\"Shop\",\"item\":\"https:\/\/www.istegroup.com\/fr\/nouveautes\/\"},{\"@type\":\"ListItem\",\"position\":3,\"name\":\"Physique de l\u2019environnement terrestre, mati\u00e8res subtiles et hauteur de l\u2019atmosph\u00e8re\"}]},{\"@type\":\"WebSite\",\"@id\":\"https:\/\/www.istegroup.com\/#website\",\"url\":\"https:\/\/www.istegroup.com\/\",\"name\":\"ISTE Group\",\"description\":\"Publishing Knowledge\",\"potentialAction\":[{\"@type\":\"SearchAction\",\"target\":{\"@type\":\"EntryPoint\",\"urlTemplate\":\"https:\/\/www.istegroup.com\/?s={search_term_string}\"},\"query-input\":{\"@type\":\"PropertyValueSpecification\",\"valueRequired\":true,\"valueName\":\"search_term_string\"}}],\"inLanguage\":\"en-US\"}]}<\/script>\n<!-- \/ Yoast SEO plugin. -->","yoast_head_json":{"title":"Physique de l\u2019environnement terrestre, mati\u00e8res subtiles et hauteur de l\u2019atmosph\u00e8re - ISTE Group","description":"Cet ouvrage examine les estimations contradictoires de la hauteur de l\u2019atmosph\u00e8re faites \u00e0 l\u2019\u00e9poque sur la base des observations de certains m\u00e9t\u00e9ores et de la lumi\u00e8re des astres r\u00e9fract\u00e9e et r\u00e9fl\u00e9chie \u00e0 sa travers\u00e9e, et caract\u00e9rise les mati\u00e8res subtiles invoqu\u00e9es pour expliquer ces observations, en repla\u00e7ant l\u2019ensemble dans le contexte naissant de la nouvelle philosophie exp\u00e9rimentale.","robots":{"index":"index","follow":"follow","max-snippet":"max-snippet:-1","max-image-preview":"max-image-preview:large","max-video-preview":"max-video-preview:-1"},"canonical":"https:\/\/www.istegroup.com\/en\/produit\/physique-de-lenvironnement-terrestre-matieres-subtiles-et-hauteur-de-latmosphere\/","og_locale":"en_US","og_type":"article","og_title":"Physique de l\u2019environnement terrestre, mati\u00e8res subtiles et hauteur de l\u2019atmosph\u00e8re - ISTE Group","og_description":"Cet ouvrage examine les estimations contradictoires de la hauteur de l\u2019atmosph\u00e8re faites \u00e0 l\u2019\u00e9poque sur la base des observations de certains m\u00e9t\u00e9ores et de la lumi\u00e8re des astres r\u00e9fract\u00e9e et r\u00e9fl\u00e9chie \u00e0 sa travers\u00e9e, et caract\u00e9rise les mati\u00e8res subtiles invoqu\u00e9es pour expliquer ces observations, en repla\u00e7ant l\u2019ensemble dans le contexte naissant de la nouvelle philosophie exp\u00e9rimentale.","og_url":"https:\/\/www.istegroup.com\/en\/produit\/physique-de-lenvironnement-terrestre-matieres-subtiles-et-hauteur-de-latmosphere\/","og_site_name":"ISTE Group","article_modified_time":"2024-01-03T13:45:54+00:00","og_image":[{"width":350,"height":525,"url":"https:\/\/www.istegroup.com\/wp-content\/uploads\/2022\/06\/Physique-de-lenvironnement-terrestre-matieres-subtiles.jpg","type":"image\/jpeg"}],"twitter_card":"summary_large_image","twitter_misc":{"Est. reading time":"1 minute"},"schema":{"@context":"https:\/\/schema.org","@graph":[{"@type":"WebPage","@id":"https:\/\/www.istegroup.com\/en\/produit\/physique-de-lenvironnement-terrestre-matieres-subtiles-et-hauteur-de-latmosphere\/","url":"https:\/\/www.istegroup.com\/en\/produit\/physique-de-lenvironnement-terrestre-matieres-subtiles-et-hauteur-de-latmosphere\/","name":"Physique de l\u2019environnement terrestre, mati\u00e8res subtiles et hauteur de l\u2019atmosph\u00e8re - ISTE Group","isPartOf":{"@id":"https:\/\/www.istegroup.com\/#website"},"primaryImageOfPage":{"@id":"https:\/\/www.istegroup.com\/en\/produit\/physique-de-lenvironnement-terrestre-matieres-subtiles-et-hauteur-de-latmosphere\/#primaryimage"},"image":{"@id":"https:\/\/www.istegroup.com\/en\/produit\/physique-de-lenvironnement-terrestre-matieres-subtiles-et-hauteur-de-latmosphere\/#primaryimage"},"thumbnailUrl":"https:\/\/www.istegroup.com\/wp-content\/uploads\/2022\/06\/Physique-de-lenvironnement-terrestre-matieres-subtiles.jpg","datePublished":"2022-07-05T09:02:43+00:00","dateModified":"2024-01-03T13:45:54+00:00","description":"Cet ouvrage examine les estimations contradictoires de la hauteur de l\u2019atmosph\u00e8re faites \u00e0 l\u2019\u00e9poque sur la base des observations de certains m\u00e9t\u00e9ores et de la lumi\u00e8re des astres r\u00e9fract\u00e9e et r\u00e9fl\u00e9chie \u00e0 sa travers\u00e9e, et caract\u00e9rise les mati\u00e8res subtiles invoqu\u00e9es pour expliquer ces observations, en repla\u00e7ant l\u2019ensemble dans le contexte naissant de la nouvelle philosophie exp\u00e9rimentale.","breadcrumb":{"@id":"https:\/\/www.istegroup.com\/en\/produit\/physique-de-lenvironnement-terrestre-matieres-subtiles-et-hauteur-de-latmosphere\/#breadcrumb"},"inLanguage":"en-US","potentialAction":[{"@type":"ReadAction","target":["https:\/\/www.istegroup.com\/en\/produit\/physique-de-lenvironnement-terrestre-matieres-subtiles-et-hauteur-de-latmosphere\/"]}]},{"@type":"ImageObject","inLanguage":"en-US","@id":"https:\/\/www.istegroup.com\/en\/produit\/physique-de-lenvironnement-terrestre-matieres-subtiles-et-hauteur-de-latmosphere\/#primaryimage","url":"https:\/\/www.istegroup.com\/wp-content\/uploads\/2022\/06\/Physique-de-lenvironnement-terrestre-matieres-subtiles.jpg","contentUrl":"https:\/\/www.istegroup.com\/wp-content\/uploads\/2022\/06\/Physique-de-lenvironnement-terrestre-matieres-subtiles.jpg","width":350,"height":525,"caption":"Livre scientifique - Physique de l\u2019environnement terrestre, mati\u00e8res subtiles et hauteur de l\u2019atmosph\u00e8re - \u00c9ric Chassefi\u00e8re"},{"@type":"BreadcrumbList","@id":"https:\/\/www.istegroup.com\/en\/produit\/physique-de-lenvironnement-terrestre-matieres-subtiles-et-hauteur-de-latmosphere\/#breadcrumb","itemListElement":[{"@type":"ListItem","position":1,"name":"Home","item":"https:\/\/www.istegroup.com\/"},{"@type":"ListItem","position":2,"name":"Shop","item":"https:\/\/www.istegroup.com\/fr\/nouveautes\/"},{"@type":"ListItem","position":3,"name":"Physique de l\u2019environnement terrestre, mati\u00e8res subtiles et hauteur de l\u2019atmosph\u00e8re"}]},{"@type":"WebSite","@id":"https:\/\/www.istegroup.com\/#website","url":"https:\/\/www.istegroup.com\/","name":"ISTE Group","description":"Publishing Knowledge","potentialAction":[{"@type":"SearchAction","target":{"@type":"EntryPoint","urlTemplate":"https:\/\/www.istegroup.com\/?s={search_term_string}"},"query-input":{"@type":"PropertyValueSpecification","valueRequired":true,"valueName":"search_term_string"}}],"inLanguage":"en-US"}]}},"_links":{"self":[{"href":"https:\/\/www.istegroup.com\/en\/wp-json\/wp\/v2\/product\/46931","targetHints":{"allow":["GET"]}}],"collection":[{"href":"https:\/\/www.istegroup.com\/en\/wp-json\/wp\/v2\/product"}],"about":[{"href":"https:\/\/www.istegroup.com\/en\/wp-json\/wp\/v2\/types\/product"}],"wp:featuredmedia":[{"embeddable":true,"href":"https:\/\/www.istegroup.com\/en\/wp-json\/wp\/v2\/media\/46940"}],"wp:attachment":[{"href":"https:\/\/www.istegroup.com\/en\/wp-json\/wp\/v2\/media?parent=46931"}],"wp:term":[{"taxonomy":"product_brand","embeddable":true,"href":"https:\/\/www.istegroup.com\/en\/wp-json\/wp\/v2\/product_brand?post=46931"},{"taxonomy":"product_cat","embeddable":true,"href":"https:\/\/www.istegroup.com\/en\/wp-json\/wp\/v2\/product_cat?post=46931"},{"taxonomy":"product_tag","embeddable":true,"href":"https:\/\/www.istegroup.com\/en\/wp-json\/wp\/v2\/product_tag?post=46931"}],"curies":[{"name":"wp","href":"https:\/\/api.w.org\/{rel}","templated":true}]}}