{"id":463,"date":"2017-07-28T14:50:46","date_gmt":"2017-07-28T12:50:46","guid":{"rendered":"https:\/\/iste.yhello.co\/product\/limite-de-fatigue-des-metaux\/"},"modified":"2024-01-03T13:40:10","modified_gmt":"2024-01-03T13:40:10","slug":"limite-de-fatigue-des-metaux","status":"publish","type":"product","link":"https:\/\/www.istegroup.com\/en\/produit\/limite-de-fatigue-des-metaux\/","title":{"rendered":"Limite de fatigue des m\u00e9taux"},"content":{"rendered":"<p>S\u2019il est d\u00e9montr\u00e9 que la rupture par fatigue peut se produire au-del\u00e0 de 10^10 cycles, la question de la cr\u00e9dibilit\u00e9 de la notion de limite de fatigue normalis\u00e9e se pose tant du point de vue pratique que fondamental.<\/p>\n<p>Apr\u00e8s un \u00e9tat de l&#8217;art sur la fatigue gigacyclique des alliages industriels, cet ouvrage compile les r\u00e9sultats les plus r\u00e9cents sur cette m\u00eame fatigue, incluant les ph\u00e9nom\u00e8nes li\u00e9s au champ de contraintes autour des d\u00e9fauts, la microplasticit\u00e9, les transformations de phases, la dissipation thermique \u00e0 haute fr\u00e9quence, l&#8217;effet de la temp\u00e9rature et de la fr\u00e9quence sur la courbe SN. Plus fondamentalement, le cas du fer Armco, bien connu pour sa courbe SN normalis\u00e9e quasi-hyperbolique, est discut\u00e9 dans le r\u00e9gime gigacyclique. Sur le plan pratique, la nonexistence du concept de dur\u00e9e de vie infinie est d\u00e9montr\u00e9e.<\/p>\n","protected":false},"excerpt":{"rendered":"<p>S\u2019il est d\u00e9montr\u00e9 que la rupture par fatigue peut se produire au-del\u00e0 de 10^10 cycles, la question de la cr\u00e9dibilit\u00e9 de la notion de limite de fatigue normalis\u00e9e se pose tant du point de vue pratique que fondamental. Apr\u00e8s un \u00e9tat de l&#8217;art sur la fatigue gigacyclique des alliages industriels, cet ouvrage compile les r\u00e9sultats [&hellip;]<\/p>\n","protected":false},"featured_media":464,"template":"","meta":{"_acf_changed":false,"_links_to":"","_links_to_target":""},"product_brand":[],"product_cat":[680],"product_tag":[1865,31,196,1866,1867,1868,1869,247,248,197,198,199,21,200,22,201,1870,203,204,63,25,172,209,1872,1871,1873,212,38,192,145,28,1874],"class_list":{"0":"post-463","1":"product","2":"type-product","3":"status-publish","4":"has-post-thumbnail","6":"product_cat-science-des-matriaux-14420497","7":"product_tag-claude-bathias","8":"product_tag-ebook","9":"product_tag-ebooks","10":"product_tag-fatigue-des-metaux","11":"product_tag-fatigue-des-metaux-et-fiabilite-mecanique","12":"product_tag-fatigue-gigacyclique","13":"product_tag-gigacyclique","14":"product_tag-industrie","15":"product_tag-industriel","16":"product_tag-iste","17":"product_tag-iste-edition","18":"product_tag-iste-editions","19":"product_tag-iste-group","20":"product_tag-isteedition","21":"product_tag-istegroup","22":"product_tag-kindle","23":"product_tag-limite-de-fatigue-des-metaux","24":"product_tag-liseuse","25":"product_tag-livre","26":"product_tag-livre-electronique","27":"product_tag-livre-numerique","28":"product_tag-livre-scientifique","29":"product_tag-livres-scientifiques","30":"product_tag-metaux","31":"product_tag-microplasticite","32":"product_tag-nonexistence","33":"product_tag-ouvrage","34":"product_tag-ouvrage-numerique","35":"product_tag-ouvrage-science","36":"product_tag-ouvrage-scientifique","37":"product_tag-ouvrage-scientifique-francais","38":"product_tag-ruben-perez-mora","40":"first","41":"instock","42":"shipping-taxable","43":"purchasable","44":"product-type-variable"},"acf":[],"yoast_head":"<!-- This site is optimized with the Yoast SEO plugin v27.2 - https:\/\/yoast.com\/product\/yoast-seo-wordpress\/ -->\n<title>Limite de fatigue des m\u00e9taux - ISTE Group<\/title>\n<meta name=\"description\" content=\"Apr\u00e8s un \u00e9tat de l&#039;art sur la fatigue gigacyclique des alliages industriels, Limite de fatigue des m\u00e9taux compile les r\u00e9sultats les plus r\u00e9cents sur cette m\u00eame fatigue.\" \/>\n<meta name=\"robots\" content=\"index, follow, max-snippet:-1, max-image-preview:large, max-video-preview:-1\" \/>\n<link rel=\"canonical\" href=\"https:\/\/www.istegroup.com\/fr\/produit\/limite-de-fatigue-des-metaux\/\" \/>\n<meta property=\"og:locale\" content=\"en_US\" \/>\n<meta property=\"og:type\" content=\"article\" \/>\n<meta property=\"og:title\" content=\"Limite de fatigue des m\u00e9taux - ISTE Group\" \/>\n<meta property=\"og:description\" content=\"Apr\u00e8s un \u00e9tat de l&#039;art sur la fatigue gigacyclique des alliages industriels, Limite de fatigue des m\u00e9taux compile les r\u00e9sultats les plus r\u00e9cents sur cette m\u00eame fatigue.\" \/>\n<meta property=\"og:url\" content=\"https:\/\/www.istegroup.com\/fr\/produit\/limite-de-fatigue-des-metaux\/\" \/>\n<meta property=\"og:site_name\" content=\"ISTE Group\" \/>\n<meta property=\"article:modified_time\" content=\"2024-01-03T13:40:10+00:00\" \/>\n<meta property=\"og:image\" content=\"https:\/\/www.istegroup.com\/wp-content\/uploads\/2017\/07\/1114669076_391592248-1.jpg\" \/>\n\t<meta property=\"og:image:width\" content=\"300\" \/>\n\t<meta property=\"og:image:height\" content=\"452\" \/>\n\t<meta property=\"og:image:type\" content=\"image\/jpeg\" \/>\n<meta name=\"twitter:card\" content=\"summary_large_image\" \/>\n<meta name=\"twitter:label1\" content=\"Est. reading time\" \/>\n\t<meta name=\"twitter:data1\" content=\"1 minute\" \/>\n<script type=\"application\/ld+json\" class=\"yoast-schema-graph\">{\"@context\":\"https:\/\/schema.org\",\"@graph\":[{\"@type\":\"WebPage\",\"@id\":\"https:\/\/www.istegroup.com\/fr\/produit\/limite-de-fatigue-des-metaux\/\",\"url\":\"https:\/\/www.istegroup.com\/fr\/produit\/limite-de-fatigue-des-metaux\/\",\"name\":\"Limite de fatigue des m\u00e9taux - ISTE Group\",\"isPartOf\":{\"@id\":\"https:\/\/www.istegroup.com\/#website\"},\"primaryImageOfPage\":{\"@id\":\"https:\/\/www.istegroup.com\/fr\/produit\/limite-de-fatigue-des-metaux\/#primaryimage\"},\"image\":{\"@id\":\"https:\/\/www.istegroup.com\/fr\/produit\/limite-de-fatigue-des-metaux\/#primaryimage\"},\"thumbnailUrl\":\"https:\/\/www.istegroup.com\/wp-content\/uploads\/2017\/07\/1114669076_391592248-1.jpg\",\"datePublished\":\"2017-07-28T12:50:46+00:00\",\"dateModified\":\"2024-01-03T13:40:10+00:00\",\"description\":\"Apr\u00e8s un \u00e9tat de l'art sur la fatigue gigacyclique des alliages industriels, Limite de fatigue des m\u00e9taux compile les r\u00e9sultats les plus r\u00e9cents sur cette m\u00eame fatigue.\",\"breadcrumb\":{\"@id\":\"https:\/\/www.istegroup.com\/fr\/produit\/limite-de-fatigue-des-metaux\/#breadcrumb\"},\"inLanguage\":\"en-US\",\"potentialAction\":[{\"@type\":\"ReadAction\",\"target\":[\"https:\/\/www.istegroup.com\/fr\/produit\/limite-de-fatigue-des-metaux\/\"]}]},{\"@type\":\"ImageObject\",\"inLanguage\":\"en-US\",\"@id\":\"https:\/\/www.istegroup.com\/fr\/produit\/limite-de-fatigue-des-metaux\/#primaryimage\",\"url\":\"https:\/\/www.istegroup.com\/wp-content\/uploads\/2017\/07\/1114669076_391592248-1.jpg\",\"contentUrl\":\"https:\/\/www.istegroup.com\/wp-content\/uploads\/2017\/07\/1114669076_391592248-1.jpg\",\"width\":300,\"height\":452,\"caption\":\"Limite de fatigue des m\u00e9taux\"},{\"@type\":\"BreadcrumbList\",\"@id\":\"https:\/\/www.istegroup.com\/fr\/produit\/limite-de-fatigue-des-metaux\/#breadcrumb\",\"itemListElement\":[{\"@type\":\"ListItem\",\"position\":1,\"name\":\"Home\",\"item\":\"https:\/\/www.istegroup.com\/\"},{\"@type\":\"ListItem\",\"position\":2,\"name\":\"Shop\",\"item\":\"https:\/\/www.istegroup.com\/fr\/nouveautes\/\"},{\"@type\":\"ListItem\",\"position\":3,\"name\":\"Limite de fatigue des m\u00e9taux\"}]},{\"@type\":\"WebSite\",\"@id\":\"https:\/\/www.istegroup.com\/#website\",\"url\":\"https:\/\/www.istegroup.com\/\",\"name\":\"ISTE Group\",\"description\":\"Publishing Knowledge\",\"potentialAction\":[{\"@type\":\"SearchAction\",\"target\":{\"@type\":\"EntryPoint\",\"urlTemplate\":\"https:\/\/www.istegroup.com\/?s={search_term_string}\"},\"query-input\":{\"@type\":\"PropertyValueSpecification\",\"valueRequired\":true,\"valueName\":\"search_term_string\"}}],\"inLanguage\":\"en-US\"}]}<\/script>\n<!-- \/ Yoast SEO plugin. -->","yoast_head_json":{"title":"Limite de fatigue des m\u00e9taux - ISTE Group","description":"Apr\u00e8s un \u00e9tat de l'art sur la fatigue gigacyclique des alliages industriels, Limite de fatigue des m\u00e9taux compile les r\u00e9sultats les plus r\u00e9cents sur cette m\u00eame fatigue.","robots":{"index":"index","follow":"follow","max-snippet":"max-snippet:-1","max-image-preview":"max-image-preview:large","max-video-preview":"max-video-preview:-1"},"canonical":"https:\/\/www.istegroup.com\/fr\/produit\/limite-de-fatigue-des-metaux\/","og_locale":"en_US","og_type":"article","og_title":"Limite de fatigue des m\u00e9taux - ISTE Group","og_description":"Apr\u00e8s un \u00e9tat de l'art sur la fatigue gigacyclique des alliages industriels, Limite de fatigue des m\u00e9taux compile les r\u00e9sultats les plus r\u00e9cents sur cette m\u00eame fatigue.","og_url":"https:\/\/www.istegroup.com\/fr\/produit\/limite-de-fatigue-des-metaux\/","og_site_name":"ISTE Group","article_modified_time":"2024-01-03T13:40:10+00:00","og_image":[{"width":300,"height":452,"url":"https:\/\/www.istegroup.com\/wp-content\/uploads\/2017\/07\/1114669076_391592248-1.jpg","type":"image\/jpeg"}],"twitter_card":"summary_large_image","twitter_misc":{"Est. reading time":"1 minute"},"schema":{"@context":"https:\/\/schema.org","@graph":[{"@type":"WebPage","@id":"https:\/\/www.istegroup.com\/fr\/produit\/limite-de-fatigue-des-metaux\/","url":"https:\/\/www.istegroup.com\/fr\/produit\/limite-de-fatigue-des-metaux\/","name":"Limite de fatigue des m\u00e9taux - ISTE Group","isPartOf":{"@id":"https:\/\/www.istegroup.com\/#website"},"primaryImageOfPage":{"@id":"https:\/\/www.istegroup.com\/fr\/produit\/limite-de-fatigue-des-metaux\/#primaryimage"},"image":{"@id":"https:\/\/www.istegroup.com\/fr\/produit\/limite-de-fatigue-des-metaux\/#primaryimage"},"thumbnailUrl":"https:\/\/www.istegroup.com\/wp-content\/uploads\/2017\/07\/1114669076_391592248-1.jpg","datePublished":"2017-07-28T12:50:46+00:00","dateModified":"2024-01-03T13:40:10+00:00","description":"Apr\u00e8s un \u00e9tat de l'art sur la fatigue gigacyclique des alliages industriels, Limite de fatigue des m\u00e9taux compile les r\u00e9sultats les plus r\u00e9cents sur cette m\u00eame fatigue.","breadcrumb":{"@id":"https:\/\/www.istegroup.com\/fr\/produit\/limite-de-fatigue-des-metaux\/#breadcrumb"},"inLanguage":"en-US","potentialAction":[{"@type":"ReadAction","target":["https:\/\/www.istegroup.com\/fr\/produit\/limite-de-fatigue-des-metaux\/"]}]},{"@type":"ImageObject","inLanguage":"en-US","@id":"https:\/\/www.istegroup.com\/fr\/produit\/limite-de-fatigue-des-metaux\/#primaryimage","url":"https:\/\/www.istegroup.com\/wp-content\/uploads\/2017\/07\/1114669076_391592248-1.jpg","contentUrl":"https:\/\/www.istegroup.com\/wp-content\/uploads\/2017\/07\/1114669076_391592248-1.jpg","width":300,"height":452,"caption":"Limite de fatigue des m\u00e9taux"},{"@type":"BreadcrumbList","@id":"https:\/\/www.istegroup.com\/fr\/produit\/limite-de-fatigue-des-metaux\/#breadcrumb","itemListElement":[{"@type":"ListItem","position":1,"name":"Home","item":"https:\/\/www.istegroup.com\/"},{"@type":"ListItem","position":2,"name":"Shop","item":"https:\/\/www.istegroup.com\/fr\/nouveautes\/"},{"@type":"ListItem","position":3,"name":"Limite de fatigue des m\u00e9taux"}]},{"@type":"WebSite","@id":"https:\/\/www.istegroup.com\/#website","url":"https:\/\/www.istegroup.com\/","name":"ISTE Group","description":"Publishing Knowledge","potentialAction":[{"@type":"SearchAction","target":{"@type":"EntryPoint","urlTemplate":"https:\/\/www.istegroup.com\/?s={search_term_string}"},"query-input":{"@type":"PropertyValueSpecification","valueRequired":true,"valueName":"search_term_string"}}],"inLanguage":"en-US"}]}},"_links":{"self":[{"href":"https:\/\/www.istegroup.com\/en\/wp-json\/wp\/v2\/product\/463","targetHints":{"allow":["GET"]}}],"collection":[{"href":"https:\/\/www.istegroup.com\/en\/wp-json\/wp\/v2\/product"}],"about":[{"href":"https:\/\/www.istegroup.com\/en\/wp-json\/wp\/v2\/types\/product"}],"wp:featuredmedia":[{"embeddable":true,"href":"https:\/\/www.istegroup.com\/en\/wp-json\/wp\/v2\/media\/464"}],"wp:attachment":[{"href":"https:\/\/www.istegroup.com\/en\/wp-json\/wp\/v2\/media?parent=463"}],"wp:term":[{"taxonomy":"product_brand","embeddable":true,"href":"https:\/\/www.istegroup.com\/en\/wp-json\/wp\/v2\/product_brand?post=463"},{"taxonomy":"product_cat","embeddable":true,"href":"https:\/\/www.istegroup.com\/en\/wp-json\/wp\/v2\/product_cat?post=463"},{"taxonomy":"product_tag","embeddable":true,"href":"https:\/\/www.istegroup.com\/en\/wp-json\/wp\/v2\/product_tag?post=463"}],"curies":[{"name":"wp","href":"https:\/\/api.w.org\/{rel}","templated":true}]}}