{"id":461,"date":"2017-07-28T14:50:42","date_gmt":"2017-07-28T12:50:42","guid":{"rendered":"https:\/\/iste.yhello.co\/product\/les-transports-durables\/"},"modified":"2024-01-03T13:40:10","modified_gmt":"2024-01-03T13:40:10","slug":"les-transports-durables","status":"publish","type":"product","link":"https:\/\/www.istegroup.com\/en\/produit\/les-transports-durables\/","title":{"rendered":"Les transports durables"},"content":{"rendered":"<p>Le transport des personnes et des marchandises, dont le taux de croissance mondiale est spectaculaire, contribue \u00e0 environ 25 % des \u00e9missions mondiales de gaz \u00e0 effet de serre.<\/p>\n<p>Les objectifs de d\u00e9veloppement soutenable que sont la r\u00e9duction des \u00e9missions gazeuses et sonores, la consommation \u00e9nerg\u00e9tique, la congestion, la limitation de l\u2019occupation fonci\u00e8re et l\u2019am\u00e9lioration de la mobilit\u00e9 sont loin d\u2019\u00eatre satisfaits.<\/p>\n<p>Cet ouvrage approfondit les diff\u00e9rents aspects du transport durable par une approche syst\u00e9mique. Il analyse les solutions technologiques et organisationnelles ainsi que les obstacles \u00e0 surmonter pour les mettre en \u0153uvre. Partant des fondamentaux du transport, il traite de leurs prolongements dans les domaines de l\u2019\u00e9nergie, des mat\u00e9riaux, de l\u2019intelligence et dans l\u2019organisation de la mobilit\u00e9 et de la logistique.<\/p>\n<p>Les transports durables dresse un panorama des innovations issues du travail collaboratif entre les acteurs : industriels et gestionnaires du transport, usagers ou autorit\u00e9s publiques.<\/p>\n","protected":false},"excerpt":{"rendered":"<p>Le transport des personnes et des marchandises, dont le taux de croissance mondiale est spectaculaire, contribue \u00e0 environ 25 % des \u00e9missions mondiales de gaz \u00e0 effet de serre. Les objectifs de d\u00e9veloppement soutenable que sont la r\u00e9duction des \u00e9missions gazeuses et sonores, la consommation \u00e9nerg\u00e9tique, la congestion, la limitation de l\u2019occupation fonci\u00e8re et l\u2019am\u00e9lioration [&hellip;]<\/p>\n","protected":false},"featured_media":462,"template":"","meta":{"_acf_changed":false,"_links_to":"","_links_to_target":""},"product_brand":[],"product_cat":[708],"product_tag":[1860,1113,31,196,296,329,1861,289,197,198,199,21,200,22,201,1862,203,204,63,25,172,209,212,38,192,145,28,253,262,649,331,1863,1864],"class_list":{"0":"post-461","1":"product","2":"type-product","3":"status-publish","4":"has-post-thumbnail","6":"product_cat-systmes-et-gnie-industriel-11476925","7":"product_tag-bernard-favre","8":"product_tag-developpement-durable","9":"product_tag-ebook","10":"product_tag-ebooks","11":"product_tag-energie","12":"product_tag-environnement","13":"product_tag-gaz-a-effet-de-serre","14":"product_tag-innovation","15":"product_tag-iste","16":"product_tag-iste-edition","17":"product_tag-iste-editions","18":"product_tag-iste-group","19":"product_tag-isteedition","20":"product_tag-istegroup","21":"product_tag-kindle","22":"product_tag-les-transports-durables","23":"product_tag-liseuse","24":"product_tag-livre","25":"product_tag-livre-electronique","26":"product_tag-livre-numerique","27":"product_tag-livre-scientifique","28":"product_tag-livres-scientifiques","29":"product_tag-ouvrage","30":"product_tag-ouvrage-numerique","31":"product_tag-ouvrage-science","32":"product_tag-ouvrage-scientifique","33":"product_tag-ouvrage-scientifique-francais","34":"product_tag-technologie","35":"product_tag-technologies","36":"product_tag-transport","37":"product_tag-transports","38":"product_tag-transports-economes","39":"product_tag-voitures-electriques","41":"first","42":"instock","43":"shipping-taxable","44":"purchasable","45":"product-type-variable"},"acf":[],"yoast_head":"<!-- This site is optimized with the Yoast SEO plugin v27.2 - https:\/\/yoast.com\/product\/yoast-seo-wordpress\/ -->\n<title>Les transports durables - ISTE Group<\/title>\n<meta name=\"description\" content=\"Cet ouvrage approfondit les diff\u00e9rents aspects du transport durable par une approche syst\u00e9mique. Il analyse les solutions technologiques et organisationnelles ainsi que les obstacles \u00e0 surmonter pour les mettre en \u0153uvre.\" \/>\n<meta name=\"robots\" content=\"index, follow, max-snippet:-1, max-image-preview:large, max-video-preview:-1\" \/>\n<link rel=\"canonical\" href=\"https:\/\/www.istegroup.com\/fr\/produit\/les-transports-durables\/\" \/>\n<meta property=\"og:locale\" content=\"en_US\" \/>\n<meta property=\"og:type\" content=\"article\" \/>\n<meta property=\"og:title\" content=\"Les transports durables - ISTE Group\" \/>\n<meta property=\"og:description\" content=\"Cet ouvrage approfondit les diff\u00e9rents aspects du transport durable par une approche syst\u00e9mique. Il analyse les solutions technologiques et organisationnelles ainsi que les obstacles \u00e0 surmonter pour les mettre en \u0153uvre.\" \/>\n<meta property=\"og:url\" content=\"https:\/\/www.istegroup.com\/fr\/produit\/les-transports-durables\/\" \/>\n<meta property=\"og:site_name\" content=\"ISTE Group\" \/>\n<meta property=\"article:modified_time\" content=\"2024-01-03T13:40:10+00:00\" \/>\n<meta property=\"og:image\" content=\"https:\/\/www.istegroup.com\/wp-content\/uploads\/2017\/07\/506438905_242168309-1.jpg\" \/>\n\t<meta property=\"og:image:width\" content=\"300\" \/>\n\t<meta property=\"og:image:height\" content=\"451\" \/>\n\t<meta property=\"og:image:type\" content=\"image\/jpeg\" \/>\n<meta name=\"twitter:card\" content=\"summary_large_image\" \/>\n<meta name=\"twitter:label1\" content=\"Est. reading time\" \/>\n\t<meta name=\"twitter:data1\" content=\"1 minute\" \/>\n<script type=\"application\/ld+json\" class=\"yoast-schema-graph\">{\"@context\":\"https:\/\/schema.org\",\"@graph\":[{\"@type\":\"WebPage\",\"@id\":\"https:\/\/www.istegroup.com\/fr\/produit\/les-transports-durables\/\",\"url\":\"https:\/\/www.istegroup.com\/fr\/produit\/les-transports-durables\/\",\"name\":\"Les transports durables - ISTE Group\",\"isPartOf\":{\"@id\":\"https:\/\/www.istegroup.com\/#website\"},\"primaryImageOfPage\":{\"@id\":\"https:\/\/www.istegroup.com\/fr\/produit\/les-transports-durables\/#primaryimage\"},\"image\":{\"@id\":\"https:\/\/www.istegroup.com\/fr\/produit\/les-transports-durables\/#primaryimage\"},\"thumbnailUrl\":\"https:\/\/www.istegroup.com\/wp-content\/uploads\/2017\/07\/506438905_242168309-1.jpg\",\"datePublished\":\"2017-07-28T12:50:42+00:00\",\"dateModified\":\"2024-01-03T13:40:10+00:00\",\"description\":\"Cet ouvrage approfondit les diff\u00e9rents aspects du transport durable par une approche syst\u00e9mique. Il analyse les solutions technologiques et organisationnelles ainsi que les obstacles \u00e0 surmonter pour les mettre en \u0153uvre.\",\"breadcrumb\":{\"@id\":\"https:\/\/www.istegroup.com\/fr\/produit\/les-transports-durables\/#breadcrumb\"},\"inLanguage\":\"en-US\",\"potentialAction\":[{\"@type\":\"ReadAction\",\"target\":[\"https:\/\/www.istegroup.com\/fr\/produit\/les-transports-durables\/\"]}]},{\"@type\":\"ImageObject\",\"inLanguage\":\"en-US\",\"@id\":\"https:\/\/www.istegroup.com\/fr\/produit\/les-transports-durables\/#primaryimage\",\"url\":\"https:\/\/www.istegroup.com\/wp-content\/uploads\/2017\/07\/506438905_242168309-1.jpg\",\"contentUrl\":\"https:\/\/www.istegroup.com\/wp-content\/uploads\/2017\/07\/506438905_242168309-1.jpg\",\"width\":300,\"height\":451,\"caption\":\"Les transports durables\"},{\"@type\":\"BreadcrumbList\",\"@id\":\"https:\/\/www.istegroup.com\/fr\/produit\/les-transports-durables\/#breadcrumb\",\"itemListElement\":[{\"@type\":\"ListItem\",\"position\":1,\"name\":\"Home\",\"item\":\"https:\/\/www.istegroup.com\/\"},{\"@type\":\"ListItem\",\"position\":2,\"name\":\"Shop\",\"item\":\"https:\/\/www.istegroup.com\/fr\/nouveautes\/\"},{\"@type\":\"ListItem\",\"position\":3,\"name\":\"Les transports durables\"}]},{\"@type\":\"WebSite\",\"@id\":\"https:\/\/www.istegroup.com\/#website\",\"url\":\"https:\/\/www.istegroup.com\/\",\"name\":\"ISTE Group\",\"description\":\"Publishing Knowledge\",\"potentialAction\":[{\"@type\":\"SearchAction\",\"target\":{\"@type\":\"EntryPoint\",\"urlTemplate\":\"https:\/\/www.istegroup.com\/?s={search_term_string}\"},\"query-input\":{\"@type\":\"PropertyValueSpecification\",\"valueRequired\":true,\"valueName\":\"search_term_string\"}}],\"inLanguage\":\"en-US\"}]}<\/script>\n<!-- \/ Yoast SEO plugin. -->","yoast_head_json":{"title":"Les transports durables - ISTE Group","description":"Cet ouvrage approfondit les diff\u00e9rents aspects du transport durable par une approche syst\u00e9mique. Il analyse les solutions technologiques et organisationnelles ainsi que les obstacles \u00e0 surmonter pour les mettre en \u0153uvre.","robots":{"index":"index","follow":"follow","max-snippet":"max-snippet:-1","max-image-preview":"max-image-preview:large","max-video-preview":"max-video-preview:-1"},"canonical":"https:\/\/www.istegroup.com\/fr\/produit\/les-transports-durables\/","og_locale":"en_US","og_type":"article","og_title":"Les transports durables - ISTE Group","og_description":"Cet ouvrage approfondit les diff\u00e9rents aspects du transport durable par une approche syst\u00e9mique. Il analyse les solutions technologiques et organisationnelles ainsi que les obstacles \u00e0 surmonter pour les mettre en \u0153uvre.","og_url":"https:\/\/www.istegroup.com\/fr\/produit\/les-transports-durables\/","og_site_name":"ISTE Group","article_modified_time":"2024-01-03T13:40:10+00:00","og_image":[{"width":300,"height":451,"url":"https:\/\/www.istegroup.com\/wp-content\/uploads\/2017\/07\/506438905_242168309-1.jpg","type":"image\/jpeg"}],"twitter_card":"summary_large_image","twitter_misc":{"Est. reading time":"1 minute"},"schema":{"@context":"https:\/\/schema.org","@graph":[{"@type":"WebPage","@id":"https:\/\/www.istegroup.com\/fr\/produit\/les-transports-durables\/","url":"https:\/\/www.istegroup.com\/fr\/produit\/les-transports-durables\/","name":"Les transports durables - ISTE Group","isPartOf":{"@id":"https:\/\/www.istegroup.com\/#website"},"primaryImageOfPage":{"@id":"https:\/\/www.istegroup.com\/fr\/produit\/les-transports-durables\/#primaryimage"},"image":{"@id":"https:\/\/www.istegroup.com\/fr\/produit\/les-transports-durables\/#primaryimage"},"thumbnailUrl":"https:\/\/www.istegroup.com\/wp-content\/uploads\/2017\/07\/506438905_242168309-1.jpg","datePublished":"2017-07-28T12:50:42+00:00","dateModified":"2024-01-03T13:40:10+00:00","description":"Cet ouvrage approfondit les diff\u00e9rents aspects du transport durable par une approche syst\u00e9mique. Il analyse les solutions technologiques et organisationnelles ainsi que les obstacles \u00e0 surmonter pour les mettre en \u0153uvre.","breadcrumb":{"@id":"https:\/\/www.istegroup.com\/fr\/produit\/les-transports-durables\/#breadcrumb"},"inLanguage":"en-US","potentialAction":[{"@type":"ReadAction","target":["https:\/\/www.istegroup.com\/fr\/produit\/les-transports-durables\/"]}]},{"@type":"ImageObject","inLanguage":"en-US","@id":"https:\/\/www.istegroup.com\/fr\/produit\/les-transports-durables\/#primaryimage","url":"https:\/\/www.istegroup.com\/wp-content\/uploads\/2017\/07\/506438905_242168309-1.jpg","contentUrl":"https:\/\/www.istegroup.com\/wp-content\/uploads\/2017\/07\/506438905_242168309-1.jpg","width":300,"height":451,"caption":"Les transports durables"},{"@type":"BreadcrumbList","@id":"https:\/\/www.istegroup.com\/fr\/produit\/les-transports-durables\/#breadcrumb","itemListElement":[{"@type":"ListItem","position":1,"name":"Home","item":"https:\/\/www.istegroup.com\/"},{"@type":"ListItem","position":2,"name":"Shop","item":"https:\/\/www.istegroup.com\/fr\/nouveautes\/"},{"@type":"ListItem","position":3,"name":"Les transports durables"}]},{"@type":"WebSite","@id":"https:\/\/www.istegroup.com\/#website","url":"https:\/\/www.istegroup.com\/","name":"ISTE Group","description":"Publishing Knowledge","potentialAction":[{"@type":"SearchAction","target":{"@type":"EntryPoint","urlTemplate":"https:\/\/www.istegroup.com\/?s={search_term_string}"},"query-input":{"@type":"PropertyValueSpecification","valueRequired":true,"valueName":"search_term_string"}}],"inLanguage":"en-US"}]}},"_links":{"self":[{"href":"https:\/\/www.istegroup.com\/en\/wp-json\/wp\/v2\/product\/461","targetHints":{"allow":["GET"]}}],"collection":[{"href":"https:\/\/www.istegroup.com\/en\/wp-json\/wp\/v2\/product"}],"about":[{"href":"https:\/\/www.istegroup.com\/en\/wp-json\/wp\/v2\/types\/product"}],"wp:featuredmedia":[{"embeddable":true,"href":"https:\/\/www.istegroup.com\/en\/wp-json\/wp\/v2\/media\/462"}],"wp:attachment":[{"href":"https:\/\/www.istegroup.com\/en\/wp-json\/wp\/v2\/media?parent=461"}],"wp:term":[{"taxonomy":"product_brand","embeddable":true,"href":"https:\/\/www.istegroup.com\/en\/wp-json\/wp\/v2\/product_brand?post=461"},{"taxonomy":"product_cat","embeddable":true,"href":"https:\/\/www.istegroup.com\/en\/wp-json\/wp\/v2\/product_cat?post=461"},{"taxonomy":"product_tag","embeddable":true,"href":"https:\/\/www.istegroup.com\/en\/wp-json\/wp\/v2\/product_tag?post=461"}],"curies":[{"name":"wp","href":"https:\/\/api.w.org\/{rel}","templated":true}]}}