{"id":459,"date":"2017-07-28T14:50:37","date_gmt":"2017-07-28T12:50:37","guid":{"rendered":"https:\/\/iste.yhello.co\/product\/lte-et-lte-advanced\/"},"modified":"2024-01-03T13:40:09","modified_gmt":"2024-01-03T13:40:09","slug":"lte-et-lte-advanced","status":"publish","type":"product","link":"https:\/\/www.istegroup.com\/en\/produit\/lte-et-lte-advanced\/","title":{"rendered":"LTE et LTE Advanced"},"content":{"rendered":"<p>Le r\u00e9seau de mobiles 4G est en d\u00e9ploiement constant avec comme principal objectif l\u2019augmentation du d\u00e9bit sur l\u2019interface radio\u00e9lectrique avec les mobiles et de la capacit\u00e9 de la cellule.<\/p>\n<p>Cet ouvrage pr\u00e9sente de mani\u00e8re synth\u00e9tique les sp\u00e9cifications relatives aux interfaces radio\u00e9lectriques LTE (<em>Long Term Evolution<\/em>) et LTE Advanced, les protocoles, les signaux et canaux physiques et les proc\u00e9dures \u00e0 l&#8217;interface radio\u00e9lectrique.<\/p>\n<p>L\u2019interface radio\u00e9lectrique LTE a \u00e9t\u00e9 introduite dans la Release 8 des sp\u00e9cifications de l\u2019organisme de normalisation 3GPP (<em>3rd Generation Partnership Project<\/em>). Elle permet d\u2019obtenir un d\u00e9bit maximal de 300 Mbit\/s pour le sens descendant et 75 Mbit\/s pour le sens montant. L\u2019interface radio\u00e9lectrique LTE Advanced de la\u00a0<em>Release 10<\/em>pr\u00e9voit \u00e0 terme, un d\u00e9bit maximal de 3 Gbit\/s pour le sens descendant et 1,5 Gbit\/s pour le sens montant.<\/p>\n","protected":false},"excerpt":{"rendered":"<p>Le r\u00e9seau de mobiles 4G est en d\u00e9ploiement constant avec comme principal objectif l\u2019augmentation du d\u00e9bit sur l\u2019interface radio\u00e9lectrique avec les mobiles et de la capacit\u00e9 de la cellule. Cet ouvrage pr\u00e9sente de mani\u00e8re synth\u00e9tique les sp\u00e9cifications relatives aux interfaces radio\u00e9lectriques LTE (Long Term Evolution) et LTE Advanced, les protocoles, les signaux et canaux physiques [&hellip;]<\/p>\n","protected":false},"featured_media":460,"template":"","meta":{"_acf_changed":false,"_links_to":"","_links_to_target":""},"product_brand":[],"product_cat":[679],"product_tag":[1845,306,1846,307,1847,1848,1849,1850,31,196,784,1758,197,198,199,21,200,22,201,203,204,63,25,172,209,1851,1852,1853,822,1854,212,38,192,145,28,1592,1855,1856,1857,1858,312,314,1859],"class_list":{"0":"post-459","1":"product","2":"type-product","3":"status-publish","4":"has-post-thumbnail","6":"product_cat-rseaux-et-tlcommunications-12506534","7":"product_tag-3-gpp","8":"product_tag-4g","9":"product_tag-advanced","10":"product_tag-andre-perez","11":"product_tag-canaux","12":"product_tag-capacite","13":"product_tag-cellule","14":"product_tag-debit","15":"product_tag-ebook","16":"product_tag-ebooks","17":"product_tag-evolution","18":"product_tag-interface","19":"product_tag-iste","20":"product_tag-iste-edition","21":"product_tag-iste-editions","22":"product_tag-iste-group","23":"product_tag-isteedition","24":"product_tag-istegroup","25":"product_tag-kindle","26":"product_tag-liseuse","27":"product_tag-livre","28":"product_tag-livre-electronique","29":"product_tag-livre-numerique","30":"product_tag-livre-scientifique","31":"product_tag-livres-scientifiques","32":"product_tag-lte","33":"product_tag-lte-advanced","34":"product_tag-lte-et-lte-advanced","35":"product_tag-mobile","36":"product_tag-normalisation","37":"product_tag-ouvrage","38":"product_tag-ouvrage-numerique","39":"product_tag-ouvrage-science","40":"product_tag-ouvrage-scientifique","41":"product_tag-ouvrage-scientifique-francais","42":"product_tag-perez","43":"product_tag-protocoles","44":"product_tag-raduielectrique","45":"product_tag-release-10","46":"product_tag-release-8","47":"product_tag-reseau","48":"product_tag-reseaux","49":"product_tag-signaux","51":"first","52":"instock","53":"shipping-taxable","54":"purchasable","55":"product-type-variable"},"acf":[],"yoast_head":"<!-- This site is optimized with the Yoast SEO plugin v27.2 - https:\/\/yoast.com\/product\/yoast-seo-wordpress\/ -->\n<title>LTE et LTE Advanced - ISTE Group<\/title>\n<meta name=\"description\" content=\"Cet ouvrage pr\u00e9sente les sp\u00e9cifications relatives aux interfaces radio\u00e9lectriques LTE (Long Term Evolution) et LTE Advanced, les protocoles, signaux et canaux physiques.\" \/>\n<meta name=\"robots\" content=\"index, follow, max-snippet:-1, max-image-preview:large, max-video-preview:-1\" \/>\n<link rel=\"canonical\" href=\"https:\/\/www.istegroup.com\/en\/produit\/lte-et-lte-advanced\/\" \/>\n<meta property=\"og:locale\" content=\"en_US\" \/>\n<meta property=\"og:type\" content=\"article\" \/>\n<meta property=\"og:title\" content=\"LTE et LTE Advanced - ISTE Group\" \/>\n<meta property=\"og:description\" content=\"Cet ouvrage pr\u00e9sente les sp\u00e9cifications relatives aux interfaces radio\u00e9lectriques LTE (Long Term Evolution) et LTE Advanced, les protocoles, signaux et canaux physiques.\" \/>\n<meta property=\"og:url\" content=\"https:\/\/www.istegroup.com\/en\/produit\/lte-et-lte-advanced\/\" \/>\n<meta property=\"og:site_name\" content=\"ISTE Group\" \/>\n<meta property=\"article:modified_time\" content=\"2024-01-03T13:40:09+00:00\" \/>\n<meta property=\"og:image\" content=\"https:\/\/www.istegroup.com\/wp-content\/uploads\/2017\/07\/7443649476_3578888324-1.jpg\" \/>\n\t<meta property=\"og:image:width\" content=\"300\" \/>\n\t<meta property=\"og:image:height\" content=\"449\" \/>\n\t<meta property=\"og:image:type\" content=\"image\/jpeg\" \/>\n<meta name=\"twitter:card\" content=\"summary_large_image\" \/>\n<meta name=\"twitter:label1\" content=\"Est. reading time\" \/>\n\t<meta name=\"twitter:data1\" content=\"1 minute\" \/>\n<script type=\"application\/ld+json\" class=\"yoast-schema-graph\">{\"@context\":\"https:\/\/schema.org\",\"@graph\":[{\"@type\":\"WebPage\",\"@id\":\"https:\/\/www.istegroup.com\/en\/produit\/lte-et-lte-advanced\/\",\"url\":\"https:\/\/www.istegroup.com\/en\/produit\/lte-et-lte-advanced\/\",\"name\":\"LTE et LTE Advanced - ISTE Group\",\"isPartOf\":{\"@id\":\"https:\/\/www.istegroup.com\/#website\"},\"primaryImageOfPage\":{\"@id\":\"https:\/\/www.istegroup.com\/en\/produit\/lte-et-lte-advanced\/#primaryimage\"},\"image\":{\"@id\":\"https:\/\/www.istegroup.com\/en\/produit\/lte-et-lte-advanced\/#primaryimage\"},\"thumbnailUrl\":\"https:\/\/www.istegroup.com\/wp-content\/uploads\/2017\/07\/7443649476_3578888324-1.jpg\",\"datePublished\":\"2017-07-28T12:50:37+00:00\",\"dateModified\":\"2024-01-03T13:40:09+00:00\",\"description\":\"Cet ouvrage pr\u00e9sente les sp\u00e9cifications relatives aux interfaces radio\u00e9lectriques LTE (Long Term Evolution) et LTE Advanced, les protocoles, signaux et canaux physiques.\",\"breadcrumb\":{\"@id\":\"https:\/\/www.istegroup.com\/en\/produit\/lte-et-lte-advanced\/#breadcrumb\"},\"inLanguage\":\"en-US\",\"potentialAction\":[{\"@type\":\"ReadAction\",\"target\":[\"https:\/\/www.istegroup.com\/en\/produit\/lte-et-lte-advanced\/\"]}]},{\"@type\":\"ImageObject\",\"inLanguage\":\"en-US\",\"@id\":\"https:\/\/www.istegroup.com\/en\/produit\/lte-et-lte-advanced\/#primaryimage\",\"url\":\"https:\/\/www.istegroup.com\/wp-content\/uploads\/2017\/07\/7443649476_3578888324-1.jpg\",\"contentUrl\":\"https:\/\/www.istegroup.com\/wp-content\/uploads\/2017\/07\/7443649476_3578888324-1.jpg\",\"width\":300,\"height\":449,\"caption\":\"Les interfaces radio\u00e9lectriques du r\u00e9seau mobile 4G\"},{\"@type\":\"BreadcrumbList\",\"@id\":\"https:\/\/www.istegroup.com\/en\/produit\/lte-et-lte-advanced\/#breadcrumb\",\"itemListElement\":[{\"@type\":\"ListItem\",\"position\":1,\"name\":\"Home\",\"item\":\"https:\/\/www.istegroup.com\/\"},{\"@type\":\"ListItem\",\"position\":2,\"name\":\"Shop\",\"item\":\"https:\/\/www.istegroup.com\/fr\/nouveautes\/\"},{\"@type\":\"ListItem\",\"position\":3,\"name\":\"LTE et LTE Advanced\"}]},{\"@type\":\"WebSite\",\"@id\":\"https:\/\/www.istegroup.com\/#website\",\"url\":\"https:\/\/www.istegroup.com\/\",\"name\":\"ISTE Group\",\"description\":\"Publishing Knowledge\",\"potentialAction\":[{\"@type\":\"SearchAction\",\"target\":{\"@type\":\"EntryPoint\",\"urlTemplate\":\"https:\/\/www.istegroup.com\/?s={search_term_string}\"},\"query-input\":{\"@type\":\"PropertyValueSpecification\",\"valueRequired\":true,\"valueName\":\"search_term_string\"}}],\"inLanguage\":\"en-US\"}]}<\/script>\n<!-- \/ Yoast SEO plugin. -->","yoast_head_json":{"title":"LTE et LTE Advanced - ISTE Group","description":"Cet ouvrage pr\u00e9sente les sp\u00e9cifications relatives aux interfaces radio\u00e9lectriques LTE (Long Term Evolution) et LTE Advanced, les protocoles, signaux et canaux physiques.","robots":{"index":"index","follow":"follow","max-snippet":"max-snippet:-1","max-image-preview":"max-image-preview:large","max-video-preview":"max-video-preview:-1"},"canonical":"https:\/\/www.istegroup.com\/en\/produit\/lte-et-lte-advanced\/","og_locale":"en_US","og_type":"article","og_title":"LTE et LTE Advanced - ISTE Group","og_description":"Cet ouvrage pr\u00e9sente les sp\u00e9cifications relatives aux interfaces radio\u00e9lectriques LTE (Long Term Evolution) et LTE Advanced, les protocoles, signaux et canaux physiques.","og_url":"https:\/\/www.istegroup.com\/en\/produit\/lte-et-lte-advanced\/","og_site_name":"ISTE Group","article_modified_time":"2024-01-03T13:40:09+00:00","og_image":[{"width":300,"height":449,"url":"https:\/\/www.istegroup.com\/wp-content\/uploads\/2017\/07\/7443649476_3578888324-1.jpg","type":"image\/jpeg"}],"twitter_card":"summary_large_image","twitter_misc":{"Est. reading time":"1 minute"},"schema":{"@context":"https:\/\/schema.org","@graph":[{"@type":"WebPage","@id":"https:\/\/www.istegroup.com\/en\/produit\/lte-et-lte-advanced\/","url":"https:\/\/www.istegroup.com\/en\/produit\/lte-et-lte-advanced\/","name":"LTE et LTE Advanced - ISTE Group","isPartOf":{"@id":"https:\/\/www.istegroup.com\/#website"},"primaryImageOfPage":{"@id":"https:\/\/www.istegroup.com\/en\/produit\/lte-et-lte-advanced\/#primaryimage"},"image":{"@id":"https:\/\/www.istegroup.com\/en\/produit\/lte-et-lte-advanced\/#primaryimage"},"thumbnailUrl":"https:\/\/www.istegroup.com\/wp-content\/uploads\/2017\/07\/7443649476_3578888324-1.jpg","datePublished":"2017-07-28T12:50:37+00:00","dateModified":"2024-01-03T13:40:09+00:00","description":"Cet ouvrage pr\u00e9sente les sp\u00e9cifications relatives aux interfaces radio\u00e9lectriques LTE (Long Term Evolution) et LTE Advanced, les protocoles, signaux et canaux physiques.","breadcrumb":{"@id":"https:\/\/www.istegroup.com\/en\/produit\/lte-et-lte-advanced\/#breadcrumb"},"inLanguage":"en-US","potentialAction":[{"@type":"ReadAction","target":["https:\/\/www.istegroup.com\/en\/produit\/lte-et-lte-advanced\/"]}]},{"@type":"ImageObject","inLanguage":"en-US","@id":"https:\/\/www.istegroup.com\/en\/produit\/lte-et-lte-advanced\/#primaryimage","url":"https:\/\/www.istegroup.com\/wp-content\/uploads\/2017\/07\/7443649476_3578888324-1.jpg","contentUrl":"https:\/\/www.istegroup.com\/wp-content\/uploads\/2017\/07\/7443649476_3578888324-1.jpg","width":300,"height":449,"caption":"Les interfaces radio\u00e9lectriques du r\u00e9seau mobile 4G"},{"@type":"BreadcrumbList","@id":"https:\/\/www.istegroup.com\/en\/produit\/lte-et-lte-advanced\/#breadcrumb","itemListElement":[{"@type":"ListItem","position":1,"name":"Home","item":"https:\/\/www.istegroup.com\/"},{"@type":"ListItem","position":2,"name":"Shop","item":"https:\/\/www.istegroup.com\/fr\/nouveautes\/"},{"@type":"ListItem","position":3,"name":"LTE et LTE Advanced"}]},{"@type":"WebSite","@id":"https:\/\/www.istegroup.com\/#website","url":"https:\/\/www.istegroup.com\/","name":"ISTE Group","description":"Publishing Knowledge","potentialAction":[{"@type":"SearchAction","target":{"@type":"EntryPoint","urlTemplate":"https:\/\/www.istegroup.com\/?s={search_term_string}"},"query-input":{"@type":"PropertyValueSpecification","valueRequired":true,"valueName":"search_term_string"}}],"inLanguage":"en-US"}]}},"_links":{"self":[{"href":"https:\/\/www.istegroup.com\/en\/wp-json\/wp\/v2\/product\/459","targetHints":{"allow":["GET"]}}],"collection":[{"href":"https:\/\/www.istegroup.com\/en\/wp-json\/wp\/v2\/product"}],"about":[{"href":"https:\/\/www.istegroup.com\/en\/wp-json\/wp\/v2\/types\/product"}],"wp:featuredmedia":[{"embeddable":true,"href":"https:\/\/www.istegroup.com\/en\/wp-json\/wp\/v2\/media\/460"}],"wp:attachment":[{"href":"https:\/\/www.istegroup.com\/en\/wp-json\/wp\/v2\/media?parent=459"}],"wp:term":[{"taxonomy":"product_brand","embeddable":true,"href":"https:\/\/www.istegroup.com\/en\/wp-json\/wp\/v2\/product_brand?post=459"},{"taxonomy":"product_cat","embeddable":true,"href":"https:\/\/www.istegroup.com\/en\/wp-json\/wp\/v2\/product_cat?post=459"},{"taxonomy":"product_tag","embeddable":true,"href":"https:\/\/www.istegroup.com\/en\/wp-json\/wp\/v2\/product_tag?post=459"}],"curies":[{"name":"wp","href":"https:\/\/api.w.org\/{rel}","templated":true}]}}