{"id":457,"date":"2017-07-28T14:49:09","date_gmt":"2017-07-28T12:49:09","guid":{"rendered":"https:\/\/iste.yhello.co\/product\/les-tests-cellulaires\/"},"modified":"2024-01-03T13:40:09","modified_gmt":"2024-01-03T13:40:09","slug":"les-tests-cellulaires","status":"publish","type":"product","link":"https:\/\/www.istegroup.com\/en\/produit\/les-tests-cellulaires\/","title":{"rendered":"Les tests cellulaires"},"content":{"rendered":"<p>Au centre des \u00e9volutions et des enjeux scientifiques, techniques, sanitaires et \u00e9conomiques, les tests de mesure sur cellules vivantes repr\u00e9sentent aujourd\u2019hui un march\u00e9 de plus de quatre milliards de dollars. Leurs usages classiques en toxicologie et dans le secteur de la d\u00e9couverte de nouveaux m\u00e9dicaments en font un objet d\u2019int\u00e9r\u00eat soci\u00e9tal.<\/p>\n<p><em>Les tests cellulaires\u00a0<\/em>\u00e9tudie leurs domaines d\u2019applications au sein de secteurs tr\u00e8s vari\u00e9s : industrie pharmaceutique et cosm\u00e9tique, \u00e9valuation du risque chimique (REACH), alternatives aux essais sur les animaux, diagnostic aupr\u00e8s du patient, management de l\u2019environnement ou encore bioterrorisme.<\/p>\n<p>Dans une perspective historique, il retrace l\u2019\u00e9mergence de la culture cellulaire, dont la ma\u00eetrise a permis le d\u00e9veloppement de m\u00e9thodes toujours plus informatives et standardis\u00e9es. La disponibilit\u00e9 des cellules souches humaines, l\u2019\u00e9mergence des biopuces et le positionnement \u00e9thique des approches cellulaires sont \u00e9galement abord\u00e9s.<\/p>\n<p>Rappelant pr\u00e8s de 90 tests d\u2019usage courant, cet ouvrage met en relief leur place et leur pertinence dans l\u2019\u00e9ventail des besoins industriels et r\u00e9glementaires actuels.<\/p>\n","protected":false},"excerpt":{"rendered":"<p>Au centre des \u00e9volutions et des enjeux scientifiques, techniques, sanitaires et \u00e9conomiques, les tests de mesure sur cellules vivantes repr\u00e9sentent aujourd\u2019hui un march\u00e9 de plus de quatre milliards de dollars. Leurs usages classiques en toxicologie et dans le secteur de la d\u00e9couverte de nouveaux m\u00e9dicaments en font un objet d\u2019int\u00e9r\u00eat soci\u00e9tal. Les tests cellulaires\u00a0\u00e9tudie leurs [&hellip;]<\/p>\n","protected":false},"featured_media":458,"template":"","meta":{"_acf_changed":false,"_links_to":"","_links_to_target":""},"product_brand":[],"product_cat":[656,675],"product_tag":[1829,1830,1831,1832,1833,1834,1835,1836,335,1837,1838,31,196,329,1839,1840,197,198,199,21,200,22,201,1841,203,204,63,25,172,209,1842,212,38,192,145,28,1843,1844],"class_list":{"0":"post-457","1":"product","2":"type-product","3":"status-publish","4":"has-post-thumbnail","6":"product_cat-bioingnierie-mdicale-11476891","7":"product_cat-nouveauts-12519446","8":"product_tag-biopuces","9":"product_tag-bioterrorisme","10":"product_tag-cellulaires","11":"product_tag-cellules","12":"product_tag-cellules-souches","13":"product_tag-cellules-souches-humaines","14":"product_tag-cellules-vivantes","15":"product_tag-christophe-furger","16":"product_tag-cnrs","17":"product_tag-culture-cellulaire","18":"product_tag-diagnostic","19":"product_tag-ebook","20":"product_tag-ebooks","21":"product_tag-environnement","22":"product_tag-industrie-cosmetique","23":"product_tag-industrie-pharmaceutique","24":"product_tag-iste","25":"product_tag-iste-edition","26":"product_tag-iste-editions","27":"product_tag-iste-group","28":"product_tag-isteedition","29":"product_tag-istegroup","30":"product_tag-kindle","31":"product_tag-les-tests-cellulaires","32":"product_tag-liseuse","33":"product_tag-livre","34":"product_tag-livre-electronique","35":"product_tag-livre-numerique","36":"product_tag-livre-scientifique","37":"product_tag-livres-scientifiques","38":"product_tag-medicament","39":"product_tag-ouvrage","40":"product_tag-ouvrage-numerique","41":"product_tag-ouvrage-science","42":"product_tag-ouvrage-scientifique","43":"product_tag-ouvrage-scientifique-francais","44":"product_tag-risque-chimique","45":"product_tag-tests-cellulaires","47":"first","48":"instock","49":"shipping-taxable","50":"purchasable","51":"product-type-variable"},"acf":[],"yoast_head":"<!-- This site is optimized with the Yoast SEO plugin v27.2 - https:\/\/yoast.com\/product\/yoast-seo-wordpress\/ -->\n<title>Les tests cellulaires - ISTE Group<\/title>\n<meta name=\"description\" content=\"Les tests cellulaires\u00a0\u00e9tudie leurs domaines d\u2019applications au sein de secteurs tr\u00e8s vari\u00e9s et met en relief leur place et leur pertinence dans l\u2019\u00e9ventail des besoins industriels et r\u00e9glementaires actuels.\" \/>\n<meta name=\"robots\" content=\"index, follow, max-snippet:-1, max-image-preview:large, max-video-preview:-1\" \/>\n<link rel=\"canonical\" href=\"https:\/\/www.istegroup.com\/fr\/produit\/les-tests-cellulaires\/\" \/>\n<meta property=\"og:locale\" content=\"en_US\" \/>\n<meta property=\"og:type\" content=\"article\" \/>\n<meta property=\"og:title\" content=\"Les tests cellulaires - ISTE Group\" \/>\n<meta property=\"og:description\" content=\"Les tests cellulaires\u00a0\u00e9tudie leurs domaines d\u2019applications au sein de secteurs tr\u00e8s vari\u00e9s et met en relief leur place et leur pertinence dans l\u2019\u00e9ventail des besoins industriels et r\u00e9glementaires actuels.\" \/>\n<meta property=\"og:url\" content=\"https:\/\/www.istegroup.com\/fr\/produit\/les-tests-cellulaires\/\" \/>\n<meta property=\"og:site_name\" content=\"ISTE Group\" \/>\n<meta property=\"article:modified_time\" content=\"2024-01-03T13:40:09+00:00\" \/>\n<meta property=\"og:image\" content=\"https:\/\/www.istegroup.com\/wp-content\/uploads\/2017\/07\/17606914385_8325013137-1.jpg\" \/>\n\t<meta property=\"og:image:width\" content=\"1359\" \/>\n\t<meta property=\"og:image:height\" content=\"2048\" \/>\n\t<meta property=\"og:image:type\" content=\"image\/jpeg\" \/>\n<meta name=\"twitter:card\" content=\"summary_large_image\" \/>\n<meta name=\"twitter:label1\" content=\"Est. reading time\" \/>\n\t<meta name=\"twitter:data1\" content=\"1 minute\" \/>\n<script type=\"application\/ld+json\" class=\"yoast-schema-graph\">{\"@context\":\"https:\/\/schema.org\",\"@graph\":[{\"@type\":\"WebPage\",\"@id\":\"https:\/\/www.istegroup.com\/fr\/produit\/les-tests-cellulaires\/\",\"url\":\"https:\/\/www.istegroup.com\/fr\/produit\/les-tests-cellulaires\/\",\"name\":\"Les tests cellulaires - ISTE Group\",\"isPartOf\":{\"@id\":\"https:\/\/www.istegroup.com\/#website\"},\"primaryImageOfPage\":{\"@id\":\"https:\/\/www.istegroup.com\/fr\/produit\/les-tests-cellulaires\/#primaryimage\"},\"image\":{\"@id\":\"https:\/\/www.istegroup.com\/fr\/produit\/les-tests-cellulaires\/#primaryimage\"},\"thumbnailUrl\":\"https:\/\/www.istegroup.com\/wp-content\/uploads\/2017\/07\/17606914385_8325013137-1.jpg\",\"datePublished\":\"2017-07-28T12:49:09+00:00\",\"dateModified\":\"2024-01-03T13:40:09+00:00\",\"description\":\"Les tests cellulaires\u00a0\u00e9tudie leurs domaines d\u2019applications au sein de secteurs tr\u00e8s vari\u00e9s et met en relief leur place et leur pertinence dans l\u2019\u00e9ventail des besoins industriels et r\u00e9glementaires actuels.\",\"breadcrumb\":{\"@id\":\"https:\/\/www.istegroup.com\/fr\/produit\/les-tests-cellulaires\/#breadcrumb\"},\"inLanguage\":\"en-US\",\"potentialAction\":[{\"@type\":\"ReadAction\",\"target\":[\"https:\/\/www.istegroup.com\/fr\/produit\/les-tests-cellulaires\/\"]}]},{\"@type\":\"ImageObject\",\"inLanguage\":\"en-US\",\"@id\":\"https:\/\/www.istegroup.com\/fr\/produit\/les-tests-cellulaires\/#primaryimage\",\"url\":\"https:\/\/www.istegroup.com\/wp-content\/uploads\/2017\/07\/17606914385_8325013137-1.jpg\",\"contentUrl\":\"https:\/\/www.istegroup.com\/wp-content\/uploads\/2017\/07\/17606914385_8325013137-1.jpg\",\"width\":1359,\"height\":2048,\"caption\":\"De la recherche aux applications industrielles en toxicit\u00e9 et sant\u00e9\"},{\"@type\":\"BreadcrumbList\",\"@id\":\"https:\/\/www.istegroup.com\/fr\/produit\/les-tests-cellulaires\/#breadcrumb\",\"itemListElement\":[{\"@type\":\"ListItem\",\"position\":1,\"name\":\"Home\",\"item\":\"https:\/\/www.istegroup.com\/\"},{\"@type\":\"ListItem\",\"position\":2,\"name\":\"Shop\",\"item\":\"https:\/\/www.istegroup.com\/fr\/nouveautes\/\"},{\"@type\":\"ListItem\",\"position\":3,\"name\":\"Les tests cellulaires\"}]},{\"@type\":\"WebSite\",\"@id\":\"https:\/\/www.istegroup.com\/#website\",\"url\":\"https:\/\/www.istegroup.com\/\",\"name\":\"ISTE Group\",\"description\":\"Publishing Knowledge\",\"potentialAction\":[{\"@type\":\"SearchAction\",\"target\":{\"@type\":\"EntryPoint\",\"urlTemplate\":\"https:\/\/www.istegroup.com\/?s={search_term_string}\"},\"query-input\":{\"@type\":\"PropertyValueSpecification\",\"valueRequired\":true,\"valueName\":\"search_term_string\"}}],\"inLanguage\":\"en-US\"}]}<\/script>\n<!-- \/ Yoast SEO plugin. -->","yoast_head_json":{"title":"Les tests cellulaires - ISTE Group","description":"Les tests cellulaires\u00a0\u00e9tudie leurs domaines d\u2019applications au sein de secteurs tr\u00e8s vari\u00e9s et met en relief leur place et leur pertinence dans l\u2019\u00e9ventail des besoins industriels et r\u00e9glementaires actuels.","robots":{"index":"index","follow":"follow","max-snippet":"max-snippet:-1","max-image-preview":"max-image-preview:large","max-video-preview":"max-video-preview:-1"},"canonical":"https:\/\/www.istegroup.com\/fr\/produit\/les-tests-cellulaires\/","og_locale":"en_US","og_type":"article","og_title":"Les tests cellulaires - ISTE Group","og_description":"Les tests cellulaires\u00a0\u00e9tudie leurs domaines d\u2019applications au sein de secteurs tr\u00e8s vari\u00e9s et met en relief leur place et leur pertinence dans l\u2019\u00e9ventail des besoins industriels et r\u00e9glementaires actuels.","og_url":"https:\/\/www.istegroup.com\/fr\/produit\/les-tests-cellulaires\/","og_site_name":"ISTE Group","article_modified_time":"2024-01-03T13:40:09+00:00","og_image":[{"width":1359,"height":2048,"url":"https:\/\/www.istegroup.com\/wp-content\/uploads\/2017\/07\/17606914385_8325013137-1.jpg","type":"image\/jpeg"}],"twitter_card":"summary_large_image","twitter_misc":{"Est. reading time":"1 minute"},"schema":{"@context":"https:\/\/schema.org","@graph":[{"@type":"WebPage","@id":"https:\/\/www.istegroup.com\/fr\/produit\/les-tests-cellulaires\/","url":"https:\/\/www.istegroup.com\/fr\/produit\/les-tests-cellulaires\/","name":"Les tests cellulaires - ISTE Group","isPartOf":{"@id":"https:\/\/www.istegroup.com\/#website"},"primaryImageOfPage":{"@id":"https:\/\/www.istegroup.com\/fr\/produit\/les-tests-cellulaires\/#primaryimage"},"image":{"@id":"https:\/\/www.istegroup.com\/fr\/produit\/les-tests-cellulaires\/#primaryimage"},"thumbnailUrl":"https:\/\/www.istegroup.com\/wp-content\/uploads\/2017\/07\/17606914385_8325013137-1.jpg","datePublished":"2017-07-28T12:49:09+00:00","dateModified":"2024-01-03T13:40:09+00:00","description":"Les tests cellulaires\u00a0\u00e9tudie leurs domaines d\u2019applications au sein de secteurs tr\u00e8s vari\u00e9s et met en relief leur place et leur pertinence dans l\u2019\u00e9ventail des besoins industriels et r\u00e9glementaires actuels.","breadcrumb":{"@id":"https:\/\/www.istegroup.com\/fr\/produit\/les-tests-cellulaires\/#breadcrumb"},"inLanguage":"en-US","potentialAction":[{"@type":"ReadAction","target":["https:\/\/www.istegroup.com\/fr\/produit\/les-tests-cellulaires\/"]}]},{"@type":"ImageObject","inLanguage":"en-US","@id":"https:\/\/www.istegroup.com\/fr\/produit\/les-tests-cellulaires\/#primaryimage","url":"https:\/\/www.istegroup.com\/wp-content\/uploads\/2017\/07\/17606914385_8325013137-1.jpg","contentUrl":"https:\/\/www.istegroup.com\/wp-content\/uploads\/2017\/07\/17606914385_8325013137-1.jpg","width":1359,"height":2048,"caption":"De la recherche aux applications industrielles en toxicit\u00e9 et sant\u00e9"},{"@type":"BreadcrumbList","@id":"https:\/\/www.istegroup.com\/fr\/produit\/les-tests-cellulaires\/#breadcrumb","itemListElement":[{"@type":"ListItem","position":1,"name":"Home","item":"https:\/\/www.istegroup.com\/"},{"@type":"ListItem","position":2,"name":"Shop","item":"https:\/\/www.istegroup.com\/fr\/nouveautes\/"},{"@type":"ListItem","position":3,"name":"Les tests cellulaires"}]},{"@type":"WebSite","@id":"https:\/\/www.istegroup.com\/#website","url":"https:\/\/www.istegroup.com\/","name":"ISTE Group","description":"Publishing Knowledge","potentialAction":[{"@type":"SearchAction","target":{"@type":"EntryPoint","urlTemplate":"https:\/\/www.istegroup.com\/?s={search_term_string}"},"query-input":{"@type":"PropertyValueSpecification","valueRequired":true,"valueName":"search_term_string"}}],"inLanguage":"en-US"}]}},"_links":{"self":[{"href":"https:\/\/www.istegroup.com\/en\/wp-json\/wp\/v2\/product\/457","targetHints":{"allow":["GET"]}}],"collection":[{"href":"https:\/\/www.istegroup.com\/en\/wp-json\/wp\/v2\/product"}],"about":[{"href":"https:\/\/www.istegroup.com\/en\/wp-json\/wp\/v2\/types\/product"}],"wp:featuredmedia":[{"embeddable":true,"href":"https:\/\/www.istegroup.com\/en\/wp-json\/wp\/v2\/media\/458"}],"wp:attachment":[{"href":"https:\/\/www.istegroup.com\/en\/wp-json\/wp\/v2\/media?parent=457"}],"wp:term":[{"taxonomy":"product_brand","embeddable":true,"href":"https:\/\/www.istegroup.com\/en\/wp-json\/wp\/v2\/product_brand?post=457"},{"taxonomy":"product_cat","embeddable":true,"href":"https:\/\/www.istegroup.com\/en\/wp-json\/wp\/v2\/product_cat?post=457"},{"taxonomy":"product_tag","embeddable":true,"href":"https:\/\/www.istegroup.com\/en\/wp-json\/wp\/v2\/product_tag?post=457"}],"curies":[{"name":"wp","href":"https:\/\/api.w.org\/{rel}","templated":true}]}}