{"id":45473,"date":"2022-03-02T14:29:20","date_gmt":"2022-03-02T14:29:20","guid":{"rendered":"https:\/\/www.istegroup.com\/?post_type=product&#038;p=45473"},"modified":"2024-01-03T13:45:38","modified_gmt":"2024-01-03T13:45:38","slug":"le-desarmement-et-le-demantelement-dans-le-domaine-nucleaire","status":"publish","type":"product","link":"https:\/\/www.istegroup.com\/en\/produit\/le-desarmement-et-le-demantelement-dans-le-domaine-nucleaire\/","title":{"rendered":"Le d\u00e9sarmement et le d\u00e9mant\u00e8lement dans le domaine nucl\u00e9aire"},"content":{"rendered":"<p class=\"qtranxs-available-languages-message qtranxs-available-languages-message-en\">Sorry, this entry is only available in <a href=\"https:\/\/www.istegroup.com\/fr\/wp-json\/wp\/v2\/product\/45473\" class=\"qtranxs-available-language-link qtranxs-available-language-link-fr\" title=\"FR\">FR<\/a>.<\/p>","protected":false},"excerpt":{"rendered":"<p>Sorry, this entry is only available in FR.<\/p>\n","protected":false},"featured_media":45480,"template":"","meta":{"_acf_changed":false,"_links_to":"","_links_to_target":""},"product_brand":[],"product_cat":[658],"product_tag":[],"class_list":{"0":"post-45473","1":"product","2":"type-product","3":"status-publish","4":"has-post-thumbnail","6":"product_cat-ecologie-14419669","8":"first","9":"instock","10":"shipping-taxable","11":"purchasable","12":"product-type-variable"},"acf":[],"yoast_head":"<!-- This site is optimized with the Yoast SEO plugin v27.2 - https:\/\/yoast.com\/product\/yoast-seo-wordpress\/ -->\n<title>Le d\u00e9sarmement et le d\u00e9mant\u00e8lement dans le domaine nucl\u00e9aire - ISTE Group<\/title>\n<meta name=\"description\" content=\"Le d\u00e9sarmement et le d\u00e9mant\u00e8lement dans le domaine nucl\u00e9aire fait un point sur les devoirs des pays en mati\u00e8re de nucl\u00e9aire et sur la r\u00e9alit\u00e9 de la situation actuelle et \u00e0 venir.\" \/>\n<meta name=\"robots\" content=\"index, follow, max-snippet:-1, max-image-preview:large, max-video-preview:-1\" \/>\n<link rel=\"canonical\" href=\"https:\/\/www.istegroup.com\/fr\/produit\/le-desarmement-et-le-demantelement-dans-le-domaine-nucleaire\/\" \/>\n<meta property=\"og:locale\" content=\"en_US\" \/>\n<meta property=\"og:type\" content=\"article\" \/>\n<meta property=\"og:title\" content=\"Le d\u00e9sarmement et le d\u00e9mant\u00e8lement dans le domaine nucl\u00e9aire - ISTE Group\" \/>\n<meta property=\"og:description\" content=\"Le d\u00e9sarmement et le d\u00e9mant\u00e8lement dans le domaine nucl\u00e9aire fait un point sur les devoirs des pays en mati\u00e8re de nucl\u00e9aire et sur la r\u00e9alit\u00e9 de la situation actuelle et \u00e0 venir.\" \/>\n<meta property=\"og:url\" content=\"https:\/\/www.istegroup.com\/fr\/produit\/le-desarmement-et-le-demantelement-dans-le-domaine-nucleaire\/\" \/>\n<meta property=\"og:site_name\" content=\"ISTE Group\" \/>\n<meta property=\"article:modified_time\" content=\"2024-01-03T13:45:38+00:00\" \/>\n<meta property=\"og:image\" content=\"https:\/\/www.istegroup.com\/wp-content\/uploads\/2022\/02\/Le-desarmement-et-le-demantelement-dans-le-domaine-nucleaire.jpg\" \/>\n\t<meta property=\"og:image:width\" content=\"350\" \/>\n\t<meta property=\"og:image:height\" content=\"524\" \/>\n\t<meta property=\"og:image:type\" content=\"image\/jpeg\" \/>\n<meta name=\"twitter:card\" content=\"summary_large_image\" \/>\n<meta name=\"twitter:label1\" content=\"Est. reading time\" \/>\n\t<meta name=\"twitter:data1\" content=\"1 minute\" \/>\n<script type=\"application\/ld+json\" class=\"yoast-schema-graph\">{\"@context\":\"https:\/\/schema.org\",\"@graph\":[{\"@type\":\"WebPage\",\"@id\":\"https:\/\/www.istegroup.com\/fr\/produit\/le-desarmement-et-le-demantelement-dans-le-domaine-nucleaire\/\",\"url\":\"https:\/\/www.istegroup.com\/fr\/produit\/le-desarmement-et-le-demantelement-dans-le-domaine-nucleaire\/\",\"name\":\"Le d\u00e9sarmement et le d\u00e9mant\u00e8lement dans le domaine nucl\u00e9aire - ISTE Group\",\"isPartOf\":{\"@id\":\"https:\/\/www.istegroup.com\/#website\"},\"primaryImageOfPage\":{\"@id\":\"https:\/\/www.istegroup.com\/fr\/produit\/le-desarmement-et-le-demantelement-dans-le-domaine-nucleaire\/#primaryimage\"},\"image\":{\"@id\":\"https:\/\/www.istegroup.com\/fr\/produit\/le-desarmement-et-le-demantelement-dans-le-domaine-nucleaire\/#primaryimage\"},\"thumbnailUrl\":\"https:\/\/www.istegroup.com\/wp-content\/uploads\/2022\/02\/Le-desarmement-et-le-demantelement-dans-le-domaine-nucleaire.jpg\",\"datePublished\":\"2022-03-02T14:29:20+00:00\",\"dateModified\":\"2024-01-03T13:45:38+00:00\",\"description\":\"Le d\u00e9sarmement et le d\u00e9mant\u00e8lement dans le domaine nucl\u00e9aire fait un point sur les devoirs des pays en mati\u00e8re de nucl\u00e9aire et sur la r\u00e9alit\u00e9 de la situation actuelle et \u00e0 venir.\",\"breadcrumb\":{\"@id\":\"https:\/\/www.istegroup.com\/fr\/produit\/le-desarmement-et-le-demantelement-dans-le-domaine-nucleaire\/#breadcrumb\"},\"inLanguage\":\"en-US\",\"potentialAction\":[{\"@type\":\"ReadAction\",\"target\":[\"https:\/\/www.istegroup.com\/fr\/produit\/le-desarmement-et-le-demantelement-dans-le-domaine-nucleaire\/\"]}]},{\"@type\":\"ImageObject\",\"inLanguage\":\"en-US\",\"@id\":\"https:\/\/www.istegroup.com\/fr\/produit\/le-desarmement-et-le-demantelement-dans-le-domaine-nucleaire\/#primaryimage\",\"url\":\"https:\/\/www.istegroup.com\/wp-content\/uploads\/2022\/02\/Le-desarmement-et-le-demantelement-dans-le-domaine-nucleaire.jpg\",\"contentUrl\":\"https:\/\/www.istegroup.com\/wp-content\/uploads\/2022\/02\/Le-desarmement-et-le-demantelement-dans-le-domaine-nucleaire.jpg\",\"width\":350,\"height\":524,\"caption\":\"Livre scientifique - Le d\u00e9sarmement et le d\u00e9mant\u00e8lement dans le domaine nucl\u00e9aire\"},{\"@type\":\"BreadcrumbList\",\"@id\":\"https:\/\/www.istegroup.com\/fr\/produit\/le-desarmement-et-le-demantelement-dans-le-domaine-nucleaire\/#breadcrumb\",\"itemListElement\":[{\"@type\":\"ListItem\",\"position\":1,\"name\":\"Home\",\"item\":\"https:\/\/www.istegroup.com\/\"},{\"@type\":\"ListItem\",\"position\":2,\"name\":\"Shop\",\"item\":\"https:\/\/www.istegroup.com\/fr\/nouveautes\/\"},{\"@type\":\"ListItem\",\"position\":3,\"name\":\"Le d\u00e9sarmement et le d\u00e9mant\u00e8lement dans le domaine nucl\u00e9aire\"}]},{\"@type\":\"WebSite\",\"@id\":\"https:\/\/www.istegroup.com\/#website\",\"url\":\"https:\/\/www.istegroup.com\/\",\"name\":\"ISTE Group\",\"description\":\"Publishing Knowledge\",\"potentialAction\":[{\"@type\":\"SearchAction\",\"target\":{\"@type\":\"EntryPoint\",\"urlTemplate\":\"https:\/\/www.istegroup.com\/?s={search_term_string}\"},\"query-input\":{\"@type\":\"PropertyValueSpecification\",\"valueRequired\":true,\"valueName\":\"search_term_string\"}}],\"inLanguage\":\"en-US\"}]}<\/script>\n<!-- \/ Yoast SEO plugin. -->","yoast_head_json":{"title":"Le d\u00e9sarmement et le d\u00e9mant\u00e8lement dans le domaine nucl\u00e9aire - ISTE Group","description":"Le d\u00e9sarmement et le d\u00e9mant\u00e8lement dans le domaine nucl\u00e9aire fait un point sur les devoirs des pays en mati\u00e8re de nucl\u00e9aire et sur la r\u00e9alit\u00e9 de la situation actuelle et \u00e0 venir.","robots":{"index":"index","follow":"follow","max-snippet":"max-snippet:-1","max-image-preview":"max-image-preview:large","max-video-preview":"max-video-preview:-1"},"canonical":"https:\/\/www.istegroup.com\/fr\/produit\/le-desarmement-et-le-demantelement-dans-le-domaine-nucleaire\/","og_locale":"en_US","og_type":"article","og_title":"Le d\u00e9sarmement et le d\u00e9mant\u00e8lement dans le domaine nucl\u00e9aire - ISTE Group","og_description":"Le d\u00e9sarmement et le d\u00e9mant\u00e8lement dans le domaine nucl\u00e9aire fait un point sur les devoirs des pays en mati\u00e8re de nucl\u00e9aire et sur la r\u00e9alit\u00e9 de la situation actuelle et \u00e0 venir.","og_url":"https:\/\/www.istegroup.com\/fr\/produit\/le-desarmement-et-le-demantelement-dans-le-domaine-nucleaire\/","og_site_name":"ISTE Group","article_modified_time":"2024-01-03T13:45:38+00:00","og_image":[{"width":350,"height":524,"url":"https:\/\/www.istegroup.com\/wp-content\/uploads\/2022\/02\/Le-desarmement-et-le-demantelement-dans-le-domaine-nucleaire.jpg","type":"image\/jpeg"}],"twitter_card":"summary_large_image","twitter_misc":{"Est. reading time":"1 minute"},"schema":{"@context":"https:\/\/schema.org","@graph":[{"@type":"WebPage","@id":"https:\/\/www.istegroup.com\/fr\/produit\/le-desarmement-et-le-demantelement-dans-le-domaine-nucleaire\/","url":"https:\/\/www.istegroup.com\/fr\/produit\/le-desarmement-et-le-demantelement-dans-le-domaine-nucleaire\/","name":"Le d\u00e9sarmement et le d\u00e9mant\u00e8lement dans le domaine nucl\u00e9aire - ISTE Group","isPartOf":{"@id":"https:\/\/www.istegroup.com\/#website"},"primaryImageOfPage":{"@id":"https:\/\/www.istegroup.com\/fr\/produit\/le-desarmement-et-le-demantelement-dans-le-domaine-nucleaire\/#primaryimage"},"image":{"@id":"https:\/\/www.istegroup.com\/fr\/produit\/le-desarmement-et-le-demantelement-dans-le-domaine-nucleaire\/#primaryimage"},"thumbnailUrl":"https:\/\/www.istegroup.com\/wp-content\/uploads\/2022\/02\/Le-desarmement-et-le-demantelement-dans-le-domaine-nucleaire.jpg","datePublished":"2022-03-02T14:29:20+00:00","dateModified":"2024-01-03T13:45:38+00:00","description":"Le d\u00e9sarmement et le d\u00e9mant\u00e8lement dans le domaine nucl\u00e9aire fait un point sur les devoirs des pays en mati\u00e8re de nucl\u00e9aire et sur la r\u00e9alit\u00e9 de la situation actuelle et \u00e0 venir.","breadcrumb":{"@id":"https:\/\/www.istegroup.com\/fr\/produit\/le-desarmement-et-le-demantelement-dans-le-domaine-nucleaire\/#breadcrumb"},"inLanguage":"en-US","potentialAction":[{"@type":"ReadAction","target":["https:\/\/www.istegroup.com\/fr\/produit\/le-desarmement-et-le-demantelement-dans-le-domaine-nucleaire\/"]}]},{"@type":"ImageObject","inLanguage":"en-US","@id":"https:\/\/www.istegroup.com\/fr\/produit\/le-desarmement-et-le-demantelement-dans-le-domaine-nucleaire\/#primaryimage","url":"https:\/\/www.istegroup.com\/wp-content\/uploads\/2022\/02\/Le-desarmement-et-le-demantelement-dans-le-domaine-nucleaire.jpg","contentUrl":"https:\/\/www.istegroup.com\/wp-content\/uploads\/2022\/02\/Le-desarmement-et-le-demantelement-dans-le-domaine-nucleaire.jpg","width":350,"height":524,"caption":"Livre scientifique - Le d\u00e9sarmement et le d\u00e9mant\u00e8lement dans le domaine nucl\u00e9aire"},{"@type":"BreadcrumbList","@id":"https:\/\/www.istegroup.com\/fr\/produit\/le-desarmement-et-le-demantelement-dans-le-domaine-nucleaire\/#breadcrumb","itemListElement":[{"@type":"ListItem","position":1,"name":"Home","item":"https:\/\/www.istegroup.com\/"},{"@type":"ListItem","position":2,"name":"Shop","item":"https:\/\/www.istegroup.com\/fr\/nouveautes\/"},{"@type":"ListItem","position":3,"name":"Le d\u00e9sarmement et le d\u00e9mant\u00e8lement dans le domaine nucl\u00e9aire"}]},{"@type":"WebSite","@id":"https:\/\/www.istegroup.com\/#website","url":"https:\/\/www.istegroup.com\/","name":"ISTE Group","description":"Publishing Knowledge","potentialAction":[{"@type":"SearchAction","target":{"@type":"EntryPoint","urlTemplate":"https:\/\/www.istegroup.com\/?s={search_term_string}"},"query-input":{"@type":"PropertyValueSpecification","valueRequired":true,"valueName":"search_term_string"}}],"inLanguage":"en-US"}]}},"_links":{"self":[{"href":"https:\/\/www.istegroup.com\/en\/wp-json\/wp\/v2\/product\/45473","targetHints":{"allow":["GET"]}}],"collection":[{"href":"https:\/\/www.istegroup.com\/en\/wp-json\/wp\/v2\/product"}],"about":[{"href":"https:\/\/www.istegroup.com\/en\/wp-json\/wp\/v2\/types\/product"}],"wp:featuredmedia":[{"embeddable":true,"href":"https:\/\/www.istegroup.com\/en\/wp-json\/wp\/v2\/media\/45480"}],"wp:attachment":[{"href":"https:\/\/www.istegroup.com\/en\/wp-json\/wp\/v2\/media?parent=45473"}],"wp:term":[{"taxonomy":"product_brand","embeddable":true,"href":"https:\/\/www.istegroup.com\/en\/wp-json\/wp\/v2\/product_brand?post=45473"},{"taxonomy":"product_cat","embeddable":true,"href":"https:\/\/www.istegroup.com\/en\/wp-json\/wp\/v2\/product_cat?post=45473"},{"taxonomy":"product_tag","embeddable":true,"href":"https:\/\/www.istegroup.com\/en\/wp-json\/wp\/v2\/product_tag?post=45473"}],"curies":[{"name":"wp","href":"https:\/\/api.w.org\/{rel}","templated":true}]}}