{"id":44964,"date":"2025-01-21T16:12:59","date_gmt":"2025-01-21T16:12:59","guid":{"rendered":"https:\/\/www.istegroup.com\/?post_type=product&#038;p=44964"},"modified":"2025-10-16T11:34:12","modified_gmt":"2025-10-16T10:34:12","slug":"les-activites-cognitives-de-conception-en-architecture","status":"publish","type":"product","link":"https:\/\/www.istegroup.com\/en\/produit\/les-activites-cognitives-de-conception-en-architecture\/","title":{"rendered":"Les activit\u00e9s cognitives de conception en architecture"},"content":{"rendered":"<p>La conception architecturale fait appel \u00e0 des processus cognitifs sp\u00e9cifiques, sujets de recherches depuis plusieurs d\u00e9cennies. Pour autant, les bouleversements sociaux et techniques contemporains de la discipline invitent \u00e0 construire de nouvelles connaissances pour mieux saisir leur impact sur la conception.<\/p>\n<p>Cet ouvrage collectif propose un \u00e9tat des lieux de la recherche dans le domaine, ouvrant des perspectives vers une compr\u00e9hension toujours plus fine des processus cognitifs de la conception en architecture : neurosciences de la conception, usages induits ou offerts par le BIM, recherche d\u2019information, processus repr\u00e9sentationnels, ou encore valeurs et processus de la participation.<\/p>\n<p><em>Les activit\u00e9s cognitives de conception en architecture<\/em> s\u2019adresse aux chercheurs en sciences de la conception et en SHS souhaitant approfondir leurs connaissances des activit\u00e9s de conception, aux enseignants d\u2019architecture qui pourront y mettre en perspective leurs pratiques, et aux praticiens, qui y trouveront un aper\u00e7u de la fa\u00e7on dont les scientifiques d\u00e9finissent et conceptualisent leur activit\u00e9 professionnelle.<\/p>\n","protected":false},"excerpt":{"rendered":"<p>La conception architecturale fait appel \u00e0 des processus cognitifs sp\u00e9cifiques, sujets de recherches depuis plusieurs d\u00e9cennies. Pour autant, les bouleversements sociaux et techniques contemporains de la discipline invitent \u00e0 construire de nouvelles connaissances pour mieux saisir leur impact sur la conception. Cet ouvrage collectif propose un \u00e9tat des lieux de la recherche dans le domaine, [&hellip;]<\/p>\n","protected":false},"featured_media":59063,"template":"","meta":{"_acf_changed":false,"_links_to":"","_links_to_target":""},"product_brand":[],"product_cat":[4289],"product_tag":[],"class_list":{"0":"post-44964","1":"product","2":"type-product","3":"status-publish","4":"has-post-thumbnail","6":"product_cat-sciences","8":"first","9":"instock","10":"shipping-taxable","11":"purchasable","12":"product-type-variable"},"acf":[],"yoast_head":"<!-- This site is optimized with the Yoast SEO plugin v27.2 - https:\/\/yoast.com\/product\/yoast-seo-wordpress\/ -->\n<title>Les activit\u00e9s cognitives de conception en architecture - ISTE Group<\/title>\n<meta name=\"description\" content=\"Cet ouvrage collectif propose un \u00e9tat des lieux de la recherche dans le domaine, ouvrant des perspectives vers une compr\u00e9hension toujours plus fine des processus cognitifs de la conception en architecture : neurosciences de la conception, usages induits ou offerts par le BIM, recherche d\u2019information, processus repr\u00e9sentationnels, ou encore valeurs et processus de la participation.\" \/>\n<meta name=\"robots\" content=\"index, follow, max-snippet:-1, max-image-preview:large, max-video-preview:-1\" \/>\n<link rel=\"canonical\" href=\"https:\/\/www.istegroup.com\/produit\/les-activites-cognitives-de-conception-en-architecture\/\" \/>\n<meta property=\"og:locale\" content=\"en_US\" \/>\n<meta property=\"og:type\" content=\"article\" \/>\n<meta property=\"og:title\" content=\"Les activit\u00e9s cognitives de conception en architecture - ISTE Group\" \/>\n<meta property=\"og:description\" content=\"Cet ouvrage collectif propose un \u00e9tat des lieux de la recherche dans le domaine, ouvrant des perspectives vers une compr\u00e9hension toujours plus fine des processus cognitifs de la conception en architecture : neurosciences de la conception, usages induits ou offerts par le BIM, recherche d\u2019information, processus repr\u00e9sentationnels, ou encore valeurs et processus de la participation.\" \/>\n<meta property=\"og:url\" content=\"https:\/\/www.istegroup.com\/produit\/les-activites-cognitives-de-conception-en-architecture\/\" \/>\n<meta property=\"og:site_name\" content=\"ISTE Group\" \/>\n<meta property=\"article:modified_time\" content=\"2025-10-16T10:34:12+00:00\" \/>\n<meta property=\"og:image\" content=\"https:\/\/www.istegroup.com\/wp-content\/uploads\/2021\/01\/Les-activites-cognitives-de-conception-en-architecture.png\" \/>\n\t<meta property=\"og:image:width\" content=\"300\" \/>\n\t<meta property=\"og:image:height\" content=\"450\" \/>\n\t<meta property=\"og:image:type\" content=\"image\/png\" \/>\n<meta name=\"twitter:card\" content=\"summary_large_image\" \/>\n<meta name=\"twitter:label1\" content=\"Est. reading time\" \/>\n\t<meta name=\"twitter:data1\" content=\"1 minute\" \/>\n<script type=\"application\/ld+json\" class=\"yoast-schema-graph\">{\"@context\":\"https:\/\/schema.org\",\"@graph\":[{\"@type\":\"WebPage\",\"@id\":\"https:\/\/www.istegroup.com\/produit\/les-activites-cognitives-de-conception-en-architecture\/\",\"url\":\"https:\/\/www.istegroup.com\/produit\/les-activites-cognitives-de-conception-en-architecture\/\",\"name\":\"Les activit\u00e9s cognitives de conception en architecture - ISTE Group\",\"isPartOf\":{\"@id\":\"https:\/\/www.istegroup.com\/#website\"},\"primaryImageOfPage\":{\"@id\":\"https:\/\/www.istegroup.com\/produit\/les-activites-cognitives-de-conception-en-architecture\/#primaryimage\"},\"image\":{\"@id\":\"https:\/\/www.istegroup.com\/produit\/les-activites-cognitives-de-conception-en-architecture\/#primaryimage\"},\"thumbnailUrl\":\"https:\/\/www.istegroup.com\/wp-content\/uploads\/2021\/01\/Les-activites-cognitives-de-conception-en-architecture.png\",\"datePublished\":\"2025-01-21T16:12:59+00:00\",\"dateModified\":\"2025-10-16T10:34:12+00:00\",\"description\":\"Cet ouvrage collectif propose un \u00e9tat des lieux de la recherche dans le domaine, ouvrant des perspectives vers une compr\u00e9hension toujours plus fine des processus cognitifs de la conception en architecture : neurosciences de la conception, usages induits ou offerts par le BIM, recherche d\u2019information, processus repr\u00e9sentationnels, ou encore valeurs et processus de la participation.\",\"breadcrumb\":{\"@id\":\"https:\/\/www.istegroup.com\/produit\/les-activites-cognitives-de-conception-en-architecture\/#breadcrumb\"},\"inLanguage\":\"en-US\",\"potentialAction\":[{\"@type\":\"ReadAction\",\"target\":[\"https:\/\/www.istegroup.com\/produit\/les-activites-cognitives-de-conception-en-architecture\/\"]}]},{\"@type\":\"ImageObject\",\"inLanguage\":\"en-US\",\"@id\":\"https:\/\/www.istegroup.com\/produit\/les-activites-cognitives-de-conception-en-architecture\/#primaryimage\",\"url\":\"https:\/\/www.istegroup.com\/wp-content\/uploads\/2021\/01\/Les-activites-cognitives-de-conception-en-architecture.png\",\"contentUrl\":\"https:\/\/www.istegroup.com\/wp-content\/uploads\/2021\/01\/Les-activites-cognitives-de-conception-en-architecture.png\",\"width\":300,\"height\":450,\"caption\":\"Livre scientifique - Les activit\u00e9s cognitives de conception en architecture\"},{\"@type\":\"BreadcrumbList\",\"@id\":\"https:\/\/www.istegroup.com\/produit\/les-activites-cognitives-de-conception-en-architecture\/#breadcrumb\",\"itemListElement\":[{\"@type\":\"ListItem\",\"position\":1,\"name\":\"Home\",\"item\":\"https:\/\/www.istegroup.com\/\"},{\"@type\":\"ListItem\",\"position\":2,\"name\":\"Shop\",\"item\":\"https:\/\/www.istegroup.com\/fr\/nouveautes\/\"},{\"@type\":\"ListItem\",\"position\":3,\"name\":\"Les activit\u00e9s cognitives de conception en architecture\"}]},{\"@type\":\"WebSite\",\"@id\":\"https:\/\/www.istegroup.com\/#website\",\"url\":\"https:\/\/www.istegroup.com\/\",\"name\":\"ISTE Group\",\"description\":\"Publishing Knowledge\",\"potentialAction\":[{\"@type\":\"SearchAction\",\"target\":{\"@type\":\"EntryPoint\",\"urlTemplate\":\"https:\/\/www.istegroup.com\/?s={search_term_string}\"},\"query-input\":{\"@type\":\"PropertyValueSpecification\",\"valueRequired\":true,\"valueName\":\"search_term_string\"}}],\"inLanguage\":\"en-US\"}]}<\/script>\n<!-- \/ Yoast SEO plugin. -->","yoast_head_json":{"title":"Les activit\u00e9s cognitives de conception en architecture - ISTE Group","description":"Cet ouvrage collectif propose un \u00e9tat des lieux de la recherche dans le domaine, ouvrant des perspectives vers une compr\u00e9hension toujours plus fine des processus cognitifs de la conception en architecture : neurosciences de la conception, usages induits ou offerts par le BIM, recherche d\u2019information, processus repr\u00e9sentationnels, ou encore valeurs et processus de la participation.","robots":{"index":"index","follow":"follow","max-snippet":"max-snippet:-1","max-image-preview":"max-image-preview:large","max-video-preview":"max-video-preview:-1"},"canonical":"https:\/\/www.istegroup.com\/produit\/les-activites-cognitives-de-conception-en-architecture\/","og_locale":"en_US","og_type":"article","og_title":"Les activit\u00e9s cognitives de conception en architecture - ISTE Group","og_description":"Cet ouvrage collectif propose un \u00e9tat des lieux de la recherche dans le domaine, ouvrant des perspectives vers une compr\u00e9hension toujours plus fine des processus cognitifs de la conception en architecture : neurosciences de la conception, usages induits ou offerts par le BIM, recherche d\u2019information, processus repr\u00e9sentationnels, ou encore valeurs et processus de la participation.","og_url":"https:\/\/www.istegroup.com\/produit\/les-activites-cognitives-de-conception-en-architecture\/","og_site_name":"ISTE Group","article_modified_time":"2025-10-16T10:34:12+00:00","og_image":[{"width":300,"height":450,"url":"https:\/\/www.istegroup.com\/wp-content\/uploads\/2021\/01\/Les-activites-cognitives-de-conception-en-architecture.png","type":"image\/png"}],"twitter_card":"summary_large_image","twitter_misc":{"Est. reading time":"1 minute"},"schema":{"@context":"https:\/\/schema.org","@graph":[{"@type":"WebPage","@id":"https:\/\/www.istegroup.com\/produit\/les-activites-cognitives-de-conception-en-architecture\/","url":"https:\/\/www.istegroup.com\/produit\/les-activites-cognitives-de-conception-en-architecture\/","name":"Les activit\u00e9s cognitives de conception en architecture - ISTE Group","isPartOf":{"@id":"https:\/\/www.istegroup.com\/#website"},"primaryImageOfPage":{"@id":"https:\/\/www.istegroup.com\/produit\/les-activites-cognitives-de-conception-en-architecture\/#primaryimage"},"image":{"@id":"https:\/\/www.istegroup.com\/produit\/les-activites-cognitives-de-conception-en-architecture\/#primaryimage"},"thumbnailUrl":"https:\/\/www.istegroup.com\/wp-content\/uploads\/2021\/01\/Les-activites-cognitives-de-conception-en-architecture.png","datePublished":"2025-01-21T16:12:59+00:00","dateModified":"2025-10-16T10:34:12+00:00","description":"Cet ouvrage collectif propose un \u00e9tat des lieux de la recherche dans le domaine, ouvrant des perspectives vers une compr\u00e9hension toujours plus fine des processus cognitifs de la conception en architecture : neurosciences de la conception, usages induits ou offerts par le BIM, recherche d\u2019information, processus repr\u00e9sentationnels, ou encore valeurs et processus de la participation.","breadcrumb":{"@id":"https:\/\/www.istegroup.com\/produit\/les-activites-cognitives-de-conception-en-architecture\/#breadcrumb"},"inLanguage":"en-US","potentialAction":[{"@type":"ReadAction","target":["https:\/\/www.istegroup.com\/produit\/les-activites-cognitives-de-conception-en-architecture\/"]}]},{"@type":"ImageObject","inLanguage":"en-US","@id":"https:\/\/www.istegroup.com\/produit\/les-activites-cognitives-de-conception-en-architecture\/#primaryimage","url":"https:\/\/www.istegroup.com\/wp-content\/uploads\/2021\/01\/Les-activites-cognitives-de-conception-en-architecture.png","contentUrl":"https:\/\/www.istegroup.com\/wp-content\/uploads\/2021\/01\/Les-activites-cognitives-de-conception-en-architecture.png","width":300,"height":450,"caption":"Livre scientifique - Les activit\u00e9s cognitives de conception en architecture"},{"@type":"BreadcrumbList","@id":"https:\/\/www.istegroup.com\/produit\/les-activites-cognitives-de-conception-en-architecture\/#breadcrumb","itemListElement":[{"@type":"ListItem","position":1,"name":"Home","item":"https:\/\/www.istegroup.com\/"},{"@type":"ListItem","position":2,"name":"Shop","item":"https:\/\/www.istegroup.com\/fr\/nouveautes\/"},{"@type":"ListItem","position":3,"name":"Les activit\u00e9s cognitives de conception en architecture"}]},{"@type":"WebSite","@id":"https:\/\/www.istegroup.com\/#website","url":"https:\/\/www.istegroup.com\/","name":"ISTE Group","description":"Publishing Knowledge","potentialAction":[{"@type":"SearchAction","target":{"@type":"EntryPoint","urlTemplate":"https:\/\/www.istegroup.com\/?s={search_term_string}"},"query-input":{"@type":"PropertyValueSpecification","valueRequired":true,"valueName":"search_term_string"}}],"inLanguage":"en-US"}]}},"_links":{"self":[{"href":"https:\/\/www.istegroup.com\/en\/wp-json\/wp\/v2\/product\/44964","targetHints":{"allow":["GET"]}}],"collection":[{"href":"https:\/\/www.istegroup.com\/en\/wp-json\/wp\/v2\/product"}],"about":[{"href":"https:\/\/www.istegroup.com\/en\/wp-json\/wp\/v2\/types\/product"}],"wp:featuredmedia":[{"embeddable":true,"href":"https:\/\/www.istegroup.com\/en\/wp-json\/wp\/v2\/media\/59063"}],"wp:attachment":[{"href":"https:\/\/www.istegroup.com\/en\/wp-json\/wp\/v2\/media?parent=44964"}],"wp:term":[{"taxonomy":"product_brand","embeddable":true,"href":"https:\/\/www.istegroup.com\/en\/wp-json\/wp\/v2\/product_brand?post=44964"},{"taxonomy":"product_cat","embeddable":true,"href":"https:\/\/www.istegroup.com\/en\/wp-json\/wp\/v2\/product_cat?post=44964"},{"taxonomy":"product_tag","embeddable":true,"href":"https:\/\/www.istegroup.com\/en\/wp-json\/wp\/v2\/product_tag?post=44964"}],"curies":[{"name":"wp","href":"https:\/\/api.w.org\/{rel}","templated":true}]}}