{"id":44514,"date":"2021-11-22T16:11:14","date_gmt":"2021-11-22T16:11:14","guid":{"rendered":"https:\/\/www.istegroup.com\/?post_type=product&#038;p=44514"},"modified":"2024-01-03T13:45:27","modified_gmt":"2024-01-03T13:45:27","slug":"transfert-thermique-2","status":"publish","type":"product","link":"https:\/\/www.istegroup.com\/en\/produit\/transfert-thermique-2\/","title":{"rendered":"Transfert thermique 2"},"content":{"rendered":"<p>Les transferts thermiques sont par nature classifi\u00e9s en conduction et rayonnement. Dans sa pratique, le physicien, le chercheur ou l\u2019ing\u00e9nieur doit travailler sur deux plans : le \u00ab travail de coin de table \u00bb, domaine de la calculette, et celui de la conception approfondie, qui mobilisera l\u2019outil informatique. Cet ouvrage se place dans ces deux perspectives.<\/p>\n<p><em>Transfert thermique 2<\/em> est d\u00e9di\u00e9 au rayonnement. Apr\u00e8s des rappels de photom\u00e9trie, il traite le calcul des luminances, et se base sur la th\u00e9orie du corps noir et les lois associ\u00e9es (Stefan, Wien). Le rayonnement r\u00e9ciproque de deux surfaces en influence totale est extensivement trait\u00e9. Il aborde \u00e9galement le cas des surfaces finies.<\/p>\n<p>Cet ouvrage associe approche \u00e9l\u00e9mentaire et approfondissement de la discipline. Les passages demandant une culture math\u00e9matique plus pointue sont clairement distingu\u00e9s pour en permettre l\u2019\u00e9tude aux lecteurs moins sp\u00e9cialis\u00e9s sur ce point. Ce livre est illustr\u00e9 par des exemples d\u2019approches analytiques et de probl\u00e8mes demandant un traitement num\u00e9rique. Il s\u2019adresse aux \u00e9tudiants et professionnels en qu\u00eate de dimensionnement rapide.<\/p>\n","protected":false},"excerpt":{"rendered":"<p>Les transferts thermiques sont par nature classifi\u00e9s en conduction et rayonnement. Dans sa pratique, le physicien, le chercheur ou l\u2019ing\u00e9nieur doit travailler sur deux plans : le \u00ab travail de coin de table \u00bb, domaine de la calculette, et celui de la conception approfondie, qui mobilisera l\u2019outil informatique. Cet ouvrage se place dans ces deux [&hellip;]<\/p>\n","protected":false},"featured_media":44521,"template":"","meta":{"_acf_changed":false,"_links_to":"","_links_to_target":""},"product_brand":[],"product_cat":[3262],"product_tag":[],"class_list":{"0":"post-44514","1":"product","2":"type-product","3":"status-publish","4":"has-post-thumbnail","6":"product_cat-non-classe","8":"first","9":"instock","10":"shipping-taxable","11":"purchasable","12":"product-type-variable"},"acf":[],"yoast_head":"<!-- This site is optimized with the Yoast SEO plugin v27.2 - https:\/\/yoast.com\/product\/yoast-seo-wordpress\/ -->\n<title>Transfert thermique 2 - ISTE Group<\/title>\n<meta name=\"description\" content=\"Transfert thermique 2 est d\u00e9di\u00e9 au rayonnement. Apr\u00e8s des rappels de photom\u00e9trie, il traite le calcul des luminances, et se base sur la th\u00e9orie du corps noir et les lois associ\u00e9es (Stefan, Wien).\" \/>\n<meta name=\"robots\" content=\"index, follow, max-snippet:-1, max-image-preview:large, max-video-preview:-1\" \/>\n<link rel=\"canonical\" href=\"https:\/\/www.istegroup.com\/en\/produit\/transfert-thermique-2\/\" \/>\n<meta property=\"og:locale\" content=\"en_US\" \/>\n<meta property=\"og:type\" content=\"article\" \/>\n<meta property=\"og:title\" content=\"Transfert thermique 2 - ISTE Group\" \/>\n<meta property=\"og:description\" content=\"Transfert thermique 2 est d\u00e9di\u00e9 au rayonnement. Apr\u00e8s des rappels de photom\u00e9trie, il traite le calcul des luminances, et se base sur la th\u00e9orie du corps noir et les lois associ\u00e9es (Stefan, Wien).\" \/>\n<meta property=\"og:url\" content=\"https:\/\/www.istegroup.com\/en\/produit\/transfert-thermique-2\/\" \/>\n<meta property=\"og:site_name\" content=\"ISTE Group\" \/>\n<meta property=\"article:modified_time\" content=\"2024-01-03T13:45:27+00:00\" \/>\n<meta property=\"og:image\" content=\"https:\/\/www.istegroup.com\/wp-content\/uploads\/2021\/11\/Transfert-thermique-2.jpg\" \/>\n\t<meta property=\"og:image:width\" content=\"350\" \/>\n\t<meta property=\"og:image:height\" content=\"524\" \/>\n\t<meta property=\"og:image:type\" content=\"image\/jpeg\" \/>\n<meta name=\"twitter:card\" content=\"summary_large_image\" \/>\n<meta name=\"twitter:label1\" content=\"Est. reading time\" \/>\n\t<meta name=\"twitter:data1\" content=\"1 minute\" \/>\n<script type=\"application\/ld+json\" class=\"yoast-schema-graph\">{\"@context\":\"https:\/\/schema.org\",\"@graph\":[{\"@type\":\"WebPage\",\"@id\":\"https:\/\/www.istegroup.com\/en\/produit\/transfert-thermique-2\/\",\"url\":\"https:\/\/www.istegroup.com\/en\/produit\/transfert-thermique-2\/\",\"name\":\"Transfert thermique 2 - ISTE Group\",\"isPartOf\":{\"@id\":\"https:\/\/www.istegroup.com\/#website\"},\"primaryImageOfPage\":{\"@id\":\"https:\/\/www.istegroup.com\/en\/produit\/transfert-thermique-2\/#primaryimage\"},\"image\":{\"@id\":\"https:\/\/www.istegroup.com\/en\/produit\/transfert-thermique-2\/#primaryimage\"},\"thumbnailUrl\":\"https:\/\/www.istegroup.com\/wp-content\/uploads\/2021\/11\/Transfert-thermique-2.jpg\",\"datePublished\":\"2021-11-22T16:11:14+00:00\",\"dateModified\":\"2024-01-03T13:45:27+00:00\",\"description\":\"Transfert thermique 2 est d\u00e9di\u00e9 au rayonnement. Apr\u00e8s des rappels de photom\u00e9trie, il traite le calcul des luminances, et se base sur la th\u00e9orie du corps noir et les lois associ\u00e9es (Stefan, Wien).\",\"breadcrumb\":{\"@id\":\"https:\/\/www.istegroup.com\/en\/produit\/transfert-thermique-2\/#breadcrumb\"},\"inLanguage\":\"en-US\",\"potentialAction\":[{\"@type\":\"ReadAction\",\"target\":[\"https:\/\/www.istegroup.com\/en\/produit\/transfert-thermique-2\/\"]}]},{\"@type\":\"ImageObject\",\"inLanguage\":\"en-US\",\"@id\":\"https:\/\/www.istegroup.com\/en\/produit\/transfert-thermique-2\/#primaryimage\",\"url\":\"https:\/\/www.istegroup.com\/wp-content\/uploads\/2021\/11\/Transfert-thermique-2.jpg\",\"contentUrl\":\"https:\/\/www.istegroup.com\/wp-content\/uploads\/2021\/11\/Transfert-thermique-2.jpg\",\"width\":350,\"height\":524},{\"@type\":\"BreadcrumbList\",\"@id\":\"https:\/\/www.istegroup.com\/en\/produit\/transfert-thermique-2\/#breadcrumb\",\"itemListElement\":[{\"@type\":\"ListItem\",\"position\":1,\"name\":\"Home\",\"item\":\"https:\/\/www.istegroup.com\/\"},{\"@type\":\"ListItem\",\"position\":2,\"name\":\"Shop\",\"item\":\"https:\/\/www.istegroup.com\/fr\/nouveautes\/\"},{\"@type\":\"ListItem\",\"position\":3,\"name\":\"Transfert thermique 2\"}]},{\"@type\":\"WebSite\",\"@id\":\"https:\/\/www.istegroup.com\/#website\",\"url\":\"https:\/\/www.istegroup.com\/\",\"name\":\"ISTE Group\",\"description\":\"Publishing Knowledge\",\"potentialAction\":[{\"@type\":\"SearchAction\",\"target\":{\"@type\":\"EntryPoint\",\"urlTemplate\":\"https:\/\/www.istegroup.com\/?s={search_term_string}\"},\"query-input\":{\"@type\":\"PropertyValueSpecification\",\"valueRequired\":true,\"valueName\":\"search_term_string\"}}],\"inLanguage\":\"en-US\"}]}<\/script>\n<!-- \/ Yoast SEO plugin. -->","yoast_head_json":{"title":"Transfert thermique 2 - ISTE Group","description":"Transfert thermique 2 est d\u00e9di\u00e9 au rayonnement. Apr\u00e8s des rappels de photom\u00e9trie, il traite le calcul des luminances, et se base sur la th\u00e9orie du corps noir et les lois associ\u00e9es (Stefan, Wien).","robots":{"index":"index","follow":"follow","max-snippet":"max-snippet:-1","max-image-preview":"max-image-preview:large","max-video-preview":"max-video-preview:-1"},"canonical":"https:\/\/www.istegroup.com\/en\/produit\/transfert-thermique-2\/","og_locale":"en_US","og_type":"article","og_title":"Transfert thermique 2 - ISTE Group","og_description":"Transfert thermique 2 est d\u00e9di\u00e9 au rayonnement. Apr\u00e8s des rappels de photom\u00e9trie, il traite le calcul des luminances, et se base sur la th\u00e9orie du corps noir et les lois associ\u00e9es (Stefan, Wien).","og_url":"https:\/\/www.istegroup.com\/en\/produit\/transfert-thermique-2\/","og_site_name":"ISTE Group","article_modified_time":"2024-01-03T13:45:27+00:00","og_image":[{"width":350,"height":524,"url":"https:\/\/www.istegroup.com\/wp-content\/uploads\/2021\/11\/Transfert-thermique-2.jpg","type":"image\/jpeg"}],"twitter_card":"summary_large_image","twitter_misc":{"Est. reading time":"1 minute"},"schema":{"@context":"https:\/\/schema.org","@graph":[{"@type":"WebPage","@id":"https:\/\/www.istegroup.com\/en\/produit\/transfert-thermique-2\/","url":"https:\/\/www.istegroup.com\/en\/produit\/transfert-thermique-2\/","name":"Transfert thermique 2 - ISTE Group","isPartOf":{"@id":"https:\/\/www.istegroup.com\/#website"},"primaryImageOfPage":{"@id":"https:\/\/www.istegroup.com\/en\/produit\/transfert-thermique-2\/#primaryimage"},"image":{"@id":"https:\/\/www.istegroup.com\/en\/produit\/transfert-thermique-2\/#primaryimage"},"thumbnailUrl":"https:\/\/www.istegroup.com\/wp-content\/uploads\/2021\/11\/Transfert-thermique-2.jpg","datePublished":"2021-11-22T16:11:14+00:00","dateModified":"2024-01-03T13:45:27+00:00","description":"Transfert thermique 2 est d\u00e9di\u00e9 au rayonnement. Apr\u00e8s des rappels de photom\u00e9trie, il traite le calcul des luminances, et se base sur la th\u00e9orie du corps noir et les lois associ\u00e9es (Stefan, Wien).","breadcrumb":{"@id":"https:\/\/www.istegroup.com\/en\/produit\/transfert-thermique-2\/#breadcrumb"},"inLanguage":"en-US","potentialAction":[{"@type":"ReadAction","target":["https:\/\/www.istegroup.com\/en\/produit\/transfert-thermique-2\/"]}]},{"@type":"ImageObject","inLanguage":"en-US","@id":"https:\/\/www.istegroup.com\/en\/produit\/transfert-thermique-2\/#primaryimage","url":"https:\/\/www.istegroup.com\/wp-content\/uploads\/2021\/11\/Transfert-thermique-2.jpg","contentUrl":"https:\/\/www.istegroup.com\/wp-content\/uploads\/2021\/11\/Transfert-thermique-2.jpg","width":350,"height":524},{"@type":"BreadcrumbList","@id":"https:\/\/www.istegroup.com\/en\/produit\/transfert-thermique-2\/#breadcrumb","itemListElement":[{"@type":"ListItem","position":1,"name":"Home","item":"https:\/\/www.istegroup.com\/"},{"@type":"ListItem","position":2,"name":"Shop","item":"https:\/\/www.istegroup.com\/fr\/nouveautes\/"},{"@type":"ListItem","position":3,"name":"Transfert thermique 2"}]},{"@type":"WebSite","@id":"https:\/\/www.istegroup.com\/#website","url":"https:\/\/www.istegroup.com\/","name":"ISTE Group","description":"Publishing Knowledge","potentialAction":[{"@type":"SearchAction","target":{"@type":"EntryPoint","urlTemplate":"https:\/\/www.istegroup.com\/?s={search_term_string}"},"query-input":{"@type":"PropertyValueSpecification","valueRequired":true,"valueName":"search_term_string"}}],"inLanguage":"en-US"}]}},"_links":{"self":[{"href":"https:\/\/www.istegroup.com\/en\/wp-json\/wp\/v2\/product\/44514","targetHints":{"allow":["GET"]}}],"collection":[{"href":"https:\/\/www.istegroup.com\/en\/wp-json\/wp\/v2\/product"}],"about":[{"href":"https:\/\/www.istegroup.com\/en\/wp-json\/wp\/v2\/types\/product"}],"wp:featuredmedia":[{"embeddable":true,"href":"https:\/\/www.istegroup.com\/en\/wp-json\/wp\/v2\/media\/44521"}],"wp:attachment":[{"href":"https:\/\/www.istegroup.com\/en\/wp-json\/wp\/v2\/media?parent=44514"}],"wp:term":[{"taxonomy":"product_brand","embeddable":true,"href":"https:\/\/www.istegroup.com\/en\/wp-json\/wp\/v2\/product_brand?post=44514"},{"taxonomy":"product_cat","embeddable":true,"href":"https:\/\/www.istegroup.com\/en\/wp-json\/wp\/v2\/product_cat?post=44514"},{"taxonomy":"product_tag","embeddable":true,"href":"https:\/\/www.istegroup.com\/en\/wp-json\/wp\/v2\/product_tag?post=44514"}],"curies":[{"name":"wp","href":"https:\/\/api.w.org\/{rel}","templated":true}]}}