{"id":445,"date":"2017-07-28T14:48:42","date_gmt":"2017-07-28T12:48:42","guid":{"rendered":"https:\/\/iste.yhello.co\/product\/les-symbioses-microbiennes\/"},"modified":"2024-01-03T13:40:08","modified_gmt":"2024-01-03T13:40:08","slug":"les-symbioses-microbiennes","status":"publish","type":"product","link":"https:\/\/www.istegroup.com\/en\/produit\/les-symbioses-microbiennes\/","title":{"rendered":"Les symbioses microbiennes"},"content":{"rendered":"<p>La connaissance et l\u2019utilisation des symbioses ouvrent des perspectives fascinantes dans des domaines vari\u00e9s, fondamentaux comme appliqu\u00e9s, allant de l\u2019\u00e9cologie \u00e0 la sant\u00e9. S\u2019associer fait partie des propri\u00e9t\u00e9s fondamentales des organismes peuplant notre plan\u00e8te, ce qui rend plus que jamais n\u00e9cessaire une approche int\u00e9gr\u00e9e de la biologie.<\/p>\n<p><em>Les symbioses microbiennes<\/em>\u00a0offre un panorama de la recherche actuelle sur la symbiose. A travers une synth\u00e8se concise des d\u00e9couvertes les plus r\u00e9centes, l&#8217;ouvrage s\u2019attache \u00e0 d\u00e9finir cette notion, tr\u00e8s utilis\u00e9e et pourtant souvent vague ou mal employ\u00e9e. Il expose la fa\u00e7on dont elle acquiert une place centrale dans la biologie du XXIe si\u00e8cle en transformant notre compr\u00e9hension du vivant.<\/p>\n<p>R\u00e9ponse \u00e0 un besoin de clarification de la notion de symbiose, cet ouvrage didactique s\u2019adresse \u00e0 un public large, compos\u00e9 de lecteurs curieux, d\u2019\u00e9tudiants en sciences de la vie et de scientifiques.<\/p>\n","protected":false},"excerpt":{"rendered":"<p>La connaissance et l\u2019utilisation des symbioses ouvrent des perspectives fascinantes dans des domaines vari\u00e9s, fondamentaux comme appliqu\u00e9s, allant de l\u2019\u00e9cologie \u00e0 la sant\u00e9. S\u2019associer fait partie des propri\u00e9t\u00e9s fondamentales des organismes peuplant notre plan\u00e8te, ce qui rend plus que jamais n\u00e9cessaire une approche int\u00e9gr\u00e9e de la biologie. Les symbioses microbiennes\u00a0offre un panorama de la recherche [&hellip;]<\/p>\n","protected":false},"featured_media":446,"template":"","meta":{"_acf_changed":false,"_links_to":"","_links_to_target":""},"product_brand":[],"product_cat":[658,675],"product_tag":[235,31,196,18,218,219,20,197,198,199,21,200,22,201,236,203,204,63,25,205,172,26,206,207,27,99,208,209,237,212,38,192,145,28,29,213,214,239,238],"class_list":{"0":"post-445","1":"product","2":"type-product","3":"status-publish","4":"has-post-thumbnail","6":"product_cat-ecologie-14419669","7":"product_cat-nouveauts-12519446","8":"product_tag-associations-au-coeur-du-vivant","9":"product_tag-ebook","10":"product_tag-ebooks","11":"product_tag-edition-scientifique","12":"product_tag-editions-ouvrage","13":"product_tag-editions-ouvrages","14":"product_tag-editions-technique","15":"product_tag-iste","16":"product_tag-iste-edition","17":"product_tag-iste-editions","18":"product_tag-iste-group","19":"product_tag-isteedition","20":"product_tag-istegroup","21":"product_tag-kindle","22":"product_tag-les-symbioses-microbiennes","23":"product_tag-liseuse","24":"product_tag-livre","25":"product_tag-livre-electronique","26":"product_tag-livre-numerique","27":"product_tag-livre-science","28":"product_tag-livre-scientifique","29":"product_tag-livre-scientifique-francais","30":"product_tag-livre-scientique","31":"product_tag-livre-technique","32":"product_tag-livre-technique-francais","33":"product_tag-livres-numeriques","34":"product_tag-livres-scientifique","35":"product_tag-livres-scientifiques","36":"product_tag-microbiennes","37":"product_tag-ouvrage","38":"product_tag-ouvrage-numerique","39":"product_tag-ouvrage-science","40":"product_tag-ouvrage-scientifique","41":"product_tag-ouvrage-scientifique-francais","42":"product_tag-ouvrage-technique","43":"product_tag-ouvrages-scientifiques","44":"product_tag-ouvrages-techniques","45":"product_tag-sebastien-duperron","46":"product_tag-symbioses","48":"first","49":"instock","50":"shipping-taxable","51":"purchasable","52":"product-type-variable"},"acf":[],"yoast_head":"<!-- This site is optimized with the Yoast SEO plugin v27.2 - https:\/\/yoast.com\/product\/yoast-seo-wordpress\/ -->\n<title>Les symbioses microbiennes - ISTE Group<\/title>\n<meta name=\"description\" content=\"L&#039;ouvrage offre un panorama de la recherche actuelle sur la symbiose et d\u00e9finit cette notion et la fa\u00e7on dont elle a transform\u00e9 notre compr\u00e9hension du vivant.\" \/>\n<meta name=\"robots\" content=\"index, follow, max-snippet:-1, max-image-preview:large, max-video-preview:-1\" \/>\n<link rel=\"canonical\" href=\"https:\/\/www.istegroup.com\/en\/produit\/les-symbioses-microbiennes\/\" \/>\n<meta property=\"og:locale\" content=\"en_US\" \/>\n<meta property=\"og:type\" content=\"article\" \/>\n<meta property=\"og:title\" content=\"Les symbioses microbiennes - ISTE Group\" \/>\n<meta property=\"og:description\" content=\"L&#039;ouvrage offre un panorama de la recherche actuelle sur la symbiose et d\u00e9finit cette notion et la fa\u00e7on dont elle a transform\u00e9 notre compr\u00e9hension du vivant.\" \/>\n<meta property=\"og:url\" content=\"https:\/\/www.istegroup.com\/en\/produit\/les-symbioses-microbiennes\/\" \/>\n<meta property=\"og:site_name\" content=\"ISTE Group\" \/>\n<meta property=\"article:modified_time\" content=\"2024-01-03T13:40:08+00:00\" \/>\n<meta property=\"og:image\" content=\"https:\/\/www.istegroup.com\/wp-content\/uploads\/2017\/07\/19794299857_8880752785-1.jpg\" \/>\n\t<meta property=\"og:image:width\" content=\"1363\" \/>\n\t<meta property=\"og:image:height\" content=\"2048\" \/>\n\t<meta property=\"og:image:type\" content=\"image\/jpeg\" \/>\n<meta name=\"twitter:card\" content=\"summary_large_image\" \/>\n<meta name=\"twitter:label1\" content=\"Est. reading time\" \/>\n\t<meta name=\"twitter:data1\" content=\"1 minute\" \/>\n<script type=\"application\/ld+json\" class=\"yoast-schema-graph\">{\"@context\":\"https:\/\/schema.org\",\"@graph\":[{\"@type\":\"WebPage\",\"@id\":\"https:\/\/www.istegroup.com\/en\/produit\/les-symbioses-microbiennes\/\",\"url\":\"https:\/\/www.istegroup.com\/en\/produit\/les-symbioses-microbiennes\/\",\"name\":\"Les symbioses microbiennes - ISTE Group\",\"isPartOf\":{\"@id\":\"https:\/\/www.istegroup.com\/#website\"},\"primaryImageOfPage\":{\"@id\":\"https:\/\/www.istegroup.com\/en\/produit\/les-symbioses-microbiennes\/#primaryimage\"},\"image\":{\"@id\":\"https:\/\/www.istegroup.com\/en\/produit\/les-symbioses-microbiennes\/#primaryimage\"},\"thumbnailUrl\":\"https:\/\/www.istegroup.com\/wp-content\/uploads\/2017\/07\/19794299857_8880752785-1.jpg\",\"datePublished\":\"2017-07-28T12:48:42+00:00\",\"dateModified\":\"2024-01-03T13:40:08+00:00\",\"description\":\"L'ouvrage offre un panorama de la recherche actuelle sur la symbiose et d\u00e9finit cette notion et la fa\u00e7on dont elle a transform\u00e9 notre compr\u00e9hension du vivant.\",\"breadcrumb\":{\"@id\":\"https:\/\/www.istegroup.com\/en\/produit\/les-symbioses-microbiennes\/#breadcrumb\"},\"inLanguage\":\"en-US\",\"potentialAction\":[{\"@type\":\"ReadAction\",\"target\":[\"https:\/\/www.istegroup.com\/en\/produit\/les-symbioses-microbiennes\/\"]}]},{\"@type\":\"ImageObject\",\"inLanguage\":\"en-US\",\"@id\":\"https:\/\/www.istegroup.com\/en\/produit\/les-symbioses-microbiennes\/#primaryimage\",\"url\":\"https:\/\/www.istegroup.com\/wp-content\/uploads\/2017\/07\/19794299857_8880752785-1.jpg\",\"contentUrl\":\"https:\/\/www.istegroup.com\/wp-content\/uploads\/2017\/07\/19794299857_8880752785-1.jpg\",\"width\":1363,\"height\":2048,\"caption\":\"Associations au coeur du vivant\"},{\"@type\":\"BreadcrumbList\",\"@id\":\"https:\/\/www.istegroup.com\/en\/produit\/les-symbioses-microbiennes\/#breadcrumb\",\"itemListElement\":[{\"@type\":\"ListItem\",\"position\":1,\"name\":\"Home\",\"item\":\"https:\/\/www.istegroup.com\/\"},{\"@type\":\"ListItem\",\"position\":2,\"name\":\"Shop\",\"item\":\"https:\/\/www.istegroup.com\/fr\/nouveautes\/\"},{\"@type\":\"ListItem\",\"position\":3,\"name\":\"Les symbioses microbiennes\"}]},{\"@type\":\"WebSite\",\"@id\":\"https:\/\/www.istegroup.com\/#website\",\"url\":\"https:\/\/www.istegroup.com\/\",\"name\":\"ISTE Group\",\"description\":\"Publishing Knowledge\",\"potentialAction\":[{\"@type\":\"SearchAction\",\"target\":{\"@type\":\"EntryPoint\",\"urlTemplate\":\"https:\/\/www.istegroup.com\/?s={search_term_string}\"},\"query-input\":{\"@type\":\"PropertyValueSpecification\",\"valueRequired\":true,\"valueName\":\"search_term_string\"}}],\"inLanguage\":\"en-US\"}]}<\/script>\n<!-- \/ Yoast SEO plugin. -->","yoast_head_json":{"title":"Les symbioses microbiennes - ISTE Group","description":"L'ouvrage offre un panorama de la recherche actuelle sur la symbiose et d\u00e9finit cette notion et la fa\u00e7on dont elle a transform\u00e9 notre compr\u00e9hension du vivant.","robots":{"index":"index","follow":"follow","max-snippet":"max-snippet:-1","max-image-preview":"max-image-preview:large","max-video-preview":"max-video-preview:-1"},"canonical":"https:\/\/www.istegroup.com\/en\/produit\/les-symbioses-microbiennes\/","og_locale":"en_US","og_type":"article","og_title":"Les symbioses microbiennes - ISTE Group","og_description":"L'ouvrage offre un panorama de la recherche actuelle sur la symbiose et d\u00e9finit cette notion et la fa\u00e7on dont elle a transform\u00e9 notre compr\u00e9hension du vivant.","og_url":"https:\/\/www.istegroup.com\/en\/produit\/les-symbioses-microbiennes\/","og_site_name":"ISTE Group","article_modified_time":"2024-01-03T13:40:08+00:00","og_image":[{"width":1363,"height":2048,"url":"https:\/\/www.istegroup.com\/wp-content\/uploads\/2017\/07\/19794299857_8880752785-1.jpg","type":"image\/jpeg"}],"twitter_card":"summary_large_image","twitter_misc":{"Est. reading time":"1 minute"},"schema":{"@context":"https:\/\/schema.org","@graph":[{"@type":"WebPage","@id":"https:\/\/www.istegroup.com\/en\/produit\/les-symbioses-microbiennes\/","url":"https:\/\/www.istegroup.com\/en\/produit\/les-symbioses-microbiennes\/","name":"Les symbioses microbiennes - ISTE Group","isPartOf":{"@id":"https:\/\/www.istegroup.com\/#website"},"primaryImageOfPage":{"@id":"https:\/\/www.istegroup.com\/en\/produit\/les-symbioses-microbiennes\/#primaryimage"},"image":{"@id":"https:\/\/www.istegroup.com\/en\/produit\/les-symbioses-microbiennes\/#primaryimage"},"thumbnailUrl":"https:\/\/www.istegroup.com\/wp-content\/uploads\/2017\/07\/19794299857_8880752785-1.jpg","datePublished":"2017-07-28T12:48:42+00:00","dateModified":"2024-01-03T13:40:08+00:00","description":"L'ouvrage offre un panorama de la recherche actuelle sur la symbiose et d\u00e9finit cette notion et la fa\u00e7on dont elle a transform\u00e9 notre compr\u00e9hension du vivant.","breadcrumb":{"@id":"https:\/\/www.istegroup.com\/en\/produit\/les-symbioses-microbiennes\/#breadcrumb"},"inLanguage":"en-US","potentialAction":[{"@type":"ReadAction","target":["https:\/\/www.istegroup.com\/en\/produit\/les-symbioses-microbiennes\/"]}]},{"@type":"ImageObject","inLanguage":"en-US","@id":"https:\/\/www.istegroup.com\/en\/produit\/les-symbioses-microbiennes\/#primaryimage","url":"https:\/\/www.istegroup.com\/wp-content\/uploads\/2017\/07\/19794299857_8880752785-1.jpg","contentUrl":"https:\/\/www.istegroup.com\/wp-content\/uploads\/2017\/07\/19794299857_8880752785-1.jpg","width":1363,"height":2048,"caption":"Associations au coeur du vivant"},{"@type":"BreadcrumbList","@id":"https:\/\/www.istegroup.com\/en\/produit\/les-symbioses-microbiennes\/#breadcrumb","itemListElement":[{"@type":"ListItem","position":1,"name":"Home","item":"https:\/\/www.istegroup.com\/"},{"@type":"ListItem","position":2,"name":"Shop","item":"https:\/\/www.istegroup.com\/fr\/nouveautes\/"},{"@type":"ListItem","position":3,"name":"Les symbioses microbiennes"}]},{"@type":"WebSite","@id":"https:\/\/www.istegroup.com\/#website","url":"https:\/\/www.istegroup.com\/","name":"ISTE Group","description":"Publishing Knowledge","potentialAction":[{"@type":"SearchAction","target":{"@type":"EntryPoint","urlTemplate":"https:\/\/www.istegroup.com\/?s={search_term_string}"},"query-input":{"@type":"PropertyValueSpecification","valueRequired":true,"valueName":"search_term_string"}}],"inLanguage":"en-US"}]}},"_links":{"self":[{"href":"https:\/\/www.istegroup.com\/en\/wp-json\/wp\/v2\/product\/445","targetHints":{"allow":["GET"]}}],"collection":[{"href":"https:\/\/www.istegroup.com\/en\/wp-json\/wp\/v2\/product"}],"about":[{"href":"https:\/\/www.istegroup.com\/en\/wp-json\/wp\/v2\/types\/product"}],"wp:featuredmedia":[{"embeddable":true,"href":"https:\/\/www.istegroup.com\/en\/wp-json\/wp\/v2\/media\/446"}],"wp:attachment":[{"href":"https:\/\/www.istegroup.com\/en\/wp-json\/wp\/v2\/media?parent=445"}],"wp:term":[{"taxonomy":"product_brand","embeddable":true,"href":"https:\/\/www.istegroup.com\/en\/wp-json\/wp\/v2\/product_brand?post=445"},{"taxonomy":"product_cat","embeddable":true,"href":"https:\/\/www.istegroup.com\/en\/wp-json\/wp\/v2\/product_cat?post=445"},{"taxonomy":"product_tag","embeddable":true,"href":"https:\/\/www.istegroup.com\/en\/wp-json\/wp\/v2\/product_tag?post=445"}],"curies":[{"name":"wp","href":"https:\/\/api.w.org\/{rel}","templated":true}]}}