{"id":44329,"date":"2021-11-10T15:25:22","date_gmt":"2021-11-10T15:25:22","guid":{"rendered":"https:\/\/www.istegroup.com\/?post_type=product&#038;p=44329"},"modified":"2024-01-03T13:45:23","modified_gmt":"2024-01-03T13:45:23","slug":"mecanique-de-vol-des-aeronefs","status":"publish","type":"product","link":"https:\/\/www.istegroup.com\/en\/produit\/mecanique-de-vol-des-aeronefs\/","title":{"rendered":"M\u00e9canique de vol des a\u00e9ronefs"},"content":{"rendered":"<p>Les calculs de performances peuvent \u00eatre class\u00e9s en trois principaux types : portance, pouss\u00e9e et pente. Premi\u00e8rement, le profil de portance \u00e9tant connu et non modifiable d\u00e8s la conception de l\u2019a\u00e9ronef finalis\u00e9e, il faut d\u00e9terminer la masse \u00e0 vitesse donn\u00e9e ou la vitesse \u00e0 masse donn\u00e9e. Deuxi\u00e8mement, la pouss\u00e9e des moteurs \u00e9tant connue ainsi que la masse, il faut calculer la pente. Enfin, la pente \u00e9tant connue (par exemple le vol en palier), ainsi que la masse, il faut d\u00e9duire la pouss\u00e9e, c\u2019est-\u00e0-dire la position de la manette de commande des gaz qui assure l\u2019\u00e9quilibre, puis d\u00e9finir la consommation correspondante.<\/p>\n<p>Les sp\u00e9cifications de performances comme la manoeuvrabilit\u00e9, la consommation, la maintenance, la s\u00e9curit\u00e9, ou la testabilit\u00e9 des a\u00e9ronefs des clients sont sans cesse plus exigeantes au fil des g\u00e9n\u00e9rations d\u2019\u00e9quipement. Elles ont n\u00e9cessit\u00e9 des avanc\u00e9es techniques majeures : profils d\u2019ailes, motorisations, mat\u00e9riaux pour all\u00e9ger le poids, etc.<\/p>\n<p><em>M\u00e9canique de vol des a\u00e9ronefs pr\u00e9sente<\/em> une approche th\u00e9orique de la m\u00e9canique de vol qui permet d\u2019appr\u00e9hender le sujet et fait le lien avec l\u2019approche empirique des industriels.<\/p>","protected":false},"excerpt":{"rendered":"<p>Les calculs de performances peuvent \u00eatre class\u00e9s en trois principaux types : portance, pouss\u00e9e et pente. Premi\u00e8rement, le profil de portance \u00e9tant connu et non modifiable d\u00e8s la conception de l\u2019a\u00e9ronef finalis\u00e9e, il faut d\u00e9terminer la masse \u00e0 vitesse donn\u00e9e ou la vitesse \u00e0 masse donn\u00e9e. Deuxi\u00e8mement, la pouss\u00e9e des moteurs \u00e9tant connue ainsi que [&hellip;]<\/p>\n","protected":false},"featured_media":44335,"template":"","meta":{"_acf_changed":false,"_links_to":"","_links_to_target":""},"product_brand":[],"product_cat":[3262],"product_tag":[],"class_list":{"0":"post-44329","1":"product","2":"type-product","3":"status-publish","4":"has-post-thumbnail","6":"product_cat-non-classe","8":"first","9":"instock","10":"shipping-taxable","11":"purchasable","12":"product-type-variable"},"acf":[],"yoast_head":"<!-- This site is optimized with the Yoast SEO plugin v27.2 - https:\/\/yoast.com\/product\/yoast-seo-wordpress\/ -->\n<title>M\u00e9canique de vol des a\u00e9ronefs - ISTE Group<\/title>\n<meta name=\"description\" content=\"M\u00e9canique de vol des a\u00e9ronefs pr\u00e9sente une approche th\u00e9orique de la m\u00e9canique de vol qui permet d\u2019appr\u00e9hender le sujet et fait le lien avec l\u2019approche empirique des industriels.\" \/>\n<meta name=\"robots\" content=\"index, follow, max-snippet:-1, max-image-preview:large, max-video-preview:-1\" \/>\n<link rel=\"canonical\" href=\"https:\/\/www.istegroup.com\/fr\/produit\/mecanique-de-vol-des-aeronefs\/\" \/>\n<meta property=\"og:locale\" content=\"en_US\" \/>\n<meta property=\"og:type\" content=\"article\" \/>\n<meta property=\"og:title\" content=\"M\u00e9canique de vol des a\u00e9ronefs - ISTE Group\" \/>\n<meta property=\"og:description\" content=\"M\u00e9canique de vol des a\u00e9ronefs pr\u00e9sente une approche th\u00e9orique de la m\u00e9canique de vol qui permet d\u2019appr\u00e9hender le sujet et fait le lien avec l\u2019approche empirique des industriels.\" \/>\n<meta property=\"og:url\" content=\"https:\/\/www.istegroup.com\/fr\/produit\/mecanique-de-vol-des-aeronefs\/\" \/>\n<meta property=\"og:site_name\" content=\"ISTE Group\" \/>\n<meta property=\"article:modified_time\" content=\"2024-01-03T13:45:23+00:00\" \/>\n<meta property=\"og:image\" content=\"https:\/\/www.istegroup.com\/wp-content\/uploads\/2021\/11\/Mecanique-de-vol-des-aeronefs.jpg\" \/>\n\t<meta property=\"og:image:width\" content=\"350\" \/>\n\t<meta property=\"og:image:height\" content=\"525\" \/>\n\t<meta property=\"og:image:type\" content=\"image\/jpeg\" \/>\n<meta name=\"twitter:card\" content=\"summary_large_image\" \/>\n<meta name=\"twitter:label1\" content=\"Est. reading time\" \/>\n\t<meta name=\"twitter:data1\" content=\"2 minutes\" \/>\n<script type=\"application\/ld+json\" class=\"yoast-schema-graph\">{\"@context\":\"https:\/\/schema.org\",\"@graph\":[{\"@type\":\"WebPage\",\"@id\":\"https:\/\/www.istegroup.com\/fr\/produit\/mecanique-de-vol-des-aeronefs\/\",\"url\":\"https:\/\/www.istegroup.com\/fr\/produit\/mecanique-de-vol-des-aeronefs\/\",\"name\":\"M\u00e9canique de vol des a\u00e9ronefs - ISTE Group\",\"isPartOf\":{\"@id\":\"https:\/\/www.istegroup.com\/#website\"},\"primaryImageOfPage\":{\"@id\":\"https:\/\/www.istegroup.com\/fr\/produit\/mecanique-de-vol-des-aeronefs\/#primaryimage\"},\"image\":{\"@id\":\"https:\/\/www.istegroup.com\/fr\/produit\/mecanique-de-vol-des-aeronefs\/#primaryimage\"},\"thumbnailUrl\":\"https:\/\/www.istegroup.com\/wp-content\/uploads\/2021\/11\/Mecanique-de-vol-des-aeronefs.jpg\",\"datePublished\":\"2021-11-10T15:25:22+00:00\",\"dateModified\":\"2024-01-03T13:45:23+00:00\",\"description\":\"M\u00e9canique de vol des a\u00e9ronefs pr\u00e9sente une approche th\u00e9orique de la m\u00e9canique de vol qui permet d\u2019appr\u00e9hender le sujet et fait le lien avec l\u2019approche empirique des industriels.\",\"breadcrumb\":{\"@id\":\"https:\/\/www.istegroup.com\/fr\/produit\/mecanique-de-vol-des-aeronefs\/#breadcrumb\"},\"inLanguage\":\"en-US\",\"potentialAction\":[{\"@type\":\"ReadAction\",\"target\":[\"https:\/\/www.istegroup.com\/fr\/produit\/mecanique-de-vol-des-aeronefs\/\"]}]},{\"@type\":\"ImageObject\",\"inLanguage\":\"en-US\",\"@id\":\"https:\/\/www.istegroup.com\/fr\/produit\/mecanique-de-vol-des-aeronefs\/#primaryimage\",\"url\":\"https:\/\/www.istegroup.com\/wp-content\/uploads\/2021\/11\/Mecanique-de-vol-des-aeronefs.jpg\",\"contentUrl\":\"https:\/\/www.istegroup.com\/wp-content\/uploads\/2021\/11\/Mecanique-de-vol-des-aeronefs.jpg\",\"width\":350,\"height\":525,\"caption\":\"Livre scientifique - M\u00e9canique de vol des a\u00e9ronefs - Gilles Louis\"},{\"@type\":\"BreadcrumbList\",\"@id\":\"https:\/\/www.istegroup.com\/fr\/produit\/mecanique-de-vol-des-aeronefs\/#breadcrumb\",\"itemListElement\":[{\"@type\":\"ListItem\",\"position\":1,\"name\":\"Home\",\"item\":\"https:\/\/www.istegroup.com\/\"},{\"@type\":\"ListItem\",\"position\":2,\"name\":\"Shop\",\"item\":\"https:\/\/www.istegroup.com\/fr\/nouveautes\/\"},{\"@type\":\"ListItem\",\"position\":3,\"name\":\"M\u00e9canique de vol des a\u00e9ronefs\"}]},{\"@type\":\"WebSite\",\"@id\":\"https:\/\/www.istegroup.com\/#website\",\"url\":\"https:\/\/www.istegroup.com\/\",\"name\":\"ISTE Group\",\"description\":\"Publishing Knowledge\",\"potentialAction\":[{\"@type\":\"SearchAction\",\"target\":{\"@type\":\"EntryPoint\",\"urlTemplate\":\"https:\/\/www.istegroup.com\/?s={search_term_string}\"},\"query-input\":{\"@type\":\"PropertyValueSpecification\",\"valueRequired\":true,\"valueName\":\"search_term_string\"}}],\"inLanguage\":\"en-US\"}]}<\/script>\n<!-- \/ Yoast SEO plugin. -->","yoast_head_json":{"title":"M\u00e9canique de vol des a\u00e9ronefs - ISTE Group","description":"M\u00e9canique de vol des a\u00e9ronefs pr\u00e9sente une approche th\u00e9orique de la m\u00e9canique de vol qui permet d\u2019appr\u00e9hender le sujet et fait le lien avec l\u2019approche empirique des industriels.","robots":{"index":"index","follow":"follow","max-snippet":"max-snippet:-1","max-image-preview":"max-image-preview:large","max-video-preview":"max-video-preview:-1"},"canonical":"https:\/\/www.istegroup.com\/fr\/produit\/mecanique-de-vol-des-aeronefs\/","og_locale":"en_US","og_type":"article","og_title":"M\u00e9canique de vol des a\u00e9ronefs - ISTE Group","og_description":"M\u00e9canique de vol des a\u00e9ronefs pr\u00e9sente une approche th\u00e9orique de la m\u00e9canique de vol qui permet d\u2019appr\u00e9hender le sujet et fait le lien avec l\u2019approche empirique des industriels.","og_url":"https:\/\/www.istegroup.com\/fr\/produit\/mecanique-de-vol-des-aeronefs\/","og_site_name":"ISTE Group","article_modified_time":"2024-01-03T13:45:23+00:00","og_image":[{"width":350,"height":525,"url":"https:\/\/www.istegroup.com\/wp-content\/uploads\/2021\/11\/Mecanique-de-vol-des-aeronefs.jpg","type":"image\/jpeg"}],"twitter_card":"summary_large_image","twitter_misc":{"Est. reading time":"2 minutes"},"schema":{"@context":"https:\/\/schema.org","@graph":[{"@type":"WebPage","@id":"https:\/\/www.istegroup.com\/fr\/produit\/mecanique-de-vol-des-aeronefs\/","url":"https:\/\/www.istegroup.com\/fr\/produit\/mecanique-de-vol-des-aeronefs\/","name":"M\u00e9canique de vol des a\u00e9ronefs - ISTE Group","isPartOf":{"@id":"https:\/\/www.istegroup.com\/#website"},"primaryImageOfPage":{"@id":"https:\/\/www.istegroup.com\/fr\/produit\/mecanique-de-vol-des-aeronefs\/#primaryimage"},"image":{"@id":"https:\/\/www.istegroup.com\/fr\/produit\/mecanique-de-vol-des-aeronefs\/#primaryimage"},"thumbnailUrl":"https:\/\/www.istegroup.com\/wp-content\/uploads\/2021\/11\/Mecanique-de-vol-des-aeronefs.jpg","datePublished":"2021-11-10T15:25:22+00:00","dateModified":"2024-01-03T13:45:23+00:00","description":"M\u00e9canique de vol des a\u00e9ronefs pr\u00e9sente une approche th\u00e9orique de la m\u00e9canique de vol qui permet d\u2019appr\u00e9hender le sujet et fait le lien avec l\u2019approche empirique des industriels.","breadcrumb":{"@id":"https:\/\/www.istegroup.com\/fr\/produit\/mecanique-de-vol-des-aeronefs\/#breadcrumb"},"inLanguage":"en-US","potentialAction":[{"@type":"ReadAction","target":["https:\/\/www.istegroup.com\/fr\/produit\/mecanique-de-vol-des-aeronefs\/"]}]},{"@type":"ImageObject","inLanguage":"en-US","@id":"https:\/\/www.istegroup.com\/fr\/produit\/mecanique-de-vol-des-aeronefs\/#primaryimage","url":"https:\/\/www.istegroup.com\/wp-content\/uploads\/2021\/11\/Mecanique-de-vol-des-aeronefs.jpg","contentUrl":"https:\/\/www.istegroup.com\/wp-content\/uploads\/2021\/11\/Mecanique-de-vol-des-aeronefs.jpg","width":350,"height":525,"caption":"Livre scientifique - M\u00e9canique de vol des a\u00e9ronefs - Gilles Louis"},{"@type":"BreadcrumbList","@id":"https:\/\/www.istegroup.com\/fr\/produit\/mecanique-de-vol-des-aeronefs\/#breadcrumb","itemListElement":[{"@type":"ListItem","position":1,"name":"Home","item":"https:\/\/www.istegroup.com\/"},{"@type":"ListItem","position":2,"name":"Shop","item":"https:\/\/www.istegroup.com\/fr\/nouveautes\/"},{"@type":"ListItem","position":3,"name":"M\u00e9canique de vol des a\u00e9ronefs"}]},{"@type":"WebSite","@id":"https:\/\/www.istegroup.com\/#website","url":"https:\/\/www.istegroup.com\/","name":"ISTE Group","description":"Publishing Knowledge","potentialAction":[{"@type":"SearchAction","target":{"@type":"EntryPoint","urlTemplate":"https:\/\/www.istegroup.com\/?s={search_term_string}"},"query-input":{"@type":"PropertyValueSpecification","valueRequired":true,"valueName":"search_term_string"}}],"inLanguage":"en-US"}]}},"_links":{"self":[{"href":"https:\/\/www.istegroup.com\/en\/wp-json\/wp\/v2\/product\/44329","targetHints":{"allow":["GET"]}}],"collection":[{"href":"https:\/\/www.istegroup.com\/en\/wp-json\/wp\/v2\/product"}],"about":[{"href":"https:\/\/www.istegroup.com\/en\/wp-json\/wp\/v2\/types\/product"}],"wp:featuredmedia":[{"embeddable":true,"href":"https:\/\/www.istegroup.com\/en\/wp-json\/wp\/v2\/media\/44335"}],"wp:attachment":[{"href":"https:\/\/www.istegroup.com\/en\/wp-json\/wp\/v2\/media?parent=44329"}],"wp:term":[{"taxonomy":"product_brand","embeddable":true,"href":"https:\/\/www.istegroup.com\/en\/wp-json\/wp\/v2\/product_brand?post=44329"},{"taxonomy":"product_cat","embeddable":true,"href":"https:\/\/www.istegroup.com\/en\/wp-json\/wp\/v2\/product_cat?post=44329"},{"taxonomy":"product_tag","embeddable":true,"href":"https:\/\/www.istegroup.com\/en\/wp-json\/wp\/v2\/product_tag?post=44329"}],"curies":[{"name":"wp","href":"https:\/\/api.w.org\/{rel}","templated":true}]}}