{"id":44098,"date":"2021-10-21T14:48:57","date_gmt":"2021-10-21T13:48:57","guid":{"rendered":"https:\/\/www.istegroup.com\/?post_type=product&#038;p=44098"},"modified":"2024-01-03T13:45:23","modified_gmt":"2024-01-03T13:45:23","slug":"employabilite-et-mutations-industrielles","status":"publish","type":"product","link":"https:\/\/www.istegroup.com\/en\/produit\/employabilite-et-mutations-industrielles\/","title":{"rendered":"Employabilit\u00e9 et mutations industrielles"},"content":{"rendered":"<p>Les mutations industrielles, \u00e9conomiques et organisationnelles transforment l\u2019emploi, les comp\u00e9tences et le travail. D\u00e9velopper l\u2019employabilit\u00e9 des salari\u00e9s constitue une des r\u00e9ponses \u00e0 ces probl\u00e9matiques. Cependant, l\u2019articulation entre mutations et employabilit\u00e9 ne va pas de soi : elle se construit et s\u2019\u00e9quipe pour mettre en capacit\u00e9 les salari\u00e9s d\u2019acc\u00e9der \u00e0 des situations professionnelles satisfaisantes.<\/p>\n<p><em>Employabilit\u00e9 et mutations industrielles<\/em> d\u00e9finit l\u2019employabilit\u00e9 et ses enjeux pour les pouvoirs publics, les organisations et les salari\u00e9s : traitement du ch\u00f4mage, r\u00e9ussite des transformations, \u00e9mancipation. Il pr\u00e9sente ensuite plusieurs figures du travailleur pour mieux comprendre ce qu\u2019\u00ab \u00eatre employable \u00bb signifie. Il analyse \u00e9galement plusieurs exemples de dispositifs de gestion de l\u2019employabilit\u00e9 \u00e0 diff\u00e9rents stades de la carri\u00e8re des individus. Il examine enfin la question du d\u00e9veloppement ou de l\u2019entretien de l\u2019employabilit\u00e9 dans des situations et contextes concrets.<\/p>\n<p>Cet ouvrage r\u00e9unit des chercheurs et des praticiens de diff\u00e9rentes sp\u00e9cialit\u00e9s pour \u00e9clairer cette articulation complexe entre mutations et employabilit\u00e9.<\/p>\n","protected":false},"excerpt":{"rendered":"<p>Les mutations industrielles, \u00e9conomiques et organisationnelles transforment l\u2019emploi, les comp\u00e9tences et le travail. D\u00e9velopper l\u2019employabilit\u00e9 des salari\u00e9s constitue une des r\u00e9ponses \u00e0 ces probl\u00e9matiques. Cependant, l\u2019articulation entre mutations et employabilit\u00e9 ne va pas de soi : elle se construit et s\u2019\u00e9quipe pour mettre en capacit\u00e9 les salari\u00e9s d\u2019acc\u00e9der \u00e0 des situations professionnelles satisfaisantes. Employabilit\u00e9 et [&hellip;]<\/p>\n","protected":false},"featured_media":53992,"template":"","meta":{"_acf_changed":false,"_links_to":"","_links_to_target":""},"product_brand":[],"product_cat":[3262],"product_tag":[],"class_list":{"0":"post-44098","1":"product","2":"type-product","3":"status-publish","4":"has-post-thumbnail","6":"product_cat-non-classe","8":"first","9":"instock","10":"shipping-taxable","11":"purchasable","12":"product-type-variable"},"acf":[],"yoast_head":"<!-- This site is optimized with the Yoast SEO plugin v27.2 - https:\/\/yoast.com\/product\/yoast-seo-wordpress\/ -->\n<title>Employabilit\u00e9 et mutations industrielles - ISTE Group<\/title>\n<meta name=\"description\" content=\"Employabilit\u00e9 et mutations industrielles d\u00e9finit l\u2019employabilit\u00e9 et ses enjeux pour les pouvoirs publics, les organisations et les salari\u00e9s : traitement du ch\u00f4mage, r\u00e9ussite des transformations, \u00e9mancipation.\" \/>\n<meta name=\"robots\" content=\"index, follow, max-snippet:-1, max-image-preview:large, max-video-preview:-1\" \/>\n<link rel=\"canonical\" href=\"https:\/\/www.istegroup.com\/produit\/employabilite-et-mutations-industrielles\/\" \/>\n<meta property=\"og:locale\" content=\"en_US\" \/>\n<meta property=\"og:type\" content=\"article\" \/>\n<meta property=\"og:title\" content=\"Employabilit\u00e9 et mutations industrielles - ISTE Group\" \/>\n<meta property=\"og:description\" content=\"Employabilit\u00e9 et mutations industrielles d\u00e9finit l\u2019employabilit\u00e9 et ses enjeux pour les pouvoirs publics, les organisations et les salari\u00e9s : traitement du ch\u00f4mage, r\u00e9ussite des transformations, \u00e9mancipation.\" \/>\n<meta property=\"og:url\" content=\"https:\/\/www.istegroup.com\/produit\/employabilite-et-mutations-industrielles\/\" \/>\n<meta property=\"og:site_name\" content=\"ISTE Group\" \/>\n<meta property=\"article:modified_time\" content=\"2024-01-03T13:45:23+00:00\" \/>\n<meta property=\"og:image\" content=\"https:\/\/www.istegroup.com\/wp-content\/uploads\/2021\/10\/Employabilite-et-mutations-industrielles_FNEGE.jpg\" \/>\n\t<meta property=\"og:image:width\" content=\"300\" \/>\n\t<meta property=\"og:image:height\" content=\"449\" \/>\n\t<meta property=\"og:image:type\" content=\"image\/jpeg\" \/>\n<meta name=\"twitter:card\" content=\"summary_large_image\" \/>\n<meta name=\"twitter:label1\" content=\"Est. reading time\" \/>\n\t<meta name=\"twitter:data1\" content=\"1 minute\" \/>\n<script type=\"application\/ld+json\" class=\"yoast-schema-graph\">{\"@context\":\"https:\/\/schema.org\",\"@graph\":[{\"@type\":\"WebPage\",\"@id\":\"https:\/\/www.istegroup.com\/produit\/employabilite-et-mutations-industrielles\/\",\"url\":\"https:\/\/www.istegroup.com\/produit\/employabilite-et-mutations-industrielles\/\",\"name\":\"Employabilit\u00e9 et mutations industrielles - ISTE Group\",\"isPartOf\":{\"@id\":\"https:\/\/www.istegroup.com\/#website\"},\"primaryImageOfPage\":{\"@id\":\"https:\/\/www.istegroup.com\/produit\/employabilite-et-mutations-industrielles\/#primaryimage\"},\"image\":{\"@id\":\"https:\/\/www.istegroup.com\/produit\/employabilite-et-mutations-industrielles\/#primaryimage\"},\"thumbnailUrl\":\"https:\/\/www.istegroup.com\/wp-content\/uploads\/2021\/10\/Employabilite-et-mutations-industrielles_FNEGE.jpg\",\"datePublished\":\"2021-10-21T13:48:57+00:00\",\"dateModified\":\"2024-01-03T13:45:23+00:00\",\"description\":\"Employabilit\u00e9 et mutations industrielles d\u00e9finit l\u2019employabilit\u00e9 et ses enjeux pour les pouvoirs publics, les organisations et les salari\u00e9s : traitement du ch\u00f4mage, r\u00e9ussite des transformations, \u00e9mancipation.\",\"breadcrumb\":{\"@id\":\"https:\/\/www.istegroup.com\/produit\/employabilite-et-mutations-industrielles\/#breadcrumb\"},\"inLanguage\":\"en-US\",\"potentialAction\":[{\"@type\":\"ReadAction\",\"target\":[\"https:\/\/www.istegroup.com\/produit\/employabilite-et-mutations-industrielles\/\"]}]},{\"@type\":\"ImageObject\",\"inLanguage\":\"en-US\",\"@id\":\"https:\/\/www.istegroup.com\/produit\/employabilite-et-mutations-industrielles\/#primaryimage\",\"url\":\"https:\/\/www.istegroup.com\/wp-content\/uploads\/2021\/10\/Employabilite-et-mutations-industrielles_FNEGE.jpg\",\"contentUrl\":\"https:\/\/www.istegroup.com\/wp-content\/uploads\/2021\/10\/Employabilite-et-mutations-industrielles_FNEGE.jpg\",\"width\":300,\"height\":449,\"caption\":\"Livre scientifique - Employabilit\u00e9 et mutations industrielles - FNEGE\"},{\"@type\":\"BreadcrumbList\",\"@id\":\"https:\/\/www.istegroup.com\/produit\/employabilite-et-mutations-industrielles\/#breadcrumb\",\"itemListElement\":[{\"@type\":\"ListItem\",\"position\":1,\"name\":\"Home\",\"item\":\"https:\/\/www.istegroup.com\/\"},{\"@type\":\"ListItem\",\"position\":2,\"name\":\"Shop\",\"item\":\"https:\/\/www.istegroup.com\/fr\/nouveautes\/\"},{\"@type\":\"ListItem\",\"position\":3,\"name\":\"Employabilit\u00e9 et mutations industrielles\"}]},{\"@type\":\"WebSite\",\"@id\":\"https:\/\/www.istegroup.com\/#website\",\"url\":\"https:\/\/www.istegroup.com\/\",\"name\":\"ISTE Group\",\"description\":\"Publishing Knowledge\",\"potentialAction\":[{\"@type\":\"SearchAction\",\"target\":{\"@type\":\"EntryPoint\",\"urlTemplate\":\"https:\/\/www.istegroup.com\/?s={search_term_string}\"},\"query-input\":{\"@type\":\"PropertyValueSpecification\",\"valueRequired\":true,\"valueName\":\"search_term_string\"}}],\"inLanguage\":\"en-US\"}]}<\/script>\n<!-- \/ Yoast SEO plugin. -->","yoast_head_json":{"title":"Employabilit\u00e9 et mutations industrielles - ISTE Group","description":"Employabilit\u00e9 et mutations industrielles d\u00e9finit l\u2019employabilit\u00e9 et ses enjeux pour les pouvoirs publics, les organisations et les salari\u00e9s : traitement du ch\u00f4mage, r\u00e9ussite des transformations, \u00e9mancipation.","robots":{"index":"index","follow":"follow","max-snippet":"max-snippet:-1","max-image-preview":"max-image-preview:large","max-video-preview":"max-video-preview:-1"},"canonical":"https:\/\/www.istegroup.com\/produit\/employabilite-et-mutations-industrielles\/","og_locale":"en_US","og_type":"article","og_title":"Employabilit\u00e9 et mutations industrielles - ISTE Group","og_description":"Employabilit\u00e9 et mutations industrielles d\u00e9finit l\u2019employabilit\u00e9 et ses enjeux pour les pouvoirs publics, les organisations et les salari\u00e9s : traitement du ch\u00f4mage, r\u00e9ussite des transformations, \u00e9mancipation.","og_url":"https:\/\/www.istegroup.com\/produit\/employabilite-et-mutations-industrielles\/","og_site_name":"ISTE Group","article_modified_time":"2024-01-03T13:45:23+00:00","og_image":[{"width":300,"height":449,"url":"https:\/\/www.istegroup.com\/wp-content\/uploads\/2021\/10\/Employabilite-et-mutations-industrielles_FNEGE.jpg","type":"image\/jpeg"}],"twitter_card":"summary_large_image","twitter_misc":{"Est. reading time":"1 minute"},"schema":{"@context":"https:\/\/schema.org","@graph":[{"@type":"WebPage","@id":"https:\/\/www.istegroup.com\/produit\/employabilite-et-mutations-industrielles\/","url":"https:\/\/www.istegroup.com\/produit\/employabilite-et-mutations-industrielles\/","name":"Employabilit\u00e9 et mutations industrielles - ISTE Group","isPartOf":{"@id":"https:\/\/www.istegroup.com\/#website"},"primaryImageOfPage":{"@id":"https:\/\/www.istegroup.com\/produit\/employabilite-et-mutations-industrielles\/#primaryimage"},"image":{"@id":"https:\/\/www.istegroup.com\/produit\/employabilite-et-mutations-industrielles\/#primaryimage"},"thumbnailUrl":"https:\/\/www.istegroup.com\/wp-content\/uploads\/2021\/10\/Employabilite-et-mutations-industrielles_FNEGE.jpg","datePublished":"2021-10-21T13:48:57+00:00","dateModified":"2024-01-03T13:45:23+00:00","description":"Employabilit\u00e9 et mutations industrielles d\u00e9finit l\u2019employabilit\u00e9 et ses enjeux pour les pouvoirs publics, les organisations et les salari\u00e9s : traitement du ch\u00f4mage, r\u00e9ussite des transformations, \u00e9mancipation.","breadcrumb":{"@id":"https:\/\/www.istegroup.com\/produit\/employabilite-et-mutations-industrielles\/#breadcrumb"},"inLanguage":"en-US","potentialAction":[{"@type":"ReadAction","target":["https:\/\/www.istegroup.com\/produit\/employabilite-et-mutations-industrielles\/"]}]},{"@type":"ImageObject","inLanguage":"en-US","@id":"https:\/\/www.istegroup.com\/produit\/employabilite-et-mutations-industrielles\/#primaryimage","url":"https:\/\/www.istegroup.com\/wp-content\/uploads\/2021\/10\/Employabilite-et-mutations-industrielles_FNEGE.jpg","contentUrl":"https:\/\/www.istegroup.com\/wp-content\/uploads\/2021\/10\/Employabilite-et-mutations-industrielles_FNEGE.jpg","width":300,"height":449,"caption":"Livre scientifique - Employabilit\u00e9 et mutations industrielles - FNEGE"},{"@type":"BreadcrumbList","@id":"https:\/\/www.istegroup.com\/produit\/employabilite-et-mutations-industrielles\/#breadcrumb","itemListElement":[{"@type":"ListItem","position":1,"name":"Home","item":"https:\/\/www.istegroup.com\/"},{"@type":"ListItem","position":2,"name":"Shop","item":"https:\/\/www.istegroup.com\/fr\/nouveautes\/"},{"@type":"ListItem","position":3,"name":"Employabilit\u00e9 et mutations industrielles"}]},{"@type":"WebSite","@id":"https:\/\/www.istegroup.com\/#website","url":"https:\/\/www.istegroup.com\/","name":"ISTE Group","description":"Publishing Knowledge","potentialAction":[{"@type":"SearchAction","target":{"@type":"EntryPoint","urlTemplate":"https:\/\/www.istegroup.com\/?s={search_term_string}"},"query-input":{"@type":"PropertyValueSpecification","valueRequired":true,"valueName":"search_term_string"}}],"inLanguage":"en-US"}]}},"_links":{"self":[{"href":"https:\/\/www.istegroup.com\/en\/wp-json\/wp\/v2\/product\/44098","targetHints":{"allow":["GET"]}}],"collection":[{"href":"https:\/\/www.istegroup.com\/en\/wp-json\/wp\/v2\/product"}],"about":[{"href":"https:\/\/www.istegroup.com\/en\/wp-json\/wp\/v2\/types\/product"}],"wp:featuredmedia":[{"embeddable":true,"href":"https:\/\/www.istegroup.com\/en\/wp-json\/wp\/v2\/media\/53992"}],"wp:attachment":[{"href":"https:\/\/www.istegroup.com\/en\/wp-json\/wp\/v2\/media?parent=44098"}],"wp:term":[{"taxonomy":"product_brand","embeddable":true,"href":"https:\/\/www.istegroup.com\/en\/wp-json\/wp\/v2\/product_brand?post=44098"},{"taxonomy":"product_cat","embeddable":true,"href":"https:\/\/www.istegroup.com\/en\/wp-json\/wp\/v2\/product_cat?post=44098"},{"taxonomy":"product_tag","embeddable":true,"href":"https:\/\/www.istegroup.com\/en\/wp-json\/wp\/v2\/product_tag?post=44098"}],"curies":[{"name":"wp","href":"https:\/\/api.w.org\/{rel}","templated":true}]}}