{"id":44075,"date":"2021-10-21T11:50:53","date_gmt":"2021-10-21T10:50:53","guid":{"rendered":"https:\/\/www.istegroup.com\/?post_type=product&#038;p=44075"},"modified":"2024-01-03T13:45:23","modified_gmt":"2024-01-03T13:45:23","slug":"du-soin-dans-la-technique","status":"publish","type":"product","link":"https:\/\/www.istegroup.com\/en\/produit\/du-soin-dans-la-technique\/","title":{"rendered":"Du soin dans la technique"},"content":{"rendered":"<p>Pour faire face aux d\u00e9fis environnementaux, il ne suffit pas de rendre nos syst\u00e8mes de production plus verts et nos modes de vie plus \u00e9cologiques. Il est \u00e9galement urgent d\u2019en finir avec la conception de l\u2019humain \u00ab ma\u00eetre et possesseur \u00bb de la nature et de rappeler qu\u2019il est un vivant parmi les vivants. Cependant, pour porter ses fruits, ce changement d\u2019anthropologie doit aussi s\u2019accompagner d\u2019un changement dans notre conception de la technique.<\/p>\n<p>Sur une tr\u00e8s longue p\u00e9riode, des Grecs anciens au XVIIIe si\u00e8cle, la technique avait \u00e9t\u00e9 con\u00e7ue comme un art du compromis exigeant de la prudence, une attention fine aux cas particuliers, une grande facult\u00e9 d\u2019adaptation et une recherche de la juste mesure en toute chose. En r\u00e9sum\u00e9, la technique \u00e9tait une affaire de soin.<\/p>\n<p><em>Du soin dans la technique<\/em> propose une analyse philosophique de la rupture de la technique et du soin, au seuil de l\u2019industrialisation. Il identifie aussi les conditions pour que le soin puisse aujourd\u2019hui redevenir un principe r\u00e9gulateur de l\u2019activit\u00e9 des ing\u00e9nieurs.<\/p>\n","protected":false},"excerpt":{"rendered":"<p>Pour faire face aux d\u00e9fis environnementaux, il ne suffit pas de rendre nos syst\u00e8mes de production plus verts et nos modes de vie plus \u00e9cologiques. Il est \u00e9galement urgent d\u2019en finir avec la conception de l\u2019humain \u00ab ma\u00eetre et possesseur \u00bb de la nature et de rappeler qu\u2019il est un vivant parmi les vivants. Cependant, [&hellip;]<\/p>\n","protected":false},"featured_media":44087,"template":"","meta":{"_acf_changed":false,"_links_to":"","_links_to_target":""},"product_brand":[],"product_cat":[3262],"product_tag":[],"class_list":{"0":"post-44075","1":"product","2":"type-product","3":"status-publish","4":"has-post-thumbnail","6":"product_cat-non-classe","8":"first","9":"instock","10":"shipping-taxable","11":"purchasable","12":"product-type-variable"},"acf":[],"yoast_head":"<!-- This site is optimized with the Yoast SEO plugin v27.2 - https:\/\/yoast.com\/product\/yoast-seo-wordpress\/ -->\n<title>Du soin dans la technique - ISTE Group<\/title>\n<meta name=\"description\" content=\"Du soin dans la technique propose une analyse philosophique de la rupture de la technique et du soin, au seuil de l\u2019industrialisation. Il identifie aussi les conditions pour que le soin puisse aujourd\u2019hui redevenir un principe r\u00e9gulateur de l\u2019activit\u00e9 des ing\u00e9nieurs.\" \/>\n<meta name=\"robots\" content=\"index, follow, max-snippet:-1, max-image-preview:large, max-video-preview:-1\" \/>\n<link rel=\"canonical\" href=\"https:\/\/www.istegroup.com\/produit\/du-soin-dans-la-technique\/\" \/>\n<meta property=\"og:locale\" content=\"en_US\" \/>\n<meta property=\"og:type\" content=\"article\" \/>\n<meta property=\"og:title\" content=\"Du soin dans la technique - ISTE Group\" \/>\n<meta property=\"og:description\" content=\"Du soin dans la technique propose une analyse philosophique de la rupture de la technique et du soin, au seuil de l\u2019industrialisation. Il identifie aussi les conditions pour que le soin puisse aujourd\u2019hui redevenir un principe r\u00e9gulateur de l\u2019activit\u00e9 des ing\u00e9nieurs.\" \/>\n<meta property=\"og:url\" content=\"https:\/\/www.istegroup.com\/produit\/du-soin-dans-la-technique\/\" \/>\n<meta property=\"og:site_name\" content=\"ISTE Group\" \/>\n<meta property=\"article:modified_time\" content=\"2024-01-03T13:45:23+00:00\" \/>\n<meta property=\"og:image\" content=\"https:\/\/www.istegroup.com\/wp-content\/uploads\/2021\/10\/Du-soin-dans-la-technique.jpg\" \/>\n\t<meta property=\"og:image:width\" content=\"300\" \/>\n\t<meta property=\"og:image:height\" content=\"450\" \/>\n\t<meta property=\"og:image:type\" content=\"image\/jpeg\" \/>\n<meta name=\"twitter:card\" content=\"summary_large_image\" \/>\n<meta name=\"twitter:label1\" content=\"Est. reading time\" \/>\n\t<meta name=\"twitter:data1\" content=\"1 minute\" \/>\n<script type=\"application\/ld+json\" class=\"yoast-schema-graph\">{\"@context\":\"https:\/\/schema.org\",\"@graph\":[{\"@type\":\"WebPage\",\"@id\":\"https:\/\/www.istegroup.com\/produit\/du-soin-dans-la-technique\/\",\"url\":\"https:\/\/www.istegroup.com\/produit\/du-soin-dans-la-technique\/\",\"name\":\"Du soin dans la technique - ISTE Group\",\"isPartOf\":{\"@id\":\"https:\/\/www.istegroup.com\/#website\"},\"primaryImageOfPage\":{\"@id\":\"https:\/\/www.istegroup.com\/produit\/du-soin-dans-la-technique\/#primaryimage\"},\"image\":{\"@id\":\"https:\/\/www.istegroup.com\/produit\/du-soin-dans-la-technique\/#primaryimage\"},\"thumbnailUrl\":\"https:\/\/www.istegroup.com\/wp-content\/uploads\/2021\/10\/Du-soin-dans-la-technique.jpg\",\"datePublished\":\"2021-10-21T10:50:53+00:00\",\"dateModified\":\"2024-01-03T13:45:23+00:00\",\"description\":\"Du soin dans la technique propose une analyse philosophique de la rupture de la technique et du soin, au seuil de l\u2019industrialisation. Il identifie aussi les conditions pour que le soin puisse aujourd\u2019hui redevenir un principe r\u00e9gulateur de l\u2019activit\u00e9 des ing\u00e9nieurs.\",\"breadcrumb\":{\"@id\":\"https:\/\/www.istegroup.com\/produit\/du-soin-dans-la-technique\/#breadcrumb\"},\"inLanguage\":\"en-US\",\"potentialAction\":[{\"@type\":\"ReadAction\",\"target\":[\"https:\/\/www.istegroup.com\/produit\/du-soin-dans-la-technique\/\"]}]},{\"@type\":\"ImageObject\",\"inLanguage\":\"en-US\",\"@id\":\"https:\/\/www.istegroup.com\/produit\/du-soin-dans-la-technique\/#primaryimage\",\"url\":\"https:\/\/www.istegroup.com\/wp-content\/uploads\/2021\/10\/Du-soin-dans-la-technique.jpg\",\"contentUrl\":\"https:\/\/www.istegroup.com\/wp-content\/uploads\/2021\/10\/Du-soin-dans-la-technique.jpg\",\"width\":300,\"height\":450,\"caption\":\"Livre scientifique - Du soin dans la technique - Xavier Guchet\"},{\"@type\":\"BreadcrumbList\",\"@id\":\"https:\/\/www.istegroup.com\/produit\/du-soin-dans-la-technique\/#breadcrumb\",\"itemListElement\":[{\"@type\":\"ListItem\",\"position\":1,\"name\":\"Home\",\"item\":\"https:\/\/www.istegroup.com\/\"},{\"@type\":\"ListItem\",\"position\":2,\"name\":\"Shop\",\"item\":\"https:\/\/www.istegroup.com\/fr\/nouveautes\/\"},{\"@type\":\"ListItem\",\"position\":3,\"name\":\"Du soin dans la technique\"}]},{\"@type\":\"WebSite\",\"@id\":\"https:\/\/www.istegroup.com\/#website\",\"url\":\"https:\/\/www.istegroup.com\/\",\"name\":\"ISTE Group\",\"description\":\"Publishing Knowledge\",\"potentialAction\":[{\"@type\":\"SearchAction\",\"target\":{\"@type\":\"EntryPoint\",\"urlTemplate\":\"https:\/\/www.istegroup.com\/?s={search_term_string}\"},\"query-input\":{\"@type\":\"PropertyValueSpecification\",\"valueRequired\":true,\"valueName\":\"search_term_string\"}}],\"inLanguage\":\"en-US\"}]}<\/script>\n<!-- \/ Yoast SEO plugin. -->","yoast_head_json":{"title":"Du soin dans la technique - ISTE Group","description":"Du soin dans la technique propose une analyse philosophique de la rupture de la technique et du soin, au seuil de l\u2019industrialisation. Il identifie aussi les conditions pour que le soin puisse aujourd\u2019hui redevenir un principe r\u00e9gulateur de l\u2019activit\u00e9 des ing\u00e9nieurs.","robots":{"index":"index","follow":"follow","max-snippet":"max-snippet:-1","max-image-preview":"max-image-preview:large","max-video-preview":"max-video-preview:-1"},"canonical":"https:\/\/www.istegroup.com\/produit\/du-soin-dans-la-technique\/","og_locale":"en_US","og_type":"article","og_title":"Du soin dans la technique - ISTE Group","og_description":"Du soin dans la technique propose une analyse philosophique de la rupture de la technique et du soin, au seuil de l\u2019industrialisation. Il identifie aussi les conditions pour que le soin puisse aujourd\u2019hui redevenir un principe r\u00e9gulateur de l\u2019activit\u00e9 des ing\u00e9nieurs.","og_url":"https:\/\/www.istegroup.com\/produit\/du-soin-dans-la-technique\/","og_site_name":"ISTE Group","article_modified_time":"2024-01-03T13:45:23+00:00","og_image":[{"width":300,"height":450,"url":"https:\/\/www.istegroup.com\/wp-content\/uploads\/2021\/10\/Du-soin-dans-la-technique.jpg","type":"image\/jpeg"}],"twitter_card":"summary_large_image","twitter_misc":{"Est. reading time":"1 minute"},"schema":{"@context":"https:\/\/schema.org","@graph":[{"@type":"WebPage","@id":"https:\/\/www.istegroup.com\/produit\/du-soin-dans-la-technique\/","url":"https:\/\/www.istegroup.com\/produit\/du-soin-dans-la-technique\/","name":"Du soin dans la technique - ISTE Group","isPartOf":{"@id":"https:\/\/www.istegroup.com\/#website"},"primaryImageOfPage":{"@id":"https:\/\/www.istegroup.com\/produit\/du-soin-dans-la-technique\/#primaryimage"},"image":{"@id":"https:\/\/www.istegroup.com\/produit\/du-soin-dans-la-technique\/#primaryimage"},"thumbnailUrl":"https:\/\/www.istegroup.com\/wp-content\/uploads\/2021\/10\/Du-soin-dans-la-technique.jpg","datePublished":"2021-10-21T10:50:53+00:00","dateModified":"2024-01-03T13:45:23+00:00","description":"Du soin dans la technique propose une analyse philosophique de la rupture de la technique et du soin, au seuil de l\u2019industrialisation. Il identifie aussi les conditions pour que le soin puisse aujourd\u2019hui redevenir un principe r\u00e9gulateur de l\u2019activit\u00e9 des ing\u00e9nieurs.","breadcrumb":{"@id":"https:\/\/www.istegroup.com\/produit\/du-soin-dans-la-technique\/#breadcrumb"},"inLanguage":"en-US","potentialAction":[{"@type":"ReadAction","target":["https:\/\/www.istegroup.com\/produit\/du-soin-dans-la-technique\/"]}]},{"@type":"ImageObject","inLanguage":"en-US","@id":"https:\/\/www.istegroup.com\/produit\/du-soin-dans-la-technique\/#primaryimage","url":"https:\/\/www.istegroup.com\/wp-content\/uploads\/2021\/10\/Du-soin-dans-la-technique.jpg","contentUrl":"https:\/\/www.istegroup.com\/wp-content\/uploads\/2021\/10\/Du-soin-dans-la-technique.jpg","width":300,"height":450,"caption":"Livre scientifique - Du soin dans la technique - Xavier Guchet"},{"@type":"BreadcrumbList","@id":"https:\/\/www.istegroup.com\/produit\/du-soin-dans-la-technique\/#breadcrumb","itemListElement":[{"@type":"ListItem","position":1,"name":"Home","item":"https:\/\/www.istegroup.com\/"},{"@type":"ListItem","position":2,"name":"Shop","item":"https:\/\/www.istegroup.com\/fr\/nouveautes\/"},{"@type":"ListItem","position":3,"name":"Du soin dans la technique"}]},{"@type":"WebSite","@id":"https:\/\/www.istegroup.com\/#website","url":"https:\/\/www.istegroup.com\/","name":"ISTE Group","description":"Publishing Knowledge","potentialAction":[{"@type":"SearchAction","target":{"@type":"EntryPoint","urlTemplate":"https:\/\/www.istegroup.com\/?s={search_term_string}"},"query-input":{"@type":"PropertyValueSpecification","valueRequired":true,"valueName":"search_term_string"}}],"inLanguage":"en-US"}]}},"_links":{"self":[{"href":"https:\/\/www.istegroup.com\/en\/wp-json\/wp\/v2\/product\/44075","targetHints":{"allow":["GET"]}}],"collection":[{"href":"https:\/\/www.istegroup.com\/en\/wp-json\/wp\/v2\/product"}],"about":[{"href":"https:\/\/www.istegroup.com\/en\/wp-json\/wp\/v2\/types\/product"}],"wp:featuredmedia":[{"embeddable":true,"href":"https:\/\/www.istegroup.com\/en\/wp-json\/wp\/v2\/media\/44087"}],"wp:attachment":[{"href":"https:\/\/www.istegroup.com\/en\/wp-json\/wp\/v2\/media?parent=44075"}],"wp:term":[{"taxonomy":"product_brand","embeddable":true,"href":"https:\/\/www.istegroup.com\/en\/wp-json\/wp\/v2\/product_brand?post=44075"},{"taxonomy":"product_cat","embeddable":true,"href":"https:\/\/www.istegroup.com\/en\/wp-json\/wp\/v2\/product_cat?post=44075"},{"taxonomy":"product_tag","embeddable":true,"href":"https:\/\/www.istegroup.com\/en\/wp-json\/wp\/v2\/product_tag?post=44075"}],"curies":[{"name":"wp","href":"https:\/\/api.w.org\/{rel}","templated":true}]}}