{"id":44060,"date":"2021-10-25T10:19:58","date_gmt":"2021-10-25T09:19:58","guid":{"rendered":"https:\/\/www.istegroup.com\/?post_type=product&#038;p=44060"},"modified":"2024-01-03T13:45:22","modified_gmt":"2024-01-03T13:45:22","slug":"ecosystemes-innovants","status":"publish","type":"product","link":"https:\/\/www.istegroup.com\/en\/produit\/ecosystemes-innovants\/","title":{"rendered":"\u00c9cosyst\u00e8mes innovants"},"content":{"rendered":"<p>La situation actuelle, marqu\u00e9e simultan\u00e9ment par l\u2019Anthropoc\u00e8ne, le r\u00e9chauffement climatique, la num\u00e9risation et une intelligence artificielle exponentielle, nous am\u00e8ne vers un changement complet et rapide de la civilisation plan\u00e9taire et, <em>de facto<\/em>, vers la refondation des bases de l\u2019\u00e9conomie internationale.<\/p>\n<p><em>\u00c9cosyst\u00e8mes innovants<\/em> \u00e9tudie les risques et opportunit\u00e9s auxquels le monde contemporain est confront\u00e9. Il analyse, compare et classe les \u00e9cosyst\u00e8mes innovants les plus dynamiques de la plan\u00e8te par r\u00e9gion et par ville ; il en d\u00e9gage les caract\u00e9ristiques cl\u00e9s, communes ou originales, et en tire des apprentissages en termes de culture, management, syst\u00e8me et structure pour r\u00e9pondre aux d\u00e9fis actuels et penser les civilisations du futur.<\/p>\n","protected":false},"excerpt":{"rendered":"<p>La situation actuelle, marqu\u00e9e simultan\u00e9ment par l\u2019Anthropoc\u00e8ne, le r\u00e9chauffement climatique, la num\u00e9risation et une intelligence artificielle exponentielle, nous am\u00e8ne vers un changement complet et rapide de la civilisation plan\u00e9taire et, de facto, vers la refondation des bases de l\u2019\u00e9conomie internationale. \u00c9cosyst\u00e8mes innovants \u00e9tudie les risques et opportunit\u00e9s auxquels le monde contemporain est confront\u00e9. Il analyse, [&hellip;]<\/p>\n","protected":false},"featured_media":44065,"template":"","meta":{"_acf_changed":false,"_links_to":"","_links_to_target":""},"product_brand":[],"product_cat":[3262],"product_tag":[],"class_list":{"0":"post-44060","1":"product","2":"type-product","3":"status-publish","4":"has-post-thumbnail","6":"product_cat-non-classe","8":"first","9":"instock","10":"shipping-taxable","11":"purchasable","12":"product-type-variable"},"acf":[],"yoast_head":"<!-- This site is optimized with the Yoast SEO plugin v27.2 - https:\/\/yoast.com\/product\/yoast-seo-wordpress\/ -->\n<title>\u00c9cosyst\u00e8mes innovants - ISTE Group<\/title>\n<meta name=\"description\" content=\"\u00c9cosyst\u00e8mes innovants \u00e9tudie les risques et opportunit\u00e9s auxquels le monde contemporain est confront\u00e9. Il analyse, compare et classe les \u00e9cosyst\u00e8mes innovants les plus dynamiques de la plan\u00e8te par r\u00e9gion et par ville ;\" \/>\n<meta name=\"robots\" content=\"index, follow, max-snippet:-1, max-image-preview:large, max-video-preview:-1\" \/>\n<link rel=\"canonical\" href=\"https:\/\/www.istegroup.com\/produit\/ecosystemes-innovants\/\" \/>\n<meta property=\"og:locale\" content=\"en_US\" \/>\n<meta property=\"og:type\" content=\"article\" \/>\n<meta property=\"og:title\" content=\"\u00c9cosyst\u00e8mes innovants - ISTE Group\" \/>\n<meta property=\"og:description\" content=\"\u00c9cosyst\u00e8mes innovants \u00e9tudie les risques et opportunit\u00e9s auxquels le monde contemporain est confront\u00e9. Il analyse, compare et classe les \u00e9cosyst\u00e8mes innovants les plus dynamiques de la plan\u00e8te par r\u00e9gion et par ville ;\" \/>\n<meta property=\"og:url\" content=\"https:\/\/www.istegroup.com\/produit\/ecosystemes-innovants\/\" \/>\n<meta property=\"og:site_name\" content=\"ISTE Group\" \/>\n<meta property=\"article:modified_time\" content=\"2024-01-03T13:45:22+00:00\" \/>\n<meta property=\"og:image\" content=\"https:\/\/www.istegroup.com\/wp-content\/uploads\/2021\/10\/Ecosystemes-innovants.jpg\" \/>\n\t<meta property=\"og:image:width\" content=\"300\" \/>\n\t<meta property=\"og:image:height\" content=\"449\" \/>\n\t<meta property=\"og:image:type\" content=\"image\/jpeg\" \/>\n<meta name=\"twitter:card\" content=\"summary_large_image\" \/>\n<meta name=\"twitter:label1\" content=\"Est. reading time\" \/>\n\t<meta name=\"twitter:data1\" content=\"1 minute\" \/>\n<script type=\"application\/ld+json\" class=\"yoast-schema-graph\">{\"@context\":\"https:\/\/schema.org\",\"@graph\":[{\"@type\":\"WebPage\",\"@id\":\"https:\/\/www.istegroup.com\/produit\/ecosystemes-innovants\/\",\"url\":\"https:\/\/www.istegroup.com\/produit\/ecosystemes-innovants\/\",\"name\":\"\u00c9cosyst\u00e8mes innovants - ISTE Group\",\"isPartOf\":{\"@id\":\"https:\/\/www.istegroup.com\/#website\"},\"primaryImageOfPage\":{\"@id\":\"https:\/\/www.istegroup.com\/produit\/ecosystemes-innovants\/#primaryimage\"},\"image\":{\"@id\":\"https:\/\/www.istegroup.com\/produit\/ecosystemes-innovants\/#primaryimage\"},\"thumbnailUrl\":\"https:\/\/www.istegroup.com\/wp-content\/uploads\/2021\/10\/Ecosystemes-innovants.jpg\",\"datePublished\":\"2021-10-25T09:19:58+00:00\",\"dateModified\":\"2024-01-03T13:45:22+00:00\",\"description\":\"\u00c9cosyst\u00e8mes innovants \u00e9tudie les risques et opportunit\u00e9s auxquels le monde contemporain est confront\u00e9. Il analyse, compare et classe les \u00e9cosyst\u00e8mes innovants les plus dynamiques de la plan\u00e8te par r\u00e9gion et par ville ;\",\"breadcrumb\":{\"@id\":\"https:\/\/www.istegroup.com\/produit\/ecosystemes-innovants\/#breadcrumb\"},\"inLanguage\":\"en-US\",\"potentialAction\":[{\"@type\":\"ReadAction\",\"target\":[\"https:\/\/www.istegroup.com\/produit\/ecosystemes-innovants\/\"]}]},{\"@type\":\"ImageObject\",\"inLanguage\":\"en-US\",\"@id\":\"https:\/\/www.istegroup.com\/produit\/ecosystemes-innovants\/#primaryimage\",\"url\":\"https:\/\/www.istegroup.com\/wp-content\/uploads\/2021\/10\/Ecosystemes-innovants.jpg\",\"contentUrl\":\"https:\/\/www.istegroup.com\/wp-content\/uploads\/2021\/10\/Ecosystemes-innovants.jpg\",\"width\":300,\"height\":449,\"caption\":\"Livre scientifique - \u00c9cosyst\u00e8mes innovants - Michel Saloff-Coste\"},{\"@type\":\"BreadcrumbList\",\"@id\":\"https:\/\/www.istegroup.com\/produit\/ecosystemes-innovants\/#breadcrumb\",\"itemListElement\":[{\"@type\":\"ListItem\",\"position\":1,\"name\":\"Home\",\"item\":\"https:\/\/www.istegroup.com\/\"},{\"@type\":\"ListItem\",\"position\":2,\"name\":\"Shop\",\"item\":\"https:\/\/www.istegroup.com\/fr\/nouveautes\/\"},{\"@type\":\"ListItem\",\"position\":3,\"name\":\"\u00c9cosyst\u00e8mes innovants\"}]},{\"@type\":\"WebSite\",\"@id\":\"https:\/\/www.istegroup.com\/#website\",\"url\":\"https:\/\/www.istegroup.com\/\",\"name\":\"ISTE Group\",\"description\":\"Publishing Knowledge\",\"potentialAction\":[{\"@type\":\"SearchAction\",\"target\":{\"@type\":\"EntryPoint\",\"urlTemplate\":\"https:\/\/www.istegroup.com\/?s={search_term_string}\"},\"query-input\":{\"@type\":\"PropertyValueSpecification\",\"valueRequired\":true,\"valueName\":\"search_term_string\"}}],\"inLanguage\":\"en-US\"}]}<\/script>\n<!-- \/ Yoast SEO plugin. -->","yoast_head_json":{"title":"\u00c9cosyst\u00e8mes innovants - ISTE Group","description":"\u00c9cosyst\u00e8mes innovants \u00e9tudie les risques et opportunit\u00e9s auxquels le monde contemporain est confront\u00e9. Il analyse, compare et classe les \u00e9cosyst\u00e8mes innovants les plus dynamiques de la plan\u00e8te par r\u00e9gion et par ville ;","robots":{"index":"index","follow":"follow","max-snippet":"max-snippet:-1","max-image-preview":"max-image-preview:large","max-video-preview":"max-video-preview:-1"},"canonical":"https:\/\/www.istegroup.com\/produit\/ecosystemes-innovants\/","og_locale":"en_US","og_type":"article","og_title":"\u00c9cosyst\u00e8mes innovants - ISTE Group","og_description":"\u00c9cosyst\u00e8mes innovants \u00e9tudie les risques et opportunit\u00e9s auxquels le monde contemporain est confront\u00e9. Il analyse, compare et classe les \u00e9cosyst\u00e8mes innovants les plus dynamiques de la plan\u00e8te par r\u00e9gion et par ville ;","og_url":"https:\/\/www.istegroup.com\/produit\/ecosystemes-innovants\/","og_site_name":"ISTE Group","article_modified_time":"2024-01-03T13:45:22+00:00","og_image":[{"width":300,"height":449,"url":"https:\/\/www.istegroup.com\/wp-content\/uploads\/2021\/10\/Ecosystemes-innovants.jpg","type":"image\/jpeg"}],"twitter_card":"summary_large_image","twitter_misc":{"Est. reading time":"1 minute"},"schema":{"@context":"https:\/\/schema.org","@graph":[{"@type":"WebPage","@id":"https:\/\/www.istegroup.com\/produit\/ecosystemes-innovants\/","url":"https:\/\/www.istegroup.com\/produit\/ecosystemes-innovants\/","name":"\u00c9cosyst\u00e8mes innovants - ISTE Group","isPartOf":{"@id":"https:\/\/www.istegroup.com\/#website"},"primaryImageOfPage":{"@id":"https:\/\/www.istegroup.com\/produit\/ecosystemes-innovants\/#primaryimage"},"image":{"@id":"https:\/\/www.istegroup.com\/produit\/ecosystemes-innovants\/#primaryimage"},"thumbnailUrl":"https:\/\/www.istegroup.com\/wp-content\/uploads\/2021\/10\/Ecosystemes-innovants.jpg","datePublished":"2021-10-25T09:19:58+00:00","dateModified":"2024-01-03T13:45:22+00:00","description":"\u00c9cosyst\u00e8mes innovants \u00e9tudie les risques et opportunit\u00e9s auxquels le monde contemporain est confront\u00e9. Il analyse, compare et classe les \u00e9cosyst\u00e8mes innovants les plus dynamiques de la plan\u00e8te par r\u00e9gion et par ville ;","breadcrumb":{"@id":"https:\/\/www.istegroup.com\/produit\/ecosystemes-innovants\/#breadcrumb"},"inLanguage":"en-US","potentialAction":[{"@type":"ReadAction","target":["https:\/\/www.istegroup.com\/produit\/ecosystemes-innovants\/"]}]},{"@type":"ImageObject","inLanguage":"en-US","@id":"https:\/\/www.istegroup.com\/produit\/ecosystemes-innovants\/#primaryimage","url":"https:\/\/www.istegroup.com\/wp-content\/uploads\/2021\/10\/Ecosystemes-innovants.jpg","contentUrl":"https:\/\/www.istegroup.com\/wp-content\/uploads\/2021\/10\/Ecosystemes-innovants.jpg","width":300,"height":449,"caption":"Livre scientifique - \u00c9cosyst\u00e8mes innovants - Michel Saloff-Coste"},{"@type":"BreadcrumbList","@id":"https:\/\/www.istegroup.com\/produit\/ecosystemes-innovants\/#breadcrumb","itemListElement":[{"@type":"ListItem","position":1,"name":"Home","item":"https:\/\/www.istegroup.com\/"},{"@type":"ListItem","position":2,"name":"Shop","item":"https:\/\/www.istegroup.com\/fr\/nouveautes\/"},{"@type":"ListItem","position":3,"name":"\u00c9cosyst\u00e8mes innovants"}]},{"@type":"WebSite","@id":"https:\/\/www.istegroup.com\/#website","url":"https:\/\/www.istegroup.com\/","name":"ISTE Group","description":"Publishing Knowledge","potentialAction":[{"@type":"SearchAction","target":{"@type":"EntryPoint","urlTemplate":"https:\/\/www.istegroup.com\/?s={search_term_string}"},"query-input":{"@type":"PropertyValueSpecification","valueRequired":true,"valueName":"search_term_string"}}],"inLanguage":"en-US"}]}},"_links":{"self":[{"href":"https:\/\/www.istegroup.com\/en\/wp-json\/wp\/v2\/product\/44060","targetHints":{"allow":["GET"]}}],"collection":[{"href":"https:\/\/www.istegroup.com\/en\/wp-json\/wp\/v2\/product"}],"about":[{"href":"https:\/\/www.istegroup.com\/en\/wp-json\/wp\/v2\/types\/product"}],"wp:featuredmedia":[{"embeddable":true,"href":"https:\/\/www.istegroup.com\/en\/wp-json\/wp\/v2\/media\/44065"}],"wp:attachment":[{"href":"https:\/\/www.istegroup.com\/en\/wp-json\/wp\/v2\/media?parent=44060"}],"wp:term":[{"taxonomy":"product_brand","embeddable":true,"href":"https:\/\/www.istegroup.com\/en\/wp-json\/wp\/v2\/product_brand?post=44060"},{"taxonomy":"product_cat","embeddable":true,"href":"https:\/\/www.istegroup.com\/en\/wp-json\/wp\/v2\/product_cat?post=44060"},{"taxonomy":"product_tag","embeddable":true,"href":"https:\/\/www.istegroup.com\/en\/wp-json\/wp\/v2\/product_tag?post=44060"}],"curies":[{"name":"wp","href":"https:\/\/api.w.org\/{rel}","templated":true}]}}