{"id":44004,"date":"2021-10-25T12:49:19","date_gmt":"2021-10-25T11:49:19","guid":{"rendered":"https:\/\/www.istegroup.com\/?post_type=product&#038;p=44004"},"modified":"2024-01-03T13:45:18","modified_gmt":"2024-01-03T13:45:18","slug":"les-transformations-digitales-a-lepreuve-de-lactivite-et-du-travail","status":"publish","type":"product","link":"https:\/\/www.istegroup.com\/en\/produit\/les-transformations-digitales-a-lepreuve-de-lactivite-et-du-travail\/","title":{"rendered":"Les transformations digitales \u00e0 l\u2019\u00e9preuve de l\u2019activit\u00e9 et du travail"},"content":{"rendered":"<p>L\u2019acc\u00e9l\u00e9ration du rythme des changements technologiques (IA, cobots, r\u00e9alit\u00e9 immersive, objets connect\u00e9s, etc.) exige une profonde remise en cause des modalit\u00e9s d\u2019exercice de l\u2019activit\u00e9. De nouvelles fa\u00e7ons de penser, de faire, d\u2019organiser ou encore de collaborer, sont ainsi requises pour mener \u00e0 bien les t\u00e2ches m\u00e9diatis\u00e9es par les technologies.<\/p>\n<p>Face \u00e0 de telles incidences, les sciences humaines jouent un r\u00f4le primordial pour concevoir et d\u00e9ployer ces projets de transformations digitales. Elles participent au d\u00e9veloppement de dispositifs habilitants et capacitants, c\u2019est-\u00e0-dire de syst\u00e8mes qui soient r\u00e9ellement au service de l\u2019humain et de son activit\u00e9, qui soutiennent le pouvoir d\u2019agir des professionnels et qui soient aussi des op\u00e9rateurs de sant\u00e9 au travail.<\/p>\n<p>Cet ouvrage porte un regard pluridisciplinaire original (en psychologie du travail, ergonomie, sociologie des usages, sciences de gestion) sur les enjeux de ces transformations digitales et offre des \u00e9clairages \u00e9pist\u00e9mologiques, m\u00e9thodologiques et empiriques pour mieux comprendre ces mutations.<\/p>\n","protected":false},"excerpt":{"rendered":"<p>L\u2019acc\u00e9l\u00e9ration du rythme des changements technologiques (IA, cobots, r\u00e9alit\u00e9 immersive, objets connect\u00e9s, etc.) exige une profonde remise en cause des modalit\u00e9s d\u2019exercice de l\u2019activit\u00e9. De nouvelles fa\u00e7ons de penser, de faire, d\u2019organiser ou encore de collaborer, sont ainsi requises pour mener \u00e0 bien les t\u00e2ches m\u00e9diatis\u00e9es par les technologies. Face \u00e0 de telles incidences, les [&hellip;]<\/p>\n","protected":false},"featured_media":44012,"template":"","meta":{"_acf_changed":false,"_links_to":"","_links_to_target":""},"product_brand":[],"product_cat":[3262],"product_tag":[],"class_list":{"0":"post-44004","1":"product","2":"type-product","3":"status-publish","4":"has-post-thumbnail","6":"product_cat-non-classe","8":"first","9":"instock","10":"shipping-taxable","11":"purchasable","12":"product-type-variable"},"acf":[],"yoast_head":"<!-- This site is optimized with the Yoast SEO plugin v27.2 - https:\/\/yoast.com\/product\/yoast-seo-wordpress\/ -->\n<title>Les transformations digitales \u00e0 l\u2019\u00e9preuve de l\u2019activit\u00e9 et du travail - ISTE Group<\/title>\n<meta name=\"description\" content=\"Cet ouvrage porte un regard pluridisciplinaire original sur les enjeux de ces transformations digitales et offre des \u00e9clairages \u00e9pist\u00e9mologiques, m\u00e9thodologiques et empiriques pour mieux comprendre ces mutations.\" \/>\n<meta name=\"robots\" content=\"index, follow, max-snippet:-1, max-image-preview:large, max-video-preview:-1\" \/>\n<link rel=\"canonical\" href=\"https:\/\/www.istegroup.com\/produit\/les-transformations-digitales-a-lepreuve-de-lactivite-et-du-travail\/\" \/>\n<meta property=\"og:locale\" content=\"en_US\" \/>\n<meta property=\"og:type\" content=\"article\" \/>\n<meta property=\"og:title\" content=\"Les transformations digitales \u00e0 l\u2019\u00e9preuve de l\u2019activit\u00e9 et du travail - ISTE Group\" \/>\n<meta property=\"og:description\" content=\"Cet ouvrage porte un regard pluridisciplinaire original sur les enjeux de ces transformations digitales et offre des \u00e9clairages \u00e9pist\u00e9mologiques, m\u00e9thodologiques et empiriques pour mieux comprendre ces mutations.\" \/>\n<meta property=\"og:url\" content=\"https:\/\/www.istegroup.com\/produit\/les-transformations-digitales-a-lepreuve-de-lactivite-et-du-travail\/\" \/>\n<meta property=\"og:site_name\" content=\"ISTE Group\" \/>\n<meta property=\"article:modified_time\" content=\"2024-01-03T13:45:18+00:00\" \/>\n<meta property=\"og:image\" content=\"https:\/\/www.istegroup.com\/wp-content\/uploads\/2021\/10\/Les-transformations-digitales-a-lepreuve-de-lactivite-et-du-travail.jpg\" \/>\n\t<meta property=\"og:image:width\" content=\"300\" \/>\n\t<meta property=\"og:image:height\" content=\"449\" \/>\n\t<meta property=\"og:image:type\" content=\"image\/jpeg\" \/>\n<meta name=\"twitter:card\" content=\"summary_large_image\" \/>\n<meta name=\"twitter:label1\" content=\"Est. reading time\" \/>\n\t<meta name=\"twitter:data1\" content=\"1 minute\" \/>\n<script type=\"application\/ld+json\" class=\"yoast-schema-graph\">{\"@context\":\"https:\/\/schema.org\",\"@graph\":[{\"@type\":\"WebPage\",\"@id\":\"https:\/\/www.istegroup.com\/produit\/les-transformations-digitales-a-lepreuve-de-lactivite-et-du-travail\/\",\"url\":\"https:\/\/www.istegroup.com\/produit\/les-transformations-digitales-a-lepreuve-de-lactivite-et-du-travail\/\",\"name\":\"Les transformations digitales \u00e0 l\u2019\u00e9preuve de l\u2019activit\u00e9 et du travail - ISTE Group\",\"isPartOf\":{\"@id\":\"https:\/\/www.istegroup.com\/#website\"},\"primaryImageOfPage\":{\"@id\":\"https:\/\/www.istegroup.com\/produit\/les-transformations-digitales-a-lepreuve-de-lactivite-et-du-travail\/#primaryimage\"},\"image\":{\"@id\":\"https:\/\/www.istegroup.com\/produit\/les-transformations-digitales-a-lepreuve-de-lactivite-et-du-travail\/#primaryimage\"},\"thumbnailUrl\":\"https:\/\/www.istegroup.com\/wp-content\/uploads\/2021\/10\/Les-transformations-digitales-a-lepreuve-de-lactivite-et-du-travail.jpg\",\"datePublished\":\"2021-10-25T11:49:19+00:00\",\"dateModified\":\"2024-01-03T13:45:18+00:00\",\"description\":\"Cet ouvrage porte un regard pluridisciplinaire original sur les enjeux de ces transformations digitales et offre des \u00e9clairages \u00e9pist\u00e9mologiques, m\u00e9thodologiques et empiriques pour mieux comprendre ces mutations.\",\"breadcrumb\":{\"@id\":\"https:\/\/www.istegroup.com\/produit\/les-transformations-digitales-a-lepreuve-de-lactivite-et-du-travail\/#breadcrumb\"},\"inLanguage\":\"en-US\",\"potentialAction\":[{\"@type\":\"ReadAction\",\"target\":[\"https:\/\/www.istegroup.com\/produit\/les-transformations-digitales-a-lepreuve-de-lactivite-et-du-travail\/\"]}]},{\"@type\":\"ImageObject\",\"inLanguage\":\"en-US\",\"@id\":\"https:\/\/www.istegroup.com\/produit\/les-transformations-digitales-a-lepreuve-de-lactivite-et-du-travail\/#primaryimage\",\"url\":\"https:\/\/www.istegroup.com\/wp-content\/uploads\/2021\/10\/Les-transformations-digitales-a-lepreuve-de-lactivite-et-du-travail.jpg\",\"contentUrl\":\"https:\/\/www.istegroup.com\/wp-content\/uploads\/2021\/10\/Les-transformations-digitales-a-lepreuve-de-lactivite-et-du-travail.jpg\",\"width\":300,\"height\":449,\"caption\":\"Livre scientifique - Les transformations digitales \u00e0 l'\u00e9preuve de l'activit\u00e9 et du travail - Marc-Eric Bobillier Chaumon\"},{\"@type\":\"BreadcrumbList\",\"@id\":\"https:\/\/www.istegroup.com\/produit\/les-transformations-digitales-a-lepreuve-de-lactivite-et-du-travail\/#breadcrumb\",\"itemListElement\":[{\"@type\":\"ListItem\",\"position\":1,\"name\":\"Home\",\"item\":\"https:\/\/www.istegroup.com\/\"},{\"@type\":\"ListItem\",\"position\":2,\"name\":\"Shop\",\"item\":\"https:\/\/www.istegroup.com\/fr\/nouveautes\/\"},{\"@type\":\"ListItem\",\"position\":3,\"name\":\"Les transformations digitales \u00e0 l\u2019\u00e9preuve de l\u2019activit\u00e9 et du travail\"}]},{\"@type\":\"WebSite\",\"@id\":\"https:\/\/www.istegroup.com\/#website\",\"url\":\"https:\/\/www.istegroup.com\/\",\"name\":\"ISTE Group\",\"description\":\"Publishing Knowledge\",\"potentialAction\":[{\"@type\":\"SearchAction\",\"target\":{\"@type\":\"EntryPoint\",\"urlTemplate\":\"https:\/\/www.istegroup.com\/?s={search_term_string}\"},\"query-input\":{\"@type\":\"PropertyValueSpecification\",\"valueRequired\":true,\"valueName\":\"search_term_string\"}}],\"inLanguage\":\"en-US\"}]}<\/script>\n<!-- \/ Yoast SEO plugin. -->","yoast_head_json":{"title":"Les transformations digitales \u00e0 l\u2019\u00e9preuve de l\u2019activit\u00e9 et du travail - ISTE Group","description":"Cet ouvrage porte un regard pluridisciplinaire original sur les enjeux de ces transformations digitales et offre des \u00e9clairages \u00e9pist\u00e9mologiques, m\u00e9thodologiques et empiriques pour mieux comprendre ces mutations.","robots":{"index":"index","follow":"follow","max-snippet":"max-snippet:-1","max-image-preview":"max-image-preview:large","max-video-preview":"max-video-preview:-1"},"canonical":"https:\/\/www.istegroup.com\/produit\/les-transformations-digitales-a-lepreuve-de-lactivite-et-du-travail\/","og_locale":"en_US","og_type":"article","og_title":"Les transformations digitales \u00e0 l\u2019\u00e9preuve de l\u2019activit\u00e9 et du travail - ISTE Group","og_description":"Cet ouvrage porte un regard pluridisciplinaire original sur les enjeux de ces transformations digitales et offre des \u00e9clairages \u00e9pist\u00e9mologiques, m\u00e9thodologiques et empiriques pour mieux comprendre ces mutations.","og_url":"https:\/\/www.istegroup.com\/produit\/les-transformations-digitales-a-lepreuve-de-lactivite-et-du-travail\/","og_site_name":"ISTE Group","article_modified_time":"2024-01-03T13:45:18+00:00","og_image":[{"width":300,"height":449,"url":"https:\/\/www.istegroup.com\/wp-content\/uploads\/2021\/10\/Les-transformations-digitales-a-lepreuve-de-lactivite-et-du-travail.jpg","type":"image\/jpeg"}],"twitter_card":"summary_large_image","twitter_misc":{"Est. reading time":"1 minute"},"schema":{"@context":"https:\/\/schema.org","@graph":[{"@type":"WebPage","@id":"https:\/\/www.istegroup.com\/produit\/les-transformations-digitales-a-lepreuve-de-lactivite-et-du-travail\/","url":"https:\/\/www.istegroup.com\/produit\/les-transformations-digitales-a-lepreuve-de-lactivite-et-du-travail\/","name":"Les transformations digitales \u00e0 l\u2019\u00e9preuve de l\u2019activit\u00e9 et du travail - ISTE Group","isPartOf":{"@id":"https:\/\/www.istegroup.com\/#website"},"primaryImageOfPage":{"@id":"https:\/\/www.istegroup.com\/produit\/les-transformations-digitales-a-lepreuve-de-lactivite-et-du-travail\/#primaryimage"},"image":{"@id":"https:\/\/www.istegroup.com\/produit\/les-transformations-digitales-a-lepreuve-de-lactivite-et-du-travail\/#primaryimage"},"thumbnailUrl":"https:\/\/www.istegroup.com\/wp-content\/uploads\/2021\/10\/Les-transformations-digitales-a-lepreuve-de-lactivite-et-du-travail.jpg","datePublished":"2021-10-25T11:49:19+00:00","dateModified":"2024-01-03T13:45:18+00:00","description":"Cet ouvrage porte un regard pluridisciplinaire original sur les enjeux de ces transformations digitales et offre des \u00e9clairages \u00e9pist\u00e9mologiques, m\u00e9thodologiques et empiriques pour mieux comprendre ces mutations.","breadcrumb":{"@id":"https:\/\/www.istegroup.com\/produit\/les-transformations-digitales-a-lepreuve-de-lactivite-et-du-travail\/#breadcrumb"},"inLanguage":"en-US","potentialAction":[{"@type":"ReadAction","target":["https:\/\/www.istegroup.com\/produit\/les-transformations-digitales-a-lepreuve-de-lactivite-et-du-travail\/"]}]},{"@type":"ImageObject","inLanguage":"en-US","@id":"https:\/\/www.istegroup.com\/produit\/les-transformations-digitales-a-lepreuve-de-lactivite-et-du-travail\/#primaryimage","url":"https:\/\/www.istegroup.com\/wp-content\/uploads\/2021\/10\/Les-transformations-digitales-a-lepreuve-de-lactivite-et-du-travail.jpg","contentUrl":"https:\/\/www.istegroup.com\/wp-content\/uploads\/2021\/10\/Les-transformations-digitales-a-lepreuve-de-lactivite-et-du-travail.jpg","width":300,"height":449,"caption":"Livre scientifique - Les transformations digitales \u00e0 l'\u00e9preuve de l'activit\u00e9 et du travail - Marc-Eric Bobillier Chaumon"},{"@type":"BreadcrumbList","@id":"https:\/\/www.istegroup.com\/produit\/les-transformations-digitales-a-lepreuve-de-lactivite-et-du-travail\/#breadcrumb","itemListElement":[{"@type":"ListItem","position":1,"name":"Home","item":"https:\/\/www.istegroup.com\/"},{"@type":"ListItem","position":2,"name":"Shop","item":"https:\/\/www.istegroup.com\/fr\/nouveautes\/"},{"@type":"ListItem","position":3,"name":"Les transformations digitales \u00e0 l\u2019\u00e9preuve de l\u2019activit\u00e9 et du travail"}]},{"@type":"WebSite","@id":"https:\/\/www.istegroup.com\/#website","url":"https:\/\/www.istegroup.com\/","name":"ISTE Group","description":"Publishing Knowledge","potentialAction":[{"@type":"SearchAction","target":{"@type":"EntryPoint","urlTemplate":"https:\/\/www.istegroup.com\/?s={search_term_string}"},"query-input":{"@type":"PropertyValueSpecification","valueRequired":true,"valueName":"search_term_string"}}],"inLanguage":"en-US"}]}},"_links":{"self":[{"href":"https:\/\/www.istegroup.com\/en\/wp-json\/wp\/v2\/product\/44004","targetHints":{"allow":["GET"]}}],"collection":[{"href":"https:\/\/www.istegroup.com\/en\/wp-json\/wp\/v2\/product"}],"about":[{"href":"https:\/\/www.istegroup.com\/en\/wp-json\/wp\/v2\/types\/product"}],"wp:featuredmedia":[{"embeddable":true,"href":"https:\/\/www.istegroup.com\/en\/wp-json\/wp\/v2\/media\/44012"}],"wp:attachment":[{"href":"https:\/\/www.istegroup.com\/en\/wp-json\/wp\/v2\/media?parent=44004"}],"wp:term":[{"taxonomy":"product_brand","embeddable":true,"href":"https:\/\/www.istegroup.com\/en\/wp-json\/wp\/v2\/product_brand?post=44004"},{"taxonomy":"product_cat","embeddable":true,"href":"https:\/\/www.istegroup.com\/en\/wp-json\/wp\/v2\/product_cat?post=44004"},{"taxonomy":"product_tag","embeddable":true,"href":"https:\/\/www.istegroup.com\/en\/wp-json\/wp\/v2\/product_tag?post=44004"}],"curies":[{"name":"wp","href":"https:\/\/api.w.org\/{rel}","templated":true}]}}