{"id":43989,"date":"2021-10-25T10:58:01","date_gmt":"2021-10-25T09:58:01","guid":{"rendered":"https:\/\/www.istegroup.com\/?post_type=product&#038;p=43989"},"modified":"2024-01-03T13:45:18","modified_gmt":"2024-01-03T13:45:18","slug":"lere-du-numerique-3","status":"publish","type":"product","link":"https:\/\/www.istegroup.com\/en\/produit\/lere-du-numerique-3\/","title":{"rendered":"L\u2019\u00e8re du num\u00e9rique 3"},"content":{"rendered":"<p>Machines, logiciels et calculs produisent, exploitent et consomment d\u2019\u00e9normes masses de donn\u00e9es qui conditionnent partout la conduite des hommes et l\u2019administration des choses.<\/p>\n<p>Compos\u00e9 de trois volumes, <em>L\u2019\u00e8re du num\u00e9rique<\/em> explore les ph\u00e9nom\u00e8nes techniques, \u00e9conomiques et sociaux qui r\u00e9sultent de la g\u00e9n\u00e9ralisation d\u2019Internet.<\/p>\n<p>Ce troisi\u00e8me volume examine des questions de soci\u00e9t\u00e9 qui ont \u00e9t\u00e9 r\u00e9v\u00e9l\u00e9es par l\u2019av\u00e8nement du num\u00e9rique. La soci\u00e9t\u00e9 civile, le droit, la monnaie, les moeurs et la politique doivent \u00eatre red\u00e9finis et repens\u00e9s dans leur globalit\u00e9. Cet ouvrage traite notamment des objets connect\u00e9s et des robots, des algorithmes, de la num\u00e9risation de la sant\u00e9, des cybermonnaies, de la neutralit\u00e9 des r\u00e9seaux, du droit \u00e0 l\u2019oubli et de la surveillance \u00e9tatique.<\/p>\n","protected":false},"excerpt":{"rendered":"<p class=\"qtranxs-available-languages-message qtranxs-available-languages-message-en\">Sorry, this entry is only available in <a href=\"https:\/\/www.istegroup.com\/fr\/wp-json\/wp\/v2\/product\/43989\" class=\"qtranxs-available-language-link qtranxs-available-language-link-fr\" title=\"FR\">FR<\/a>.<\/p>\n","protected":false},"featured_media":43996,"template":"","meta":{"_acf_changed":false,"_links_to":"","_links_to_target":""},"product_brand":[],"product_cat":[3262],"product_tag":[],"class_list":{"0":"post-43989","1":"product","2":"type-product","3":"status-publish","4":"has-post-thumbnail","6":"product_cat-non-classe","8":"first","9":"instock","10":"shipping-taxable","11":"purchasable","12":"product-type-variable"},"acf":[],"yoast_head":"<!-- This site is optimized with the Yoast SEO plugin v27.2 - https:\/\/yoast.com\/product\/yoast-seo-wordpress\/ -->\n<title>L\u2019\u00e8re du num\u00e9rique 3 - ISTE Group<\/title>\n<meta name=\"description\" content=\"L\u2019\u00e8re du num\u00e9rique 3 examine des questions de soci\u00e9t\u00e9 qui ont \u00e9t\u00e9 r\u00e9v\u00e9l\u00e9es par l\u2019av\u00e8nement du num\u00e9rique.\" \/>\n<meta name=\"robots\" content=\"index, follow, max-snippet:-1, max-image-preview:large, max-video-preview:-1\" \/>\n<link rel=\"canonical\" href=\"https:\/\/www.istegroup.com\/produit\/lere-du-numerique-3\/\" \/>\n<meta property=\"og:locale\" content=\"en_US\" \/>\n<meta property=\"og:type\" content=\"article\" \/>\n<meta property=\"og:title\" content=\"L\u2019\u00e8re du num\u00e9rique 3 - ISTE Group\" \/>\n<meta property=\"og:description\" content=\"L\u2019\u00e8re du num\u00e9rique 3 examine des questions de soci\u00e9t\u00e9 qui ont \u00e9t\u00e9 r\u00e9v\u00e9l\u00e9es par l\u2019av\u00e8nement du num\u00e9rique.\" \/>\n<meta property=\"og:url\" content=\"https:\/\/www.istegroup.com\/produit\/lere-du-numerique-3\/\" \/>\n<meta property=\"og:site_name\" content=\"ISTE Group\" \/>\n<meta property=\"article:modified_time\" content=\"2024-01-03T13:45:18+00:00\" \/>\n<meta property=\"og:image\" content=\"https:\/\/www.istegroup.com\/wp-content\/uploads\/2021\/10\/Lere-du-numerique-3_couverture.jpg\" \/>\n\t<meta property=\"og:image:width\" content=\"300\" \/>\n\t<meta property=\"og:image:height\" content=\"449\" \/>\n\t<meta property=\"og:image:type\" content=\"image\/jpeg\" \/>\n<meta name=\"twitter:card\" content=\"summary_large_image\" \/>\n<meta name=\"twitter:label1\" content=\"Est. reading time\" \/>\n\t<meta name=\"twitter:data1\" content=\"1 minute\" \/>\n<script type=\"application\/ld+json\" class=\"yoast-schema-graph\">{\"@context\":\"https:\/\/schema.org\",\"@graph\":[{\"@type\":\"WebPage\",\"@id\":\"https:\/\/www.istegroup.com\/produit\/lere-du-numerique-3\/\",\"url\":\"https:\/\/www.istegroup.com\/produit\/lere-du-numerique-3\/\",\"name\":\"L\u2019\u00e8re du num\u00e9rique 3 - ISTE Group\",\"isPartOf\":{\"@id\":\"https:\/\/www.istegroup.com\/#website\"},\"primaryImageOfPage\":{\"@id\":\"https:\/\/www.istegroup.com\/produit\/lere-du-numerique-3\/#primaryimage\"},\"image\":{\"@id\":\"https:\/\/www.istegroup.com\/produit\/lere-du-numerique-3\/#primaryimage\"},\"thumbnailUrl\":\"https:\/\/www.istegroup.com\/wp-content\/uploads\/2021\/10\/Lere-du-numerique-3_couverture.jpg\",\"datePublished\":\"2021-10-25T09:58:01+00:00\",\"dateModified\":\"2024-01-03T13:45:18+00:00\",\"description\":\"L\u2019\u00e8re du num\u00e9rique 3 examine des questions de soci\u00e9t\u00e9 qui ont \u00e9t\u00e9 r\u00e9v\u00e9l\u00e9es par l\u2019av\u00e8nement du num\u00e9rique.\",\"breadcrumb\":{\"@id\":\"https:\/\/www.istegroup.com\/produit\/lere-du-numerique-3\/#breadcrumb\"},\"inLanguage\":\"en-US\",\"potentialAction\":[{\"@type\":\"ReadAction\",\"target\":[\"https:\/\/www.istegroup.com\/produit\/lere-du-numerique-3\/\"]}]},{\"@type\":\"ImageObject\",\"inLanguage\":\"en-US\",\"@id\":\"https:\/\/www.istegroup.com\/produit\/lere-du-numerique-3\/#primaryimage\",\"url\":\"https:\/\/www.istegroup.com\/wp-content\/uploads\/2021\/10\/Lere-du-numerique-3_couverture.jpg\",\"contentUrl\":\"https:\/\/www.istegroup.com\/wp-content\/uploads\/2021\/10\/Lere-du-numerique-3_couverture.jpg\",\"width\":300,\"height\":449,\"caption\":\"Livre scientifique - L'\u00e8re du num\u00e9rique 3 - Jean-Pierre Chamoux\"},{\"@type\":\"BreadcrumbList\",\"@id\":\"https:\/\/www.istegroup.com\/produit\/lere-du-numerique-3\/#breadcrumb\",\"itemListElement\":[{\"@type\":\"ListItem\",\"position\":1,\"name\":\"Home\",\"item\":\"https:\/\/www.istegroup.com\/\"},{\"@type\":\"ListItem\",\"position\":2,\"name\":\"Shop\",\"item\":\"https:\/\/www.istegroup.com\/fr\/nouveautes\/\"},{\"@type\":\"ListItem\",\"position\":3,\"name\":\"L\u2019\u00e8re du num\u00e9rique 3\"}]},{\"@type\":\"WebSite\",\"@id\":\"https:\/\/www.istegroup.com\/#website\",\"url\":\"https:\/\/www.istegroup.com\/\",\"name\":\"ISTE Group\",\"description\":\"Publishing Knowledge\",\"potentialAction\":[{\"@type\":\"SearchAction\",\"target\":{\"@type\":\"EntryPoint\",\"urlTemplate\":\"https:\/\/www.istegroup.com\/?s={search_term_string}\"},\"query-input\":{\"@type\":\"PropertyValueSpecification\",\"valueRequired\":true,\"valueName\":\"search_term_string\"}}],\"inLanguage\":\"en-US\"}]}<\/script>\n<!-- \/ Yoast SEO plugin. -->","yoast_head_json":{"title":"L\u2019\u00e8re du num\u00e9rique 3 - ISTE Group","description":"L\u2019\u00e8re du num\u00e9rique 3 examine des questions de soci\u00e9t\u00e9 qui ont \u00e9t\u00e9 r\u00e9v\u00e9l\u00e9es par l\u2019av\u00e8nement du num\u00e9rique.","robots":{"index":"index","follow":"follow","max-snippet":"max-snippet:-1","max-image-preview":"max-image-preview:large","max-video-preview":"max-video-preview:-1"},"canonical":"https:\/\/www.istegroup.com\/produit\/lere-du-numerique-3\/","og_locale":"en_US","og_type":"article","og_title":"L\u2019\u00e8re du num\u00e9rique 3 - ISTE Group","og_description":"L\u2019\u00e8re du num\u00e9rique 3 examine des questions de soci\u00e9t\u00e9 qui ont \u00e9t\u00e9 r\u00e9v\u00e9l\u00e9es par l\u2019av\u00e8nement du num\u00e9rique.","og_url":"https:\/\/www.istegroup.com\/produit\/lere-du-numerique-3\/","og_site_name":"ISTE Group","article_modified_time":"2024-01-03T13:45:18+00:00","og_image":[{"width":300,"height":449,"url":"https:\/\/www.istegroup.com\/wp-content\/uploads\/2021\/10\/Lere-du-numerique-3_couverture.jpg","type":"image\/jpeg"}],"twitter_card":"summary_large_image","twitter_misc":{"Est. reading time":"1 minute"},"schema":{"@context":"https:\/\/schema.org","@graph":[{"@type":"WebPage","@id":"https:\/\/www.istegroup.com\/produit\/lere-du-numerique-3\/","url":"https:\/\/www.istegroup.com\/produit\/lere-du-numerique-3\/","name":"L\u2019\u00e8re du num\u00e9rique 3 - ISTE Group","isPartOf":{"@id":"https:\/\/www.istegroup.com\/#website"},"primaryImageOfPage":{"@id":"https:\/\/www.istegroup.com\/produit\/lere-du-numerique-3\/#primaryimage"},"image":{"@id":"https:\/\/www.istegroup.com\/produit\/lere-du-numerique-3\/#primaryimage"},"thumbnailUrl":"https:\/\/www.istegroup.com\/wp-content\/uploads\/2021\/10\/Lere-du-numerique-3_couverture.jpg","datePublished":"2021-10-25T09:58:01+00:00","dateModified":"2024-01-03T13:45:18+00:00","description":"L\u2019\u00e8re du num\u00e9rique 3 examine des questions de soci\u00e9t\u00e9 qui ont \u00e9t\u00e9 r\u00e9v\u00e9l\u00e9es par l\u2019av\u00e8nement du num\u00e9rique.","breadcrumb":{"@id":"https:\/\/www.istegroup.com\/produit\/lere-du-numerique-3\/#breadcrumb"},"inLanguage":"en-US","potentialAction":[{"@type":"ReadAction","target":["https:\/\/www.istegroup.com\/produit\/lere-du-numerique-3\/"]}]},{"@type":"ImageObject","inLanguage":"en-US","@id":"https:\/\/www.istegroup.com\/produit\/lere-du-numerique-3\/#primaryimage","url":"https:\/\/www.istegroup.com\/wp-content\/uploads\/2021\/10\/Lere-du-numerique-3_couverture.jpg","contentUrl":"https:\/\/www.istegroup.com\/wp-content\/uploads\/2021\/10\/Lere-du-numerique-3_couverture.jpg","width":300,"height":449,"caption":"Livre scientifique - L'\u00e8re du num\u00e9rique 3 - Jean-Pierre Chamoux"},{"@type":"BreadcrumbList","@id":"https:\/\/www.istegroup.com\/produit\/lere-du-numerique-3\/#breadcrumb","itemListElement":[{"@type":"ListItem","position":1,"name":"Home","item":"https:\/\/www.istegroup.com\/"},{"@type":"ListItem","position":2,"name":"Shop","item":"https:\/\/www.istegroup.com\/fr\/nouveautes\/"},{"@type":"ListItem","position":3,"name":"L\u2019\u00e8re du num\u00e9rique 3"}]},{"@type":"WebSite","@id":"https:\/\/www.istegroup.com\/#website","url":"https:\/\/www.istegroup.com\/","name":"ISTE Group","description":"Publishing Knowledge","potentialAction":[{"@type":"SearchAction","target":{"@type":"EntryPoint","urlTemplate":"https:\/\/www.istegroup.com\/?s={search_term_string}"},"query-input":{"@type":"PropertyValueSpecification","valueRequired":true,"valueName":"search_term_string"}}],"inLanguage":"en-US"}]}},"_links":{"self":[{"href":"https:\/\/www.istegroup.com\/en\/wp-json\/wp\/v2\/product\/43989","targetHints":{"allow":["GET"]}}],"collection":[{"href":"https:\/\/www.istegroup.com\/en\/wp-json\/wp\/v2\/product"}],"about":[{"href":"https:\/\/www.istegroup.com\/en\/wp-json\/wp\/v2\/types\/product"}],"wp:featuredmedia":[{"embeddable":true,"href":"https:\/\/www.istegroup.com\/en\/wp-json\/wp\/v2\/media\/43996"}],"wp:attachment":[{"href":"https:\/\/www.istegroup.com\/en\/wp-json\/wp\/v2\/media?parent=43989"}],"wp:term":[{"taxonomy":"product_brand","embeddable":true,"href":"https:\/\/www.istegroup.com\/en\/wp-json\/wp\/v2\/product_brand?post=43989"},{"taxonomy":"product_cat","embeddable":true,"href":"https:\/\/www.istegroup.com\/en\/wp-json\/wp\/v2\/product_cat?post=43989"},{"taxonomy":"product_tag","embeddable":true,"href":"https:\/\/www.istegroup.com\/en\/wp-json\/wp\/v2\/product_tag?post=43989"}],"curies":[{"name":"wp","href":"https:\/\/api.w.org\/{rel}","templated":true}]}}