{"id":439,"date":"2017-07-28T14:31:59","date_gmt":"2017-07-28T12:31:59","guid":{"rendered":"https:\/\/iste.yhello.co\/product\/les-politiques-de-prevention-des-desastres\/"},"modified":"2024-01-03T13:40:03","modified_gmt":"2024-01-03T13:40:03","slug":"les-politiques-de-prevention-des-desastres","status":"publish","type":"product","link":"https:\/\/www.istegroup.com\/en\/produit\/les-politiques-de-prevention-des-desastres\/","title":{"rendered":"Les politiques de pr\u00e9vention des d\u00e9sastres"},"content":{"rendered":"<p>Au cours de l\u2019histoire de l\u2019humanit\u00e9, les enjeux li\u00e9s \u00e0 la pr\u00e9vention des d\u00e9sastres n\u2019ont jamais \u00e9t\u00e9 aussi \u00e9lev\u00e9s qu\u2019aujourd\u2019hui. La multiplication des connaissances qui accompagne les efforts de recherche et d\u2019action fait cependant ressortir un paradoxe apparent : en d\u00e9pit de l\u2019augmentation des recherches et des politiques de pr\u00e9vention les pertes humaines et les dommages ne diminuent pas autant que l\u2019on pourrait l\u2019esp\u00e9rer.<\/p>\n<p>En s\u2019appuyant sur des exemples en Am\u00e9rique latine, en Asie et en Europe,\u00a0<em>Les politiques de pr\u00e9vention des d\u00e9sastres\u00a0<\/em>pr\u00e9sente ce paradoxe r\u00e9current. Il expose les raisons pour lesquelles celui-ci est insatisfaisant et conditionn\u00e9. Cette d\u00e9marche permet de mieux comprendre les limites de la pr\u00e9vention des d\u00e9sastres et de sugg\u00e9rer ce qui pourrait \u00eatre fait pour les repousser.<\/p>\n<p>Dans une approche alternative aux \u00e9valuations des politiques les plus classiques, cet ouvrage d\u00e9fend l\u2019id\u00e9e que les politiques de pr\u00e9vention des d\u00e9sastres sont n\u00e9cessaires, tout autant que n\u00e9cessairement limit\u00e9es. C\u2019est pourquoi il est fondamental de ne pas seulement en souligner les limites mais aussi d\u2019en reconna\u00eetre les apports et d\u2019identifier ce qui permettrait de les am\u00e9liorer.<\/p>\n","protected":false},"excerpt":{"rendered":"<p>Au cours de l\u2019histoire de l\u2019humanit\u00e9, les enjeux li\u00e9s \u00e0 la pr\u00e9vention des d\u00e9sastres n\u2019ont jamais \u00e9t\u00e9 aussi \u00e9lev\u00e9s qu\u2019aujourd\u2019hui. La multiplication des connaissances qui accompagne les efforts de recherche et d\u2019action fait cependant ressortir un paradoxe apparent : en d\u00e9pit de l\u2019augmentation des recherches et des politiques de pr\u00e9vention les pertes humaines et les [&hellip;]<\/p>\n","protected":false},"featured_media":440,"template":"","meta":{"_acf_changed":false,"_links_to":"","_links_to_target":""},"product_brand":[],"product_cat":[675,705],"product_tag":[335,336,31,196,269,18,19,218,219,20,197,198,199,21,200,22,337,201,338,203,204,63,25,205,172,26,206,207,27,99,208,209,212,38,192,145,28,29,213,214,339,340],"class_list":{"0":"post-439","1":"product","2":"type-product","3":"status-publish","4":"has-post-thumbnail","6":"product_cat-nouveauts-12519446","7":"product_cat-systme-terre-environnement-27112280","8":"product_tag-cnrs","9":"product_tag-desastres","10":"product_tag-ebook","11":"product_tag-ebooks","12":"product_tag-edition-francaise","13":"product_tag-edition-scientifique","14":"product_tag-editions-francaise","15":"product_tag-editions-ouvrage","16":"product_tag-editions-ouvrages","17":"product_tag-editions-technique","18":"product_tag-iste","19":"product_tag-iste-edition","20":"product_tag-iste-editions","21":"product_tag-iste-group","22":"product_tag-isteedition","23":"product_tag-istegroup","24":"product_tag-julien-rebotier","25":"product_tag-kindle","26":"product_tag-les-politiques-de-prevention-des-desastres","27":"product_tag-liseuse","28":"product_tag-livre","29":"product_tag-livre-electronique","30":"product_tag-livre-numerique","31":"product_tag-livre-science","32":"product_tag-livre-scientifique","33":"product_tag-livre-scientifique-francais","34":"product_tag-livre-scientique","35":"product_tag-livre-technique","36":"product_tag-livre-technique-francais","37":"product_tag-livres-numeriques","38":"product_tag-livres-scientifique","39":"product_tag-livres-scientifiques","40":"product_tag-ouvrage","41":"product_tag-ouvrage-numerique","42":"product_tag-ouvrage-science","43":"product_tag-ouvrage-scientifique","44":"product_tag-ouvrage-scientifique-francais","45":"product_tag-ouvrage-technique","46":"product_tag-ouvrages-scientifiques","47":"product_tag-ouvrages-techniques","48":"product_tag-patrick-pigeon","49":"product_tag-prevention","51":"first","52":"instock","53":"shipping-taxable","54":"purchasable","55":"product-type-variable"},"acf":[],"yoast_head":"<!-- This site is optimized with the Yoast SEO plugin v27.2 - https:\/\/yoast.com\/product\/yoast-seo-wordpress\/ -->\n<title>Les politiques de pr\u00e9vention des d\u00e9sastres - ISTE Group<\/title>\n<meta name=\"description\" content=\"cet ouvrage d\u00e9fend l\u2019id\u00e9e que les politiques de pr\u00e9vention des d\u00e9sastres sont n\u00e9cessaires, tout autant que n\u00e9cessairement limit\u00e9es.\" \/>\n<meta name=\"robots\" content=\"index, follow, max-snippet:-1, max-image-preview:large, max-video-preview:-1\" \/>\n<link rel=\"canonical\" href=\"https:\/\/www.istegroup.com\/fr\/produit\/les-politiques-de-prevention-des-desastres\/\" \/>\n<meta property=\"og:locale\" content=\"en_US\" \/>\n<meta property=\"og:type\" content=\"article\" \/>\n<meta property=\"og:title\" content=\"Les politiques de pr\u00e9vention des d\u00e9sastres - ISTE Group\" \/>\n<meta property=\"og:description\" content=\"cet ouvrage d\u00e9fend l\u2019id\u00e9e que les politiques de pr\u00e9vention des d\u00e9sastres sont n\u00e9cessaires, tout autant que n\u00e9cessairement limit\u00e9es.\" \/>\n<meta property=\"og:url\" content=\"https:\/\/www.istegroup.com\/fr\/produit\/les-politiques-de-prevention-des-desastres\/\" \/>\n<meta property=\"og:site_name\" content=\"ISTE Group\" \/>\n<meta property=\"article:modified_time\" content=\"2024-01-03T13:40:03+00:00\" \/>\n<meta property=\"og:image\" content=\"https:\/\/www.istegroup.com\/wp-content\/uploads\/2017\/07\/19116192657_8685123025-1.jpg\" \/>\n\t<meta property=\"og:image:width\" content=\"1362\" \/>\n\t<meta property=\"og:image:height\" content=\"2048\" \/>\n\t<meta property=\"og:image:type\" content=\"image\/jpeg\" \/>\n<meta name=\"twitter:card\" content=\"summary_large_image\" \/>\n<meta name=\"twitter:label1\" content=\"Est. reading time\" \/>\n\t<meta name=\"twitter:data1\" content=\"1 minute\" \/>\n<script type=\"application\/ld+json\" class=\"yoast-schema-graph\">{\"@context\":\"https:\/\/schema.org\",\"@graph\":[{\"@type\":\"WebPage\",\"@id\":\"https:\/\/www.istegroup.com\/fr\/produit\/les-politiques-de-prevention-des-desastres\/\",\"url\":\"https:\/\/www.istegroup.com\/fr\/produit\/les-politiques-de-prevention-des-desastres\/\",\"name\":\"Les politiques de pr\u00e9vention des d\u00e9sastres - ISTE Group\",\"isPartOf\":{\"@id\":\"https:\/\/www.istegroup.com\/#website\"},\"primaryImageOfPage\":{\"@id\":\"https:\/\/www.istegroup.com\/fr\/produit\/les-politiques-de-prevention-des-desastres\/#primaryimage\"},\"image\":{\"@id\":\"https:\/\/www.istegroup.com\/fr\/produit\/les-politiques-de-prevention-des-desastres\/#primaryimage\"},\"thumbnailUrl\":\"https:\/\/www.istegroup.com\/wp-content\/uploads\/2017\/07\/19116192657_8685123025-1.jpg\",\"datePublished\":\"2017-07-28T12:31:59+00:00\",\"dateModified\":\"2024-01-03T13:40:03+00:00\",\"description\":\"cet ouvrage d\u00e9fend l\u2019id\u00e9e que les politiques de pr\u00e9vention des d\u00e9sastres sont n\u00e9cessaires, tout autant que n\u00e9cessairement limit\u00e9es.\",\"breadcrumb\":{\"@id\":\"https:\/\/www.istegroup.com\/fr\/produit\/les-politiques-de-prevention-des-desastres\/#breadcrumb\"},\"inLanguage\":\"en-US\",\"potentialAction\":[{\"@type\":\"ReadAction\",\"target\":[\"https:\/\/www.istegroup.com\/fr\/produit\/les-politiques-de-prevention-des-desastres\/\"]}]},{\"@type\":\"ImageObject\",\"inLanguage\":\"en-US\",\"@id\":\"https:\/\/www.istegroup.com\/fr\/produit\/les-politiques-de-prevention-des-desastres\/#primaryimage\",\"url\":\"https:\/\/www.istegroup.com\/wp-content\/uploads\/2017\/07\/19116192657_8685123025-1.jpg\",\"contentUrl\":\"https:\/\/www.istegroup.com\/wp-content\/uploads\/2017\/07\/19116192657_8685123025-1.jpg\",\"width\":1362,\"height\":2048,\"caption\":\"Penser et agir dans l'imperfection\"},{\"@type\":\"BreadcrumbList\",\"@id\":\"https:\/\/www.istegroup.com\/fr\/produit\/les-politiques-de-prevention-des-desastres\/#breadcrumb\",\"itemListElement\":[{\"@type\":\"ListItem\",\"position\":1,\"name\":\"Home\",\"item\":\"https:\/\/www.istegroup.com\/\"},{\"@type\":\"ListItem\",\"position\":2,\"name\":\"Shop\",\"item\":\"https:\/\/www.istegroup.com\/fr\/nouveautes\/\"},{\"@type\":\"ListItem\",\"position\":3,\"name\":\"Les politiques de pr\u00e9vention des d\u00e9sastres\"}]},{\"@type\":\"WebSite\",\"@id\":\"https:\/\/www.istegroup.com\/#website\",\"url\":\"https:\/\/www.istegroup.com\/\",\"name\":\"ISTE Group\",\"description\":\"Publishing Knowledge\",\"potentialAction\":[{\"@type\":\"SearchAction\",\"target\":{\"@type\":\"EntryPoint\",\"urlTemplate\":\"https:\/\/www.istegroup.com\/?s={search_term_string}\"},\"query-input\":{\"@type\":\"PropertyValueSpecification\",\"valueRequired\":true,\"valueName\":\"search_term_string\"}}],\"inLanguage\":\"en-US\"}]}<\/script>\n<!-- \/ Yoast SEO plugin. -->","yoast_head_json":{"title":"Les politiques de pr\u00e9vention des d\u00e9sastres - ISTE Group","description":"cet ouvrage d\u00e9fend l\u2019id\u00e9e que les politiques de pr\u00e9vention des d\u00e9sastres sont n\u00e9cessaires, tout autant que n\u00e9cessairement limit\u00e9es.","robots":{"index":"index","follow":"follow","max-snippet":"max-snippet:-1","max-image-preview":"max-image-preview:large","max-video-preview":"max-video-preview:-1"},"canonical":"https:\/\/www.istegroup.com\/fr\/produit\/les-politiques-de-prevention-des-desastres\/","og_locale":"en_US","og_type":"article","og_title":"Les politiques de pr\u00e9vention des d\u00e9sastres - ISTE Group","og_description":"cet ouvrage d\u00e9fend l\u2019id\u00e9e que les politiques de pr\u00e9vention des d\u00e9sastres sont n\u00e9cessaires, tout autant que n\u00e9cessairement limit\u00e9es.","og_url":"https:\/\/www.istegroup.com\/fr\/produit\/les-politiques-de-prevention-des-desastres\/","og_site_name":"ISTE Group","article_modified_time":"2024-01-03T13:40:03+00:00","og_image":[{"width":1362,"height":2048,"url":"https:\/\/www.istegroup.com\/wp-content\/uploads\/2017\/07\/19116192657_8685123025-1.jpg","type":"image\/jpeg"}],"twitter_card":"summary_large_image","twitter_misc":{"Est. reading time":"1 minute"},"schema":{"@context":"https:\/\/schema.org","@graph":[{"@type":"WebPage","@id":"https:\/\/www.istegroup.com\/fr\/produit\/les-politiques-de-prevention-des-desastres\/","url":"https:\/\/www.istegroup.com\/fr\/produit\/les-politiques-de-prevention-des-desastres\/","name":"Les politiques de pr\u00e9vention des d\u00e9sastres - ISTE Group","isPartOf":{"@id":"https:\/\/www.istegroup.com\/#website"},"primaryImageOfPage":{"@id":"https:\/\/www.istegroup.com\/fr\/produit\/les-politiques-de-prevention-des-desastres\/#primaryimage"},"image":{"@id":"https:\/\/www.istegroup.com\/fr\/produit\/les-politiques-de-prevention-des-desastres\/#primaryimage"},"thumbnailUrl":"https:\/\/www.istegroup.com\/wp-content\/uploads\/2017\/07\/19116192657_8685123025-1.jpg","datePublished":"2017-07-28T12:31:59+00:00","dateModified":"2024-01-03T13:40:03+00:00","description":"cet ouvrage d\u00e9fend l\u2019id\u00e9e que les politiques de pr\u00e9vention des d\u00e9sastres sont n\u00e9cessaires, tout autant que n\u00e9cessairement limit\u00e9es.","breadcrumb":{"@id":"https:\/\/www.istegroup.com\/fr\/produit\/les-politiques-de-prevention-des-desastres\/#breadcrumb"},"inLanguage":"en-US","potentialAction":[{"@type":"ReadAction","target":["https:\/\/www.istegroup.com\/fr\/produit\/les-politiques-de-prevention-des-desastres\/"]}]},{"@type":"ImageObject","inLanguage":"en-US","@id":"https:\/\/www.istegroup.com\/fr\/produit\/les-politiques-de-prevention-des-desastres\/#primaryimage","url":"https:\/\/www.istegroup.com\/wp-content\/uploads\/2017\/07\/19116192657_8685123025-1.jpg","contentUrl":"https:\/\/www.istegroup.com\/wp-content\/uploads\/2017\/07\/19116192657_8685123025-1.jpg","width":1362,"height":2048,"caption":"Penser et agir dans l'imperfection"},{"@type":"BreadcrumbList","@id":"https:\/\/www.istegroup.com\/fr\/produit\/les-politiques-de-prevention-des-desastres\/#breadcrumb","itemListElement":[{"@type":"ListItem","position":1,"name":"Home","item":"https:\/\/www.istegroup.com\/"},{"@type":"ListItem","position":2,"name":"Shop","item":"https:\/\/www.istegroup.com\/fr\/nouveautes\/"},{"@type":"ListItem","position":3,"name":"Les politiques de pr\u00e9vention des d\u00e9sastres"}]},{"@type":"WebSite","@id":"https:\/\/www.istegroup.com\/#website","url":"https:\/\/www.istegroup.com\/","name":"ISTE Group","description":"Publishing Knowledge","potentialAction":[{"@type":"SearchAction","target":{"@type":"EntryPoint","urlTemplate":"https:\/\/www.istegroup.com\/?s={search_term_string}"},"query-input":{"@type":"PropertyValueSpecification","valueRequired":true,"valueName":"search_term_string"}}],"inLanguage":"en-US"}]}},"_links":{"self":[{"href":"https:\/\/www.istegroup.com\/en\/wp-json\/wp\/v2\/product\/439","targetHints":{"allow":["GET"]}}],"collection":[{"href":"https:\/\/www.istegroup.com\/en\/wp-json\/wp\/v2\/product"}],"about":[{"href":"https:\/\/www.istegroup.com\/en\/wp-json\/wp\/v2\/types\/product"}],"wp:featuredmedia":[{"embeddable":true,"href":"https:\/\/www.istegroup.com\/en\/wp-json\/wp\/v2\/media\/440"}],"wp:attachment":[{"href":"https:\/\/www.istegroup.com\/en\/wp-json\/wp\/v2\/media?parent=439"}],"wp:term":[{"taxonomy":"product_brand","embeddable":true,"href":"https:\/\/www.istegroup.com\/en\/wp-json\/wp\/v2\/product_brand?post=439"},{"taxonomy":"product_cat","embeddable":true,"href":"https:\/\/www.istegroup.com\/en\/wp-json\/wp\/v2\/product_cat?post=439"},{"taxonomy":"product_tag","embeddable":true,"href":"https:\/\/www.istegroup.com\/en\/wp-json\/wp\/v2\/product_tag?post=439"}],"curies":[{"name":"wp","href":"https:\/\/api.w.org\/{rel}","templated":true}]}}