{"id":433,"date":"2017-07-28T14:31:47","date_gmt":"2017-07-28T12:31:47","guid":{"rendered":"https:\/\/iste.yhello.co\/product\/les-nouveaux-reseaux-de-telecoms\/"},"modified":"2024-01-03T13:40:02","modified_gmt":"2024-01-03T13:40:02","slug":"les-nouveaux-reseaux-de-telecoms","status":"publish","type":"product","link":"https:\/\/www.istegroup.com\/en\/produit\/les-nouveaux-reseaux-de-telecoms\/","title":{"rendered":"Les nouveaux r\u00e9seaux de t\u00e9l\u00e9coms"},"content":{"rendered":"<p>Une \u00e9volution majeure touche aujourd\u2019hui tous les r\u00e9seaux de communication. D\u2019une part, les r\u00e9seaux radio\u00e9lectriques se multiplient et coop\u00e8rent avec les r\u00e9seaux fixes tout en assurant la continuit\u00e9 de la communication en situation de mobilit\u00e9. D\u2019autre part, l\u2019augmentation des d\u00e9bits re\u00e7us sur les terminaux, ordinateurs et tablettes est associ\u00e9e aux transferts d\u2019informations en provenance d\u2019Internet. Cet ensemble, appel\u00e9 \u00ab\u00a0r\u00e9seau de nouvelle g\u00e9n\u00e9ration\u00a0\u00bb (NGN \u2013 Next-Generation Network), propose un nombre cons\u00e9quent de nouvelles applications mobiles offertes aux particuliers et aux entreprises, bouleversant ainsi les modes de vie et les pratiques professionnelles.<br \/>\nDans le m\u00eame temps, la position des exploitants de r\u00e9seau se trouve remise en cause par les innovations propos\u00e9es par les grands acteurs du Web et des op\u00e9rateurs vendeurs d\u2019applications.<\/p>\n<p><em>Les nouveaux r\u00e9seaux de t\u00e9l\u00e9coms<\/em>\u00a0analyse comment et dans quelle mesure les entreprises peuvent utiliser ces nouvelles offres de service greff\u00e9es sur un r\u00e9seau Internet r\u00e9put\u00e9 peu s\u00e9curis\u00e9 et des r\u00e9seaux radio\u00e9lectriques publics en pleine transformation. Les responsables d\u2019entreprises et des services informatiques trouveront dans cet ouvrage un panorama des principales technologies de r\u00e9seaux existants et une liste des points majeurs li\u00e9s \u00e0 la s\u00e9curisation de leurs syst\u00e8mes d\u2019informations.<\/p>\n","protected":false},"excerpt":{"rendered":"<p>Une \u00e9volution majeure touche aujourd\u2019hui tous les r\u00e9seaux de communication. D\u2019une part, les r\u00e9seaux radio\u00e9lectriques se multiplient et coop\u00e8rent avec les r\u00e9seaux fixes tout en assurant la continuit\u00e9 de la communication en situation de mobilit\u00e9. D\u2019autre part, l\u2019augmentation des d\u00e9bits re\u00e7us sur les terminaux, ordinateurs et tablettes est associ\u00e9e aux transferts d\u2019informations en provenance d\u2019Internet. [&hellip;]<\/p>\n","protected":false},"featured_media":434,"template":"","meta":{"_acf_changed":false,"_links_to":"","_links_to_target":""},"product_brand":[],"product_cat":[679],"product_tag":[170,1119,31,196,608,197,198,199,21,200,22,201,203,204,63,25,172,209,1776,1777,292,212,38,192,145,28,314,1778,1779,253,262,1780,146],"class_list":{"0":"post-433","1":"product","2":"type-product","3":"status-publish","4":"has-post-thumbnail","6":"product_cat-rseaux-et-tlcommunications-12506534","7":"product_tag-communication","8":"product_tag-daniel-battu","9":"product_tag-ebook","10":"product_tag-ebooks","11":"product_tag-informatique","12":"product_tag-iste","13":"product_tag-iste-edition","14":"product_tag-iste-editions","15":"product_tag-iste-group","16":"product_tag-isteedition","17":"product_tag-istegroup","18":"product_tag-kindle","19":"product_tag-liseuse","20":"product_tag-livre","21":"product_tag-livre-electronique","22":"product_tag-livre-numerique","23":"product_tag-livre-scientifique","24":"product_tag-livres-scientifiques","25":"product_tag-next-generation-network","26":"product_tag-ngn","27":"product_tag-numerique","28":"product_tag-ouvrage","29":"product_tag-ouvrage-numerique","30":"product_tag-ouvrage-science","31":"product_tag-ouvrage-scientifique","32":"product_tag-ouvrage-scientifique-francais","33":"product_tag-reseaux","34":"product_tag-reseaux-de-telecoms","35":"product_tag-reseaux-radioelectriques","36":"product_tag-technologie","37":"product_tag-technologies","38":"product_tag-telecoms","39":"product_tag-web","41":"first","42":"instock","43":"shipping-taxable","44":"purchasable","45":"product-type-variable"},"acf":[],"yoast_head":"<!-- This site is optimized with the Yoast SEO plugin v27.2 - https:\/\/yoast.com\/product\/yoast-seo-wordpress\/ -->\n<title>Les nouveaux r\u00e9seaux de t\u00e9l\u00e9coms - ISTE Group<\/title>\n<meta name=\"description\" content=\"L&#039;ouvrage analyse comment les entreprises peuvent utiliser les nouvelles offres de service greff\u00e9es sur un r\u00e9seau Internet r\u00e9put\u00e9 peu s\u00e9curis\u00e9.\" \/>\n<meta name=\"robots\" content=\"index, follow, max-snippet:-1, max-image-preview:large, max-video-preview:-1\" \/>\n<link rel=\"canonical\" href=\"https:\/\/www.istegroup.com\/fr\/produit\/les-nouveaux-reseaux-de-telecoms\/\" \/>\n<meta property=\"og:locale\" content=\"en_US\" \/>\n<meta property=\"og:type\" content=\"article\" \/>\n<meta property=\"og:title\" content=\"Les nouveaux r\u00e9seaux de t\u00e9l\u00e9coms - ISTE Group\" \/>\n<meta property=\"og:description\" content=\"L&#039;ouvrage analyse comment les entreprises peuvent utiliser les nouvelles offres de service greff\u00e9es sur un r\u00e9seau Internet r\u00e9put\u00e9 peu s\u00e9curis\u00e9.\" \/>\n<meta property=\"og:url\" content=\"https:\/\/www.istegroup.com\/fr\/produit\/les-nouveaux-reseaux-de-telecoms\/\" \/>\n<meta property=\"og:site_name\" content=\"ISTE Group\" \/>\n<meta property=\"article:modified_time\" content=\"2024-01-03T13:40:02+00:00\" \/>\n<meta property=\"og:image\" content=\"https:\/\/www.istegroup.com\/wp-content\/uploads\/2017\/07\/808666181_307335701-1.jpg\" \/>\n\t<meta property=\"og:image:width\" content=\"300\" \/>\n\t<meta property=\"og:image:height\" content=\"454\" \/>\n\t<meta property=\"og:image:type\" content=\"image\/jpeg\" \/>\n<meta name=\"twitter:card\" content=\"summary_large_image\" \/>\n<meta name=\"twitter:label1\" content=\"Est. reading time\" \/>\n\t<meta name=\"twitter:data1\" content=\"1 minute\" \/>\n<script type=\"application\/ld+json\" class=\"yoast-schema-graph\">{\"@context\":\"https:\/\/schema.org\",\"@graph\":[{\"@type\":\"WebPage\",\"@id\":\"https:\/\/www.istegroup.com\/fr\/produit\/les-nouveaux-reseaux-de-telecoms\/\",\"url\":\"https:\/\/www.istegroup.com\/fr\/produit\/les-nouveaux-reseaux-de-telecoms\/\",\"name\":\"Les nouveaux r\u00e9seaux de t\u00e9l\u00e9coms - ISTE Group\",\"isPartOf\":{\"@id\":\"https:\/\/www.istegroup.com\/#website\"},\"primaryImageOfPage\":{\"@id\":\"https:\/\/www.istegroup.com\/fr\/produit\/les-nouveaux-reseaux-de-telecoms\/#primaryimage\"},\"image\":{\"@id\":\"https:\/\/www.istegroup.com\/fr\/produit\/les-nouveaux-reseaux-de-telecoms\/#primaryimage\"},\"thumbnailUrl\":\"https:\/\/www.istegroup.com\/wp-content\/uploads\/2017\/07\/808666181_307335701-1.jpg\",\"datePublished\":\"2017-07-28T12:31:47+00:00\",\"dateModified\":\"2024-01-03T13:40:02+00:00\",\"description\":\"L'ouvrage analyse comment les entreprises peuvent utiliser les nouvelles offres de service greff\u00e9es sur un r\u00e9seau Internet r\u00e9put\u00e9 peu s\u00e9curis\u00e9.\",\"breadcrumb\":{\"@id\":\"https:\/\/www.istegroup.com\/fr\/produit\/les-nouveaux-reseaux-de-telecoms\/#breadcrumb\"},\"inLanguage\":\"en-US\",\"potentialAction\":[{\"@type\":\"ReadAction\",\"target\":[\"https:\/\/www.istegroup.com\/fr\/produit\/les-nouveaux-reseaux-de-telecoms\/\"]}]},{\"@type\":\"ImageObject\",\"inLanguage\":\"en-US\",\"@id\":\"https:\/\/www.istegroup.com\/fr\/produit\/les-nouveaux-reseaux-de-telecoms\/#primaryimage\",\"url\":\"https:\/\/www.istegroup.com\/wp-content\/uploads\/2017\/07\/808666181_307335701-1.jpg\",\"contentUrl\":\"https:\/\/www.istegroup.com\/wp-content\/uploads\/2017\/07\/808666181_307335701-1.jpg\",\"width\":300,\"height\":454,\"caption\":\"Entreprises et s\u00e9curit\u00e9\"},{\"@type\":\"BreadcrumbList\",\"@id\":\"https:\/\/www.istegroup.com\/fr\/produit\/les-nouveaux-reseaux-de-telecoms\/#breadcrumb\",\"itemListElement\":[{\"@type\":\"ListItem\",\"position\":1,\"name\":\"Home\",\"item\":\"https:\/\/www.istegroup.com\/\"},{\"@type\":\"ListItem\",\"position\":2,\"name\":\"Shop\",\"item\":\"https:\/\/www.istegroup.com\/fr\/nouveautes\/\"},{\"@type\":\"ListItem\",\"position\":3,\"name\":\"Les nouveaux r\u00e9seaux de t\u00e9l\u00e9coms\"}]},{\"@type\":\"WebSite\",\"@id\":\"https:\/\/www.istegroup.com\/#website\",\"url\":\"https:\/\/www.istegroup.com\/\",\"name\":\"ISTE Group\",\"description\":\"Publishing Knowledge\",\"potentialAction\":[{\"@type\":\"SearchAction\",\"target\":{\"@type\":\"EntryPoint\",\"urlTemplate\":\"https:\/\/www.istegroup.com\/?s={search_term_string}\"},\"query-input\":{\"@type\":\"PropertyValueSpecification\",\"valueRequired\":true,\"valueName\":\"search_term_string\"}}],\"inLanguage\":\"en-US\"}]}<\/script>\n<!-- \/ Yoast SEO plugin. -->","yoast_head_json":{"title":"Les nouveaux r\u00e9seaux de t\u00e9l\u00e9coms - ISTE Group","description":"L'ouvrage analyse comment les entreprises peuvent utiliser les nouvelles offres de service greff\u00e9es sur un r\u00e9seau Internet r\u00e9put\u00e9 peu s\u00e9curis\u00e9.","robots":{"index":"index","follow":"follow","max-snippet":"max-snippet:-1","max-image-preview":"max-image-preview:large","max-video-preview":"max-video-preview:-1"},"canonical":"https:\/\/www.istegroup.com\/fr\/produit\/les-nouveaux-reseaux-de-telecoms\/","og_locale":"en_US","og_type":"article","og_title":"Les nouveaux r\u00e9seaux de t\u00e9l\u00e9coms - ISTE Group","og_description":"L'ouvrage analyse comment les entreprises peuvent utiliser les nouvelles offres de service greff\u00e9es sur un r\u00e9seau Internet r\u00e9put\u00e9 peu s\u00e9curis\u00e9.","og_url":"https:\/\/www.istegroup.com\/fr\/produit\/les-nouveaux-reseaux-de-telecoms\/","og_site_name":"ISTE Group","article_modified_time":"2024-01-03T13:40:02+00:00","og_image":[{"width":300,"height":454,"url":"https:\/\/www.istegroup.com\/wp-content\/uploads\/2017\/07\/808666181_307335701-1.jpg","type":"image\/jpeg"}],"twitter_card":"summary_large_image","twitter_misc":{"Est. reading time":"1 minute"},"schema":{"@context":"https:\/\/schema.org","@graph":[{"@type":"WebPage","@id":"https:\/\/www.istegroup.com\/fr\/produit\/les-nouveaux-reseaux-de-telecoms\/","url":"https:\/\/www.istegroup.com\/fr\/produit\/les-nouveaux-reseaux-de-telecoms\/","name":"Les nouveaux r\u00e9seaux de t\u00e9l\u00e9coms - ISTE Group","isPartOf":{"@id":"https:\/\/www.istegroup.com\/#website"},"primaryImageOfPage":{"@id":"https:\/\/www.istegroup.com\/fr\/produit\/les-nouveaux-reseaux-de-telecoms\/#primaryimage"},"image":{"@id":"https:\/\/www.istegroup.com\/fr\/produit\/les-nouveaux-reseaux-de-telecoms\/#primaryimage"},"thumbnailUrl":"https:\/\/www.istegroup.com\/wp-content\/uploads\/2017\/07\/808666181_307335701-1.jpg","datePublished":"2017-07-28T12:31:47+00:00","dateModified":"2024-01-03T13:40:02+00:00","description":"L'ouvrage analyse comment les entreprises peuvent utiliser les nouvelles offres de service greff\u00e9es sur un r\u00e9seau Internet r\u00e9put\u00e9 peu s\u00e9curis\u00e9.","breadcrumb":{"@id":"https:\/\/www.istegroup.com\/fr\/produit\/les-nouveaux-reseaux-de-telecoms\/#breadcrumb"},"inLanguage":"en-US","potentialAction":[{"@type":"ReadAction","target":["https:\/\/www.istegroup.com\/fr\/produit\/les-nouveaux-reseaux-de-telecoms\/"]}]},{"@type":"ImageObject","inLanguage":"en-US","@id":"https:\/\/www.istegroup.com\/fr\/produit\/les-nouveaux-reseaux-de-telecoms\/#primaryimage","url":"https:\/\/www.istegroup.com\/wp-content\/uploads\/2017\/07\/808666181_307335701-1.jpg","contentUrl":"https:\/\/www.istegroup.com\/wp-content\/uploads\/2017\/07\/808666181_307335701-1.jpg","width":300,"height":454,"caption":"Entreprises et s\u00e9curit\u00e9"},{"@type":"BreadcrumbList","@id":"https:\/\/www.istegroup.com\/fr\/produit\/les-nouveaux-reseaux-de-telecoms\/#breadcrumb","itemListElement":[{"@type":"ListItem","position":1,"name":"Home","item":"https:\/\/www.istegroup.com\/"},{"@type":"ListItem","position":2,"name":"Shop","item":"https:\/\/www.istegroup.com\/fr\/nouveautes\/"},{"@type":"ListItem","position":3,"name":"Les nouveaux r\u00e9seaux de t\u00e9l\u00e9coms"}]},{"@type":"WebSite","@id":"https:\/\/www.istegroup.com\/#website","url":"https:\/\/www.istegroup.com\/","name":"ISTE Group","description":"Publishing Knowledge","potentialAction":[{"@type":"SearchAction","target":{"@type":"EntryPoint","urlTemplate":"https:\/\/www.istegroup.com\/?s={search_term_string}"},"query-input":{"@type":"PropertyValueSpecification","valueRequired":true,"valueName":"search_term_string"}}],"inLanguage":"en-US"}]}},"_links":{"self":[{"href":"https:\/\/www.istegroup.com\/en\/wp-json\/wp\/v2\/product\/433","targetHints":{"allow":["GET"]}}],"collection":[{"href":"https:\/\/www.istegroup.com\/en\/wp-json\/wp\/v2\/product"}],"about":[{"href":"https:\/\/www.istegroup.com\/en\/wp-json\/wp\/v2\/types\/product"}],"wp:featuredmedia":[{"embeddable":true,"href":"https:\/\/www.istegroup.com\/en\/wp-json\/wp\/v2\/media\/434"}],"wp:attachment":[{"href":"https:\/\/www.istegroup.com\/en\/wp-json\/wp\/v2\/media?parent=433"}],"wp:term":[{"taxonomy":"product_brand","embeddable":true,"href":"https:\/\/www.istegroup.com\/en\/wp-json\/wp\/v2\/product_brand?post=433"},{"taxonomy":"product_cat","embeddable":true,"href":"https:\/\/www.istegroup.com\/en\/wp-json\/wp\/v2\/product_cat?post=433"},{"taxonomy":"product_tag","embeddable":true,"href":"https:\/\/www.istegroup.com\/en\/wp-json\/wp\/v2\/product_tag?post=433"}],"curies":[{"name":"wp","href":"https:\/\/api.w.org\/{rel}","templated":true}]}}