{"id":427,"date":"2017-09-10T14:31:32","date_gmt":"2017-09-10T12:31:32","guid":{"rendered":"https:\/\/iste.yhello.co\/product\/les-memoires-flash\/"},"modified":"2024-01-03T13:40:01","modified_gmt":"2024-01-03T13:40:01","slug":"les-memoires-flash","status":"publish","type":"product","link":"https:\/\/www.istegroup.com\/en\/produit\/les-memoires-flash\/","title":{"rendered":"Les m\u00e9moires flash"},"content":{"rendered":"<p>4 zettaoctets de donn\u00e9es g\u00e9n\u00e9r\u00e9es en 2013, 44 \u00e0 l\u2019horizon 2020 et 185 en 2025. Ces chiffres donnent le vertige. Ils illustrent parfaitement cette nouvelle \u00e8re du d\u00e9luge de donn\u00e9es, devenues un enjeu \u00e9conomique et soci\u00e9tal majeur et dont le traitement se fait \u00e0 la vitesse du maillon le plus faible dans un syst\u00e8me informatique : le syst\u00e8me de stockage. Il est donc crucial d\u2019optimiser le fonctionnement de ce dernier. Lors de la derni\u00e8re d\u00e9cennie, ces syst\u00e8mes ont connu une r\u00e9volution majeure, l\u2019av\u00e8nement des m\u00e9moires flash, et d\u2019autres bouleversements sont \u00e0 venir.<\/p>\n<p><em>Les m\u00e9moires flash<\/em>\u00a0contribue \u00e0 une meilleure compr\u00e9hension de ces r\u00e9volutions. Il offre un \u00e9clairage sur l\u2019int\u00e9gration de ces m\u00e9moires dans les syst\u00e8mes informatiques ainsi que sur leur comportement en performance et en consommation \u00e9nerg\u00e9tique compar\u00e9 aux syst\u00e8mes de stockage traditionnels.<\/p>\n<p>Cet ouvrage pr\u00e9sente \u00e9galement, dans leur int\u00e9gralit\u00e9, diff\u00e9rentes m\u00e9thodes permettant de mesurer la performance et la consommation \u00e9nerg\u00e9tique des syst\u00e8mes de stockage aussi bien pour les syst\u00e8mes embarqu\u00e9s que pour ceux g\u00e9n\u00e9ralistes. C\u2019est enfin \u00e0 une exploration des m\u00e9moires du futur que les auteurs nous convient.<\/p>\n","protected":false},"excerpt":{"rendered":"<p>4 zettaoctets de donn\u00e9es g\u00e9n\u00e9r\u00e9es en 2013, 44 \u00e0 l\u2019horizon 2020 et 185 en 2025. Ces chiffres donnent le vertige. Ils illustrent parfaitement cette nouvelle \u00e8re du d\u00e9luge de donn\u00e9es, devenues un enjeu \u00e9conomique et soci\u00e9tal majeur et dont le traitement se fait \u00e0 la vitesse du maillon le plus faible dans un syst\u00e8me informatique [&hellip;]<\/p>\n","protected":false},"featured_media":428,"template":"","meta":{"_acf_changed":false,"_links_to":"","_links_to_target":""},"product_brand":[],"product_cat":[660,675,693],"product_tag":[18,19,20,21,22,23,24,25,26,27,28,29,30],"class_list":{"0":"post-427","1":"product","2":"type-product","3":"status-publish","4":"has-post-thumbnail","6":"product_cat-energie-12506414","7":"product_cat-nouveauts-12519446","8":"product_cat-srie-gestion-de-lnergie-dans-les-systmes-embarqus-406451089","9":"product_tag-edition-scientifique","10":"product_tag-editions-francaise","11":"product_tag-editions-technique","12":"product_tag-iste-group","13":"product_tag-istegroup","14":"product_tag-jalil-boukhobza","15":"product_tag-les-memoires-flash","16":"product_tag-livre-numerique","17":"product_tag-livre-scientifique-francais","18":"product_tag-livre-technique-francais","19":"product_tag-ouvrage-scientifique-francais","20":"product_tag-ouvrage-technique","21":"product_tag-pierre-olivier","23":"first","24":"instock","25":"shipping-taxable","26":"purchasable","27":"product-type-variable"},"acf":[],"yoast_head":"<!-- This site is optimized with the Yoast SEO plugin v27.2 - https:\/\/yoast.com\/product\/yoast-seo-wordpress\/ -->\n<title>Les m\u00e9moires flash - ISTE Group<\/title>\n<meta name=\"description\" content=\"Les m\u00e9moires flash offre un \u00e9clairage sur l\u2019int\u00e9gration de ces m\u00e9moires dans les syst\u00e8mes informatiques ainsi que sur leur comportement en performance et en consommation \u00e9nerg\u00e9tique compar\u00e9 aux syst\u00e8mes de stockage traditionnels.\" \/>\n<meta name=\"robots\" content=\"index, follow, max-snippet:-1, max-image-preview:large, max-video-preview:-1\" \/>\n<link rel=\"canonical\" href=\"https:\/\/www.istegroup.com\/fr\/produit\/les-memoires-flash\/\" \/>\n<meta property=\"og:locale\" content=\"en_US\" \/>\n<meta property=\"og:type\" content=\"article\" \/>\n<meta property=\"og:title\" content=\"Les m\u00e9moires flash - ISTE Group\" \/>\n<meta property=\"og:description\" content=\"Les m\u00e9moires flash offre un \u00e9clairage sur l\u2019int\u00e9gration de ces m\u00e9moires dans les syst\u00e8mes informatiques ainsi que sur leur comportement en performance et en consommation \u00e9nerg\u00e9tique compar\u00e9 aux syst\u00e8mes de stockage traditionnels.\" \/>\n<meta property=\"og:url\" content=\"https:\/\/www.istegroup.com\/fr\/produit\/les-memoires-flash\/\" \/>\n<meta property=\"og:site_name\" content=\"ISTE Group\" \/>\n<meta property=\"article:modified_time\" content=\"2024-01-03T13:40:01+00:00\" \/>\n<meta property=\"og:image\" content=\"https:\/\/www.istegroup.com\/wp-content\/uploads\/2017\/07\/22020494865_9804274257-1.jpg\" \/>\n\t<meta property=\"og:image:width\" content=\"300\" \/>\n\t<meta property=\"og:image:height\" content=\"451\" \/>\n\t<meta property=\"og:image:type\" content=\"image\/jpeg\" \/>\n<meta name=\"twitter:card\" content=\"summary_large_image\" \/>\n<meta name=\"twitter:label1\" content=\"Est. reading time\" \/>\n\t<meta name=\"twitter:data1\" content=\"1 minute\" \/>\n<script type=\"application\/ld+json\" class=\"yoast-schema-graph\">{\"@context\":\"https:\/\/schema.org\",\"@graph\":[{\"@type\":\"WebPage\",\"@id\":\"https:\/\/www.istegroup.com\/fr\/produit\/les-memoires-flash\/\",\"url\":\"https:\/\/www.istegroup.com\/fr\/produit\/les-memoires-flash\/\",\"name\":\"Les m\u00e9moires flash - ISTE Group\",\"isPartOf\":{\"@id\":\"https:\/\/www.istegroup.com\/#website\"},\"primaryImageOfPage\":{\"@id\":\"https:\/\/www.istegroup.com\/fr\/produit\/les-memoires-flash\/#primaryimage\"},\"image\":{\"@id\":\"https:\/\/www.istegroup.com\/fr\/produit\/les-memoires-flash\/#primaryimage\"},\"thumbnailUrl\":\"https:\/\/www.istegroup.com\/wp-content\/uploads\/2017\/07\/22020494865_9804274257-1.jpg\",\"datePublished\":\"2017-09-10T12:31:32+00:00\",\"dateModified\":\"2024-01-03T13:40:01+00:00\",\"description\":\"Les m\u00e9moires flash offre un \u00e9clairage sur l\u2019int\u00e9gration de ces m\u00e9moires dans les syst\u00e8mes informatiques ainsi que sur leur comportement en performance et en consommation \u00e9nerg\u00e9tique compar\u00e9 aux syst\u00e8mes de stockage traditionnels.\",\"breadcrumb\":{\"@id\":\"https:\/\/www.istegroup.com\/fr\/produit\/les-memoires-flash\/#breadcrumb\"},\"inLanguage\":\"en-US\",\"potentialAction\":[{\"@type\":\"ReadAction\",\"target\":[\"https:\/\/www.istegroup.com\/fr\/produit\/les-memoires-flash\/\"]}]},{\"@type\":\"ImageObject\",\"inLanguage\":\"en-US\",\"@id\":\"https:\/\/www.istegroup.com\/fr\/produit\/les-memoires-flash\/#primaryimage\",\"url\":\"https:\/\/www.istegroup.com\/wp-content\/uploads\/2017\/07\/22020494865_9804274257-1.jpg\",\"contentUrl\":\"https:\/\/www.istegroup.com\/wp-content\/uploads\/2017\/07\/22020494865_9804274257-1.jpg\",\"width\":300,\"height\":451,\"caption\":\"Int\u00e9gration, performance et consommation \u00e9nerg\u00e9tique\"},{\"@type\":\"BreadcrumbList\",\"@id\":\"https:\/\/www.istegroup.com\/fr\/produit\/les-memoires-flash\/#breadcrumb\",\"itemListElement\":[{\"@type\":\"ListItem\",\"position\":1,\"name\":\"Home\",\"item\":\"https:\/\/www.istegroup.com\/\"},{\"@type\":\"ListItem\",\"position\":2,\"name\":\"Shop\",\"item\":\"https:\/\/www.istegroup.com\/fr\/nouveautes\/\"},{\"@type\":\"ListItem\",\"position\":3,\"name\":\"Les m\u00e9moires flash\"}]},{\"@type\":\"WebSite\",\"@id\":\"https:\/\/www.istegroup.com\/#website\",\"url\":\"https:\/\/www.istegroup.com\/\",\"name\":\"ISTE Group\",\"description\":\"Publishing Knowledge\",\"potentialAction\":[{\"@type\":\"SearchAction\",\"target\":{\"@type\":\"EntryPoint\",\"urlTemplate\":\"https:\/\/www.istegroup.com\/?s={search_term_string}\"},\"query-input\":{\"@type\":\"PropertyValueSpecification\",\"valueRequired\":true,\"valueName\":\"search_term_string\"}}],\"inLanguage\":\"en-US\"}]}<\/script>\n<!-- \/ Yoast SEO plugin. -->","yoast_head_json":{"title":"Les m\u00e9moires flash - ISTE Group","description":"Les m\u00e9moires flash offre un \u00e9clairage sur l\u2019int\u00e9gration de ces m\u00e9moires dans les syst\u00e8mes informatiques ainsi que sur leur comportement en performance et en consommation \u00e9nerg\u00e9tique compar\u00e9 aux syst\u00e8mes de stockage traditionnels.","robots":{"index":"index","follow":"follow","max-snippet":"max-snippet:-1","max-image-preview":"max-image-preview:large","max-video-preview":"max-video-preview:-1"},"canonical":"https:\/\/www.istegroup.com\/fr\/produit\/les-memoires-flash\/","og_locale":"en_US","og_type":"article","og_title":"Les m\u00e9moires flash - ISTE Group","og_description":"Les m\u00e9moires flash offre un \u00e9clairage sur l\u2019int\u00e9gration de ces m\u00e9moires dans les syst\u00e8mes informatiques ainsi que sur leur comportement en performance et en consommation \u00e9nerg\u00e9tique compar\u00e9 aux syst\u00e8mes de stockage traditionnels.","og_url":"https:\/\/www.istegroup.com\/fr\/produit\/les-memoires-flash\/","og_site_name":"ISTE Group","article_modified_time":"2024-01-03T13:40:01+00:00","og_image":[{"width":300,"height":451,"url":"https:\/\/www.istegroup.com\/wp-content\/uploads\/2017\/07\/22020494865_9804274257-1.jpg","type":"image\/jpeg"}],"twitter_card":"summary_large_image","twitter_misc":{"Est. reading time":"1 minute"},"schema":{"@context":"https:\/\/schema.org","@graph":[{"@type":"WebPage","@id":"https:\/\/www.istegroup.com\/fr\/produit\/les-memoires-flash\/","url":"https:\/\/www.istegroup.com\/fr\/produit\/les-memoires-flash\/","name":"Les m\u00e9moires flash - ISTE Group","isPartOf":{"@id":"https:\/\/www.istegroup.com\/#website"},"primaryImageOfPage":{"@id":"https:\/\/www.istegroup.com\/fr\/produit\/les-memoires-flash\/#primaryimage"},"image":{"@id":"https:\/\/www.istegroup.com\/fr\/produit\/les-memoires-flash\/#primaryimage"},"thumbnailUrl":"https:\/\/www.istegroup.com\/wp-content\/uploads\/2017\/07\/22020494865_9804274257-1.jpg","datePublished":"2017-09-10T12:31:32+00:00","dateModified":"2024-01-03T13:40:01+00:00","description":"Les m\u00e9moires flash offre un \u00e9clairage sur l\u2019int\u00e9gration de ces m\u00e9moires dans les syst\u00e8mes informatiques ainsi que sur leur comportement en performance et en consommation \u00e9nerg\u00e9tique compar\u00e9 aux syst\u00e8mes de stockage traditionnels.","breadcrumb":{"@id":"https:\/\/www.istegroup.com\/fr\/produit\/les-memoires-flash\/#breadcrumb"},"inLanguage":"en-US","potentialAction":[{"@type":"ReadAction","target":["https:\/\/www.istegroup.com\/fr\/produit\/les-memoires-flash\/"]}]},{"@type":"ImageObject","inLanguage":"en-US","@id":"https:\/\/www.istegroup.com\/fr\/produit\/les-memoires-flash\/#primaryimage","url":"https:\/\/www.istegroup.com\/wp-content\/uploads\/2017\/07\/22020494865_9804274257-1.jpg","contentUrl":"https:\/\/www.istegroup.com\/wp-content\/uploads\/2017\/07\/22020494865_9804274257-1.jpg","width":300,"height":451,"caption":"Int\u00e9gration, performance et consommation \u00e9nerg\u00e9tique"},{"@type":"BreadcrumbList","@id":"https:\/\/www.istegroup.com\/fr\/produit\/les-memoires-flash\/#breadcrumb","itemListElement":[{"@type":"ListItem","position":1,"name":"Home","item":"https:\/\/www.istegroup.com\/"},{"@type":"ListItem","position":2,"name":"Shop","item":"https:\/\/www.istegroup.com\/fr\/nouveautes\/"},{"@type":"ListItem","position":3,"name":"Les m\u00e9moires flash"}]},{"@type":"WebSite","@id":"https:\/\/www.istegroup.com\/#website","url":"https:\/\/www.istegroup.com\/","name":"ISTE Group","description":"Publishing Knowledge","potentialAction":[{"@type":"SearchAction","target":{"@type":"EntryPoint","urlTemplate":"https:\/\/www.istegroup.com\/?s={search_term_string}"},"query-input":{"@type":"PropertyValueSpecification","valueRequired":true,"valueName":"search_term_string"}}],"inLanguage":"en-US"}]}},"_links":{"self":[{"href":"https:\/\/www.istegroup.com\/en\/wp-json\/wp\/v2\/product\/427","targetHints":{"allow":["GET"]}}],"collection":[{"href":"https:\/\/www.istegroup.com\/en\/wp-json\/wp\/v2\/product"}],"about":[{"href":"https:\/\/www.istegroup.com\/en\/wp-json\/wp\/v2\/types\/product"}],"wp:featuredmedia":[{"embeddable":true,"href":"https:\/\/www.istegroup.com\/en\/wp-json\/wp\/v2\/media\/428"}],"wp:attachment":[{"href":"https:\/\/www.istegroup.com\/en\/wp-json\/wp\/v2\/media?parent=427"}],"wp:term":[{"taxonomy":"product_brand","embeddable":true,"href":"https:\/\/www.istegroup.com\/en\/wp-json\/wp\/v2\/product_brand?post=427"},{"taxonomy":"product_cat","embeddable":true,"href":"https:\/\/www.istegroup.com\/en\/wp-json\/wp\/v2\/product_cat?post=427"},{"taxonomy":"product_tag","embeddable":true,"href":"https:\/\/www.istegroup.com\/en\/wp-json\/wp\/v2\/product_tag?post=427"}],"curies":[{"name":"wp","href":"https:\/\/api.w.org\/{rel}","templated":true}]}}